{"id":882,"date":"2022-04-27T10:15:09","date_gmt":"2022-04-27T10:15:09","guid":{"rendered":"https:\/\/euninos.com\/?post_type=product&#038;p=882"},"modified":"2024-01-11T12:17:42","modified_gmt":"2024-01-11T11:17:42","slug":"sistema-dtf-2-cabecas","status":"publish","type":"product","link":"https:\/\/euninos.com\/es\/artigo\/sistema-dtf-2-cabecas\/","title":{"rendered":"Sistema DTF 2 Cabe\u00e7as &#8211; 60cm"},"content":{"rendered":"<p>El sistema de impresi\u00f3n DTF es el sistema de aplicaci\u00f3n textil digital m\u00e1s innovador. Con su flexibilidad en la impresi\u00f3n, permite imprimir diferentes im\u00e1genes al mismo tiempo sin necesidad de abrir marcos, brindando mayor productividad y menores costos de producci\u00f3n. El sistema DTF se completa con impresora, aplicador, secador y fusor.<\/p>\n<h4>Ventajas principales<\/h4>\n<ul>\n<li>Calidad digital y sin l\u00edmite de color<\/li>\n<li>Sin apertura de marcos<\/li>\n<li>Sin necesidad de pretratamiento textil<\/li>\n<li>Compatible con tejidos blancos y de color, naturales y sint\u00e9ticos<\/li>\n<li>Aplicable en textiles\/superficies no planas<\/li>\n<\/ul>\n<h4>\u00c1reas principales<\/h4>\n<ul>\n<li>Moda textil<\/li>\n<li>Regalos publicitarios<\/li>\n<li>Textiles\/superficies no planas (gorras\/calzado)<\/li>\n<\/ul>","protected":false},"excerpt":{"rendered":"<p>O sistema de impress\u00e3o DTF \u00e9 o mais inovador sistema de aplica\u00e7\u00e3o t\u00eaxtil digital. Com a sua flexibilidade na impress\u00e3o, permite imprimir ao mesmo tempo diferentes imagens sem qualquer necessidade de abertura de quadros, proporcionando uma maior produtividade e um reduzido custo de produ\u00e7\u00e3o. O sistema DTF \u00e9 completo com impressora, aplicador, secador e fusor. [&hellip;]<\/p>","protected":false},"featured_media":2788,"template":"","meta":{"site-sidebar-layout":"default","site-content-layout":"default","ast-site-content-layout":"default","site-content-style":"default","site-sidebar-style":"default","ast-global-header-display":"","ast-banner-title-visibility":"","ast-main-header-display":"","ast-hfb-above-header-display":"","ast-hfb-below-header-display":"","ast-hfb-mobile-header-display":"","site-post-title":"","ast-breadcrumbs-content":"","ast-featured-img":"","footer-sml-layout":"","theme-transparent-header-meta":"default","adv-header-id-meta":"","stick-header-meta":"","header-above-stick-meta":"","header-main-stick-meta":"","header-below-stick-meta":"","astra-migrate-meta-layouts":"set","ast-page-background-enabled":"default","ast-page-background-meta":{"desktop":{"background-color":"var(--ast-global-color-4)","background-image":"","background-repeat":"repeat","background-position":"center center","background-size":"auto","background-attachment":"scroll","background-type":"","background-media":"","overlay-type":"","overlay-color":"","overlay-gradient":""},"tablet":{"background-color":"","background-image":"","background-repeat":"repeat","background-position":"center center","background-size":"auto","background-attachment":"scroll","background-type":"","background-media":"","overlay-type":"","overlay-color":"","overlay-gradient":""},"mobile":{"background-color":"","background-image":"","background-repeat":"repeat","background-position":"center center","background-size":"auto","background-attachment":"scroll","background-type":"","background-media":"","overlay-type":"","overlay-color":"","overlay-gradient":""}},"ast-content-background-meta":{"desktop":{"background-color":"var(--ast-global-color-5)","background-image":"","background-repeat":"repeat","background-position":"center center","background-size":"auto","background-attachment":"scroll","background-type":"","background-media":"","overlay-type":"","overlay-color":"","overlay-gradient":""},"tablet":{"background-color":"var(--ast-global-color-5)","background-image":"","background-repeat":"repeat","background-position":"center center","background-size":"auto","background-attachment":"scroll","background-type":"","background-media":"","overlay-type":"","overlay-color":"","overlay-gradient":""},"mobile":{"background-color":"var(--ast-global-color-5)","background-image":"","background-repeat":"repeat","background-position":"center center","background-size":"auto","background-attachment":"scroll","background-type":"","background-media":"","overlay-type":"","overlay-color":"","overlay-gradient":""}}},"product_cat":[61],"product_tag":[],"class_list":{"0":"post-882","1":"product","2":"type-product","3":"status-publish","4":"has-post-thumbnail","6":"product_cat-dtf","7":"desktop-align-left","8":"tablet-align-left","9":"mobile-align-left","11":"first","12":"instock","13":"shipping-taxable","14":"product-type-simple"},"yoast_head":"<!-- This site is optimized with the Yoast SEO plugin v22.2 - https:\/\/yoast.com\/wordpress\/plugins\/seo\/ -->\r\n<title>Sistema DTF 2 Cabe\u00e7as - 60cm - Euninos<\/title>\r\n<meta name=\"robots\" content=\"index, follow, max-snippet:-1, max-image-preview:large, max-video-preview:-1\" \/>\r\n<link rel=\"canonical\" href=\"https:\/\/euninos.com\/es\/artigo\/sistema-dtf-2-cabecas\/\" \/>\r\n<meta property=\"og:locale\" content=\"es_ES\" \/>\r\n<meta property=\"og:type\" content=\"article\" \/>\r\n<meta property=\"og:title\" content=\"Sistema DTF 2 Cabe\u00e7as - 60cm - Euninos\" \/>\r\n<meta property=\"og:description\" content=\"O sistema de impress\u00e3o DTF \u00e9 o mais inovador sistema de aplica\u00e7\u00e3o t\u00eaxtil digital. Com a sua flexibilidade na impress\u00e3o, permite imprimir ao mesmo tempo diferentes imagens sem qualquer necessidade de abertura de quadros, proporcionando uma maior produtividade e um reduzido custo de produ\u00e7\u00e3o. O sistema DTF \u00e9 completo com impressora, aplicador, secador e fusor. [&hellip;]\" \/>\r\n<meta property=\"og:url\" content=\"https:\/\/euninos.com\/es\/artigo\/sistema-dtf-2-cabecas\/\" \/>\r\n<meta property=\"og:site_name\" content=\"Euninos\" \/>\r\n<meta property=\"article:publisher\" content=\"https:\/\/www.facebook.com\/euninos\" \/>\r\n<meta property=\"article:modified_time\" content=\"2024-01-11T11:17:42+00:00\" \/>\r\n<meta property=\"og:image\" content=\"https:\/\/euninos.com\/wp-content\/uploads\/2022\/11\/dtf2h.jpg\" \/>\r\n\t<meta property=\"og:image:width\" content=\"1600\" \/>\r\n\t<meta property=\"og:image:height\" content=\"1080\" \/>\r\n\t<meta property=\"og:image:type\" content=\"image\/jpeg\" \/>\r\n<meta name=\"twitter:card\" content=\"summary_large_image\" \/>\r\n<meta name=\"twitter:label1\" content=\"Tiempo de lectura\" \/>\n\t<meta name=\"twitter:data1\" content=\"1 minuto\" \/>\r\n<script type=\"application\/ld+json\" class=\"yoast-schema-graph\">{\"@context\":\"https:\/\/schema.org\",\"@graph\":[{\"@type\":\"WebPage\",\"@id\":\"https:\/\/euninos.com\/artigo\/sistema-dtf-2-cabecas\/\",\"url\":\"https:\/\/euninos.com\/artigo\/sistema-dtf-2-cabecas\/\",\"name\":\"Sistema DTF 2 Cabe\u00e7as - 60cm - Euninos\",\"isPartOf\":{\"@id\":\"https:\/\/euninos.com\/#website\"},\"primaryImageOfPage\":{\"@id\":\"https:\/\/euninos.com\/artigo\/sistema-dtf-2-cabecas\/#primaryimage\"},\"image\":{\"@id\":\"https:\/\/euninos.com\/artigo\/sistema-dtf-2-cabecas\/#primaryimage\"},\"thumbnailUrl\":\"https:\/\/euninos.com\/wp-content\/uploads\/2022\/11\/dtf2h.jpg\",\"datePublished\":\"2022-04-27T10:15:09+00:00\",\"dateModified\":\"2024-01-11T11:17:42+00:00\",\"breadcrumb\":{\"@id\":\"https:\/\/euninos.com\/artigo\/sistema-dtf-2-cabecas\/#breadcrumb\"},\"inLanguage\":\"es\",\"potentialAction\":[{\"@type\":\"ReadAction\",\"target\":[\"https:\/\/euninos.com\/artigo\/sistema-dtf-2-cabecas\/\"]}]},{\"@type\":\"ImageObject\",\"inLanguage\":\"es\",\"@id\":\"https:\/\/euninos.com\/artigo\/sistema-dtf-2-cabecas\/#primaryimage\",\"url\":\"https:\/\/euninos.com\/wp-content\/uploads\/2022\/11\/dtf2h.jpg\",\"contentUrl\":\"https:\/\/euninos.com\/wp-content\/uploads\/2022\/11\/dtf2h.jpg\",\"width\":1600,\"height\":1080},{\"@type\":\"BreadcrumbList\",\"@id\":\"https:\/\/euninos.com\/artigo\/sistema-dtf-2-cabecas\/#breadcrumb\",\"itemListElement\":[{\"@type\":\"ListItem\",\"position\":1,\"name\":\"Produtos\",\"item\":\"https:\/\/euninos.com\/produtos\/\"},{\"@type\":\"ListItem\",\"position\":2,\"name\":\"Sistema DTF 2 Cabe\u00e7as &#8211; 60cm\"}]},{\"@type\":\"WebSite\",\"@id\":\"https:\/\/euninos.com\/#website\",\"url\":\"https:\/\/euninos.com\/\",\"name\":\"Euninos\",\"description\":\"Produtos de Impress\u00e3o e Corte\",\"publisher\":{\"@id\":\"https:\/\/euninos.com\/#organization\"},\"potentialAction\":[{\"@type\":\"SearchAction\",\"target\":{\"@type\":\"EntryPoint\",\"urlTemplate\":\"https:\/\/euninos.com\/?s={search_term_string}\"},\"query-input\":\"required name=search_term_string\"}],\"inLanguage\":\"es\"},{\"@type\":\"Organization\",\"@id\":\"https:\/\/euninos.com\/#organization\",\"name\":\"Euninos\",\"url\":\"https:\/\/euninos.com\/\",\"logo\":{\"@type\":\"ImageObject\",\"inLanguage\":\"es\",\"@id\":\"https:\/\/euninos.com\/#\/schema\/logo\/image\/\",\"url\":\"https:\/\/euninos.com\/wp-content\/uploads\/2022\/05\/cropped-logo-euninos-vector-Copia.png\",\"contentUrl\":\"https:\/\/euninos.com\/wp-content\/uploads\/2022\/05\/cropped-logo-euninos-vector-Copia.png\",\"width\":300,\"height\":170,\"caption\":\"Euninos\"},\"image\":{\"@id\":\"https:\/\/euninos.com\/#\/schema\/logo\/image\/\"},\"sameAs\":[\"https:\/\/www.facebook.com\/euninos\",\"https:\/\/www.instagram.com\/euninos.lda\",\"https:\/\/www.linkedin.com\/company\/euninos\",\"https:\/\/www.youtube.com\/c\/EuninosLda\"]}]}<\/script>\r\n<!-- \/ Yoast SEO plugin. -->","yoast_head_json":{"title":"Sistema DTF 2 Cabe\u00e7as - 60cm - Euninos","robots":{"index":"index","follow":"follow","max-snippet":"max-snippet:-1","max-image-preview":"max-image-preview:large","max-video-preview":"max-video-preview:-1"},"canonical":"https:\/\/euninos.com\/es\/artigo\/sistema-dtf-2-cabecas\/","og_locale":"es_ES","og_type":"article","og_title":"Sistema DTF 2 Cabe\u00e7as - 60cm - Euninos","og_description":"O sistema de impress\u00e3o DTF \u00e9 o mais inovador sistema de aplica\u00e7\u00e3o t\u00eaxtil digital. Com a sua flexibilidade na impress\u00e3o, permite imprimir ao mesmo tempo diferentes imagens sem qualquer necessidade de abertura de quadros, proporcionando uma maior produtividade e um reduzido custo de produ\u00e7\u00e3o. O sistema DTF \u00e9 completo com impressora, aplicador, secador e fusor. [&hellip;]","og_url":"https:\/\/euninos.com\/es\/artigo\/sistema-dtf-2-cabecas\/","og_site_name":"Euninos","article_publisher":"https:\/\/www.facebook.com\/euninos","article_modified_time":"2024-01-11T11:17:42+00:00","og_image":[{"width":1600,"height":1080,"url":"https:\/\/euninos.com\/wp-content\/uploads\/2022\/11\/dtf2h.jpg","type":"image\/jpeg"}],"twitter_card":"summary_large_image","twitter_misc":{"Tiempo de lectura":"1 minuto"},"schema":{"@context":"https:\/\/schema.org","@graph":[{"@type":"WebPage","@id":"https:\/\/euninos.com\/artigo\/sistema-dtf-2-cabecas\/","url":"https:\/\/euninos.com\/artigo\/sistema-dtf-2-cabecas\/","name":"Sistema DTF 2 Cabe\u00e7as - 60cm - Euninos","isPartOf":{"@id":"https:\/\/euninos.com\/#website"},"primaryImageOfPage":{"@id":"https:\/\/euninos.com\/artigo\/sistema-dtf-2-cabecas\/#primaryimage"},"image":{"@id":"https:\/\/euninos.com\/artigo\/sistema-dtf-2-cabecas\/#primaryimage"},"thumbnailUrl":"https:\/\/euninos.com\/wp-content\/uploads\/2022\/11\/dtf2h.jpg","datePublished":"2022-04-27T10:15:09+00:00","dateModified":"2024-01-11T11:17:42+00:00","breadcrumb":{"@id":"https:\/\/euninos.com\/artigo\/sistema-dtf-2-cabecas\/#breadcrumb"},"inLanguage":"es","potentialAction":[{"@type":"ReadAction","target":["https:\/\/euninos.com\/artigo\/sistema-dtf-2-cabecas\/"]}]},{"@type":"ImageObject","inLanguage":"es","@id":"https:\/\/euninos.com\/artigo\/sistema-dtf-2-cabecas\/#primaryimage","url":"https:\/\/euninos.com\/wp-content\/uploads\/2022\/11\/dtf2h.jpg","contentUrl":"https:\/\/euninos.com\/wp-content\/uploads\/2022\/11\/dtf2h.jpg","width":1600,"height":1080},{"@type":"BreadcrumbList","@id":"https:\/\/euninos.com\/artigo\/sistema-dtf-2-cabecas\/#breadcrumb","itemListElement":[{"@type":"ListItem","position":1,"name":"Produtos","item":"https:\/\/euninos.com\/produtos\/"},{"@type":"ListItem","position":2,"name":"Sistema DTF 2 Cabe\u00e7as &#8211; 60cm"}]},{"@type":"WebSite","@id":"https:\/\/euninos.com\/#website","url":"https:\/\/euninos.com\/","name":"Euninos","description":"Produtos de Impress\u00e3o e Corte","publisher":{"@id":"https:\/\/euninos.com\/#organization"},"potentialAction":[{"@type":"SearchAction","target":{"@type":"EntryPoint","urlTemplate":"https:\/\/euninos.com\/?s={search_term_string}"},"query-input":"required name=search_term_string"}],"inLanguage":"es"},{"@type":"Organization","@id":"https:\/\/euninos.com\/#organization","name":"Euninos","url":"https:\/\/euninos.com\/","logo":{"@type":"ImageObject","inLanguage":"es","@id":"https:\/\/euninos.com\/#\/schema\/logo\/image\/","url":"https:\/\/euninos.com\/wp-content\/uploads\/2022\/05\/cropped-logo-euninos-vector-Copia.png","contentUrl":"https:\/\/euninos.com\/wp-content\/uploads\/2022\/05\/cropped-logo-euninos-vector-Copia.png","width":300,"height":170,"caption":"Euninos"},"image":{"@id":"https:\/\/euninos.com\/#\/schema\/logo\/image\/"},"sameAs":["https:\/\/www.facebook.com\/euninos","https:\/\/www.instagram.com\/euninos.lda","https:\/\/www.linkedin.com\/company\/euninos","https:\/\/www.youtube.com\/c\/EuninosLda"]}]}},"_links":{"self":[{"href":"https:\/\/euninos.com\/es\/wp-json\/wp\/v2\/product\/882","targetHints":{"allow":["GET"]}}],"collection":[{"href":"https:\/\/euninos.com\/es\/wp-json\/wp\/v2\/product"}],"about":[{"href":"https:\/\/euninos.com\/es\/wp-json\/wp\/v2\/types\/product"}],"wp:featuredmedia":[{"embeddable":true,"href":"https:\/\/euninos.com\/es\/wp-json\/wp\/v2\/media\/2788"}],"wp:attachment":[{"href":"https:\/\/euninos.com\/es\/wp-json\/wp\/v2\/media?parent=882"}],"wp:term":[{"taxonomy":"product_cat","embeddable":true,"href":"https:\/\/euninos.com\/es\/wp-json\/wp\/v2\/product_cat?post=882"},{"taxonomy":"product_tag","embeddable":true,"href":"https:\/\/euninos.com\/es\/wp-json\/wp\/v2\/product_tag?post=882"}],"curies":[{"name":"wp","href":"https:\/\/api.w.org\/{rel}","templated":true}]}}