{"id":387,"date":"2022-04-20T13:50:37","date_gmt":"2022-04-20T13:50:37","guid":{"rendered":"https:\/\/euninos.com\/?post_type=product&#038;p=387"},"modified":"2022-05-23T08:56:34","modified_gmt":"2022-05-23T08:56:34","slug":"summa-s-class-s2-d75-d120-d160","status":"publish","type":"product","link":"https:\/\/euninos.com\/es\/artigo\/summa-s-class-s2-d75-d120-d160\/","title":{"rendered":"SUMMA S CLASS S2 D75\/D120\/D160"},"content":{"rendered":"<div>\n<div class=\"container\">\n<div class=\"row clearfix\">\n<div class=\"col-md-12 column\">\n<div>\n<h2><\/h2>\n<h2>SUA SOLU\u00c7\u00c3O DE CORTE PARA O DIA A DIA<\/h2>\n<p>Los plotters de la serie D forman parte de la gama S Class 2 de gama alta de Summa. La Serie D une la legendaria potencia y precisi\u00f3n de la Clase S con un cabezal de corte con cuchilla de arrastre eficiente y asequible. Con una asombrosa variedad de innovaciones pioneras en la industria y funciones integradas, la serie S2\u2122 D hace m\u00e1s que cualquier otro plotter de vinilo de su clase.<\/p>\n<h2><strong>ESPECIFICACIONES<\/strong><\/h2>\n<div class=\"smile\">\n<p>&nbsp;<\/p>\n<\/div>\n<table border=\"0\">\n<tbody>\n<tr>\n<td class=\"specname\">MODELOS<\/td>\n<td class=\"specdesc\"><img decoding=\"async\" src=\"https:\/\/www.summa.eu\/img\/products\/s2-series\/S2-D75.png\" alt=\"D75Logo\" \/><\/td>\n<td class=\"specdesc\"><img decoding=\"async\" src=\"https:\/\/www.summa.eu\/img\/products\/s2-series\/S2-D120.png\" alt=\"D120Logo\" \/><\/td>\n<td class=\"specdesc\"><img decoding=\"async\" src=\"https:\/\/www.summa.eu\/img\/products\/s2-series\/S2-D140.png\" alt=\"D140Logo\" \/><\/td>\n<td class=\"specdesc\"><img decoding=\"async\" src=\"https:\/\/www.summa.eu\/img\/products\/s2-series\/S2-D160.png\" alt=\"D160Logo\" \/><\/td>\n<\/tr>\n<tr>\n<td class=\"specname\">TIPO DE CORTE<\/td>\n<td class=\"specdesc\" colspan=\"4\">Modos de emulaci\u00f3n de arrastre y tangencial<\/td>\n<\/tr>\n<tr>\n<td class=\"specname\">ANCHO DE CORTE<\/td>\n<td class=\"specdesc\"><strong>S2 D75<\/strong>\u00a0\u00a074,2 cm (29,2 pulgadas), modo extendido: ancho del soporte<\/td>\n<td class=\"specdesc\"><strong>S2 D120<\/strong>\u00a0\u00a0120 cm (47,2 pulgadas), modo extendido: ancho del papel<\/td>\n<td class=\"specdesc\"><strong>S2 D140<\/strong>\u00a0\u00a0135 cm (53,1 pulgadas), modo extendido: ancho del material<\/td>\n<td class=\"specdesc\"><strong>S2 D160<\/strong>\u00a0\u00a0158 cm (62,2 pulgadas), modo extendido: ancho del papel<\/td>\n<\/tr>\n<tr>\n<td class=\"specname\">VELOCIDAD CORTANTE<\/td>\n<td class=\"specdesc\" colspan=\"4\">Todos los modelos S Class 2 cortan a velocidades de hasta 1414 mm (56 pulgadas) por segundo en diagonal<\/td>\n<\/tr>\n<tr>\n<td class=\"specname\">ACELERACI\u00d3N AXIAL<\/td>\n<td class=\"specdesc\" colspan=\"4\">Hasta 4G<\/td>\n<\/tr>\n<tr>\n<td class=\"specname\">ACELERACI\u00d3N M\u00c1XIMA<\/td>\n<td class=\"specdesc\" colspan=\"4\">Hasta 5,5G en diagonal<\/td>\n<\/tr>\n<tr>\n<td class=\"specname\">TIPO DE ALINEACI\u00d3N<\/td>\n<td class=\"specdesc\">\n<ul>\n<li>OPOS X<\/li>\n<li>Reconocimiento de trabajos con c\u00f3digo de barras<\/li>\n<li>Hasta 2 x 64 marcas en la l\u00ednea X<\/li>\n<li>Compensaci\u00f3n de l\u00ednea Y<\/li>\n<\/ul>\n<\/td>\n<\/tr>\n<tr>\n<td class=\"specname\">SEGUIMIENTO DEL RENDIMIENTO<\/td>\n<td class=\"specdesc\" colspan=\"4\">Dentro de \u00b1 0,1 mm (\u00b1 0,004 pulg.) En parcelas de hasta 12 m de largo (40 pies); en rollos hasta 760 mm ancho \/ largo de<br \/>\nhasta 4 m de largo en rollos de m\u00e1s de 760 mm de ancho<\/td>\n<\/tr>\n<tr>\n<td class=\"specname\">PRECISI\u00d3N<\/td>\n<td class=\"specdesc\" colspan=\"4\">0,2% de movimiento o 0,25 mm, lo que sea mayor<\/td>\n<\/tr>\n<tr>\n<td class=\"specname\">FUERZA DE CORTE<\/td>\n<td class=\"specdesc\" colspan=\"4\">0-400 gramos de carga aerodin\u00e1mica, en incrementos de 5 gramos<\/td>\n<\/tr>\n<tr>\n<td class=\"specname\">IDIOMAS<\/td>\n<td class=\"specdesc\" colspan=\"4\">Ingl\u00e9s; Franc\u00e9s; Alem\u00e1n; Holand\u00e9s; Italiano; Espa\u00f1ol; Polaco; portugu\u00e9s<\/td>\n<\/tr>\n<tr>\n<td class=\"specname\">CONECTIVIDAD<\/td>\n<td class=\"specdesc\" colspan=\"4\">USB;\u00a0Ethernet<\/td>\n<\/tr>\n<tr>\n<td class=\"specname\">EL\u00c9CTRICOS<\/td>\n<td class=\"specdesc\" colspan=\"4\">100-120 \/ 220-240 VCA, 50\/60 Hz, 85 VA m\u00e1x.<\/td>\n<\/tr>\n<tr>\n<td class=\"specname\">DIMENSIONES<\/td>\n<td class=\"specdesc\"><strong>S2 D75<\/strong>\u00a0\u00a0141 (ancho) x 68 (profundidad) x 111 (alto) cm (55,5 (ancho) x 26,8 (profundidad) x 43,7 (alto) pulgadas)<\/td>\n<td class=\"specdesc\"><strong>S2 D120<\/strong>\u00a0\u00a0187 (largo) x 68 (profundidad) x 111 (alto) cm (73,6 (ancho) x 26,8 (profundidad) x 43,7 (alto) pulg.)<\/td>\n<td class=\"specdesc\"><strong>S2 D140<\/strong>\u00a0\u00a0202 (largo) x 68 (profundidad) x 111 (alto) cm (79,6 (ancho) x 26,8 (profundidad) x 43,7 (alto) pulg.)<\/td>\n<td class=\"specdesc\"><strong>S2 D160<\/strong>\u00a0\u00a0225 (ancho) x 68 (profundidad) x 111 (alto) cm (88,6 (ancho) x 26,8 (profundidad) x 43,7 (alto) pulgadas)<\/td>\n<\/tr>\n<tr>\n<td class=\"specname\">PESO<\/td>\n<td class=\"specdesc\"><strong>S2 D75\u00a0<\/strong>\u00a069 kg (152 lbs)<\/td>\n<td class=\"specdesc\"><strong>S2 D120\u00a0<\/strong>\u00a086 kg (189 lbs)<\/td>\n<td class=\"specdesc\"><strong>S2 D140\u00a0<\/strong>\u00a090 kg (198 lbs)<\/td>\n<td class=\"specdesc\"><strong>S2 D160\u00a0<\/strong>\u00a0114 kg (251 lbs)<\/td>\n<\/tr>\n<tr>\n<td class=\"specname\">TEMPERATURA DE FUNCIONAMIENTO<\/td>\n<td class=\"specdesc\" colspan=\"4\">59\u02da a 95\u02daF (15\u02da a 35\u02daC)<\/td>\n<\/tr>\n<tr>\n<td class=\"specname\">ACCESORIOS ESTANDAR<\/td>\n<td class=\"specdesc\" colspan=\"4\">Software Summa GoSign, complementos Summa CutterControl y MacSign, gu\u00eda de inicio r\u00e1pido, cable de alimentaci\u00f3n, cable USB, bridas de gu\u00eda de medios (juego de 2), soporte de cuchilla est\u00e1ndar de 36\u02da, 2 cuchillas est\u00e1ndar de 36\u02da, corte (cortador manual), 2 cuchillas de corte, soporte y cesta.<\/td>\n<\/tr>\n<tr>\n<td class=\"specname\">ACCESORIOS OPCIONALES<\/td>\n<td class=\"specdesc\" colspan=\"2\"><\/td>\n<td class=\"specdesc\" colspan=\"2\">Sistema enrollable para Summa S Class 2 140 y Summa S Class 2 160<\/td>\n<\/tr>\n<\/tbody>\n<\/table>\n<\/div>\n<\/div>\n<\/div>\n<\/div>\n<\/div>\n<div class=\"blue-theme\">\n<div class=\"container\">\n<div class=\"row clearfix\">\n<div class=\"col-md-12 column\">\n<div class=\"{&quot;label&quot;:&quot;None&quot;,&quot;value&quot;:&quot;&quot;}\">\n<p>Para otras opciones de plotter de corte: <a href=\"https:\/\/euninos.com\/es\/categoria-produto\/equipamentos\/plotters\/equipamentos-de-corte\/\">Plotters de corte<\/a><\/p>\n<\/div>\n<\/div>\n<\/div>\n<\/div>\n<\/div>","protected":false},"excerpt":{"rendered":"<p>Los plotters de la serie D forman parte de la gama S Class 2 de gama alta de Summa. La Serie D une la legendaria potencia y precisi\u00f3n de la Clase S con un cabezal de corte con cuchilla de arrastre eficiente y asequible. Con una asombrosa variedad de innovaciones pioneras en la industria y funciones integradas, la serie S2\u2122 D hace m\u00e1s que cualquier otro plotter de vinilo de su clase.<\/p>","protected":false},"featured_media":1517,"template":"","meta":{"site-sidebar-layout":"default","site-content-layout":"default","ast-site-content-layout":"","site-content-style":"default","site-sidebar-style":"default","ast-global-header-display":"","ast-banner-title-visibility":"","ast-main-header-display":"","ast-hfb-above-header-display":"","ast-hfb-below-header-display":"","ast-hfb-mobile-header-display":"","site-post-title":"","ast-breadcrumbs-content":"","ast-featured-img":"","footer-sml-layout":"","theme-transparent-header-meta":"default","adv-header-id-meta":"","stick-header-meta":"","header-above-stick-meta":"","header-main-stick-meta":"","header-below-stick-meta":"","astra-migrate-meta-layouts":"default","ast-page-background-enabled":"default","ast-page-background-meta":{"desktop":{"background-color":"var(--ast-global-color-4)","background-image":"","background-repeat":"repeat","background-position":"center center","background-size":"auto","background-attachment":"scroll","background-type":"","background-media":"","overlay-type":"","overlay-color":"","overlay-gradient":""},"tablet":{"background-color":"","background-image":"","background-repeat":"repeat","background-position":"center center","background-size":"auto","background-attachment":"scroll","background-type":"","background-media":"","overlay-type":"","overlay-color":"","overlay-gradient":""},"mobile":{"background-color":"","background-image":"","background-repeat":"repeat","background-position":"center center","background-size":"auto","background-attachment":"scroll","background-type":"","background-media":"","overlay-type":"","overlay-color":"","overlay-gradient":""}},"ast-content-background-meta":{"desktop":{"background-color":"var(--ast-global-color-5)","background-image":"","background-repeat":"repeat","background-position":"center center","background-size":"auto","background-attachment":"scroll","background-type":"","background-media":"","overlay-type":"","overlay-color":"","overlay-gradient":""},"tablet":{"background-color":"var(--ast-global-color-5)","background-image":"","background-repeat":"repeat","background-position":"center center","background-size":"auto","background-attachment":"scroll","background-type":"","background-media":"","overlay-type":"","overlay-color":"","overlay-gradient":""},"mobile":{"background-color":"var(--ast-global-color-5)","background-image":"","background-repeat":"repeat","background-position":"center center","background-size":"auto","background-attachment":"scroll","background-type":"","background-media":"","overlay-type":"","overlay-color":"","overlay-gradient":""}}},"product_cat":[63],"product_tag":[],"class_list":{"0":"post-387","1":"product","2":"type-product","3":"status-publish","4":"has-post-thumbnail","6":"product_cat-impressao-e-corte","7":"desktop-align-left","8":"tablet-align-left","9":"mobile-align-left","11":"first","12":"instock","13":"shipping-taxable","14":"product-type-simple"},"yoast_head":"<!-- This site is optimized with the Yoast SEO plugin v22.2 - https:\/\/yoast.com\/wordpress\/plugins\/seo\/ -->\r\n<title>SUMMA S CLASS S2 D75\/D120\/D160 - Euninos<\/title>\r\n<meta name=\"robots\" content=\"index, follow, max-snippet:-1, max-image-preview:large, max-video-preview:-1\" \/>\r\n<link rel=\"canonical\" href=\"https:\/\/euninos.com\/es\/artigo\/summa-s-class-s2-d75-d120-d160\/\" \/>\r\n<meta property=\"og:locale\" content=\"es_ES\" \/>\r\n<meta property=\"og:type\" content=\"article\" \/>\r\n<meta property=\"og:title\" content=\"SUMMA S CLASS S2 D75\/D120\/D160 - Euninos\" \/>\r\n<meta property=\"og:description\" content=\"As plotters da S\u00e9rie D fazem parte da linha S Classe 2 de alto n\u00edvel da Summa. A S\u00e9rie D une a lend\u00e1ria pot\u00eancia e precis\u00e3o da Classe S com uma cabe\u00e7a de corte de faca de arrasto eficiente e acess\u00edvel. Apresentando uma surpreendente variedade de inova\u00e7\u00f5es pioneiras no setor e recursos integrados, a S\u00e9rie S2 \u2122 D faz mais do que qualquer outro plotter de vinil\u00a0 da sua classe.\" \/>\r\n<meta property=\"og:url\" content=\"https:\/\/euninos.com\/es\/artigo\/summa-s-class-s2-d75-d120-d160\/\" \/>\r\n<meta property=\"og:site_name\" content=\"Euninos\" \/>\r\n<meta property=\"article:publisher\" content=\"https:\/\/www.facebook.com\/euninos\" \/>\r\n<meta property=\"article:modified_time\" content=\"2022-05-23T08:56:34+00:00\" \/>\r\n<meta property=\"og:image\" content=\"https:\/\/euninos.com\/wp-content\/uploads\/2022\/04\/summa-s-class-s2.jpg\" \/>\r\n\t<meta property=\"og:image:width\" content=\"1600\" \/>\r\n\t<meta property=\"og:image:height\" content=\"1080\" \/>\r\n\t<meta property=\"og:image:type\" content=\"image\/jpeg\" \/>\r\n<meta name=\"twitter:card\" content=\"summary_large_image\" \/>\r\n<meta name=\"twitter:label1\" content=\"Tiempo de lectura\" \/>\n\t<meta name=\"twitter:data1\" content=\"2 minutos\" \/>\r\n<script type=\"application\/ld+json\" class=\"yoast-schema-graph\">{\"@context\":\"https:\/\/schema.org\",\"@graph\":[{\"@type\":\"WebPage\",\"@id\":\"https:\/\/euninos.com\/artigo\/summa-s-class-s2-d75-d120-d160\/\",\"url\":\"https:\/\/euninos.com\/artigo\/summa-s-class-s2-d75-d120-d160\/\",\"name\":\"SUMMA S CLASS S2 D75\/D120\/D160 - Euninos\",\"isPartOf\":{\"@id\":\"https:\/\/euninos.com\/#website\"},\"primaryImageOfPage\":{\"@id\":\"https:\/\/euninos.com\/artigo\/summa-s-class-s2-d75-d120-d160\/#primaryimage\"},\"image\":{\"@id\":\"https:\/\/euninos.com\/artigo\/summa-s-class-s2-d75-d120-d160\/#primaryimage\"},\"thumbnailUrl\":\"https:\/\/euninos.com\/wp-content\/uploads\/2022\/04\/summa-s-class-s2.jpg\",\"datePublished\":\"2022-04-20T13:50:37+00:00\",\"dateModified\":\"2022-05-23T08:56:34+00:00\",\"breadcrumb\":{\"@id\":\"https:\/\/euninos.com\/artigo\/summa-s-class-s2-d75-d120-d160\/#breadcrumb\"},\"inLanguage\":\"es\",\"potentialAction\":[{\"@type\":\"ReadAction\",\"target\":[\"https:\/\/euninos.com\/artigo\/summa-s-class-s2-d75-d120-d160\/\"]}]},{\"@type\":\"ImageObject\",\"inLanguage\":\"es\",\"@id\":\"https:\/\/euninos.com\/artigo\/summa-s-class-s2-d75-d120-d160\/#primaryimage\",\"url\":\"https:\/\/euninos.com\/wp-content\/uploads\/2022\/04\/summa-s-class-s2.jpg\",\"contentUrl\":\"https:\/\/euninos.com\/wp-content\/uploads\/2022\/04\/summa-s-class-s2.jpg\",\"width\":1600,\"height\":1080},{\"@type\":\"BreadcrumbList\",\"@id\":\"https:\/\/euninos.com\/artigo\/summa-s-class-s2-d75-d120-d160\/#breadcrumb\",\"itemListElement\":[{\"@type\":\"ListItem\",\"position\":1,\"name\":\"Produtos\",\"item\":\"https:\/\/euninos.com\/produtos\/\"},{\"@type\":\"ListItem\",\"position\":2,\"name\":\"SUMMA S CLASS S2 D75\/D120\/D160\"}]},{\"@type\":\"WebSite\",\"@id\":\"https:\/\/euninos.com\/#website\",\"url\":\"https:\/\/euninos.com\/\",\"name\":\"Euninos\",\"description\":\"Produtos de Impress\u00e3o e Corte\",\"publisher\":{\"@id\":\"https:\/\/euninos.com\/#organization\"},\"potentialAction\":[{\"@type\":\"SearchAction\",\"target\":{\"@type\":\"EntryPoint\",\"urlTemplate\":\"https:\/\/euninos.com\/?s={search_term_string}\"},\"query-input\":\"required name=search_term_string\"}],\"inLanguage\":\"es\"},{\"@type\":\"Organization\",\"@id\":\"https:\/\/euninos.com\/#organization\",\"name\":\"Euninos\",\"url\":\"https:\/\/euninos.com\/\",\"logo\":{\"@type\":\"ImageObject\",\"inLanguage\":\"es\",\"@id\":\"https:\/\/euninos.com\/#\/schema\/logo\/image\/\",\"url\":\"https:\/\/euninos.com\/wp-content\/uploads\/2022\/05\/cropped-logo-euninos-vector-Copia.png\",\"contentUrl\":\"https:\/\/euninos.com\/wp-content\/uploads\/2022\/05\/cropped-logo-euninos-vector-Copia.png\",\"width\":300,\"height\":170,\"caption\":\"Euninos\"},\"image\":{\"@id\":\"https:\/\/euninos.com\/#\/schema\/logo\/image\/\"},\"sameAs\":[\"https:\/\/www.facebook.com\/euninos\",\"https:\/\/www.instagram.com\/euninos.lda\",\"https:\/\/www.linkedin.com\/company\/euninos\",\"https:\/\/www.youtube.com\/c\/EuninosLda\"]}]}<\/script>\r\n<!-- \/ Yoast SEO plugin. -->","yoast_head_json":{"title":"SUMMA S CLASS S2 D75\/D120\/D160 - Euninos","robots":{"index":"index","follow":"follow","max-snippet":"max-snippet:-1","max-image-preview":"max-image-preview:large","max-video-preview":"max-video-preview:-1"},"canonical":"https:\/\/euninos.com\/es\/artigo\/summa-s-class-s2-d75-d120-d160\/","og_locale":"es_ES","og_type":"article","og_title":"SUMMA S CLASS S2 D75\/D120\/D160 - Euninos","og_description":"As plotters da S\u00e9rie D fazem parte da linha S Classe 2 de alto n\u00edvel da Summa. A S\u00e9rie D une a lend\u00e1ria pot\u00eancia e precis\u00e3o da Classe S com uma cabe\u00e7a de corte de faca de arrasto eficiente e acess\u00edvel. Apresentando uma surpreendente variedade de inova\u00e7\u00f5es pioneiras no setor e recursos integrados, a S\u00e9rie S2 \u2122 D faz mais do que qualquer outro plotter de vinil\u00a0 da sua classe.","og_url":"https:\/\/euninos.com\/es\/artigo\/summa-s-class-s2-d75-d120-d160\/","og_site_name":"Euninos","article_publisher":"https:\/\/www.facebook.com\/euninos","article_modified_time":"2022-05-23T08:56:34+00:00","og_image":[{"width":1600,"height":1080,"url":"https:\/\/euninos.com\/wp-content\/uploads\/2022\/04\/summa-s-class-s2.jpg","type":"image\/jpeg"}],"twitter_card":"summary_large_image","twitter_misc":{"Tiempo de lectura":"2 minutos"},"schema":{"@context":"https:\/\/schema.org","@graph":[{"@type":"WebPage","@id":"https:\/\/euninos.com\/artigo\/summa-s-class-s2-d75-d120-d160\/","url":"https:\/\/euninos.com\/artigo\/summa-s-class-s2-d75-d120-d160\/","name":"SUMMA S CLASS S2 D75\/D120\/D160 - Euninos","isPartOf":{"@id":"https:\/\/euninos.com\/#website"},"primaryImageOfPage":{"@id":"https:\/\/euninos.com\/artigo\/summa-s-class-s2-d75-d120-d160\/#primaryimage"},"image":{"@id":"https:\/\/euninos.com\/artigo\/summa-s-class-s2-d75-d120-d160\/#primaryimage"},"thumbnailUrl":"https:\/\/euninos.com\/wp-content\/uploads\/2022\/04\/summa-s-class-s2.jpg","datePublished":"2022-04-20T13:50:37+00:00","dateModified":"2022-05-23T08:56:34+00:00","breadcrumb":{"@id":"https:\/\/euninos.com\/artigo\/summa-s-class-s2-d75-d120-d160\/#breadcrumb"},"inLanguage":"es","potentialAction":[{"@type":"ReadAction","target":["https:\/\/euninos.com\/artigo\/summa-s-class-s2-d75-d120-d160\/"]}]},{"@type":"ImageObject","inLanguage":"es","@id":"https:\/\/euninos.com\/artigo\/summa-s-class-s2-d75-d120-d160\/#primaryimage","url":"https:\/\/euninos.com\/wp-content\/uploads\/2022\/04\/summa-s-class-s2.jpg","contentUrl":"https:\/\/euninos.com\/wp-content\/uploads\/2022\/04\/summa-s-class-s2.jpg","width":1600,"height":1080},{"@type":"BreadcrumbList","@id":"https:\/\/euninos.com\/artigo\/summa-s-class-s2-d75-d120-d160\/#breadcrumb","itemListElement":[{"@type":"ListItem","position":1,"name":"Produtos","item":"https:\/\/euninos.com\/produtos\/"},{"@type":"ListItem","position":2,"name":"SUMMA S CLASS S2 D75\/D120\/D160"}]},{"@type":"WebSite","@id":"https:\/\/euninos.com\/#website","url":"https:\/\/euninos.com\/","name":"Euninos","description":"Produtos de Impress\u00e3o e Corte","publisher":{"@id":"https:\/\/euninos.com\/#organization"},"potentialAction":[{"@type":"SearchAction","target":{"@type":"EntryPoint","urlTemplate":"https:\/\/euninos.com\/?s={search_term_string}"},"query-input":"required name=search_term_string"}],"inLanguage":"es"},{"@type":"Organization","@id":"https:\/\/euninos.com\/#organization","name":"Euninos","url":"https:\/\/euninos.com\/","logo":{"@type":"ImageObject","inLanguage":"es","@id":"https:\/\/euninos.com\/#\/schema\/logo\/image\/","url":"https:\/\/euninos.com\/wp-content\/uploads\/2022\/05\/cropped-logo-euninos-vector-Copia.png","contentUrl":"https:\/\/euninos.com\/wp-content\/uploads\/2022\/05\/cropped-logo-euninos-vector-Copia.png","width":300,"height":170,"caption":"Euninos"},"image":{"@id":"https:\/\/euninos.com\/#\/schema\/logo\/image\/"},"sameAs":["https:\/\/www.facebook.com\/euninos","https:\/\/www.instagram.com\/euninos.lda","https:\/\/www.linkedin.com\/company\/euninos","https:\/\/www.youtube.com\/c\/EuninosLda"]}]}},"_links":{"self":[{"href":"https:\/\/euninos.com\/es\/wp-json\/wp\/v2\/product\/387","targetHints":{"allow":["GET"]}}],"collection":[{"href":"https:\/\/euninos.com\/es\/wp-json\/wp\/v2\/product"}],"about":[{"href":"https:\/\/euninos.com\/es\/wp-json\/wp\/v2\/types\/product"}],"wp:featuredmedia":[{"embeddable":true,"href":"https:\/\/euninos.com\/es\/wp-json\/wp\/v2\/media\/1517"}],"wp:attachment":[{"href":"https:\/\/euninos.com\/es\/wp-json\/wp\/v2\/media?parent=387"}],"wp:term":[{"taxonomy":"product_cat","embeddable":true,"href":"https:\/\/euninos.com\/es\/wp-json\/wp\/v2\/product_cat?post=387"},{"taxonomy":"product_tag","embeddable":true,"href":"https:\/\/euninos.com\/es\/wp-json\/wp\/v2\/product_tag?post=387"}],"curies":[{"name":"wp","href":"https:\/\/api.w.org\/{rel}","templated":true}]}}