{"id":379,"date":"2022-04-20T13:50:36","date_gmt":"2022-04-20T13:50:36","guid":{"rendered":"https:\/\/euninos.com\/?post_type=product&#038;p=379"},"modified":"2022-05-23T08:53:43","modified_gmt":"2022-05-23T08:53:43","slug":"summa-classe-s-one-d60-d120-d140fx-d160","status":"publish","type":"product","link":"https:\/\/euninos.com\/es\/artigo\/summa-classe-s-one-d60-d120-d140fx-d160\/","title":{"rendered":"Summa Classe S One D60\/D120\/D140fx\/D160"},"content":{"rendered":"<h2>Equipamento facil de usar<\/h2>\n<p>El equipo de corte S One\u2122 incluye muchas funciones inteligentes y t\u00e9cnicas actualizadas para proporcionar un corte de contornos de alta precisi\u00f3n para gr\u00e1ficos impresos.<\/p>\n<p><img decoding=\"async\" src=\"https:\/\/www.summa.com\/media\/q5lfqvw1\/s-one-vinyl-cutter-image-2.jpg\" alt=\"\" \/><\/p>\n<h2>La empresa perfecta para hacer crecer tu negocio<\/h2>\n<p>La nueva serie S One reemplaza a la prestigiosa serie SummaCut y debe considerarse una actualizaci\u00f3n con mucha m\u00e1s funcionalidad. Esta combinaci\u00f3n de caracter\u00edsticas avanzadas hace que el plotter S One sea una unidad flexible y preparada para el futuro.<\/p>\n<p><a href=\"https:\/\/www.summa.com\/media\/41yjjnpm\/202102-roll-cutter-brochure-en-lowres.pdf\" target=\"_blank\" rel=\"noopener\">Download brochure<\/a><\/p>\n<p>El Summa S One est\u00e1 construido completamente desde cero, basado en a\u00f1os de experiencia y completamente desarrollado pensando en el usuario. Brinda una calidad de corte excelente y confiable en grandes longitudes de material. \u00a1Los cortadores S One te dan eso y m\u00e1s!<\/p>\n<p><img decoding=\"async\" src=\"https:\/\/www.summa.com\/media\/mwmjzjji\/gosign-feature-2.jpg\" alt=\"\" \/><\/p>\n<h3>GoSign &#8211; O software que faclilita o seu trabalho<\/h3>\n<p>O software goSign, f\u00e1cil de utilizar, \u00e9 o seu software de corte de primeira escolha, permitindo-lhe gerir o seu fluxo de trabalho preferido com grande flexibilidade. As configura\u00e7\u00f5es e os conjuntos de a\u00e7\u00e3o podem ser criados e adaptados de acordo com os seus trabalhos espec\u00edficos de corte em qualquer momento.<\/p>\n<p><a title=\"GoSign Software\" href=\"https:\/\/www.summa.com\/en\/solutions\/gosign-software\/\">Discover more<\/a><\/p>\n<p><img decoding=\"async\" src=\"https:\/\/www.summa.com\/media\/erod4nln\/s-one-features-opos-alignment.jpg\" alt=\"\" \/><\/p>\n<h3>Alineaci\u00f3n OPOS<\/h3>\n<p>El sistema de posicionamiento \u00f3ptico es un sistema de alineaci\u00f3n de contorno automatizado. La tecnolog\u00eda de sensor OPOS X detecta de 4 a 128 marcas en una amplia gama de materiales. Disfrute de un flujo de trabajo totalmente automatizado con c\u00f3digos de barras OPOS, lo que le permite omitir varios trabajos sin intervenci\u00f3n.<\/p>\n<p><img decoding=\"async\" src=\"https:\/\/www.summa.com\/media\/xkalw0fj\/s-one-features-touch-screen.jpg\" alt=\"\" \/><\/p>\n<h3>\u00a0Pantalla t\u00e1ctil ergon\u00f3mica<\/h3>\n<p>El sistema de men\u00fa intuitivo y la interfaz t\u00e1ctil ergon\u00f3mica permiten una navegaci\u00f3n sin esfuerzo. Tocable y f\u00e1cil de usar, la pantalla t\u00e1ctil muestra una gran cantidad de informaci\u00f3n en un formato de f\u00e1cil acceso.<\/p>\n<p><img decoding=\"async\" src=\"https:\/\/www.summa.com\/media\/xd5etatf\/s-one-features-flexcut.jpg\" alt=\"\" \/><\/p>\n<h3>Precisi\u00f3n de corte inigualable<\/h3>\n<p>La exclusiva funcionalidad FlexCut de Summa lleva la tecnolog\u00eda de corte al siguiente nivel. Esta caracter\u00edstica ajustable crea un corte perforado que permite que el material conserve la rigidez necesaria para transportarlo a trav\u00e9s del cortador, al mismo tiempo que sigue siendo f\u00e1cil de separar en piezas individuales.<\/p>\n<p><img decoding=\"async\" src=\"https:\/\/www.summa.com\/media\/3mqahxk0\/s-one-features-material-tracking.jpg\" alt=\"\" \/><\/p>\n<h3>Seguimiento legendario para m\u00e1xima precisi\u00f3n<\/h3>\n<p>El exclusivo microSprocket de Summa, junto con los potentes servomotores, proporciona un corte preciso. Acondicionado sobre la marcha para garantizar una precisi\u00f3n de seguimiento precisa de hasta 8 m de longitud.<\/p>\n<p><img decoding=\"async\" src=\"https:\/\/www.summa.com\/media\/pl2duimb\/s-one-features-connectivity.jpg\" alt=\"\" \/><\/p>\n<h3>Ethernet, USB y Wi-Fi<\/h3>\n<p>Varias computadoras pueden controlar una unidad a trav\u00e9s de una red a trav\u00e9s de Ethernet, USB o Wi-Fi. Adem\u00e1s, se puede usar un cable cruzado para la conexi\u00f3n directa, lo que crea una nueva v\u00eda para velocidades de transmisi\u00f3n de datos y comunicaci\u00f3n m\u00e1s r\u00e1pidas.<\/p>\n<p><img decoding=\"async\" src=\"https:\/\/www.summa.com\/media\/hyfdjhpy\/s-one-features-ease-of-use.jpg\" alt=\"\" \/><\/p>\n<h3>Facilidad de uso<\/h3>\n<p>Las piezas mec\u00e1nicas ajustables est\u00e1n resaltadas con un color azul claro, lo que permite al operador cambiar r\u00e1pidamente entre ellas. Adem\u00e1s, cambiar las herramientas para una configuraci\u00f3n r\u00e1pida del pr\u00f3ximo trabajo de corte ahora es un juego de ni\u00f1os.<\/p>\n<p><img decoding=\"async\" src=\"https:\/\/www.summa.com\/media\/132nrgeg\/s-one-features-opos-xtra.jpg\" alt=\"\" \/><\/p>\n<h3>OPOS Xtra para cortar los detalles m\u00e1s peque\u00f1os<\/h3>\n<p>El sistema de sensor OPOS lee las marcas de registro que se ampollan r\u00e1pidamente y autom\u00e1ticamente compensa el sangrado. Adem\u00e1s, la funcionalidad OPOS Xtra es espec\u00edficamente beneficiosa para procesar peque\u00f1os trabajos de adhesivo, detectando cambios de curvatura con mayor precisi\u00f3n que nunca.<\/p>\n<p><img decoding=\"async\" src=\"https:\/\/www.summa.com\/media\/qponopwz\/s-one-features-state-of-the-art.jpg\" alt=\"\" \/><\/p>\n<h3>Sistema de accionamiento de \u00faltima generaci\u00f3n<\/h3>\n<p>El sistema de accionamiento del motor servo S One garantiza que el cortac\u00e9sped a\u00fan pueda cortar a altas velocidades incluso en las esquinas m\u00e1s dif\u00edciles. \u00a1Las altas velocidades de trabajo son suyas para disfrutarlas!<\/p>\n<h3>S One Series<\/h3>\n<p>Conocido por su facilidad de uso y accesibilidad<br \/>\nPrecisi\u00f3n de corte confiable<br \/>\nLos rollos de medios integrados y las bridas de los rollos llevan su vinilo derecho y mantienen sus medios en el camino correcto.<br \/>\nAlineaci\u00f3n de corte de contorno OPOS X para gr\u00e1ficos de vinilo impresos valiosos con total confianza<\/p>\n<h3>S One FX Series<\/h3>\n<p>Dentro de esta serie, hay un modelo disponible, el S1 D140FX. La FX solo tiene 400 g de presi\u00f3n de cuchilla y los rodillos picadores tienen posiciones fijas.<\/p>\n<p>Mismas especificaciones que S1 D140 excepto:<br \/>\nAnchos de material fijos: 137,2 cm, 122 cm, 100 cm, 91,4 cm, 76,2 cm, 61 cm, 50 cm, 40 cm, 28 cm<br \/>\n400 g de fuerza de corte<\/p>\n<hr \/>\n<p><img decoding=\"async\" src=\"https:\/\/www.summa.com\/media\/ngrhrwke\/s-one-vinyl-cutter-image.jpg\" alt=\"\" \/><\/p>\n<h2>Bandeja de hojas<\/h2>\n<p>El alimentador de hojas Tray One mejora la automatizaci\u00f3n, facilita el manejo de los medios y ahorra mucho tiempo al operador del cortador de rollos. Tray One es compatible y se puede actualizar con los modelos Summa S One Series S1 D60. La combinaci\u00f3n de nuestras cortadoras de rollos de escritorio con un alimentador de hojas no solo beneficia a las industrias de gran volumen, sino que tambi\u00e9n se centra en las empresas de peque\u00f1o volumen, como copister\u00edas y minoristas. Con la bandeja uno, cada copia\/hoja se cortar\u00e1 de forma sencilla y sencilla. Hoja tras hoja. Durante horas seguidas.<\/p>\n<div class=\"ast-oembed-container\" style=\"height: 100%;\"><iframe title=\"Summa Tray Alimentador de una hoja para plotters Summa\" width=\"500\" height=\"281\" src=\"https:\/\/www.youtube.com\/embed\/_puExOGCkIg?feature=oembed\" frameborder=\"0\" allow=\"accelerometer; autoplay; clipboard-write; encrypted-media; gyroscope; picture-in-picture; web-share\" referrerpolicy=\"strict-origin-when-cross-origin\" allowfullscreen><\/iframe><\/div>\n<h2><strong>Especificaciones<\/strong><\/h2>\n<table border=\"0\" width=\"481\">\n<tbody>\n<tr>\n<td>MODELOS<\/td>\n<td><strong>S1 D60<\/strong><\/td>\n<td><strong>S1 D120<\/strong><\/td>\n<td><strong>S1 D140 (FX)<\/strong><\/td>\n<td><strong>S1 D160<\/strong><\/td>\n<\/tr>\n<tr>\n<td>Tipo de corte<\/td>\n<td colspan=\"4\">Cuchilla de arrastre con TurboCut y modos de emulaci\u00f3n tangencial<\/td>\n<\/tr>\n<tr>\n<td>Instrumentos<\/td>\n<td colspan=\"4\">Hoja, Pluma, Herramienta Pounce<\/td>\n<\/tr>\n<tr>\n<td>Ancho de corte<\/td>\n<td>60 cm (23 inch)<\/td>\n<td>120 cm (47 inch)<\/td>\n<td>135 cm (53 inch)<\/td>\n<td>158 cm (62 inch)<\/td>\n<\/tr>\n<tr>\n<td>Velocidad cortante<\/td>\n<td colspan=\"4\">\u00a01131 mm\/seg (44 ips) en diagonal<\/td>\n<\/tr>\n<tr>\n<td>Aceleraci\u00f3n del eje<\/td>\n<td colspan=\"4\">M\u00e1s de 2G<\/td>\n<\/tr>\n<tr>\n<td>Alineaci\u00f3n<\/td>\n<td colspan=\"4\">\n<ul>\n<li>OPOS X &#8211; OPOS Xtra<\/li>\n<li>C\u00f3digo de barras<\/li>\n<li>Por encima de 2 x 64 marcas en el eje X<\/li>\n<li>Compensaci\u00f3n vertical<\/li>\n<\/ul>\n<\/td>\n<\/tr>\n<tr>\n<td>Aceleraci\u00f3n m\u00e1xima<\/td>\n<td colspan=\"4\">Por encima de 3G en diagonal<\/td>\n<\/tr>\n<tr>\n<td><\/td>\n<td colspan=\"4\"><\/td>\n<\/tr>\n<tr>\n<td>Fuerza de corte<\/td>\n<td colspan=\"4\">0-600 gramos, en incrementos de 5 gramos<br \/>\n<strong>Nota<\/strong>: FX es 400 gramos en incrementos de 5 gramos<\/td>\n<\/tr>\n<tr>\n<td><\/td>\n<td colspan=\"4\"><\/td>\n<\/tr>\n<tr>\n<td><\/td>\n<td colspan=\"4\"><\/td>\n<\/tr>\n<tr>\n<td>Conectividad<\/td>\n<td colspan=\"4\">USB, Ethernet, WiFi* (*region dependent)<\/td>\n<\/tr>\n<tr>\n<td><\/td>\n<td colspan=\"4\"><\/td>\n<\/tr>\n<tr>\n<td><\/td>\n<td><\/td>\n<td><\/td>\n<td><\/td>\n<td><\/td>\n<\/tr>\n<tr>\n<td><\/td>\n<td><\/td>\n<td><\/td>\n<td><\/td>\n<td><\/td>\n<\/tr>\n<tr>\n<td><\/td>\n<td colspan=\"4\"><\/td>\n<\/tr>\n<tr>\n<td>Accesorios incluidos<\/td>\n<td colspan=\"4\">Software Summa GoSign, complementos Summa CutterControl y MacSign, cable de alimentaci\u00f3n, cable USB, soporte de cuchilla est\u00e1ndar de 36\u02da, 2 cuchillas est\u00e1ndar de 36\u02da,<\/td>\n<\/tr>\n<tr>\n<td>ACCESORIOS OPCIONALES<\/td>\n<td><strong>S1 D60<\/strong><\/p>\n<ul>\n<li>Soporte<\/li>\n<li>Cesta<\/li>\n<li>Soporte con cesta<\/li>\n<li>Bandeja de hojas<\/li>\n<\/ul>\n<\/td>\n<td><\/td>\n<td><\/td>\n<td><\/td>\n<\/tr>\n<\/tbody>\n<\/table>","protected":false},"excerpt":{"rendered":"<p>Los nuevos plotters de arrastre S One\u2122 incluyen muchas funciones inteligentes y t\u00e9cnicas actualizadas para proporcionar un corte de contorno de alta precisi\u00f3n para gr\u00e1ficos impresos.<\/p>","protected":false},"featured_media":1515,"template":"","meta":{"site-sidebar-layout":"default","site-content-layout":"default","ast-site-content-layout":"","site-content-style":"default","site-sidebar-style":"default","ast-global-header-display":"","ast-banner-title-visibility":"","ast-main-header-display":"","ast-hfb-above-header-display":"","ast-hfb-below-header-display":"","ast-hfb-mobile-header-display":"","site-post-title":"","ast-breadcrumbs-content":"","ast-featured-img":"","footer-sml-layout":"","theme-transparent-header-meta":"default","adv-header-id-meta":"","stick-header-meta":"","header-above-stick-meta":"","header-main-stick-meta":"","header-below-stick-meta":"","astra-migrate-meta-layouts":"default","ast-page-background-enabled":"default","ast-page-background-meta":{"desktop":{"background-color":"var(--ast-global-color-4)","background-image":"","background-repeat":"repeat","background-position":"center center","background-size":"auto","background-attachment":"scroll","background-type":"","background-media":"","overlay-type":"","overlay-color":"","overlay-gradient":""},"tablet":{"background-color":"","background-image":"","background-repeat":"repeat","background-position":"center center","background-size":"auto","background-attachment":"scroll","background-type":"","background-media":"","overlay-type":"","overlay-color":"","overlay-gradient":""},"mobile":{"background-color":"","background-image":"","background-repeat":"repeat","background-position":"center center","background-size":"auto","background-attachment":"scroll","background-type":"","background-media":"","overlay-type":"","overlay-color":"","overlay-gradient":""}},"ast-content-background-meta":{"desktop":{"background-color":"var(--ast-global-color-5)","background-image":"","background-repeat":"repeat","background-position":"center center","background-size":"auto","background-attachment":"scroll","background-type":"","background-media":"","overlay-type":"","overlay-color":"","overlay-gradient":""},"tablet":{"background-color":"var(--ast-global-color-5)","background-image":"","background-repeat":"repeat","background-position":"center center","background-size":"auto","background-attachment":"scroll","background-type":"","background-media":"","overlay-type":"","overlay-color":"","overlay-gradient":""},"mobile":{"background-color":"var(--ast-global-color-5)","background-image":"","background-repeat":"repeat","background-position":"center center","background-size":"auto","background-attachment":"scroll","background-type":"","background-media":"","overlay-type":"","overlay-color":"","overlay-gradient":""}}},"product_cat":[63],"product_tag":[],"class_list":{"0":"post-379","1":"product","2":"type-product","3":"status-publish","4":"has-post-thumbnail","6":"product_cat-impressao-e-corte","7":"desktop-align-left","8":"tablet-align-left","9":"mobile-align-left","11":"first","12":"instock","13":"shipping-taxable","14":"product-type-simple"},"yoast_head":"<!-- This site is optimized with the Yoast SEO plugin v22.2 - https:\/\/yoast.com\/wordpress\/plugins\/seo\/ -->\r\n<title>Summa Classe S One D60\/D120\/D140fx\/D160 - Euninos<\/title>\r\n<meta name=\"robots\" content=\"index, follow, max-snippet:-1, max-image-preview:large, max-video-preview:-1\" \/>\r\n<link rel=\"canonical\" href=\"https:\/\/euninos.com\/es\/artigo\/summa-classe-s-one-d60-d120-d140fx-d160\/\" \/>\r\n<meta property=\"og:locale\" content=\"es_ES\" \/>\r\n<meta property=\"og:type\" content=\"article\" \/>\r\n<meta property=\"og:title\" content=\"Summa Classe S One D60\/D120\/D140fx\/D160 - Euninos\" \/>\r\n<meta property=\"og:description\" content=\"As novas plotters de arrasto S One\u2122 incluem muitas funcionalidades inteligentes e t\u00e9cnicas atualizadas para fornecer alta precis\u00e3o de corte de contorno para gr\u00e1ficos impressos.\" \/>\r\n<meta property=\"og:url\" content=\"https:\/\/euninos.com\/es\/artigo\/summa-classe-s-one-d60-d120-d140fx-d160\/\" \/>\r\n<meta property=\"og:site_name\" content=\"Euninos\" \/>\r\n<meta property=\"article:publisher\" content=\"https:\/\/www.facebook.com\/euninos\" \/>\r\n<meta property=\"article:modified_time\" content=\"2022-05-23T08:53:43+00:00\" \/>\r\n<meta property=\"og:image\" content=\"https:\/\/euninos.com\/wp-content\/uploads\/2022\/04\/summa-s-class-d60.jpg\" \/>\r\n\t<meta property=\"og:image:width\" content=\"1600\" \/>\r\n\t<meta property=\"og:image:height\" content=\"1080\" \/>\r\n\t<meta property=\"og:image:type\" content=\"image\/jpeg\" \/>\r\n<meta name=\"twitter:card\" content=\"summary_large_image\" \/>\r\n<meta name=\"twitter:label1\" content=\"Tiempo de lectura\" \/>\n\t<meta name=\"twitter:data1\" content=\"5 minutos\" \/>\r\n<script type=\"application\/ld+json\" class=\"yoast-schema-graph\">{\"@context\":\"https:\/\/schema.org\",\"@graph\":[{\"@type\":\"WebPage\",\"@id\":\"https:\/\/euninos.com\/artigo\/summa-classe-s-one-d60-d120-d140fx-d160\/\",\"url\":\"https:\/\/euninos.com\/artigo\/summa-classe-s-one-d60-d120-d140fx-d160\/\",\"name\":\"Summa Classe S One D60\/D120\/D140fx\/D160 - Euninos\",\"isPartOf\":{\"@id\":\"https:\/\/euninos.com\/#website\"},\"primaryImageOfPage\":{\"@id\":\"https:\/\/euninos.com\/artigo\/summa-classe-s-one-d60-d120-d140fx-d160\/#primaryimage\"},\"image\":{\"@id\":\"https:\/\/euninos.com\/artigo\/summa-classe-s-one-d60-d120-d140fx-d160\/#primaryimage\"},\"thumbnailUrl\":\"https:\/\/euninos.com\/wp-content\/uploads\/2022\/04\/summa-s-class-d60.jpg\",\"datePublished\":\"2022-04-20T13:50:36+00:00\",\"dateModified\":\"2022-05-23T08:53:43+00:00\",\"breadcrumb\":{\"@id\":\"https:\/\/euninos.com\/artigo\/summa-classe-s-one-d60-d120-d140fx-d160\/#breadcrumb\"},\"inLanguage\":\"es\",\"potentialAction\":[{\"@type\":\"ReadAction\",\"target\":[\"https:\/\/euninos.com\/artigo\/summa-classe-s-one-d60-d120-d140fx-d160\/\"]}]},{\"@type\":\"ImageObject\",\"inLanguage\":\"es\",\"@id\":\"https:\/\/euninos.com\/artigo\/summa-classe-s-one-d60-d120-d140fx-d160\/#primaryimage\",\"url\":\"https:\/\/euninos.com\/wp-content\/uploads\/2022\/04\/summa-s-class-d60.jpg\",\"contentUrl\":\"https:\/\/euninos.com\/wp-content\/uploads\/2022\/04\/summa-s-class-d60.jpg\",\"width\":1600,\"height\":1080},{\"@type\":\"BreadcrumbList\",\"@id\":\"https:\/\/euninos.com\/artigo\/summa-classe-s-one-d60-d120-d140fx-d160\/#breadcrumb\",\"itemListElement\":[{\"@type\":\"ListItem\",\"position\":1,\"name\":\"Produtos\",\"item\":\"https:\/\/euninos.com\/produtos\/\"},{\"@type\":\"ListItem\",\"position\":2,\"name\":\"Summa Classe S One D60\/D120\/D140fx\/D160\"}]},{\"@type\":\"WebSite\",\"@id\":\"https:\/\/euninos.com\/#website\",\"url\":\"https:\/\/euninos.com\/\",\"name\":\"Euninos\",\"description\":\"Produtos de Impress\u00e3o e Corte\",\"publisher\":{\"@id\":\"https:\/\/euninos.com\/#organization\"},\"potentialAction\":[{\"@type\":\"SearchAction\",\"target\":{\"@type\":\"EntryPoint\",\"urlTemplate\":\"https:\/\/euninos.com\/?s={search_term_string}\"},\"query-input\":\"required name=search_term_string\"}],\"inLanguage\":\"es\"},{\"@type\":\"Organization\",\"@id\":\"https:\/\/euninos.com\/#organization\",\"name\":\"Euninos\",\"url\":\"https:\/\/euninos.com\/\",\"logo\":{\"@type\":\"ImageObject\",\"inLanguage\":\"es\",\"@id\":\"https:\/\/euninos.com\/#\/schema\/logo\/image\/\",\"url\":\"https:\/\/euninos.com\/wp-content\/uploads\/2022\/05\/cropped-logo-euninos-vector-Copia.png\",\"contentUrl\":\"https:\/\/euninos.com\/wp-content\/uploads\/2022\/05\/cropped-logo-euninos-vector-Copia.png\",\"width\":300,\"height\":170,\"caption\":\"Euninos\"},\"image\":{\"@id\":\"https:\/\/euninos.com\/#\/schema\/logo\/image\/\"},\"sameAs\":[\"https:\/\/www.facebook.com\/euninos\",\"https:\/\/www.instagram.com\/euninos.lda\",\"https:\/\/www.linkedin.com\/company\/euninos\",\"https:\/\/www.youtube.com\/c\/EuninosLda\"]}]}<\/script>\r\n<!-- \/ Yoast SEO plugin. -->","yoast_head_json":{"title":"Summa Classe S One D60\/D120\/D140fx\/D160 - Euninos","robots":{"index":"index","follow":"follow","max-snippet":"max-snippet:-1","max-image-preview":"max-image-preview:large","max-video-preview":"max-video-preview:-1"},"canonical":"https:\/\/euninos.com\/es\/artigo\/summa-classe-s-one-d60-d120-d140fx-d160\/","og_locale":"es_ES","og_type":"article","og_title":"Summa Classe S One D60\/D120\/D140fx\/D160 - Euninos","og_description":"As novas plotters de arrasto S One\u2122 incluem muitas funcionalidades inteligentes e t\u00e9cnicas atualizadas para fornecer alta precis\u00e3o de corte de contorno para gr\u00e1ficos impressos.","og_url":"https:\/\/euninos.com\/es\/artigo\/summa-classe-s-one-d60-d120-d140fx-d160\/","og_site_name":"Euninos","article_publisher":"https:\/\/www.facebook.com\/euninos","article_modified_time":"2022-05-23T08:53:43+00:00","og_image":[{"width":1600,"height":1080,"url":"https:\/\/euninos.com\/wp-content\/uploads\/2022\/04\/summa-s-class-d60.jpg","type":"image\/jpeg"}],"twitter_card":"summary_large_image","twitter_misc":{"Tiempo de lectura":"5 minutos"},"schema":{"@context":"https:\/\/schema.org","@graph":[{"@type":"WebPage","@id":"https:\/\/euninos.com\/artigo\/summa-classe-s-one-d60-d120-d140fx-d160\/","url":"https:\/\/euninos.com\/artigo\/summa-classe-s-one-d60-d120-d140fx-d160\/","name":"Summa Classe S One D60\/D120\/D140fx\/D160 - Euninos","isPartOf":{"@id":"https:\/\/euninos.com\/#website"},"primaryImageOfPage":{"@id":"https:\/\/euninos.com\/artigo\/summa-classe-s-one-d60-d120-d140fx-d160\/#primaryimage"},"image":{"@id":"https:\/\/euninos.com\/artigo\/summa-classe-s-one-d60-d120-d140fx-d160\/#primaryimage"},"thumbnailUrl":"https:\/\/euninos.com\/wp-content\/uploads\/2022\/04\/summa-s-class-d60.jpg","datePublished":"2022-04-20T13:50:36+00:00","dateModified":"2022-05-23T08:53:43+00:00","breadcrumb":{"@id":"https:\/\/euninos.com\/artigo\/summa-classe-s-one-d60-d120-d140fx-d160\/#breadcrumb"},"inLanguage":"es","potentialAction":[{"@type":"ReadAction","target":["https:\/\/euninos.com\/artigo\/summa-classe-s-one-d60-d120-d140fx-d160\/"]}]},{"@type":"ImageObject","inLanguage":"es","@id":"https:\/\/euninos.com\/artigo\/summa-classe-s-one-d60-d120-d140fx-d160\/#primaryimage","url":"https:\/\/euninos.com\/wp-content\/uploads\/2022\/04\/summa-s-class-d60.jpg","contentUrl":"https:\/\/euninos.com\/wp-content\/uploads\/2022\/04\/summa-s-class-d60.jpg","width":1600,"height":1080},{"@type":"BreadcrumbList","@id":"https:\/\/euninos.com\/artigo\/summa-classe-s-one-d60-d120-d140fx-d160\/#breadcrumb","itemListElement":[{"@type":"ListItem","position":1,"name":"Produtos","item":"https:\/\/euninos.com\/produtos\/"},{"@type":"ListItem","position":2,"name":"Summa Classe S One D60\/D120\/D140fx\/D160"}]},{"@type":"WebSite","@id":"https:\/\/euninos.com\/#website","url":"https:\/\/euninos.com\/","name":"Euninos","description":"Produtos de Impress\u00e3o e Corte","publisher":{"@id":"https:\/\/euninos.com\/#organization"},"potentialAction":[{"@type":"SearchAction","target":{"@type":"EntryPoint","urlTemplate":"https:\/\/euninos.com\/?s={search_term_string}"},"query-input":"required name=search_term_string"}],"inLanguage":"es"},{"@type":"Organization","@id":"https:\/\/euninos.com\/#organization","name":"Euninos","url":"https:\/\/euninos.com\/","logo":{"@type":"ImageObject","inLanguage":"es","@id":"https:\/\/euninos.com\/#\/schema\/logo\/image\/","url":"https:\/\/euninos.com\/wp-content\/uploads\/2022\/05\/cropped-logo-euninos-vector-Copia.png","contentUrl":"https:\/\/euninos.com\/wp-content\/uploads\/2022\/05\/cropped-logo-euninos-vector-Copia.png","width":300,"height":170,"caption":"Euninos"},"image":{"@id":"https:\/\/euninos.com\/#\/schema\/logo\/image\/"},"sameAs":["https:\/\/www.facebook.com\/euninos","https:\/\/www.instagram.com\/euninos.lda","https:\/\/www.linkedin.com\/company\/euninos","https:\/\/www.youtube.com\/c\/EuninosLda"]}]}},"_links":{"self":[{"href":"https:\/\/euninos.com\/es\/wp-json\/wp\/v2\/product\/379","targetHints":{"allow":["GET"]}}],"collection":[{"href":"https:\/\/euninos.com\/es\/wp-json\/wp\/v2\/product"}],"about":[{"href":"https:\/\/euninos.com\/es\/wp-json\/wp\/v2\/types\/product"}],"wp:featuredmedia":[{"embeddable":true,"href":"https:\/\/euninos.com\/es\/wp-json\/wp\/v2\/media\/1515"}],"wp:attachment":[{"href":"https:\/\/euninos.com\/es\/wp-json\/wp\/v2\/media?parent=379"}],"wp:term":[{"taxonomy":"product_cat","embeddable":true,"href":"https:\/\/euninos.com\/es\/wp-json\/wp\/v2\/product_cat?post=379"},{"taxonomy":"product_tag","embeddable":true,"href":"https:\/\/euninos.com\/es\/wp-json\/wp\/v2\/product_tag?post=379"}],"curies":[{"name":"wp","href":"https:\/\/api.w.org\/{rel}","templated":true}]}}