{"id":378,"date":"2022-04-20T13:50:36","date_gmt":"2022-04-20T13:50:36","guid":{"rendered":"https:\/\/euninos.com\/?post_type=product&#038;p=378"},"modified":"2022-05-26T11:08:44","modified_gmt":"2022-05-26T10:08:44","slug":"roland-lv-180-lv-290","status":"publish","type":"product","link":"https:\/\/euninos.com\/es\/artigo\/roland-lv-180-lv-290\/","title":{"rendered":"Roland LV-180 \/ LV-290"},"content":{"rendered":"<h1>LV-290, LV-180<\/h1>\n<p><img fetchpriority=\"high\" decoding=\"async\" src=\"https:\/\/euninos.com\/wp-content\/uploads\/2020\/11\/Screenshot-2021-10-01-at-15-01-16-LV-Laser-Engravers-1024x377.png\" alt=\"\" width=\"750\" height=\"276\" \/><\/p>\n<p>Impulse su creatividad y desarrolle su negocio con las grabadoras l\u00e1ser de la serie LV de Roland. Compacta y realmente f\u00e1cil de usar, la Serie LV corta, graba y marca una amplia gama de materiales para lograr resultados impresionantes con solo tocar un bot\u00f3n. Ampl\u00ede a\u00fan m\u00e1s su potencial de ingresos combinando su grabador LV con una impresora VersaUV LEF\/LEF2 para crear impresionantes regalos y prototipos para una personalizaci\u00f3n \u00fanica. Disponibles en dos tama\u00f1os para adaptarse a su oficina o tienda, los grabadores l\u00e1ser LV brindan una operaci\u00f3n totalmente integrada con un l\u00e1ser CO.<sub>2<\/sub> complimiento sin contacto y Clase 1 con est\u00e1ndares de seguridad.<\/p>\n<p>&nbsp;<\/p>\n<h3>Grabe, corte y construya su negocio<br \/>\ncon cientos de aplicaciones<\/h3>\n<p>Ya sea que est\u00e9 lanzando un nuevo negocio de personalizaci\u00f3n de art\u00edculos, necesite agregar valor a las l\u00edneas de productos existentes o sea un fabricante que busca aumentar la eficiencia al llevar la producci\u00f3n internamente, las grabadoras l\u00e1ser LV de Roland brindan tantas opciones para elegir y diversidad de productos. . Aplique fotos, ilustraciones o texto sobre productos existentes, o recorte sus propios elementos para etiquetarlos o grabarlos.<\/p>\n<h2><\/h2>\n<h3><\/h3>\n<figure><figcaption><strong>Decoraci\u00f3n de interiores y arte<\/strong><br \/>\n<strong>Corte formas complejas de madera, cart\u00f3n y pl\u00e1stico y cree productos y prototipos brillantes para proyectos de arte, juegos, decoraci\u00f3n, maquetas y m\u00e1s.<\/strong><\/figcaption><\/figure>\n<figure><figcaption><strong>Regalos<\/strong><br \/>\n<strong>Grabe con precisi\u00f3n souvenirs, marcos de cuadros, cajas, llaveros, cristaler\u00eda y m\u00e1s, convirti\u00e9ndolos en art\u00edculos rentables y personalizados.<\/strong><\/figcaption><\/figure>\n<figure><figcaption><strong>Art\u00edculos personalizados<\/strong><br \/>\n<strong>Grabe con l\u00e1ser nombres de clientes, fotograf\u00edas y mensajes en cuero para crear una amplia gama de productos personalizados, como tapas de botellas, llaveros y m\u00e1s.<\/strong><\/figcaption><\/figure>\n<figure><figcaption><strong>Bisuter\u00eda y complementos de moda<\/strong><br \/>\n<strong>Grabe dise\u00f1os en art\u00edculos met\u00e1licos como relojes, herramientas, pulseras, aretes y anillos o en materiales flexibles como bolsos de cuero, bolsos y tela. Tambi\u00e9n puede cortar sus propios colgantes, pulseras y otros accesorios de cuero o acr\u00edlico y crear impresionantes joyas grabadas y talladas en madera.<\/strong><\/figcaption><\/figure>\n<figure><figcaption>\u00a0<\/figcaption><\/figure>\n<figure><figcaption><strong>Art\u00edculos de papeler\u00eda<\/strong><br \/>\n<strong>Cree dise\u00f1os grabados o cortados \u00fanicos para agendas, carpetas y \u00e1lbumes de alta calidad. Grabe bol\u00edgrafos y otros art\u00edculos con absoluta precisi\u00f3n.<\/strong><\/figcaption><\/figure>\n<h3>Impresionante compatibilidad de soporte<\/h3>\n<p>La serie LV es compatible con una amplia gama de materiales, desde pl\u00e1sticos hasta madera, cuero, papel, corcho y m\u00e1s. Con dos modelos disponibles para diferentes dimensiones de espacio de trabajo, puede elegir el modelo que mejor se adapte al grosor y tama\u00f1o de los materiales con los que desea trabajar.<\/p>\n<h3>Precisi\u00f3n de corte y grabado<\/h3>\n<p>La serie LV utiliza un l\u00e1ser de CO<sub>2<\/sub> Sin contacto para grabar formas complejas y texto con bordes n\u00edtidos a alta velocidad. A diferencia de los grabadores computarizados convencionales, las superficies cortadas quedan con un acabado suave y limpio, sin protuberancias, lo que elimina la necesidad de retoques finales. Sin cuchillas de grabado que se rompan o desgasten, el l\u00e1ser siempre mantiene un acabado excepcional, sin sacrificar la calidad. El LV-290 est\u00e1 equipado con una c\u00e1mara CCD que ayuda<\/p>\n<p>&nbsp;<\/p>\n<p><label for=\"nrx_tab2-1\">Especificaciones<\/label><\/p>\n<table>\n<colgroup width=\"20%\"><\/colgroup>\n<colgroup width=\"0\"><\/colgroup>\n<colgroup width=\"40%\"><\/colgroup>\n<colgroup width=\"40%\"><\/colgroup>\n<tbody>\n<tr>\n<td colspan=\"2\" align=\"left\" valign=\"bottom\">Modelo<\/td>\n<td align=\"center\" valign=\"bottom\">LV-290<\/td>\n<td align=\"center\" valign=\"bottom\">LV-180<\/td>\n<\/tr>\n<tr>\n<td colspan=\"2\" align=\"left\" valign=\"bottom\"><strong>\u00a0Fuente de l\u00e1ser<\/strong><\/td>\n<td align=\"left\" valign=\"bottom\">\u00a040W laser CO<sub>2<\/sub><\/td>\n<td align=\"left\" valign=\"bottom\"><\/td>\n<\/tr>\n<tr>\n<td colspan=\"2\" align=\"left\" valign=\"bottom\"><strong>Superficie de trabajo<\/strong><\/td>\n<td align=\"left\" valign=\"bottom\">Cuando con SmartVISION Pro CCD:<br \/>\n550 x 440 mm (21.6 x 17.3 pol.)<br \/>\nCuando con SmartVISION Pro CCD:<br \/>\n640 x 460 mm (25,1 x 18,1 pulg.) Ampliable a 740 x 460 mm<\/td>\n<td align=\"left\" valign=\"bottom\">458 \u00d7 305 mm<\/td>\n<\/tr>\n<tr>\n<td colspan=\"2\" align=\"left\" valign=\"bottom\"><strong>Tama\u00f1o m\u00e1ximo de pieza <\/strong><\/td>\n<td align=\"left\" valign=\"bottom\">762 (ancho) x 482,6 (largo) x 165 (alto) mm<\/td>\n<td align=\"left\" valign=\"bottom\">505 (largura) x 309 (comprimento) x 170 (altura) mm<\/td>\n<\/tr>\n<tr>\n<td colspan=\"2\" align=\"left\" valign=\"top\"><strong>Tama\u00f1o de la mesa<\/strong><\/td>\n<td align=\"left\" valign=\"bottom\">790 \u00d7 530 mm<\/td>\n<td align=\"left\" valign=\"bottom\">520 x 375 mm<\/td>\n<\/tr>\n<tr>\n<td colspan=\"2\" align=\"left\" valign=\"top\"><strong>Dimensiones<\/strong><\/td>\n<td align=\"left\" valign=\"bottom\">1125 x 720 x 1005 mm<\/td>\n<td align=\"left\" valign=\"bottom\">740 x 780 x 410 mm<\/td>\n<\/tr>\n<tr>\n<td colspan=\"2\" align=\"left\" valign=\"top\">\u00a0<strong>Peso<\/strong><\/td>\n<td align=\"left\" valign=\"bottom\">167 kg<\/td>\n<td align=\"left\" valign=\"bottom\">\u00a075 kg<\/td>\n<\/tr>\n<tr>\n<td colspan=\"2\" align=\"left\" valign=\"top\"><strong>Enfriamiento<\/strong><\/td>\n<td align=\"left\" valign=\"bottom\">Refrigerado por aire Temperatura ambiente de funcionamiento 15\u00b0-30\u00b0C<\/td>\n<td align=\"left\" valign=\"bottom\">(-)<\/td>\n<\/tr>\n<tr>\n<td colspan=\"2\" align=\"left\" valign=\"bottom\"><strong>Actuaci\u00f3n<\/strong><\/td>\n<td colspan=\"2\" align=\"center\" valign=\"bottom\">Servocontrol de corriente continua de bucle cerrado<\/td>\n<\/tr>\n<tr>\n<td colspan=\"2\" align=\"left\" valign=\"bottom\"><strong>Velocidad m\u00e1xima del motor <\/strong><\/td>\n<td align=\"left\" valign=\"bottom\">Cuando con SmartVISION Pro CCD: 1016 mm\/s (40 pulg.\/s.)<br \/>\nCuando sin SmartVISION Pro CCD: 1524 mm\/s (60 on.\/s)<\/td>\n<td align=\"left\" valign=\"bottom\">1016 mm\/s (40 in.\/s.)<\/td>\n<\/tr>\n<tr>\n<td colspan=\"2\" align=\"left\" valign=\"top\"><strong>Control de velocidad<\/strong><\/td>\n<td align=\"left\" valign=\"bottom\">Ajustable del 0,1 al 100 % de 60 IPS (hasta 16 ajustes de velocidad asociados con el color por trabajo)<\/td>\n<td align=\"left\" valign=\"bottom\">Ajustable del 0,1 al 100 % de 60 IPS (hasta 16 ajustes de velocidad asociados con el color por trabajo)<\/td>\n<\/tr>\n<tr>\n<td colspan=\"2\" align=\"left\" valign=\"top\"><strong>Control de poder<\/strong><\/td>\n<td align=\"left\" valign=\"bottom\">Ajustable de 0 a 100 % (hasta 16 ajustes de velocidad asociados con el color por trabajo)<\/td>\n<td align=\"left\" valign=\"bottom\">Ajustable de 0 a 100 % (hasta 16 ajustes de velocidad asociados con el color por trabajo)<\/td>\n<\/tr>\n<tr>\n<td colspan=\"2\" align=\"left\" valign=\"top\"><strong>Precisi\u00f3n de distancia<\/strong><\/td>\n<td colspan=\"2\" align=\"left\" valign=\"bottom\">0.254mm ou 0.1% do movimento, o que for maior.<\/td>\n<\/tr>\n<tr>\n<td colspan=\"2\" align=\"left\" valign=\"top\">\u00a0<strong>Movimento Eixo-Z<\/strong><\/td>\n<td colspan=\"2\" align=\"left\" valign=\"bottom\">Autom\u00e1tico<\/td>\n<\/tr>\n<tr>\n<td colspan=\"2\" align=\"left\" valign=\"bottom\"><strong>Lente de foco<\/strong><\/td>\n<td align=\"left\" valign=\"bottom\">Padr\u00e3o 2.0in. , opcional 1.5in. , 2.5in. e 4.0in.  dispon\u00edveis<\/td>\n<td align=\"left\" valign=\"bottom\">Padr\u00e3o 2.0in. , opcional 1.5in. dispon\u00edvel<\/td>\n<\/tr>\n<tr>\n<td colspan=\"2\" align=\"left\" valign=\"top\"><strong>Resolu\u00e7\u00e3o (DPI)<\/strong><\/td>\n<td colspan=\"2\" align=\"left\" valign=\"bottom\">Dispon\u00edveis 125, 250, 300, 380, 500, 600, 760, 1000, 1500<\/td>\n<\/tr>\n<tr>\n<td colspan=\"2\" align=\"left\" valign=\"top\"><strong>Interface do computador<\/strong><\/td>\n<td colspan=\"2\" align=\"left\" valign=\"bottom\">Entrada USB 2.0 de velocidade m\u00e1xima, porta Ethernet 10 Base-T.<\/td>\n<\/tr>\n<tr>\n<td colspan=\"2\" align=\"left\" valign=\"top\"><strong>Mem\u00f3ria interm\u00e9dia<\/strong><\/td>\n<td colspan=\"2\" align=\"left\" valign=\"bottom\">32 MB est\u00e1ndar<\/td>\n<\/tr>\n<tr>\n<td colspan=\"2\" align=\"left\" valign=\"top\"><strong>Sistemas operativos compatibles<\/strong><\/td>\n<td colspan=\"2\" align=\"left\" valign=\"bottom\">Windows<sup>\u00ae<\/sup> 7, 8.1, 10<\/td>\n<\/tr>\n<tr>\n<td colspan=\"2\" align=\"left\" valign=\"top\"><strong>Panel de visualizaci\u00f3n<\/strong><\/td>\n<td colspan=\"2\" align=\"left\" valign=\"bottom\">Panel LCD de 4 l\u00edneas que muestra el nombre del archivo actual, el tiempo total de trabajo, el funcionamiento del l\u00e1ser, la velocidad de grabaci\u00f3n, los archivos cargados en la memoria intermedia y los men\u00fas de configuraci\u00f3n y diagn\u00f3stico<\/td>\n<\/tr>\n<tr>\n<td colspan=\"2\" rowspan=\"3\" align=\"left\" valign=\"bottom\"><strong>Seguridad<\/strong><\/td>\n<td colspan=\"2\" align=\"center\" valign=\"bottom\">Producto l\u00e1ser conforme a la clase I de la norma EN60825<\/td>\n<\/tr>\n<tr>\n<td colspan=\"2\" align=\"center\" valign=\"bottom\">Producto l\u00e1ser que cumple con la Clase II de la norma CDRH<\/td>\n<\/tr>\n<tr>\n<td colspan=\"2\" align=\"center\" valign=\"bottom\">Cumplimiento de la Directiva sobre m\u00e1quinas 2006\/42\/CE<\/td>\n<\/tr>\n<tr>\n<td colspan=\"2\" align=\"left\" valign=\"top\"><strong>Tensi\u00f3n de funcionamiento<\/strong><\/td>\n<td align=\"left\" valign=\"bottom\">100-240VAC, 50-60Hz Conmutaci\u00f3n autom\u00e1tica, 15A m\u00e1x.<\/td>\n<td align=\"left\" valign=\"bottom\">100-240VAC, 50-60Hz Conmutaci\u00f3n autom\u00e1tica, 12A m\u00e1x.<\/td>\n<\/tr>\n<tr>\n<td colspan=\"2\" align=\"left\" valign=\"top\"><strong>Sistema de extracci\u00f3n de humos<\/strong><\/td>\n<td colspan=\"2\" align=\"left\" valign=\"bottom\">Se requiere un sistema de escape externo, una conexi\u00f3n de 4 pulgadas en la parte trasera de la m\u00e1quina<\/td>\n<\/tr>\n<\/tbody>\n<\/table>\n<p><sub>Las especificaciones, dise\u00f1os y dimensiones incluidos en la lista est\u00e1n sujetos a cambios sin previo aviso.<br \/>\nDependiendo del medio utilizado, pueden generarse gases nocivos que pueden provocar s\u00edntomas como dolor de garganta, dolor de cabeza, mareos, etc. Roland DG recomienda encarecidamente que se instale una fregadora o un sistema de ventilaci\u00f3n y extracci\u00f3n en una sala bien ventilada. Para m\u00e1s informaci\u00f3n, p\u00f3ngase en contacto con su distribuidor local.<\/sub><\/p>","protected":false},"excerpt":{"rendered":"<p>LV-290, LV-180 Aumente a sua criatividade e construa o seu neg\u00f3cio com as gravadoras a laser da s\u00e9rie LV da Roland. Compacta e verdadeiramente f\u00e1cil de utilizar, a s\u00e9rie LV corta, grava e marca uma vasta gama de materiais para obter resultados impressionantes, pressionando simplesmente um bot\u00e3o. Expanda ainda mais o seu potencial lucrativo ao [&hellip;]<\/p>","protected":false},"featured_media":1499,"template":"","meta":{"site-sidebar-layout":"default","site-content-layout":"default","ast-site-content-layout":"","site-content-style":"default","site-sidebar-style":"default","ast-global-header-display":"","ast-banner-title-visibility":"","ast-main-header-display":"","ast-hfb-above-header-display":"","ast-hfb-below-header-display":"","ast-hfb-mobile-header-display":"","site-post-title":"","ast-breadcrumbs-content":"","ast-featured-img":"","footer-sml-layout":"","theme-transparent-header-meta":"default","adv-header-id-meta":"","stick-header-meta":"","header-above-stick-meta":"","header-main-stick-meta":"","header-below-stick-meta":"","astra-migrate-meta-layouts":"default","ast-page-background-enabled":"default","ast-page-background-meta":{"desktop":{"background-color":"var(--ast-global-color-4)","background-image":"","background-repeat":"repeat","background-position":"center center","background-size":"auto","background-attachment":"scroll","background-type":"","background-media":"","overlay-type":"","overlay-color":"","overlay-gradient":""},"tablet":{"background-color":"","background-image":"","background-repeat":"repeat","background-position":"center center","background-size":"auto","background-attachment":"scroll","background-type":"","background-media":"","overlay-type":"","overlay-color":"","overlay-gradient":""},"mobile":{"background-color":"","background-image":"","background-repeat":"repeat","background-position":"center center","background-size":"auto","background-attachment":"scroll","background-type":"","background-media":"","overlay-type":"","overlay-color":"","overlay-gradient":""}},"ast-content-background-meta":{"desktop":{"background-color":"var(--ast-global-color-5)","background-image":"","background-repeat":"repeat","background-position":"center center","background-size":"auto","background-attachment":"scroll","background-type":"","background-media":"","overlay-type":"","overlay-color":"","overlay-gradient":""},"tablet":{"background-color":"var(--ast-global-color-5)","background-image":"","background-repeat":"repeat","background-position":"center center","background-size":"auto","background-attachment":"scroll","background-type":"","background-media":"","overlay-type":"","overlay-color":"","overlay-gradient":""},"mobile":{"background-color":"var(--ast-global-color-5)","background-image":"","background-repeat":"repeat","background-position":"center center","background-size":"auto","background-attachment":"scroll","background-type":"","background-media":"","overlay-type":"","overlay-color":"","overlay-gradient":""}}},"product_cat":[62],"product_tag":[],"class_list":{"0":"post-378","1":"product","2":"type-product","3":"status-publish","4":"has-post-thumbnail","6":"product_cat-laser","7":"desktop-align-left","8":"tablet-align-left","9":"mobile-align-left","11":"first","12":"instock","13":"shipping-taxable","14":"product-type-simple"},"yoast_head":"<!-- This site is optimized with the Yoast SEO plugin v22.2 - https:\/\/yoast.com\/wordpress\/plugins\/seo\/ -->\r\n<title>Roland LV-180 \/ LV-290 - Euninos<\/title>\r\n<meta name=\"robots\" content=\"index, follow, max-snippet:-1, max-image-preview:large, max-video-preview:-1\" \/>\r\n<link rel=\"canonical\" href=\"https:\/\/euninos.com\/es\/artigo\/roland-lv-180-lv-290\/\" \/>\r\n<meta property=\"og:locale\" content=\"es_ES\" \/>\r\n<meta property=\"og:type\" content=\"article\" \/>\r\n<meta property=\"og:title\" content=\"Roland LV-180 \/ LV-290 - Euninos\" \/>\r\n<meta property=\"og:description\" content=\"LV-290, LV-180 Aumente a sua criatividade e construa o seu neg\u00f3cio com as gravadoras a laser da s\u00e9rie LV da Roland. Compacta e verdadeiramente f\u00e1cil de utilizar, a s\u00e9rie LV corta, grava e marca uma vasta gama de materiais para obter resultados impressionantes, pressionando simplesmente um bot\u00e3o. Expanda ainda mais o seu potencial lucrativo ao [&hellip;]\" \/>\r\n<meta property=\"og:url\" content=\"https:\/\/euninos.com\/es\/artigo\/roland-lv-180-lv-290\/\" \/>\r\n<meta property=\"og:site_name\" content=\"Euninos\" \/>\r\n<meta property=\"article:publisher\" content=\"https:\/\/www.facebook.com\/euninos\" \/>\r\n<meta property=\"article:modified_time\" content=\"2022-05-26T10:08:44+00:00\" \/>\r\n<meta property=\"og:image\" content=\"https:\/\/euninos.com\/wp-content\/uploads\/2022\/04\/lv.jpg\" \/>\r\n\t<meta property=\"og:image:width\" content=\"1600\" \/>\r\n\t<meta property=\"og:image:height\" content=\"1080\" \/>\r\n\t<meta property=\"og:image:type\" content=\"image\/jpeg\" \/>\r\n<meta name=\"twitter:card\" content=\"summary_large_image\" \/>\r\n<meta name=\"twitter:label1\" content=\"Tiempo de lectura\" \/>\n\t<meta name=\"twitter:data1\" content=\"5 minutos\" \/>\r\n<script type=\"application\/ld+json\" class=\"yoast-schema-graph\">{\"@context\":\"https:\/\/schema.org\",\"@graph\":[{\"@type\":\"WebPage\",\"@id\":\"https:\/\/euninos.com\/artigo\/roland-lv-180-lv-290\/\",\"url\":\"https:\/\/euninos.com\/artigo\/roland-lv-180-lv-290\/\",\"name\":\"Roland LV-180 \/ LV-290 - Euninos\",\"isPartOf\":{\"@id\":\"https:\/\/euninos.com\/#website\"},\"primaryImageOfPage\":{\"@id\":\"https:\/\/euninos.com\/artigo\/roland-lv-180-lv-290\/#primaryimage\"},\"image\":{\"@id\":\"https:\/\/euninos.com\/artigo\/roland-lv-180-lv-290\/#primaryimage\"},\"thumbnailUrl\":\"https:\/\/euninos.com\/wp-content\/uploads\/2022\/04\/lv.jpg\",\"datePublished\":\"2022-04-20T13:50:36+00:00\",\"dateModified\":\"2022-05-26T10:08:44+00:00\",\"breadcrumb\":{\"@id\":\"https:\/\/euninos.com\/artigo\/roland-lv-180-lv-290\/#breadcrumb\"},\"inLanguage\":\"es\",\"potentialAction\":[{\"@type\":\"ReadAction\",\"target\":[\"https:\/\/euninos.com\/artigo\/roland-lv-180-lv-290\/\"]}]},{\"@type\":\"ImageObject\",\"inLanguage\":\"es\",\"@id\":\"https:\/\/euninos.com\/artigo\/roland-lv-180-lv-290\/#primaryimage\",\"url\":\"https:\/\/euninos.com\/wp-content\/uploads\/2022\/04\/lv.jpg\",\"contentUrl\":\"https:\/\/euninos.com\/wp-content\/uploads\/2022\/04\/lv.jpg\",\"width\":1600,\"height\":1080},{\"@type\":\"BreadcrumbList\",\"@id\":\"https:\/\/euninos.com\/artigo\/roland-lv-180-lv-290\/#breadcrumb\",\"itemListElement\":[{\"@type\":\"ListItem\",\"position\":1,\"name\":\"Produtos\",\"item\":\"https:\/\/euninos.com\/produtos\/\"},{\"@type\":\"ListItem\",\"position\":2,\"name\":\"Roland LV-180 \/ LV-290\"}]},{\"@type\":\"WebSite\",\"@id\":\"https:\/\/euninos.com\/#website\",\"url\":\"https:\/\/euninos.com\/\",\"name\":\"Euninos\",\"description\":\"Produtos de Impress\u00e3o e Corte\",\"publisher\":{\"@id\":\"https:\/\/euninos.com\/#organization\"},\"potentialAction\":[{\"@type\":\"SearchAction\",\"target\":{\"@type\":\"EntryPoint\",\"urlTemplate\":\"https:\/\/euninos.com\/?s={search_term_string}\"},\"query-input\":\"required name=search_term_string\"}],\"inLanguage\":\"es\"},{\"@type\":\"Organization\",\"@id\":\"https:\/\/euninos.com\/#organization\",\"name\":\"Euninos\",\"url\":\"https:\/\/euninos.com\/\",\"logo\":{\"@type\":\"ImageObject\",\"inLanguage\":\"es\",\"@id\":\"https:\/\/euninos.com\/#\/schema\/logo\/image\/\",\"url\":\"https:\/\/euninos.com\/wp-content\/uploads\/2022\/05\/cropped-logo-euninos-vector-Copia.png\",\"contentUrl\":\"https:\/\/euninos.com\/wp-content\/uploads\/2022\/05\/cropped-logo-euninos-vector-Copia.png\",\"width\":300,\"height\":170,\"caption\":\"Euninos\"},\"image\":{\"@id\":\"https:\/\/euninos.com\/#\/schema\/logo\/image\/\"},\"sameAs\":[\"https:\/\/www.facebook.com\/euninos\",\"https:\/\/www.instagram.com\/euninos.lda\",\"https:\/\/www.linkedin.com\/company\/euninos\",\"https:\/\/www.youtube.com\/c\/EuninosLda\"]}]}<\/script>\r\n<!-- \/ Yoast SEO plugin. -->","yoast_head_json":{"title":"Roland LV-180 \/ LV-290 - Euninos","robots":{"index":"index","follow":"follow","max-snippet":"max-snippet:-1","max-image-preview":"max-image-preview:large","max-video-preview":"max-video-preview:-1"},"canonical":"https:\/\/euninos.com\/es\/artigo\/roland-lv-180-lv-290\/","og_locale":"es_ES","og_type":"article","og_title":"Roland LV-180 \/ LV-290 - Euninos","og_description":"LV-290, LV-180 Aumente a sua criatividade e construa o seu neg\u00f3cio com as gravadoras a laser da s\u00e9rie LV da Roland. Compacta e verdadeiramente f\u00e1cil de utilizar, a s\u00e9rie LV corta, grava e marca uma vasta gama de materiais para obter resultados impressionantes, pressionando simplesmente um bot\u00e3o. Expanda ainda mais o seu potencial lucrativo ao [&hellip;]","og_url":"https:\/\/euninos.com\/es\/artigo\/roland-lv-180-lv-290\/","og_site_name":"Euninos","article_publisher":"https:\/\/www.facebook.com\/euninos","article_modified_time":"2022-05-26T10:08:44+00:00","og_image":[{"width":1600,"height":1080,"url":"https:\/\/euninos.com\/wp-content\/uploads\/2022\/04\/lv.jpg","type":"image\/jpeg"}],"twitter_card":"summary_large_image","twitter_misc":{"Tiempo de lectura":"5 minutos"},"schema":{"@context":"https:\/\/schema.org","@graph":[{"@type":"WebPage","@id":"https:\/\/euninos.com\/artigo\/roland-lv-180-lv-290\/","url":"https:\/\/euninos.com\/artigo\/roland-lv-180-lv-290\/","name":"Roland LV-180 \/ LV-290 - Euninos","isPartOf":{"@id":"https:\/\/euninos.com\/#website"},"primaryImageOfPage":{"@id":"https:\/\/euninos.com\/artigo\/roland-lv-180-lv-290\/#primaryimage"},"image":{"@id":"https:\/\/euninos.com\/artigo\/roland-lv-180-lv-290\/#primaryimage"},"thumbnailUrl":"https:\/\/euninos.com\/wp-content\/uploads\/2022\/04\/lv.jpg","datePublished":"2022-04-20T13:50:36+00:00","dateModified":"2022-05-26T10:08:44+00:00","breadcrumb":{"@id":"https:\/\/euninos.com\/artigo\/roland-lv-180-lv-290\/#breadcrumb"},"inLanguage":"es","potentialAction":[{"@type":"ReadAction","target":["https:\/\/euninos.com\/artigo\/roland-lv-180-lv-290\/"]}]},{"@type":"ImageObject","inLanguage":"es","@id":"https:\/\/euninos.com\/artigo\/roland-lv-180-lv-290\/#primaryimage","url":"https:\/\/euninos.com\/wp-content\/uploads\/2022\/04\/lv.jpg","contentUrl":"https:\/\/euninos.com\/wp-content\/uploads\/2022\/04\/lv.jpg","width":1600,"height":1080},{"@type":"BreadcrumbList","@id":"https:\/\/euninos.com\/artigo\/roland-lv-180-lv-290\/#breadcrumb","itemListElement":[{"@type":"ListItem","position":1,"name":"Produtos","item":"https:\/\/euninos.com\/produtos\/"},{"@type":"ListItem","position":2,"name":"Roland LV-180 \/ LV-290"}]},{"@type":"WebSite","@id":"https:\/\/euninos.com\/#website","url":"https:\/\/euninos.com\/","name":"Euninos","description":"Produtos de Impress\u00e3o e Corte","publisher":{"@id":"https:\/\/euninos.com\/#organization"},"potentialAction":[{"@type":"SearchAction","target":{"@type":"EntryPoint","urlTemplate":"https:\/\/euninos.com\/?s={search_term_string}"},"query-input":"required name=search_term_string"}],"inLanguage":"es"},{"@type":"Organization","@id":"https:\/\/euninos.com\/#organization","name":"Euninos","url":"https:\/\/euninos.com\/","logo":{"@type":"ImageObject","inLanguage":"es","@id":"https:\/\/euninos.com\/#\/schema\/logo\/image\/","url":"https:\/\/euninos.com\/wp-content\/uploads\/2022\/05\/cropped-logo-euninos-vector-Copia.png","contentUrl":"https:\/\/euninos.com\/wp-content\/uploads\/2022\/05\/cropped-logo-euninos-vector-Copia.png","width":300,"height":170,"caption":"Euninos"},"image":{"@id":"https:\/\/euninos.com\/#\/schema\/logo\/image\/"},"sameAs":["https:\/\/www.facebook.com\/euninos","https:\/\/www.instagram.com\/euninos.lda","https:\/\/www.linkedin.com\/company\/euninos","https:\/\/www.youtube.com\/c\/EuninosLda"]}]}},"_links":{"self":[{"href":"https:\/\/euninos.com\/es\/wp-json\/wp\/v2\/product\/378","targetHints":{"allow":["GET"]}}],"collection":[{"href":"https:\/\/euninos.com\/es\/wp-json\/wp\/v2\/product"}],"about":[{"href":"https:\/\/euninos.com\/es\/wp-json\/wp\/v2\/types\/product"}],"wp:featuredmedia":[{"embeddable":true,"href":"https:\/\/euninos.com\/es\/wp-json\/wp\/v2\/media\/1499"}],"wp:attachment":[{"href":"https:\/\/euninos.com\/es\/wp-json\/wp\/v2\/media?parent=378"}],"wp:term":[{"taxonomy":"product_cat","embeddable":true,"href":"https:\/\/euninos.com\/es\/wp-json\/wp\/v2\/product_cat?post=378"},{"taxonomy":"product_tag","embeddable":true,"href":"https:\/\/euninos.com\/es\/wp-json\/wp\/v2\/product_tag?post=378"}],"curies":[{"name":"wp","href":"https:\/\/api.w.org\/{rel}","templated":true}]}}