{"id":375,"date":"2022-04-20T13:50:36","date_gmt":"2022-04-20T13:50:36","guid":{"rendered":"https:\/\/euninos.com\/?post_type=product&#038;p=375"},"modified":"2022-04-20T13:50:38","modified_gmt":"2022-04-20T13:50:38","slug":"iu-1000f","status":"publish","type":"product","link":"https:\/\/euninos.com\/es\/artigo\/iu-1000f\/","title":{"rendered":"IU-1000F"},"content":{"rendered":"<h2 style=\"text-align: center;\"><strong>Uma produtividade de confian\u00e7a para prazos de execu\u00e7\u00e3o super-r\u00e1pidos<\/strong><\/h2>\n<hr \/>\n<p style=\"text-align: center;\">Seja o primeiro a entregar com a IU-1000F &#8211; imprima cerca de 15 placas r\u00edgidas (1220 x 2440 mm) por hora em modo de impress\u00e3o \u201cStandard\u201d e 10 placas em modo de impress\u00e3o \u201cQuality\u201d. Imprima em CMYK e Branco simultaneamente com a configura\u00e7\u00e3o Branco Duplo para uma entrega super r\u00e1pida &#8211; imprima cerca de 6 placas por hora em modo de impress\u00e3o \u201cStandard\u201d.<\/p>\n<p style=\"text-align: center;\"><a href=\"https:\/\/euninos.com\/wp-content\/uploads\/2019\/11\/1-1.jpg\"><img fetchpriority=\"high\" decoding=\"async\" src=\"https:\/\/euninos.com\/wp-content\/uploads\/2019\/11\/1-1-300x167.jpg\" alt=\"\" width=\"624\" height=\"347\" class=\"alignnone wp-image-23316\" \/><\/a><\/p>\n<p style=\"text-align: center;\">[spacer height=&#8221;20px&#8221;]<\/p>\n<p>&nbsp;<\/p>\n<h2 style=\"text-align: center;\"><strong>Uma impressionante versatilidade em materiais de at\u00e9 110 mm de altura e de 45 kg\/m2 de peso<\/strong><\/h2>\n<hr \/>\n<p style=\"text-align: center;\">Duas vers\u00f5es de tintas UV de elevada ader\u00eancia e densidade s\u00e3o compat\u00edveis com uma impressionante variedade de materiais incluindo acr\u00edlico, PETG, placas em PV, placas em espuma, PC, madeira, placas em polipropileno corrugado, placas em comp\u00f3sito de alum\u00ednio, metal e vidro.<\/p>\n<p style=\"text-align: center;\"><a href=\"https:\/\/euninos.com\/wp-content\/uploads\/2019\/11\/2-1.jpg\"><img decoding=\"async\" src=\"https:\/\/euninos.com\/wp-content\/uploads\/2019\/11\/2-1-300x200.jpg\" alt=\"\" width=\"599\" height=\"399\" class=\"alignnone wp-image-23317\" \/><\/a><\/p>\n<p style=\"text-align: center;\">[spacer height=&#8221;20px&#8221;]<\/p>\n<p>&nbsp;<\/p>\n<h2 style=\"text-align: center;\"><strong>CMYK, Branco, Verniz e Primer para aumentar o seu potencial de lucro<\/strong><\/h2>\n<hr \/>\n<p style=\"text-align: center;\">A IU-1000F proporciona tintas CMYK, al\u00e9m de Branca, Brilho e Primer, tudo num dispositivo poderoso, para uma gama impressionante de aplica\u00e7\u00f5es e uma qualidade de impress\u00e3o deslumbrante. Utilize a tinta Branca opaca para acrescentar motivos \u00fanicos a materiais escuros ou coloridos e para fazer destacar as cores CMYK em pain\u00e9is acr\u00edlicos transparentes. Utilize a tinta transparente (Verniz para criar acabamentos em mate e com brilho, texturas realistas e efeitos em relevo simulados. A tinta Primer prepara de forma eficaz uma gama de materiais incluindo acr\u00edlico e vidro*.<\/p>\n<p style=\"text-align: center;\">As tintas com certifica\u00e7\u00e3o GREENGUARD Gold s\u00e3o seguras para serem usadas nos locais mais cr\u00edticos, incluindo escolas e hospitais.<\/p>\n<p style=\"text-align: center;\"><a href=\"https:\/\/euninos.com\/wp-content\/uploads\/2019\/11\/3-1.jpg\"><img decoding=\"async\" src=\"https:\/\/euninos.com\/wp-content\/uploads\/2019\/11\/3-1-300x200.jpg\" alt=\"\" width=\"625\" height=\"416\" class=\"alignnone wp-image-23318\" \/><\/a><\/p>\n<p style=\"text-align: center;\">[spacer height=&#8221;20px&#8221;]<\/p>\n<p>&nbsp;<\/p>\n<h2 style=\"text-align: center;\"><strong>Custos de funcionamento reduzidos para uma elevada rentabilidade<\/strong><\/h2>\n<hr \/>\n<p style=\"text-align: center;\">Uma utiliza\u00e7\u00e3o de tinta extraordinariamente eficiente, mesmo em imagens exigindo grada\u00e7\u00f5es pormenorizadas, significa que pode conseguir imagens de uma qualidade deslumbrante ao mesmo tempo que minimiza o consumo de tinta.<\/p>\n<p style=\"text-align: center;\">As l\u00e2mpadas LED UV duradouras, de baixa temperatura poupam energia e reduzem os tempos de paragem quando comparadas com os sistemas de l\u00e2mpadas UV convencionais, maximizando as suas margens de lucro.<\/p>\n<p style=\"text-align: center;\"><span style=\"color: #800000;\"><em>*A ades\u00e3o da tinta prim\u00e1ria pode variar em fun\u00e7\u00e3o do substrato e das condi\u00e7\u00f5es. \u00c9 recomendado testar a ades\u00e3o da tinta antes de a aplicar na produ\u00e7\u00e3o.<\/em><\/span><\/p>\n<p style=\"text-align: center;\"><a href=\"https:\/\/euninos.com\/wp-content\/uploads\/2019\/11\/4-1.jpg\"><img loading=\"lazy\" decoding=\"async\" src=\"https:\/\/euninos.com\/wp-content\/uploads\/2019\/11\/4-1-300x200.jpg\" alt=\"\" width=\"623\" height=\"416\" class=\"alignnone wp-image-23319\" \/><\/a><\/p>\n<p style=\"text-align: center;\">[spacer height=&#8221;20px&#8221;]<\/p>\n<p>&nbsp;<\/p>\n<h2 style=\"text-align: center;\">ESPECIFICACIONES<\/h2>\n<hr \/>\n<table>\n<tbody>\n<tr>\n<td colspan=\"2\" width=\"377\"><strong>MODELO<\/strong><\/td>\n<td width=\"189\"><span style=\"color: #ffcc00;\"><strong>IU-1000F<\/strong><\/span><\/td>\n<\/tr>\n<tr>\n<td colspan=\"2\" width=\"377\">TECNOLOG\u00cdA DE IMPRESI\u00d3N<\/td>\n<td width=\"189\">Chorro de tinta piezoel\u00e9ctrico<\/td>\n<\/tr>\n<tr>\n<td rowspan=\"3\" width=\"189\">SUPORTE<\/td>\n<td width=\"189\">TAMANHO M\u00c1XIMO<\/td>\n<td width=\"189\">2510 mm (largura) \u00d7 1310 (comprimento) mm<\/td>\n<\/tr>\n<tr>\n<td width=\"189\">ESPESSURA M\u00c1XIMA<\/td>\n<td width=\"189\">110 mm<\/td>\n<\/tr>\n<tr>\n<td width=\"189\">PESO M\u00c1XIMO<\/td>\n<td width=\"189\">45 kg por m2<\/td>\n<\/tr>\n<tr>\n<td colspan=\"2\" width=\"377\">\u00c1REA DE IMPRESS\u00c3O M\u00c1XIMA<\/td>\n<td width=\"189\">2500 (largura) \u00d7 1300 (comprimento) mm<\/td>\n<\/tr>\n<tr>\n<td rowspan=\"4\" width=\"189\">TINTA<\/td>\n<td width=\"189\">TIPO<\/td>\n<td width=\"189\">Tinta UV cur\u00e1vel (UE, US)<\/td>\n<\/tr>\n<tr>\n<td width=\"189\">COLORES<\/td>\n<td width=\"189\">Seis cores (ciano, Magenta, Amarelho, Preto, Branco e Verniz) e Primer<\/td>\n<\/tr>\n<tr>\n<td width=\"189\">CAPACIDADE DA GARRAFA DE TINTA<\/td>\n<td width=\"189\">C,M,Y,K,Gl,Pr: 1000 cc<\/p>\n<p>Wh: 900 cc (US-WH), 850 cc (UE-WH)<\/td>\n<\/tr>\n<tr>\n<td width=\"189\">CAPACIDADE DO RESERVAT\u00d3RIO DE TINTA<\/td>\n<td width=\"189\">2500 cc por cor<\/td>\n<\/tr>\n<tr>\n<td colspan=\"2\" width=\"377\">UNIDAD DE CURADO DE TINTA<\/td>\n<td width=\"189\">2 L\u00e2mpadas UV-LED<\/td>\n<\/tr>\n<tr>\n<td colspan=\"2\" width=\"377\">RESOLUCI\u00d3N DE IMPRESI\u00d3N<\/td>\n<td width=\"189\">M\u00e1x. 635 \u00d7 1800 ppp<\/td>\n<\/tr>\n<tr>\n<td colspan=\"2\" width=\"377\">SISTEMA DE ASPIRA\u00c7\u00c3O DO SUPORTE<\/td>\n<td width=\"189\">Quatro \u00e1reas independentes com press\u00e3o de aspira\u00e7\u00e3o regul\u00e1vel<\/td>\n<\/tr>\n<tr>\n<td colspan=\"2\" width=\"377\">CONECTIVIDAD<\/td>\n<td width=\"189\">USB 3.0<\/td>\n<\/tr>\n<tr>\n<td colspan=\"2\" width=\"377\">REQUERIMIENTOS DE ENERG\u00cdA<\/td>\n<td width=\"189\">EMEA 25A 3-phase 400 V NA\/JPN 30A 3-phase 220 V<\/td>\n<\/tr>\n<tr>\n<td colspan=\"2\" width=\"377\">NIVEL DE RUIDO AC\u00daSTICO<\/td>\n<td width=\"189\">75 dB (A) ou inferior<\/td>\n<\/tr>\n<tr>\n<td colspan=\"2\" width=\"377\">DIMENSIONES<\/td>\n<td width=\"189\">4812 (largura) x 2200 (comprimento) x 1580 (altura) mm (189,4 \u00d7 86,6 \u00d7 62,2 pol.)<\/td>\n<\/tr>\n<tr>\n<td colspan=\"2\" width=\"377\">PESO<\/td>\n<td width=\"189\">1436 kg<\/td>\n<\/tr>\n<tr>\n<td rowspan=\"2\" width=\"189\">AMBIENTE<\/td>\n<td width=\"189\">TEMPERATURA<\/td>\n<td width=\"189\">de 15 a 30\u2103<\/td>\n<\/tr>\n<tr>\n<td width=\"189\">HUMIDADE<\/td>\n<td width=\"189\">de 40 a 80%<\/td>\n<\/tr>\n<tr>\n<td colspan=\"2\" width=\"377\">ELEMENTOS DESTACADOS<\/td>\n<td width=\"189\">Software, cabo USB, kit de limpeza, manuais em CD, etc.<\/td>\n<\/tr>\n<\/tbody>\n<\/table>\n<p style=\"text-align: center;\">[spacer height=&#8221;20px&#8221;]<\/p>\n<table>\n<tbody>\n<tr>\n<td colspan=\"3\" width=\"566\"><strong>REQUISITOS DO SISTEMA DE SOFTWARE<\/strong><\/td>\n<\/tr>\n<tr>\n<td rowspan=\"7\" width=\"189\">CONTROLO DE IMPRESS\u00c3O (inclu\u00eddo)<\/td>\n<td width=\"189\">SO<\/td>\n<td width=\"189\">Windows\u00ae 7\/10\uff0864 bits)<\/td>\n<\/tr>\n<tr>\n<td width=\"189\">CPU<\/td>\n<td width=\"189\">Intel\u00ae Core\u2122 i5, 2 GHz ou superior<\/td>\n<\/tr>\n<tr>\n<td width=\"189\">RAM<\/td>\n<td width=\"189\">8 GB ou mais<\/td>\n<\/tr>\n<tr>\n<td width=\"189\">TARJETA GR\u00c1FICA Y MONITOR<\/td>\n<td width=\"189\">Uma resolu\u00e7\u00e3o de 1152 \u00d7 854 com 16bit a cores ou superior<\/td>\n<\/tr>\n<tr>\n<td width=\"189\">UNIDADE \u00d3PTICA<\/td>\n<td width=\"189\">Unidade CD\/DVD<\/td>\n<\/tr>\n<tr>\n<td width=\"189\">USB<\/td>\n<td width=\"189\">USB 3.0<\/td>\n<\/tr>\n<tr>\n<td width=\"189\">DISCO R\u00cdGIDO (HDD)<\/td>\n<td width=\"189\">Espa\u00e7o de instala\u00e7\u00e3o de 1 GB ou superior, espa\u00e7o de trabalho 100 GB<\/td>\n<\/tr>\n<tr>\n<td rowspan=\"6\" width=\"189\">Sai PHOTOPRINT ROLAND EDITION (opcional)<\/td>\n<td width=\"189\">SO<\/td>\n<td width=\"189\">Windows\u00ae 8\/10 Pro<\/td>\n<\/tr>\n<tr>\n<td width=\"189\">CPU<\/td>\n<td width=\"189\">Intel\u00ae Core\u2122 i7,\uff12GHz ou superior<\/td>\n<\/tr>\n<tr>\n<td width=\"189\">RAM<\/td>\n<td width=\"189\">8 GB<\/td>\n<\/tr>\n<tr>\n<td width=\"189\">RESOLU\u00c7\u00c3O DO ECR\u00c3<\/td>\n<td width=\"189\">Uma resolu\u00e7\u00e3o de 1152 \u00d7 854 com 16 bit a cores ou superior<\/td>\n<\/tr>\n<tr>\n<td width=\"189\">UNIDADE \u00d3PTICA<\/td>\n<td width=\"189\">CD\/DVD<\/td>\n<\/tr>\n<tr>\n<td width=\"189\">DISCO R\u00cdGIDO (HDD)<\/td>\n<td width=\"189\">Espa\u00e7o de instala\u00e7\u00e3o de 2 GB ou superior, espa\u00e7o de trabalho 4 GB<\/td>\n<\/tr>\n<\/tbody>\n<\/table>\n<p style=\"text-align: center;\">[spacer height=&#8221;20px&#8221;]<\/p>\n<p style=\"text-align: center;\"><span style=\"color: #800000;\"><strong>\u00c9 necess\u00e1ria uma liga\u00e7\u00e3o \u00e0 Internet (para ativa\u00e7\u00e3o da licen\u00e7a e servi\u00e7o)<\/strong><\/span><\/p>","protected":false},"excerpt":{"rendered":"<p><span>Para um desempenho de topo e possibilidades de impress\u00e3o ilimitadas, a impressora plana IU-1000F UV-LED proporciona a velocidade, a reprodu\u00e7\u00e3o de cores super precisa e a criatividade na impress\u00e3o que os seus clientes procuram, sob pedido. A escolha certeira para uma vasta gama de aplica\u00e7\u00f5es incluindo sinais, grafismos para exibi\u00e7\u00e3o, aplica\u00e7\u00f5es decorativas para interiores, displays retroiluminados, telas, arte mural e mais.\u00a0[spacer height=&#8221;20px&#8221;]<\/span><\/p>","protected":false},"featured_media":0,"template":"","meta":{"site-sidebar-layout":"default","site-content-layout":"","ast-site-content-layout":"","site-content-style":"default","site-sidebar-style":"default","ast-global-header-display":"","ast-banner-title-visibility":"","ast-main-header-display":"","ast-hfb-above-header-display":"","ast-hfb-below-header-display":"","ast-hfb-mobile-header-display":"","site-post-title":"","ast-breadcrumbs-content":"","ast-featured-img":"","footer-sml-layout":"","theme-transparent-header-meta":"","adv-header-id-meta":"","stick-header-meta":"","header-above-stick-meta":"","header-main-stick-meta":"","header-below-stick-meta":"","astra-migrate-meta-layouts":"default","ast-page-background-enabled":"default","ast-page-background-meta":{"desktop":{"background-color":"var(--ast-global-color-4)","background-image":"","background-repeat":"repeat","background-position":"center center","background-size":"auto","background-attachment":"scroll","background-type":"","background-media":"","overlay-type":"","overlay-color":"","overlay-gradient":""},"tablet":{"background-color":"","background-image":"","background-repeat":"repeat","background-position":"center center","background-size":"auto","background-attachment":"scroll","background-type":"","background-media":"","overlay-type":"","overlay-color":"","overlay-gradient":""},"mobile":{"background-color":"","background-image":"","background-repeat":"repeat","background-position":"center center","background-size":"auto","background-attachment":"scroll","background-type":"","background-media":"","overlay-type":"","overlay-color":"","overlay-gradient":""}},"ast-content-background-meta":{"desktop":{"background-color":"var(--ast-global-color-5)","background-image":"","background-repeat":"repeat","background-position":"center center","background-size":"auto","background-attachment":"scroll","background-type":"","background-media":"","overlay-type":"","overlay-color":"","overlay-gradient":""},"tablet":{"background-color":"var(--ast-global-color-5)","background-image":"","background-repeat":"repeat","background-position":"center center","background-size":"auto","background-attachment":"scroll","background-type":"","background-media":"","overlay-type":"","overlay-color":"","overlay-gradient":""},"mobile":{"background-color":"var(--ast-global-color-5)","background-image":"","background-repeat":"repeat","background-position":"center center","background-size":"auto","background-attachment":"scroll","background-type":"","background-media":"","overlay-type":"","overlay-color":"","overlay-gradient":""}}},"product_cat":[15],"product_tag":[],"class_list":{"0":"post-375","1":"product","2":"type-product","3":"status-publish","5":"product_cat-uncategorized","6":"desktop-align-left","7":"tablet-align-left","8":"mobile-align-left","10":"first","11":"instock","12":"shipping-taxable","13":"product-type-simple"},"yoast_head":"<!-- This site is optimized with the Yoast SEO plugin v22.2 - https:\/\/yoast.com\/wordpress\/plugins\/seo\/ -->\r\n<title>IU-1000F - Euninos<\/title>\r\n<meta name=\"robots\" content=\"index, follow, max-snippet:-1, max-image-preview:large, max-video-preview:-1\" \/>\r\n<link rel=\"canonical\" href=\"https:\/\/euninos.com\/es\/artigo\/iu-1000f\/\" \/>\r\n<meta property=\"og:locale\" content=\"es_ES\" \/>\r\n<meta property=\"og:type\" content=\"article\" \/>\r\n<meta property=\"og:title\" content=\"IU-1000F - Euninos\" \/>\r\n<meta property=\"og:description\" content=\"Para um desempenho de topo e possibilidades de impress\u00e3o ilimitadas, a impressora plana IU-1000F UV-LED proporciona a velocidade, a reprodu\u00e7\u00e3o de cores super precisa e a criatividade na impress\u00e3o que os seus clientes procuram, sob pedido. A escolha certeira para uma vasta gama de aplica\u00e7\u00f5es incluindo sinais, grafismos para exibi\u00e7\u00e3o, aplica\u00e7\u00f5es decorativas para interiores, displays retroiluminados, telas, arte mural e mais.\u00a0[spacer height=&quot;20px&quot;]\" \/>\r\n<meta property=\"og:url\" content=\"https:\/\/euninos.com\/es\/artigo\/iu-1000f\/\" \/>\r\n<meta property=\"og:site_name\" content=\"Euninos\" \/>\r\n<meta property=\"article:publisher\" content=\"https:\/\/www.facebook.com\/euninos\" \/>\r\n<meta property=\"article:modified_time\" content=\"2022-04-20T13:50:38+00:00\" \/>\r\n<meta property=\"og:image\" content=\"https:\/\/euninos.com\/wp-content\/uploads\/2019\/11\/1-1-300x167.jpg\" \/>\r\n<meta name=\"twitter:card\" content=\"summary_large_image\" \/>\r\n<meta name=\"twitter:label1\" content=\"Tiempo de lectura\" \/>\n\t<meta name=\"twitter:data1\" content=\"4 minutos\" \/>\r\n<script type=\"application\/ld+json\" class=\"yoast-schema-graph\">{\"@context\":\"https:\/\/schema.org\",\"@graph\":[{\"@type\":\"WebPage\",\"@id\":\"https:\/\/euninos.com\/artigo\/iu-1000f\/\",\"url\":\"https:\/\/euninos.com\/artigo\/iu-1000f\/\",\"name\":\"IU-1000F - Euninos\",\"isPartOf\":{\"@id\":\"https:\/\/euninos.com\/#website\"},\"primaryImageOfPage\":{\"@id\":\"https:\/\/euninos.com\/artigo\/iu-1000f\/#primaryimage\"},\"image\":{\"@id\":\"https:\/\/euninos.com\/artigo\/iu-1000f\/#primaryimage\"},\"thumbnailUrl\":\"https:\/\/euninos.com\/wp-content\/uploads\/2019\/11\/1-1-300x167.jpg\",\"datePublished\":\"2022-04-20T13:50:36+00:00\",\"dateModified\":\"2022-04-20T13:50:38+00:00\",\"breadcrumb\":{\"@id\":\"https:\/\/euninos.com\/artigo\/iu-1000f\/#breadcrumb\"},\"inLanguage\":\"es\",\"potentialAction\":[{\"@type\":\"ReadAction\",\"target\":[\"https:\/\/euninos.com\/artigo\/iu-1000f\/\"]}]},{\"@type\":\"ImageObject\",\"inLanguage\":\"es\",\"@id\":\"https:\/\/euninos.com\/artigo\/iu-1000f\/#primaryimage\",\"url\":\"https:\/\/euninos.com\/wp-content\/uploads\/2019\/11\/1-1-300x167.jpg\",\"contentUrl\":\"https:\/\/euninos.com\/wp-content\/uploads\/2019\/11\/1-1-300x167.jpg\"},{\"@type\":\"BreadcrumbList\",\"@id\":\"https:\/\/euninos.com\/artigo\/iu-1000f\/#breadcrumb\",\"itemListElement\":[{\"@type\":\"ListItem\",\"position\":1,\"name\":\"Produtos\",\"item\":\"https:\/\/euninos.com\/produtos\/\"},{\"@type\":\"ListItem\",\"position\":2,\"name\":\"IU-1000F\"}]},{\"@type\":\"WebSite\",\"@id\":\"https:\/\/euninos.com\/#website\",\"url\":\"https:\/\/euninos.com\/\",\"name\":\"Euninos\",\"description\":\"Produtos de Impress\u00e3o e Corte\",\"publisher\":{\"@id\":\"https:\/\/euninos.com\/#organization\"},\"potentialAction\":[{\"@type\":\"SearchAction\",\"target\":{\"@type\":\"EntryPoint\",\"urlTemplate\":\"https:\/\/euninos.com\/?s={search_term_string}\"},\"query-input\":\"required name=search_term_string\"}],\"inLanguage\":\"es\"},{\"@type\":\"Organization\",\"@id\":\"https:\/\/euninos.com\/#organization\",\"name\":\"Euninos\",\"url\":\"https:\/\/euninos.com\/\",\"logo\":{\"@type\":\"ImageObject\",\"inLanguage\":\"es\",\"@id\":\"https:\/\/euninos.com\/#\/schema\/logo\/image\/\",\"url\":\"https:\/\/euninos.com\/wp-content\/uploads\/2022\/05\/cropped-logo-euninos-vector-Copia.png\",\"contentUrl\":\"https:\/\/euninos.com\/wp-content\/uploads\/2022\/05\/cropped-logo-euninos-vector-Copia.png\",\"width\":300,\"height\":170,\"caption\":\"Euninos\"},\"image\":{\"@id\":\"https:\/\/euninos.com\/#\/schema\/logo\/image\/\"},\"sameAs\":[\"https:\/\/www.facebook.com\/euninos\",\"https:\/\/www.instagram.com\/euninos.lda\",\"https:\/\/www.linkedin.com\/company\/euninos\",\"https:\/\/www.youtube.com\/c\/EuninosLda\"]}]}<\/script>\r\n<!-- \/ Yoast SEO plugin. -->","yoast_head_json":{"title":"IU-1000F - Euninos","robots":{"index":"index","follow":"follow","max-snippet":"max-snippet:-1","max-image-preview":"max-image-preview:large","max-video-preview":"max-video-preview:-1"},"canonical":"https:\/\/euninos.com\/es\/artigo\/iu-1000f\/","og_locale":"es_ES","og_type":"article","og_title":"IU-1000F - Euninos","og_description":"Para um desempenho de topo e possibilidades de impress\u00e3o ilimitadas, a impressora plana IU-1000F UV-LED proporciona a velocidade, a reprodu\u00e7\u00e3o de cores super precisa e a criatividade na impress\u00e3o que os seus clientes procuram, sob pedido. A escolha certeira para uma vasta gama de aplica\u00e7\u00f5es incluindo sinais, grafismos para exibi\u00e7\u00e3o, aplica\u00e7\u00f5es decorativas para interiores, displays retroiluminados, telas, arte mural e mais.\u00a0[spacer height=\"20px\"]","og_url":"https:\/\/euninos.com\/es\/artigo\/iu-1000f\/","og_site_name":"Euninos","article_publisher":"https:\/\/www.facebook.com\/euninos","article_modified_time":"2022-04-20T13:50:38+00:00","og_image":[{"url":"https:\/\/euninos.com\/wp-content\/uploads\/2019\/11\/1-1-300x167.jpg"}],"twitter_card":"summary_large_image","twitter_misc":{"Tiempo de lectura":"4 minutos"},"schema":{"@context":"https:\/\/schema.org","@graph":[{"@type":"WebPage","@id":"https:\/\/euninos.com\/artigo\/iu-1000f\/","url":"https:\/\/euninos.com\/artigo\/iu-1000f\/","name":"IU-1000F - Euninos","isPartOf":{"@id":"https:\/\/euninos.com\/#website"},"primaryImageOfPage":{"@id":"https:\/\/euninos.com\/artigo\/iu-1000f\/#primaryimage"},"image":{"@id":"https:\/\/euninos.com\/artigo\/iu-1000f\/#primaryimage"},"thumbnailUrl":"https:\/\/euninos.com\/wp-content\/uploads\/2019\/11\/1-1-300x167.jpg","datePublished":"2022-04-20T13:50:36+00:00","dateModified":"2022-04-20T13:50:38+00:00","breadcrumb":{"@id":"https:\/\/euninos.com\/artigo\/iu-1000f\/#breadcrumb"},"inLanguage":"es","potentialAction":[{"@type":"ReadAction","target":["https:\/\/euninos.com\/artigo\/iu-1000f\/"]}]},{"@type":"ImageObject","inLanguage":"es","@id":"https:\/\/euninos.com\/artigo\/iu-1000f\/#primaryimage","url":"https:\/\/euninos.com\/wp-content\/uploads\/2019\/11\/1-1-300x167.jpg","contentUrl":"https:\/\/euninos.com\/wp-content\/uploads\/2019\/11\/1-1-300x167.jpg"},{"@type":"BreadcrumbList","@id":"https:\/\/euninos.com\/artigo\/iu-1000f\/#breadcrumb","itemListElement":[{"@type":"ListItem","position":1,"name":"Produtos","item":"https:\/\/euninos.com\/produtos\/"},{"@type":"ListItem","position":2,"name":"IU-1000F"}]},{"@type":"WebSite","@id":"https:\/\/euninos.com\/#website","url":"https:\/\/euninos.com\/","name":"Euninos","description":"Produtos de Impress\u00e3o e Corte","publisher":{"@id":"https:\/\/euninos.com\/#organization"},"potentialAction":[{"@type":"SearchAction","target":{"@type":"EntryPoint","urlTemplate":"https:\/\/euninos.com\/?s={search_term_string}"},"query-input":"required name=search_term_string"}],"inLanguage":"es"},{"@type":"Organization","@id":"https:\/\/euninos.com\/#organization","name":"Euninos","url":"https:\/\/euninos.com\/","logo":{"@type":"ImageObject","inLanguage":"es","@id":"https:\/\/euninos.com\/#\/schema\/logo\/image\/","url":"https:\/\/euninos.com\/wp-content\/uploads\/2022\/05\/cropped-logo-euninos-vector-Copia.png","contentUrl":"https:\/\/euninos.com\/wp-content\/uploads\/2022\/05\/cropped-logo-euninos-vector-Copia.png","width":300,"height":170,"caption":"Euninos"},"image":{"@id":"https:\/\/euninos.com\/#\/schema\/logo\/image\/"},"sameAs":["https:\/\/www.facebook.com\/euninos","https:\/\/www.instagram.com\/euninos.lda","https:\/\/www.linkedin.com\/company\/euninos","https:\/\/www.youtube.com\/c\/EuninosLda"]}]}},"_links":{"self":[{"href":"https:\/\/euninos.com\/es\/wp-json\/wp\/v2\/product\/375","targetHints":{"allow":["GET"]}}],"collection":[{"href":"https:\/\/euninos.com\/es\/wp-json\/wp\/v2\/product"}],"about":[{"href":"https:\/\/euninos.com\/es\/wp-json\/wp\/v2\/types\/product"}],"wp:attachment":[{"href":"https:\/\/euninos.com\/es\/wp-json\/wp\/v2\/media?parent=375"}],"wp:term":[{"taxonomy":"product_cat","embeddable":true,"href":"https:\/\/euninos.com\/es\/wp-json\/wp\/v2\/product_cat?post=375"},{"taxonomy":"product_tag","embeddable":true,"href":"https:\/\/euninos.com\/es\/wp-json\/wp\/v2\/product_tag?post=375"}],"curies":[{"name":"wp","href":"https:\/\/api.w.org\/{rel}","templated":true}]}}