{"id":361,"date":"2022-04-20T13:50:35","date_gmt":"2022-04-20T13:50:35","guid":{"rendered":"https:\/\/euninos.com\/?post_type=product&#038;p=361"},"modified":"2022-05-20T16:02:21","modified_gmt":"2022-05-20T16:02:21","slug":"calandra-x-pro-ds-170","status":"publish","type":"product","link":"https:\/\/euninos.com\/es\/artigo\/calandra-x-pro-ds-170\/","title":{"rendered":"Calandra X-PRO DS 170"},"content":{"rendered":"<p>Calandria calentada por aceite dise\u00f1ada para la transferencia t\u00e9rmica de tinta a papel de transferencia de tela y para fijar tinta impresa a tela.<\/p>\n<h2><strong>Principais caracter\u00edsticas<\/strong><\/h2>\n<ul>\n<li>M\u00e1quina compacta equipada con tambor revestido de tefl\u00f3n calentado por aceite que garantiza excelentes resultados de sublimaci\u00f3n gracias a la uniformidad y estabilidad de la temperatura durante todo el proceso de trabajo<\/li>\n<li>Tejidos estampados de larga duraci\u00f3n adecuados para uso en interiores y exteriores caracterizados por colores vivos y brillantes debido a la excelente penetraci\u00f3n de la tinta<\/li>\n<li>Ejes ajustables equipados con cono para n\u00facleo interior de rollos de tela de 51 mm a 76 mm (2\u201d a 3\u201d)<\/li>\n<li>6 ejes: 3 ejes de desenrollado proporcionados por frenos y 3 ejes de rebobinado motorizados proporcionados por embrague<\/li>\n<\/ul>\n<h2><strong>Tres modos de funcionamiento<\/strong><\/h2>\n<ol>\n<li>\u201cRoll to Roll\u201d para la impresi\u00f3n continua de tejidos de papel de sublimaci\u00f3n<\/li>\n<li>\u201cOne Piece\u201d para la impresi\u00f3n de piezas de tela de papel de sublimaci\u00f3n en rollo y piezas individuales<\/li>\n<li>\u201cReactivaci\u00f3n y fijaci\u00f3n\u201d de tintas sublimadas impresas directamente sobre tejidos<\/li>\n<\/ol>\n<h2><strong>Aplica\u00e7\u00f5es<\/strong><\/h2>\n<ul>\n<li>Cortinas y decoraci\u00f3n interior con cojines (vol\u00famenes industriales)<\/li>\n<li>Camisetas y ropa deportiva<\/li>\n<li>Art\u00edculos de promoci\u00f3n<\/li>\n<li>Stands de exposici\u00f3n, banderas y decoraci\u00f3n de tiendas<\/li>\n<li>Moda, bolsos<\/li>\n<\/ul>\n<p>&nbsp;<\/p>\n<div class=\"ast-oembed-container\" style=\"height: 100%;\"><iframe title=\"Calandra Textil  XPRO DS120 DS170\" width=\"500\" height=\"281\" src=\"https:\/\/www.youtube.com\/embed\/29-9_kmNMWU?feature=oembed\" frameborder=\"0\" allow=\"accelerometer; autoplay; clipboard-write; encrypted-media; gyroscope; picture-in-picture; web-share\" referrerpolicy=\"strict-origin-when-cross-origin\" allowfullscreen><\/iframe><\/div>\n<h2><strong>ESPECIFICACIONES<\/strong><\/h2>\n<hr \/>\n<table style=\"height: 638px;\" width=\"679\">\n<tbody>\n<tr>\n<td width=\"283\"><strong>ANCHURA DE TRABAJO<\/strong><\/td>\n<td width=\"283\">1700 mm (67 in)<\/td>\n<\/tr>\n<tr>\n<td width=\"283\"><strong>DI\u00c1METRO EXTERIOR DEL TAMBOR CALENTADO CON ACEITE<\/strong><\/td>\n<td width=\"283\">\u00d8 220 mm (8,6 in)<\/td>\n<\/tr>\n<tr>\n<td width=\"283\"><strong>ALTURA DE TRABAJO<\/strong><\/td>\n<td width=\"283\">950 mm (37 in)<\/td>\n<\/tr>\n<tr>\n<td width=\"283\"><strong>TEMPERATURA AJUSTABLE<\/strong><\/td>\n<td width=\"283\">up to 220\u00b0C<\/td>\n<\/tr>\n<tr>\n<td width=\"283\"><strong>VELOCIDAD AJUSTABLE<\/strong><\/td>\n<td width=\"283\">up to 2 m\/min.<\/td>\n<\/tr>\n<tr>\n<td width=\"283\"><strong>FUENTE DE ENERG\u00cdA<\/strong><\/td>\n<td width=\"283\">400V (3P) &#8211; 50 Hz &#8211; 10.000 W<\/td>\n<\/tr>\n<tr>\n<td width=\"283\"><strong>DIMENSIONES - Mesa incluida (An x An x Al)<\/strong><\/td>\n<td width=\"283\">2500 x 1950 x 1360 mm (98 x 77 x 53 in)<\/td>\n<\/tr>\n<tr>\n<td width=\"283\"><strong>DIMENSIONES DE LA MESA (AN x AN x AL)<\/strong><\/td>\n<td width=\"283\">2150 x 1040 x 950 mm (85 x 41 x 37 in)<\/td>\n<\/tr>\n<tr>\n<td width=\"283\"><strong>PESO<\/strong><\/td>\n<td width=\"283\">700 kg (1543 lb)<\/td>\n<\/tr>\n<tr>\n<td width=\"283\"><strong>DIMENSIONES DEL EMBALAJE (An x An x Al)<\/strong><\/td>\n<td width=\"283\">2800 x 1200 x 1950 mm (110 x 47 x 77 in)<\/td>\n<\/tr>\n<tr>\n<td width=\"283\"><strong>PESO DEL PAQUETE<\/strong><\/td>\n<td width=\"283\">850 kg (1874 lb)<\/td>\n<\/tr>\n<\/tbody>\n<\/table>\n<p>&nbsp;<\/p>","protected":false},"excerpt":{"rendered":"<p>Calandria calentada por aceite dise\u00f1ada para la transferencia t\u00e9rmica de tinta a papel de transferencia de tela y para fijar tinta impresa a tela.<\/p>","protected":false},"featured_media":1503,"template":"","meta":{"site-sidebar-layout":"default","site-content-layout":"default","ast-site-content-layout":"","site-content-style":"default","site-sidebar-style":"default","ast-global-header-display":"","ast-banner-title-visibility":"","ast-main-header-display":"","ast-hfb-above-header-display":"","ast-hfb-below-header-display":"","ast-hfb-mobile-header-display":"","site-post-title":"","ast-breadcrumbs-content":"","ast-featured-img":"","footer-sml-layout":"","theme-transparent-header-meta":"default","adv-header-id-meta":"","stick-header-meta":"","header-above-stick-meta":"","header-main-stick-meta":"","header-below-stick-meta":"","astra-migrate-meta-layouts":"default","ast-page-background-enabled":"default","ast-page-background-meta":{"desktop":{"background-color":"var(--ast-global-color-4)","background-image":"","background-repeat":"repeat","background-position":"center center","background-size":"auto","background-attachment":"scroll","background-type":"","background-media":"","overlay-type":"","overlay-color":"","overlay-gradient":""},"tablet":{"background-color":"","background-image":"","background-repeat":"repeat","background-position":"center center","background-size":"auto","background-attachment":"scroll","background-type":"","background-media":"","overlay-type":"","overlay-color":"","overlay-gradient":""},"mobile":{"background-color":"","background-image":"","background-repeat":"repeat","background-position":"center center","background-size":"auto","background-attachment":"scroll","background-type":"","background-media":"","overlay-type":"","overlay-color":"","overlay-gradient":""}},"ast-content-background-meta":{"desktop":{"background-color":"var(--ast-global-color-5)","background-image":"","background-repeat":"repeat","background-position":"center center","background-size":"auto","background-attachment":"scroll","background-type":"","background-media":"","overlay-type":"","overlay-color":"","overlay-gradient":""},"tablet":{"background-color":"var(--ast-global-color-5)","background-image":"","background-repeat":"repeat","background-position":"center center","background-size":"auto","background-attachment":"scroll","background-type":"","background-media":"","overlay-type":"","overlay-color":"","overlay-gradient":""},"mobile":{"background-color":"var(--ast-global-color-5)","background-image":"","background-repeat":"repeat","background-position":"center center","background-size":"auto","background-attachment":"scroll","background-type":"","background-media":"","overlay-type":"","overlay-color":"","overlay-gradient":""}}},"product_cat":[69],"product_tag":[],"class_list":{"0":"post-361","1":"product","2":"type-product","3":"status-publish","4":"has-post-thumbnail","6":"product_cat-calandras","7":"desktop-align-left","8":"tablet-align-left","9":"mobile-align-left","11":"first","12":"instock","13":"shipping-taxable","14":"product-type-simple"},"yoast_head":"<!-- This site is optimized with the Yoast SEO plugin v22.2 - https:\/\/yoast.com\/wordpress\/plugins\/seo\/ -->\r\n<title>Calandra X-PRO DS 170 - Euninos<\/title>\r\n<meta name=\"robots\" content=\"index, follow, max-snippet:-1, max-image-preview:large, max-video-preview:-1\" \/>\r\n<link rel=\"canonical\" href=\"https:\/\/euninos.com\/es\/artigo\/calandra-x-pro-ds-170\/\" \/>\r\n<meta property=\"og:locale\" content=\"es_ES\" \/>\r\n<meta property=\"og:type\" content=\"article\" \/>\r\n<meta property=\"og:title\" content=\"Calandra X-PRO DS 170 - Euninos\" \/>\r\n<meta property=\"og:description\" content=\"Calandra aquecida a \u00f3leo projetada para transfer\u00eancia t\u00e9rmica de papel de transfer\u00eancia de tinta para tecido e para fixa\u00e7\u00e3o da tinta impressa no tecido.\" \/>\r\n<meta property=\"og:url\" content=\"https:\/\/euninos.com\/es\/artigo\/calandra-x-pro-ds-170\/\" \/>\r\n<meta property=\"og:site_name\" content=\"Euninos\" \/>\r\n<meta property=\"article:publisher\" content=\"https:\/\/www.facebook.com\/euninos\" \/>\r\n<meta property=\"article:modified_time\" content=\"2022-05-20T16:02:21+00:00\" \/>\r\n<meta property=\"og:image\" content=\"https:\/\/euninos.com\/wp-content\/uploads\/2022\/04\/xpro.png\" \/>\r\n\t<meta property=\"og:image:width\" content=\"1600\" \/>\r\n\t<meta property=\"og:image:height\" content=\"1080\" \/>\r\n\t<meta property=\"og:image:type\" content=\"image\/png\" \/>\r\n<meta name=\"twitter:card\" content=\"summary_large_image\" \/>\r\n<meta name=\"twitter:label1\" content=\"Tiempo de lectura\" \/>\n\t<meta name=\"twitter:data1\" content=\"2 minutos\" \/>\r\n<script type=\"application\/ld+json\" class=\"yoast-schema-graph\">{\"@context\":\"https:\/\/schema.org\",\"@graph\":[{\"@type\":\"WebPage\",\"@id\":\"https:\/\/euninos.com\/artigo\/calandra-x-pro-ds-170\/\",\"url\":\"https:\/\/euninos.com\/artigo\/calandra-x-pro-ds-170\/\",\"name\":\"Calandra X-PRO DS 170 - Euninos\",\"isPartOf\":{\"@id\":\"https:\/\/euninos.com\/#website\"},\"primaryImageOfPage\":{\"@id\":\"https:\/\/euninos.com\/artigo\/calandra-x-pro-ds-170\/#primaryimage\"},\"image\":{\"@id\":\"https:\/\/euninos.com\/artigo\/calandra-x-pro-ds-170\/#primaryimage\"},\"thumbnailUrl\":\"https:\/\/euninos.com\/wp-content\/uploads\/2022\/04\/xpro.png\",\"datePublished\":\"2022-04-20T13:50:35+00:00\",\"dateModified\":\"2022-05-20T16:02:21+00:00\",\"breadcrumb\":{\"@id\":\"https:\/\/euninos.com\/artigo\/calandra-x-pro-ds-170\/#breadcrumb\"},\"inLanguage\":\"es\",\"potentialAction\":[{\"@type\":\"ReadAction\",\"target\":[\"https:\/\/euninos.com\/artigo\/calandra-x-pro-ds-170\/\"]}]},{\"@type\":\"ImageObject\",\"inLanguage\":\"es\",\"@id\":\"https:\/\/euninos.com\/artigo\/calandra-x-pro-ds-170\/#primaryimage\",\"url\":\"https:\/\/euninos.com\/wp-content\/uploads\/2022\/04\/xpro.png\",\"contentUrl\":\"https:\/\/euninos.com\/wp-content\/uploads\/2022\/04\/xpro.png\",\"width\":1600,\"height\":1080},{\"@type\":\"BreadcrumbList\",\"@id\":\"https:\/\/euninos.com\/artigo\/calandra-x-pro-ds-170\/#breadcrumb\",\"itemListElement\":[{\"@type\":\"ListItem\",\"position\":1,\"name\":\"Produtos\",\"item\":\"https:\/\/euninos.com\/produtos\/\"},{\"@type\":\"ListItem\",\"position\":2,\"name\":\"Calandra X-PRO DS 170\"}]},{\"@type\":\"WebSite\",\"@id\":\"https:\/\/euninos.com\/#website\",\"url\":\"https:\/\/euninos.com\/\",\"name\":\"Euninos\",\"description\":\"Produtos de Impress\u00e3o e Corte\",\"publisher\":{\"@id\":\"https:\/\/euninos.com\/#organization\"},\"potentialAction\":[{\"@type\":\"SearchAction\",\"target\":{\"@type\":\"EntryPoint\",\"urlTemplate\":\"https:\/\/euninos.com\/?s={search_term_string}\"},\"query-input\":\"required name=search_term_string\"}],\"inLanguage\":\"es\"},{\"@type\":\"Organization\",\"@id\":\"https:\/\/euninos.com\/#organization\",\"name\":\"Euninos\",\"url\":\"https:\/\/euninos.com\/\",\"logo\":{\"@type\":\"ImageObject\",\"inLanguage\":\"es\",\"@id\":\"https:\/\/euninos.com\/#\/schema\/logo\/image\/\",\"url\":\"https:\/\/euninos.com\/wp-content\/uploads\/2022\/05\/cropped-logo-euninos-vector-Copia.png\",\"contentUrl\":\"https:\/\/euninos.com\/wp-content\/uploads\/2022\/05\/cropped-logo-euninos-vector-Copia.png\",\"width\":300,\"height\":170,\"caption\":\"Euninos\"},\"image\":{\"@id\":\"https:\/\/euninos.com\/#\/schema\/logo\/image\/\"},\"sameAs\":[\"https:\/\/www.facebook.com\/euninos\",\"https:\/\/www.instagram.com\/euninos.lda\",\"https:\/\/www.linkedin.com\/company\/euninos\",\"https:\/\/www.youtube.com\/c\/EuninosLda\"]}]}<\/script>\r\n<!-- \/ Yoast SEO plugin. -->","yoast_head_json":{"title":"Calandra X-PRO DS 170 - Euninos","robots":{"index":"index","follow":"follow","max-snippet":"max-snippet:-1","max-image-preview":"max-image-preview:large","max-video-preview":"max-video-preview:-1"},"canonical":"https:\/\/euninos.com\/es\/artigo\/calandra-x-pro-ds-170\/","og_locale":"es_ES","og_type":"article","og_title":"Calandra X-PRO DS 170 - Euninos","og_description":"Calandra aquecida a \u00f3leo projetada para transfer\u00eancia t\u00e9rmica de papel de transfer\u00eancia de tinta para tecido e para fixa\u00e7\u00e3o da tinta impressa no tecido.","og_url":"https:\/\/euninos.com\/es\/artigo\/calandra-x-pro-ds-170\/","og_site_name":"Euninos","article_publisher":"https:\/\/www.facebook.com\/euninos","article_modified_time":"2022-05-20T16:02:21+00:00","og_image":[{"width":1600,"height":1080,"url":"https:\/\/euninos.com\/wp-content\/uploads\/2022\/04\/xpro.png","type":"image\/png"}],"twitter_card":"summary_large_image","twitter_misc":{"Tiempo de lectura":"2 minutos"},"schema":{"@context":"https:\/\/schema.org","@graph":[{"@type":"WebPage","@id":"https:\/\/euninos.com\/artigo\/calandra-x-pro-ds-170\/","url":"https:\/\/euninos.com\/artigo\/calandra-x-pro-ds-170\/","name":"Calandra X-PRO DS 170 - Euninos","isPartOf":{"@id":"https:\/\/euninos.com\/#website"},"primaryImageOfPage":{"@id":"https:\/\/euninos.com\/artigo\/calandra-x-pro-ds-170\/#primaryimage"},"image":{"@id":"https:\/\/euninos.com\/artigo\/calandra-x-pro-ds-170\/#primaryimage"},"thumbnailUrl":"https:\/\/euninos.com\/wp-content\/uploads\/2022\/04\/xpro.png","datePublished":"2022-04-20T13:50:35+00:00","dateModified":"2022-05-20T16:02:21+00:00","breadcrumb":{"@id":"https:\/\/euninos.com\/artigo\/calandra-x-pro-ds-170\/#breadcrumb"},"inLanguage":"es","potentialAction":[{"@type":"ReadAction","target":["https:\/\/euninos.com\/artigo\/calandra-x-pro-ds-170\/"]}]},{"@type":"ImageObject","inLanguage":"es","@id":"https:\/\/euninos.com\/artigo\/calandra-x-pro-ds-170\/#primaryimage","url":"https:\/\/euninos.com\/wp-content\/uploads\/2022\/04\/xpro.png","contentUrl":"https:\/\/euninos.com\/wp-content\/uploads\/2022\/04\/xpro.png","width":1600,"height":1080},{"@type":"BreadcrumbList","@id":"https:\/\/euninos.com\/artigo\/calandra-x-pro-ds-170\/#breadcrumb","itemListElement":[{"@type":"ListItem","position":1,"name":"Produtos","item":"https:\/\/euninos.com\/produtos\/"},{"@type":"ListItem","position":2,"name":"Calandra X-PRO DS 170"}]},{"@type":"WebSite","@id":"https:\/\/euninos.com\/#website","url":"https:\/\/euninos.com\/","name":"Euninos","description":"Produtos de Impress\u00e3o e Corte","publisher":{"@id":"https:\/\/euninos.com\/#organization"},"potentialAction":[{"@type":"SearchAction","target":{"@type":"EntryPoint","urlTemplate":"https:\/\/euninos.com\/?s={search_term_string}"},"query-input":"required name=search_term_string"}],"inLanguage":"es"},{"@type":"Organization","@id":"https:\/\/euninos.com\/#organization","name":"Euninos","url":"https:\/\/euninos.com\/","logo":{"@type":"ImageObject","inLanguage":"es","@id":"https:\/\/euninos.com\/#\/schema\/logo\/image\/","url":"https:\/\/euninos.com\/wp-content\/uploads\/2022\/05\/cropped-logo-euninos-vector-Copia.png","contentUrl":"https:\/\/euninos.com\/wp-content\/uploads\/2022\/05\/cropped-logo-euninos-vector-Copia.png","width":300,"height":170,"caption":"Euninos"},"image":{"@id":"https:\/\/euninos.com\/#\/schema\/logo\/image\/"},"sameAs":["https:\/\/www.facebook.com\/euninos","https:\/\/www.instagram.com\/euninos.lda","https:\/\/www.linkedin.com\/company\/euninos","https:\/\/www.youtube.com\/c\/EuninosLda"]}]}},"_links":{"self":[{"href":"https:\/\/euninos.com\/es\/wp-json\/wp\/v2\/product\/361","targetHints":{"allow":["GET"]}}],"collection":[{"href":"https:\/\/euninos.com\/es\/wp-json\/wp\/v2\/product"}],"about":[{"href":"https:\/\/euninos.com\/es\/wp-json\/wp\/v2\/types\/product"}],"wp:featuredmedia":[{"embeddable":true,"href":"https:\/\/euninos.com\/es\/wp-json\/wp\/v2\/media\/1503"}],"wp:attachment":[{"href":"https:\/\/euninos.com\/es\/wp-json\/wp\/v2\/media?parent=361"}],"wp:term":[{"taxonomy":"product_cat","embeddable":true,"href":"https:\/\/euninos.com\/es\/wp-json\/wp\/v2\/product_cat?post=361"},{"taxonomy":"product_tag","embeddable":true,"href":"https:\/\/euninos.com\/es\/wp-json\/wp\/v2\/product_tag?post=361"}],"curies":[{"name":"wp","href":"https:\/\/api.w.org\/{rel}","templated":true}]}}