{"id":359,"date":"2022-04-20T13:50:32","date_gmt":"2022-04-20T13:50:32","guid":{"rendered":"https:\/\/euninos.com\/?post_type=product&#038;p=359"},"modified":"2022-05-20T13:43:01","modified_gmt":"2022-05-20T13:43:01","slug":"versa-uv-serie-s-belt-system","status":"publish","type":"product","link":"https:\/\/euninos.com\/es\/artigo\/versa-uv-serie-s-belt-system\/","title":{"rendered":"VERSA UV S\u00c9RIE S (Belt System)"},"content":{"rendered":"<p>Las impresoras con sistema de correa de la serie S de VersaUV ofrecen la m\u00e1xima versatilidad en impresi\u00f3n UV para ir m\u00e1s all\u00e1 de las capacidades de la impresora est\u00e1ndar y probar los l\u00edmites de las posibilidades de la impresi\u00f3n directa.<\/p>\n<h2><strong>A derradeira versatilidade<\/strong><\/h2>\n<hr \/>\n<p>Con una amplia gama de configuraciones para adaptarse a las necesidades de producci\u00f3n individuales, ahora es posible imprimir directamente CMYK m\u00e1s blanco y transparente en pr\u00e1cticamente cualquier rollo a rollo, sustratos r\u00edgidos o flexibles u objetos de hasta 200 mm de altura y 100 kg\/m\u00b2. en Peso. Con la serie S, el \u00fanico l\u00edmite es tu imaginaci\u00f3n.<\/p>\n<h2><strong>Flexibilice su producci\u00f3n, asegure el futuro de su negocio<\/strong><\/h2>\n<hr \/>\n<p>Al proporcionar una flexibilidad incre\u00edble para manejar pr\u00e1cticamente cualquier trabajo que sus clientes demanden, las impresoras de sistema de banda UV-LED de la serie S son una opci\u00f3n ideal para proveedores de servicios de impresi\u00f3n ocupados con incluso las bases de clientes m\u00e1s diversas y creativas.<\/p>\n<p>Con una selecci\u00f3n de varios anchos y longitudes de banda para adaptarse a todos los entornos y requisitos de producci\u00f3n: 760 x 1470 mm, 1625 x 1470 mm o 1625 x 2470 mm. Las impresoras de banda de la serie S ofrecen la m\u00e1xima versatilidad con un espacio m\u00ednimo y son f\u00e1cilmente configurables para una instalaci\u00f3n r\u00e1pida y sencilla de un trabajo a otro.<\/p>\n<p>Para una versatilidad \u00f3ptima, el gr\u00e1fico incluido permite la impresi\u00f3n directa en sustratos r\u00edgidos y objetos de cualquier longitud.<\/p>\n<h2><strong>Explore nuevos mercados emocionantes<\/strong><\/h2>\n<hr \/>\n<p>Desbloquee un mundo de oportunidades rentables con una gama pr\u00e1cticamente ilimitada de aplicaciones y sustratos imprimibles. El exclusivo curado a baja temperatura de la tinta LED UV de Roland hace que la banda de la serie S sea compatible con una gama de sustratos est\u00e1ndar y materiales no convencionales como acr\u00edlico, pl\u00e1stico, madera, vidrio, cuero, metal, etc.<\/p>\n<p>Satisfaga la demanda de productos \u00fanicos y personalizados con alta calidad, producci\u00f3n de bajo paso y producci\u00f3n en volumen de bienes personalizados y art\u00edculos de marca corporativa. Adem\u00e1s, imprima en objetos convencionales y no convencionales para uso en exteriores e interiores.<\/p>\n<h2><strong>Ofrezca productos premium verdaderamente \u00fanicos a sus clientes<\/strong><\/h2>\n<hr \/>\n<p>Para lograr un poderoso impacto visual en el dise\u00f1o de interiores, pantallas de puntos de venta, obras de arte, productos promocionales y letreros de una o dos caras, la banda de la serie S imprime impresionantes efectos especiales que incluyen texturas y efectos en relieve con tinta ECO-UV White y Varnish.<\/p>\n<h2 style=\"text-align: center;\"><strong>ESPECIFICACIONES<\/strong><\/h2>\n<hr \/>\n<table width=\"566\">\n<tbody>\n<tr>\n<td colspan=\"2\" width=\"246\"><\/td>\n<td style=\"text-align: center;\" width=\"112\"><span style=\"color: #ffcc00;\"><b>LEC-330S-B150<\/b><\/span><\/td>\n<td style=\"text-align: center;\" width=\"101\"><span style=\"color: #ffcc00;\"><b>LEJ-640S-B150<\/b><\/span><\/td>\n<td style=\"text-align: center;\" width=\"107\"><span style=\"color: #ffcc00;\"><b>LEJ-640S-B250<\/b><\/span><\/td>\n<\/tr>\n<tr>\n<td colspan=\"2\" width=\"246\"><b>TECNOLOG\u00cdA DE IMPRESI\u00d3N<\/b><\/td>\n<td style=\"text-align: center;\" colspan=\"3\" width=\"320\">Cabezal de impresi\u00f3n de inyecci\u00f3n de tinta piezoel\u00e9ctrico<\/td>\n<\/tr>\n<tr>\n<td rowspan=\"6\" width=\"111\"><b>APOYOS ACEPTABLES<\/b><\/td>\n<td width=\"135\"><b>Ancho<\/b><\/td>\n<td style=\"text-align: center;\" width=\"112\">760 mm<\/td>\n<td style=\"text-align: center;\" colspan=\"2\" width=\"208\">1625 mm<\/td>\n<\/tr>\n<tr>\n<td width=\"135\"><b>Grosor\/Altura<\/b><\/td>\n<td style=\"text-align: center;\" colspan=\"3\" width=\"320\">0,01 a 200 mm<\/td>\n<\/tr>\n<tr>\n<td width=\"135\"><b>Peso del rollo<\/b><\/td>\n<td style=\"text-align: center;\" width=\"112\">M\u00e1x. 20 kg<\/td>\n<td style=\"text-align: center;\" colspan=\"2\" width=\"208\">M\u00e1x. 40 kg<\/td>\n<\/tr>\n<tr>\n<td width=\"135\"><b>Peso de la correa<\/b><\/td>\n<td style=\"text-align: center;\" colspan=\"3\" width=\"320\">100 Kg\/m2<\/td>\n<\/tr>\n<tr>\n<td width=\"135\"><b>Di\u00e1metro exterior del rollo<\/b><\/td>\n<td style=\"text-align: center;\" width=\"112\">M\u00e1x. 180 mm<\/td>\n<td style=\"text-align: center;\" colspan=\"2\" width=\"208\">M\u00e1x. 210 mm<\/td>\n<\/tr>\n<tr>\n<td width=\"135\"><b>Di\u00e1metro nuclear<\/b><\/td>\n<td style=\"text-align: center;\" colspan=\"3\" width=\"320\">50,8 mm o 76,2 mm<\/td>\n<\/tr>\n<tr>\n<td colspan=\"2\" width=\"246\"><b>ZONA DEL CINTUR\u00d3N<\/b><\/td>\n<td style=\"text-align: center;\" width=\"112\">760 (L) x 1470 (P) mm<\/td>\n<td style=\"text-align: center;\" width=\"101\">1625 (L) x 1470 (P) mm<\/td>\n<td style=\"text-align: center;\" width=\"107\">1625 (L) x 2470 (P) mm<\/td>\n<\/tr>\n<tr>\n<td colspan=\"2\" width=\"246\"><b>TAMA\u00d1O DE IMPRESI\u00d3N<\/b><\/td>\n<td style=\"text-align: center;\" width=\"112\">736 (ancho) x continuo (largo) x 200 (alto) mm<\/td>\n<td style=\"text-align: center;\" colspan=\"2\" width=\"208\">1615 (ancho) x continuo (largo) x 200 (alto) mm<\/td>\n<\/tr>\n<tr>\n<td rowspan=\"2\" width=\"111\"><b>CARTUCHOS DE TINTA<\/b><\/td>\n<td width=\"135\"><b>Tipo<\/b><\/td>\n<td style=\"text-align: center;\" colspan=\"3\" width=\"320\">Tinta Roland ECO-UV o ECO-UV S<\/td>\n<\/tr>\n<tr>\n<td width=\"135\"><b>Colores<\/b><\/td>\n<td style=\"text-align: center;\" colspan=\"3\" width=\"320\">Cian, Magenta, Amarillo, Negro, Blanco, Brillo<\/td>\n<\/tr>\n<tr>\n<td colspan=\"2\" width=\"246\"><b>AJUSTES DE TINTA<\/b><\/td>\n<td style=\"text-align: center;\" colspan=\"3\" width=\"320\">CMYKGlWh \/CMYKGlGl \/CMYKWhWh<\/td>\n<\/tr>\n<tr>\n<td rowspan=\"2\" width=\"111\"><b>SISTEMA DE VAC\u00cdO<\/b><\/td>\n<td width=\"135\"><b>Ventilador<\/b><\/td>\n<td style=\"text-align: center;\" colspan=\"3\" width=\"320\">1,5 kW (Bif\u00e1sico) con silenciador<\/td>\n<\/tr>\n<tr>\n<td width=\"135\"><b>Particiones<\/b><\/td>\n<td style=\"text-align: center;\" colspan=\"3\" width=\"320\">1<\/td>\n<\/tr>\n<tr>\n<td colspan=\"2\" width=\"246\"><b>RESOLUCI\u00d3N DE IMPRESI\u00d3N<\/b><\/td>\n<td style=\"text-align: center;\" colspan=\"3\" width=\"320\">M\u00e1x. 1440 ppp<\/td>\n<\/tr>\n<tr>\n<td colspan=\"2\" width=\"246\"><b>M\u00c9TODO DE MOVIMIENTO<\/b><\/td>\n<td style=\"text-align: center;\" colspan=\"3\" width=\"320\">Motor paso a paso de alta resoluci\u00f3n<\/td>\n<\/tr>\n<tr>\n<td colspan=\"2\" width=\"246\"><b>PRECISI\u00d3N DE DISTANCIA<\/b><\/td>\n<td style=\"text-align: center;\" colspan=\"3\" width=\"320\">Error inferior a \u00b1 0,3 % de la distancia recorrida, o \u00b1 0,3 mm, lo que sea mayor<\/td>\n<\/tr>\n<tr>\n<td colspan=\"2\" width=\"246\"><b>PRECISI\u00d3N DE REPETICI\u00d3N HORIZONTAL<\/b><\/td>\n<td style=\"text-align: center;\" colspan=\"3\" width=\"320\">\u00b10,01 mm<\/td>\n<\/tr>\n<tr>\n<td colspan=\"2\" width=\"246\"><b>MODOS DE SALIDA<\/b><\/td>\n<td style=\"text-align: center;\" colspan=\"3\" width=\"320\">Continuo, descarga, retorno al origen, en capas<\/td>\n<\/tr>\n<tr>\n<td colspan=\"2\" width=\"246\"><b>AJUSTE DE LA ALTURA DEL SOPORTE<\/b><\/td>\n<td style=\"text-align: center;\" colspan=\"3\" width=\"320\">Manual, sensor autom\u00e1tico<\/td>\n<\/tr>\n<tr>\n<td colspan=\"2\" width=\"246\"><b>CONTROL DE SUPERFICIE<\/b><\/td>\n<td style=\"text-align: center;\" colspan=\"3\" width=\"320\">Manual, sensor autom\u00e1tico<\/td>\n<\/tr>\n<tr>\n<td rowspan=\"2\" width=\"111\"><b>SISTEMA DE RECOGIDA DE APOYO<\/b><\/td>\n<td width=\"135\"><b>Di\u00e1metro exterior del rodillo que permite la recogida<\/b><\/td>\n<td style=\"text-align: center;\" width=\"112\">M\u00e1x. 180 mm<\/td>\n<td style=\"text-align: center;\" colspan=\"2\" width=\"208\">M\u00e1x. 210 mm<\/td>\n<\/tr>\n<tr>\n<td width=\"135\"><b>Peso que permite la recogida<\/b><\/td>\n<td style=\"text-align: center;\" width=\"112\">M\u00e1x. 20 kg<\/td>\n<td style=\"text-align: center;\" colspan=\"2\" width=\"208\">M\u00e1x. 40 kg<\/td>\n<\/tr>\n<tr>\n<td colspan=\"2\" width=\"246\"><b>INTERFAZ DE CONTROL<\/b><\/td>\n<td style=\"text-align: center;\" colspan=\"3\" width=\"320\">Pantalla t\u00e1ctil LCD a color de 7\u2033<\/td>\n<\/tr>\n<tr>\n<td colspan=\"2\" width=\"246\"><b>INTERFAZ<\/b><\/td>\n<td style=\"text-align: center;\" colspan=\"3\" width=\"320\">Base Ethernet 10\/100<\/td>\n<\/tr>\n<tr>\n<td colspan=\"2\" width=\"246\"><b>FUNCI\u00d3N DE AHORRO DE ENERG\u00cdA<\/b><\/td>\n<td style=\"text-align: center;\" colspan=\"3\" width=\"320\">Funci\u00f3n autom\u00e1tica de baja potencia<\/td>\n<\/tr>\n<tr>\n<td colspan=\"2\" width=\"246\"><b>REQUERIMIENTOS DE ENERG\u00cdA<\/b><\/td>\n<td style=\"text-align: center;\" colspan=\"3\" width=\"320\">230V 16A 2P+E<\/td>\n<\/tr>\n<tr>\n<td rowspan=\"2\" width=\"111\"><b>CONSUMO DE ENERG\u00cdA<\/b><\/td>\n<td width=\"135\"><b>Impresi\u00f3n al vac\u00edo<\/b><\/td>\n<td style=\"text-align: center;\" colspan=\"3\" width=\"320\">M\u00e1x. 2000 W<\/td>\n<\/tr>\n<tr>\n<td width=\"135\"><b>Modo de bajo consumo<\/b><\/td>\n<td style=\"text-align: center;\" colspan=\"3\" width=\"320\">150 W<\/td>\n<\/tr>\n<tr>\n<td rowspan=\"2\" width=\"111\"><b>NIVEL DE RUIDO AC\u00daSTICO<\/b><\/td>\n<td width=\"135\"><b>Impresi\u00f3n al vac\u00edo<\/b><\/td>\n<td style=\"text-align: center;\" colspan=\"3\" width=\"320\">&lt;70 db<\/td>\n<\/tr>\n<tr>\n<td width=\"135\"><b>Durante el modo de suspensi\u00f3n<\/b><\/td>\n<td style=\"text-align: center;\" colspan=\"3\" width=\"320\">&lt;40 db<\/td>\n<\/tr>\n<tr>\n<td rowspan=\"3\" width=\"111\"><b>DIMENSIONES<\/b><\/td>\n<td width=\"135\"><b>Unidad de impresora<\/b><\/td>\n<td style=\"text-align: center;\" width=\"112\">2192 (ancho) x 1600 (profundidad) x 1780 (alto) mm<\/td>\n<td style=\"text-align: center;\" width=\"101\">3160 (ancho) x 1600 (profundidad) x 1780 (alto) mm<\/td>\n<td style=\"text-align: center;\" width=\"107\">3160 (ancho) x 2600 (fondo) x 1780 (alto) mm<\/td>\n<\/tr>\n<tr>\n<td width=\"135\"><b>Torre de control<\/b><\/td>\n<td style=\"text-align: center;\" colspan=\"3\" width=\"320\">530 (ancho) x 530 (profundidad) x 1080 (alto) mm<\/td>\n<\/tr>\n<tr>\n<td width=\"135\"><b>Tabla<\/b><\/td>\n<td style=\"text-align: center;\" width=\"112\">1035 (ancho) x 1010 (profundidad) x 860 (alto) mm<\/td>\n<td style=\"text-align: center;\" width=\"101\">1670 (ancho) x 1010 (profundidad) x 860 (alto) mm<\/td>\n<td style=\"text-align: center;\" width=\"107\">1670 (ancho) x 1010 (profundidad) x 860 (alto) mm<\/td>\n<\/tr>\n<tr>\n<td colspan=\"2\" width=\"246\"><b>PESO<\/b><\/td>\n<td style=\"text-align: center;\" width=\"112\">450 kg<\/td>\n<td style=\"text-align: center;\" width=\"101\">650 kg<\/td>\n<td style=\"text-align: center;\" width=\"107\">850 kg<\/td>\n<\/tr>\n<tr>\n<td colspan=\"2\" width=\"246\"><b>DISTRIBUCI\u00d3N DEL PESO<\/b><\/td>\n<td style=\"text-align: center;\" colspan=\"2\" width=\"213\">4 puntos (80 mm de di\u00e1metro)<\/td>\n<td style=\"text-align: center;\" width=\"107\">6 puntos (80 mm de di\u00e1metro)<\/td>\n<\/tr>\n<tr>\n<td rowspan=\"2\" width=\"111\"><b>AMBIENTE<\/b><\/td>\n<td width=\"135\"><b>Encendido<\/b><\/td>\n<td style=\"text-align: center;\" colspan=\"3\" width=\"320\"><b>Temperatura:<\/b> 20 a 32 \u00baC (68 a 90 \u00baF) (se recomiendan 22 \u00baC [72 \u00baF] o m\u00e1s) | <b>Humedad relativa:<\/b> 35 a 80% (sin condensaci\u00f3n).<\/td>\n<\/tr>\n<tr>\n<td width=\"135\"><b>Apagado<\/b><\/td>\n<td style=\"text-align: center;\" colspan=\"3\" width=\"320\"><b>Temperatura:<\/b> 5 a 40\u02da C (41 a 104 \u00ba\u02daF) | <b>Humedad relativa:<\/b> 20 a 80% (sin condensaci\u00f3n).<\/td>\n<\/tr>\n<tr>\n<td colspan=\"2\" width=\"246\"><b>ELEMENTOS DESTACADOS<\/b><\/td>\n<td style=\"text-align: center;\" colspan=\"3\" width=\"320\">Software RIP, tabla de soporte, manual de usuario, cable de alimentaci\u00f3n, kit de limpieza, caja de herramientas de instalaci\u00f3n, etc.<\/td>\n<\/tr>\n<tr>\n<td colspan=\"2\" width=\"246\"><b>DIMENSIONES DE ENV\u00cdO<\/b><\/td>\n<td style=\"text-align: center;\" width=\"112\">2300 (ancho) x 1610 (profundidad) x 1870 (alto) mm<\/td>\n<td style=\"text-align: center;\" colspan=\"2\" width=\"208\">3300 (ancho) x 2020 (fondo) x 1870 (alto) mm<\/td>\n<\/tr>\n<tr>\n<td colspan=\"2\" width=\"246\"><b>PESO DE ENV\u00cdO<\/b><\/td>\n<td style=\"text-align: center;\" width=\"112\">550 kg (palet 100 kg)<\/td>\n<td style=\"text-align: center;\" width=\"101\">800 kg (palet 150 kg)<\/td>\n<td style=\"text-align: center;\" width=\"107\">1000 kg (palet 150 kg)<\/td>\n<\/tr>\n<\/tbody>\n<\/table>\n<p style=\"text-align: center;\"><strong>\u00a0<\/strong><\/p>","protected":false},"excerpt":{"rendered":"<p>Las impresoras con sistema de correa de la serie S de VersaUV ofrecen la m\u00e1xima versatilidad en impresi\u00f3n UV para ir m\u00e1s all\u00e1 de las capacidades de la impresora est\u00e1ndar y probar los l\u00edmites de las posibilidades de la impresi\u00f3n directa.<\/p>","protected":false},"featured_media":1474,"template":"","meta":{"site-sidebar-layout":"default","site-content-layout":"default","ast-site-content-layout":"","site-content-style":"default","site-sidebar-style":"default","ast-global-header-display":"","ast-banner-title-visibility":"","ast-main-header-display":"","ast-hfb-above-header-display":"","ast-hfb-below-header-display":"","ast-hfb-mobile-header-display":"","site-post-title":"","ast-breadcrumbs-content":"","ast-featured-img":"","footer-sml-layout":"","theme-transparent-header-meta":"default","adv-header-id-meta":"","stick-header-meta":"","header-above-stick-meta":"","header-main-stick-meta":"","header-below-stick-meta":"","astra-migrate-meta-layouts":"default","ast-page-background-enabled":"default","ast-page-background-meta":{"desktop":{"background-color":"var(--ast-global-color-4)","background-image":"","background-repeat":"repeat","background-position":"center center","background-size":"auto","background-attachment":"scroll","background-type":"","background-media":"","overlay-type":"","overlay-color":"","overlay-gradient":""},"tablet":{"background-color":"","background-image":"","background-repeat":"repeat","background-position":"center center","background-size":"auto","background-attachment":"scroll","background-type":"","background-media":"","overlay-type":"","overlay-color":"","overlay-gradient":""},"mobile":{"background-color":"","background-image":"","background-repeat":"repeat","background-position":"center center","background-size":"auto","background-attachment":"scroll","background-type":"","background-media":"","overlay-type":"","overlay-color":"","overlay-gradient":""}},"ast-content-background-meta":{"desktop":{"background-color":"var(--ast-global-color-5)","background-image":"","background-repeat":"repeat","background-position":"center center","background-size":"auto","background-attachment":"scroll","background-type":"","background-media":"","overlay-type":"","overlay-color":"","overlay-gradient":""},"tablet":{"background-color":"var(--ast-global-color-5)","background-image":"","background-repeat":"repeat","background-position":"center center","background-size":"auto","background-attachment":"scroll","background-type":"","background-media":"","overlay-type":"","overlay-color":"","overlay-gradient":""},"mobile":{"background-color":"var(--ast-global-color-5)","background-image":"","background-repeat":"repeat","background-position":"center center","background-size":"auto","background-attachment":"scroll","background-type":"","background-media":"","overlay-type":"","overlay-color":"","overlay-gradient":""}}},"product_cat":[86],"product_tag":[],"class_list":{"0":"post-359","1":"product","2":"type-product","3":"status-publish","4":"has-post-thumbnail","6":"product_cat-uv","7":"desktop-align-left","8":"tablet-align-left","9":"mobile-align-left","11":"first","12":"instock","13":"shipping-taxable","14":"product-type-simple"},"yoast_head":"<!-- This site is optimized with the Yoast SEO plugin v22.2 - https:\/\/yoast.com\/wordpress\/plugins\/seo\/ -->\r\n<title>VERSA UV S\u00c9RIE S (Belt System) - Euninos<\/title>\r\n<meta name=\"robots\" content=\"index, follow, max-snippet:-1, max-image-preview:large, max-video-preview:-1\" \/>\r\n<link rel=\"canonical\" href=\"https:\/\/euninos.com\/es\/artigo\/versa-uv-serie-s-belt-system\/\" \/>\r\n<meta property=\"og:locale\" content=\"es_ES\" \/>\r\n<meta property=\"og:type\" content=\"article\" \/>\r\n<meta property=\"og:title\" content=\"VERSA UV S\u00c9RIE S (Belt System) - Euninos\" \/>\r\n<meta property=\"og:description\" content=\"As impressoras de belt system s\u00e9rie S VersaUV oferecem a derradeira versatilidade em impress\u00e3o UV para irem al\u00e9m das capacidades da impressora padr\u00e3o e testarem os limites das possibilidades da impress\u00e3o direta.\" \/>\r\n<meta property=\"og:url\" content=\"https:\/\/euninos.com\/es\/artigo\/versa-uv-serie-s-belt-system\/\" \/>\r\n<meta property=\"og:site_name\" content=\"Euninos\" \/>\r\n<meta property=\"article:publisher\" content=\"https:\/\/www.facebook.com\/euninos\" \/>\r\n<meta property=\"article:modified_time\" content=\"2022-05-20T13:43:01+00:00\" \/>\r\n<meta property=\"og:image\" content=\"https:\/\/euninos.com\/wp-content\/uploads\/2022\/04\/lej640s.jpg\" \/>\r\n\t<meta property=\"og:image:width\" content=\"1600\" \/>\r\n\t<meta property=\"og:image:height\" content=\"1080\" \/>\r\n\t<meta property=\"og:image:type\" content=\"image\/jpeg\" \/>\r\n<meta name=\"twitter:card\" content=\"summary_large_image\" \/>\r\n<meta name=\"twitter:label1\" content=\"Tiempo de lectura\" \/>\n\t<meta name=\"twitter:data1\" content=\"5 minutos\" \/>\r\n<script type=\"application\/ld+json\" class=\"yoast-schema-graph\">{\"@context\":\"https:\/\/schema.org\",\"@graph\":[{\"@type\":\"WebPage\",\"@id\":\"https:\/\/euninos.com\/artigo\/versa-uv-serie-s-belt-system\/\",\"url\":\"https:\/\/euninos.com\/artigo\/versa-uv-serie-s-belt-system\/\",\"name\":\"VERSA UV S\u00c9RIE S (Belt System) - Euninos\",\"isPartOf\":{\"@id\":\"https:\/\/euninos.com\/#website\"},\"primaryImageOfPage\":{\"@id\":\"https:\/\/euninos.com\/artigo\/versa-uv-serie-s-belt-system\/#primaryimage\"},\"image\":{\"@id\":\"https:\/\/euninos.com\/artigo\/versa-uv-serie-s-belt-system\/#primaryimage\"},\"thumbnailUrl\":\"https:\/\/euninos.com\/wp-content\/uploads\/2022\/04\/lej640s.jpg\",\"datePublished\":\"2022-04-20T13:50:32+00:00\",\"dateModified\":\"2022-05-20T13:43:01+00:00\",\"breadcrumb\":{\"@id\":\"https:\/\/euninos.com\/artigo\/versa-uv-serie-s-belt-system\/#breadcrumb\"},\"inLanguage\":\"es\",\"potentialAction\":[{\"@type\":\"ReadAction\",\"target\":[\"https:\/\/euninos.com\/artigo\/versa-uv-serie-s-belt-system\/\"]}]},{\"@type\":\"ImageObject\",\"inLanguage\":\"es\",\"@id\":\"https:\/\/euninos.com\/artigo\/versa-uv-serie-s-belt-system\/#primaryimage\",\"url\":\"https:\/\/euninos.com\/wp-content\/uploads\/2022\/04\/lej640s.jpg\",\"contentUrl\":\"https:\/\/euninos.com\/wp-content\/uploads\/2022\/04\/lej640s.jpg\",\"width\":1600,\"height\":1080},{\"@type\":\"BreadcrumbList\",\"@id\":\"https:\/\/euninos.com\/artigo\/versa-uv-serie-s-belt-system\/#breadcrumb\",\"itemListElement\":[{\"@type\":\"ListItem\",\"position\":1,\"name\":\"Produtos\",\"item\":\"https:\/\/euninos.com\/produtos\/\"},{\"@type\":\"ListItem\",\"position\":2,\"name\":\"VERSA UV S\u00c9RIE S (Belt System)\"}]},{\"@type\":\"WebSite\",\"@id\":\"https:\/\/euninos.com\/#website\",\"url\":\"https:\/\/euninos.com\/\",\"name\":\"Euninos\",\"description\":\"Produtos de Impress\u00e3o e Corte\",\"publisher\":{\"@id\":\"https:\/\/euninos.com\/#organization\"},\"potentialAction\":[{\"@type\":\"SearchAction\",\"target\":{\"@type\":\"EntryPoint\",\"urlTemplate\":\"https:\/\/euninos.com\/?s={search_term_string}\"},\"query-input\":\"required name=search_term_string\"}],\"inLanguage\":\"es\"},{\"@type\":\"Organization\",\"@id\":\"https:\/\/euninos.com\/#organization\",\"name\":\"Euninos\",\"url\":\"https:\/\/euninos.com\/\",\"logo\":{\"@type\":\"ImageObject\",\"inLanguage\":\"es\",\"@id\":\"https:\/\/euninos.com\/#\/schema\/logo\/image\/\",\"url\":\"https:\/\/euninos.com\/wp-content\/uploads\/2022\/05\/cropped-logo-euninos-vector-Copia.png\",\"contentUrl\":\"https:\/\/euninos.com\/wp-content\/uploads\/2022\/05\/cropped-logo-euninos-vector-Copia.png\",\"width\":300,\"height\":170,\"caption\":\"Euninos\"},\"image\":{\"@id\":\"https:\/\/euninos.com\/#\/schema\/logo\/image\/\"},\"sameAs\":[\"https:\/\/www.facebook.com\/euninos\",\"https:\/\/www.instagram.com\/euninos.lda\",\"https:\/\/www.linkedin.com\/company\/euninos\",\"https:\/\/www.youtube.com\/c\/EuninosLda\"]}]}<\/script>\r\n<!-- \/ Yoast SEO plugin. -->","yoast_head_json":{"title":"VERSA UV S\u00c9RIE S (Belt System) - Euninos","robots":{"index":"index","follow":"follow","max-snippet":"max-snippet:-1","max-image-preview":"max-image-preview:large","max-video-preview":"max-video-preview:-1"},"canonical":"https:\/\/euninos.com\/es\/artigo\/versa-uv-serie-s-belt-system\/","og_locale":"es_ES","og_type":"article","og_title":"VERSA UV S\u00c9RIE S (Belt System) - Euninos","og_description":"As impressoras de belt system s\u00e9rie S VersaUV oferecem a derradeira versatilidade em impress\u00e3o UV para irem al\u00e9m das capacidades da impressora padr\u00e3o e testarem os limites das possibilidades da impress\u00e3o direta.","og_url":"https:\/\/euninos.com\/es\/artigo\/versa-uv-serie-s-belt-system\/","og_site_name":"Euninos","article_publisher":"https:\/\/www.facebook.com\/euninos","article_modified_time":"2022-05-20T13:43:01+00:00","og_image":[{"width":1600,"height":1080,"url":"https:\/\/euninos.com\/wp-content\/uploads\/2022\/04\/lej640s.jpg","type":"image\/jpeg"}],"twitter_card":"summary_large_image","twitter_misc":{"Tiempo de lectura":"5 minutos"},"schema":{"@context":"https:\/\/schema.org","@graph":[{"@type":"WebPage","@id":"https:\/\/euninos.com\/artigo\/versa-uv-serie-s-belt-system\/","url":"https:\/\/euninos.com\/artigo\/versa-uv-serie-s-belt-system\/","name":"VERSA UV S\u00c9RIE S (Belt System) - Euninos","isPartOf":{"@id":"https:\/\/euninos.com\/#website"},"primaryImageOfPage":{"@id":"https:\/\/euninos.com\/artigo\/versa-uv-serie-s-belt-system\/#primaryimage"},"image":{"@id":"https:\/\/euninos.com\/artigo\/versa-uv-serie-s-belt-system\/#primaryimage"},"thumbnailUrl":"https:\/\/euninos.com\/wp-content\/uploads\/2022\/04\/lej640s.jpg","datePublished":"2022-04-20T13:50:32+00:00","dateModified":"2022-05-20T13:43:01+00:00","breadcrumb":{"@id":"https:\/\/euninos.com\/artigo\/versa-uv-serie-s-belt-system\/#breadcrumb"},"inLanguage":"es","potentialAction":[{"@type":"ReadAction","target":["https:\/\/euninos.com\/artigo\/versa-uv-serie-s-belt-system\/"]}]},{"@type":"ImageObject","inLanguage":"es","@id":"https:\/\/euninos.com\/artigo\/versa-uv-serie-s-belt-system\/#primaryimage","url":"https:\/\/euninos.com\/wp-content\/uploads\/2022\/04\/lej640s.jpg","contentUrl":"https:\/\/euninos.com\/wp-content\/uploads\/2022\/04\/lej640s.jpg","width":1600,"height":1080},{"@type":"BreadcrumbList","@id":"https:\/\/euninos.com\/artigo\/versa-uv-serie-s-belt-system\/#breadcrumb","itemListElement":[{"@type":"ListItem","position":1,"name":"Produtos","item":"https:\/\/euninos.com\/produtos\/"},{"@type":"ListItem","position":2,"name":"VERSA UV S\u00c9RIE S (Belt System)"}]},{"@type":"WebSite","@id":"https:\/\/euninos.com\/#website","url":"https:\/\/euninos.com\/","name":"Euninos","description":"Produtos de Impress\u00e3o e Corte","publisher":{"@id":"https:\/\/euninos.com\/#organization"},"potentialAction":[{"@type":"SearchAction","target":{"@type":"EntryPoint","urlTemplate":"https:\/\/euninos.com\/?s={search_term_string}"},"query-input":"required name=search_term_string"}],"inLanguage":"es"},{"@type":"Organization","@id":"https:\/\/euninos.com\/#organization","name":"Euninos","url":"https:\/\/euninos.com\/","logo":{"@type":"ImageObject","inLanguage":"es","@id":"https:\/\/euninos.com\/#\/schema\/logo\/image\/","url":"https:\/\/euninos.com\/wp-content\/uploads\/2022\/05\/cropped-logo-euninos-vector-Copia.png","contentUrl":"https:\/\/euninos.com\/wp-content\/uploads\/2022\/05\/cropped-logo-euninos-vector-Copia.png","width":300,"height":170,"caption":"Euninos"},"image":{"@id":"https:\/\/euninos.com\/#\/schema\/logo\/image\/"},"sameAs":["https:\/\/www.facebook.com\/euninos","https:\/\/www.instagram.com\/euninos.lda","https:\/\/www.linkedin.com\/company\/euninos","https:\/\/www.youtube.com\/c\/EuninosLda"]}]}},"_links":{"self":[{"href":"https:\/\/euninos.com\/es\/wp-json\/wp\/v2\/product\/359","targetHints":{"allow":["GET"]}}],"collection":[{"href":"https:\/\/euninos.com\/es\/wp-json\/wp\/v2\/product"}],"about":[{"href":"https:\/\/euninos.com\/es\/wp-json\/wp\/v2\/types\/product"}],"wp:featuredmedia":[{"embeddable":true,"href":"https:\/\/euninos.com\/es\/wp-json\/wp\/v2\/media\/1474"}],"wp:attachment":[{"href":"https:\/\/euninos.com\/es\/wp-json\/wp\/v2\/media?parent=359"}],"wp:term":[{"taxonomy":"product_cat","embeddable":true,"href":"https:\/\/euninos.com\/es\/wp-json\/wp\/v2\/product_cat?post=359"},{"taxonomy":"product_tag","embeddable":true,"href":"https:\/\/euninos.com\/es\/wp-json\/wp\/v2\/product_tag?post=359"}],"curies":[{"name":"wp","href":"https:\/\/api.w.org\/{rel}","templated":true}]}}