{"id":358,"date":"2022-04-20T13:50:32","date_gmt":"2022-04-20T13:50:32","guid":{"rendered":"https:\/\/euninos.com\/?post_type=product&#038;p=358"},"modified":"2022-05-23T08:30:44","modified_gmt":"2022-05-23T08:30:44","slug":"versa-uv-serie-s","status":"publish","type":"product","link":"https:\/\/euninos.com\/es\/artigo\/versa-uv-serie-s\/","title":{"rendered":"VERSA UV S\u00c9RIE S"},"content":{"rendered":"<p>Las impresoras planas de la serie S de VersaUV ofrecen la m\u00e1xima versatilidad en impresi\u00f3n UV para ir m\u00e1s all\u00e1 de la impresi\u00f3n a color tradicional y los sustratos convencionales.<\/p>\n<h2><strong>M\u00e1xima versatilidad<\/strong><\/h2>\n<hr \/>\n<p>Las impresoras planas de la serie S de VersaUV ofrecen la m\u00e1xima versatilidad en impresi\u00f3n UV para ir m\u00e1s all\u00e1 de la impresi\u00f3n a color tradicional y los sustratos convencionales.<\/p>\n<p>La serie S imprime directamente CMYK m\u00e1s blanco y barniz en pr\u00e1cticamente cualquier sustrato u objetos flexibles o r\u00edgidos de hasta 200 mm de altura y 100 kg\/m2 de peso, por lo que ahora es posible imprimir directamente gr\u00e1ficos de alta calidad en elementos considerados anteriormente. demasiado grueso o demasiado pesado.<\/p>\n<h2><strong>Flexibilice su producci\u00f3n con una compatibilidad de sustrato inigualable<\/strong><\/h2>\n<hr \/>\n<p>Con una amplia variedad de tama\u00f1os de cama (hasta 1696 x 3818 mm), que incorporan un vac\u00edo de varias zonas, las camas planas de la serie S brindan una impresi\u00f3n de calidad sorprendente y constante en sustratos delgados y gruesos: pel\u00edcula de impresi\u00f3n para empaque prototipo para una tarea y a continuaci\u00f3n, placa resistente para pantallas POS.<\/p>\n<p>El exclusivo curado a baja temperatura de la tinta LED UV de Roland hace que la Serie S sea ideal para usar con una variedad de sustratos est\u00e1ndar y materiales no convencionales como acr\u00edlico, pl\u00e1stico, madera, vidrio, cuero, metal, etc.<\/p>\n<h2><strong>Descubra infinitas posibilidades de aplicaci\u00f3n<\/strong><\/h2>\n<hr \/>\n<p>Descubra un mundo de oportunidades rentables. Explore nuevos y emocionantes mercados. Imprima en objetos convencionales y no convencionales para uso en exteriores e interiores. La S-Series Flatbed es ideal para la producci\u00f3n en volumen de productos personalizados y art\u00edculos con marcas corporativas que antes se pod\u00edan serigrafiar y tampograf\u00eda. Vaya m\u00e1s all\u00e1 de simples bloques de color y texto para ofrecer im\u00e1genes fotogr\u00e1ficas, logotipos, etc. de alta calidad y a todo color.<\/p>\n<p>Adem\u00e1s, imprima en objetos inusuales como muebles, equipos musicales, art\u00edculos el\u00e9ctricos, etc.<\/p>\n<p>El dise\u00f1o robusto y las bases para trabajo pesado est\u00e1n construidos para se\u00f1alizaci\u00f3n grande y gr\u00e1ficos de pantalla, pantallas de punto de venta de alto impacto, aplicaciones de marcado industrial, prototipos de empaque, etc.<\/p>\n<h2><strong>Ofrezca productos premium verdaderamente \u00fanicos a sus clientes<\/strong><\/h2>\n<hr \/>\n<p>Para lograr un impacto visual poderoso en el dise\u00f1o de interiores, pantallas de puntos de venta, obras de arte, productos promocionales y letreros de una o dos caras, la cama plana de la serie S imprime impresionantes efectos especiales, incluidas texturas y efectos en relieve con tinta blanca ECO-UV y barniz.<\/p>\n<h2><strong>Personalice su cama plana de la serie S para satisfacer sus necesidades de producci\u00f3n<\/strong><\/h2>\n<hr \/>\n<p>Ya sea que est\u00e9 buscando aumentar sus capacidades de producci\u00f3n de fundas personalizadas para tel\u00e9fonos o imprimir en losas de m\u00e1rmol, hay una cama plana de la serie S que se adapta a todos los presupuestos, tama\u00f1os de espacios de trabajo y requisitos de producci\u00f3n de todos los tama\u00f1os.<\/p>\n<p>Con una selecci\u00f3n de 4 modelos, 2 anchos de base y 3 longitudes de base: 826 x 2090 mm, 1696 x 2090 mm, 1696 x 3090 y 1696 x 3818 mm.<\/p>\n<h2 style=\"text-align: center;\"><strong>ESPECIFICACIONES<\/strong><\/h2>\n<hr \/>\n<table width=\"682\">\n<tbody>\n<tr>\n<td colspan=\"2\" width=\"296\"><\/td>\n<td style=\"text-align: center;\" width=\"85\"><span style=\"color: #ffcc00;\"><b>LEC-330S-F200<\/b><\/span><\/td>\n<td style=\"text-align: center;\" width=\"85\"><span style=\"color: #ffcc00;\"><b>LEJ-640S-F200<\/b><\/span><\/td>\n<td style=\"text-align: center;\" width=\"108\"><span style=\"color: #ffcc00;\"><b>LEJ-640S-F300<\/b><\/span><\/td>\n<td style=\"text-align: center;\" width=\"108\"><span style=\"color: #ffcc00;\"><b>LEJ-640S-F400<\/b><\/span><\/td>\n<\/tr>\n<tr>\n<td colspan=\"2\" width=\"296\"><b>TECNOLOG\u00cdA DE IMPRESI\u00d3N<\/b><\/td>\n<td style=\"text-align: center;\" colspan=\"4\" width=\"386\">Cabezal de impresi\u00f3n de inyecci\u00f3n de tinta piezoel\u00e9ctrico<\/td>\n<\/tr>\n<tr>\n<td rowspan=\"3\" width=\"134\"><b>APOYOS ACEPTABLES<\/b><\/td>\n<td width=\"162\"><b>Ancho<\/b><\/td>\n<td style=\"text-align: center;\" width=\"85\">762 mm<\/td>\n<td style=\"text-align: center;\" colspan=\"3\" width=\"301\">1625 mm<\/td>\n<\/tr>\n<tr>\n<td width=\"162\"><b>Grosor\/Altura<\/b><\/td>\n<td style=\"text-align: center;\" colspan=\"4\" width=\"386\">0,01 a 200 mm<\/td>\n<\/tr>\n<tr>\n<td width=\"162\"><b>Peso de la superficie plana<\/b><\/td>\n<td style=\"text-align: center;\" colspan=\"4\" width=\"386\">100 kg\/m2<\/td>\n<\/tr>\n<tr>\n<td colspan=\"2\" width=\"296\"><b>DIMENSIONES DE LA BASE<\/b><\/td>\n<td style=\"text-align: center;\" width=\"85\">826 (L) x 2090 (P) mm<\/td>\n<td style=\"text-align: center;\" width=\"85\">1696 (L) x 2090 (P) mm<\/td>\n<td style=\"text-align: center;\" width=\"108\">1696 (L) x 3090 (P) mm<\/td>\n<td style=\"text-align: center;\" width=\"108\">1696 (L) x 3818 (P) mm<\/td>\n<\/tr>\n<tr>\n<td colspan=\"2\" width=\"296\"><b>DIMENSIONES DE IMPRESI\u00d3N<\/b><\/td>\n<td style=\"text-align: center;\" width=\"85\">736 (ancho) x 1420 (largo) x 200 (alto) mm<\/td>\n<td style=\"text-align: center;\" width=\"85\">1615 (ancho) x 1420 (largo) x 200 (alto) mm<\/td>\n<td style=\"text-align: center;\" width=\"108\">1615 (ancho) x 2500 (largo) x 200 (alto) mm<\/td>\n<td style=\"text-align: center;\" width=\"108\">1615 (ancho) x 3200 (largo) x 200 (alto) mm<\/td>\n<\/tr>\n<tr>\n<td rowspan=\"2\" width=\"134\"><b>CARTUCHOS DE TINTA<\/b><\/td>\n<td width=\"162\"><b>Tipo<\/b><\/td>\n<td style=\"text-align: center;\" colspan=\"4\" width=\"386\">Tinta Roland ECO-UV o ECO-UV S<\/td>\n<\/tr>\n<tr>\n<td width=\"162\"><b>Colores<\/b><\/td>\n<td style=\"text-align: center;\" colspan=\"4\" width=\"386\">Cian, Magenta, Amarillo, Negro, Blanco, Brillo<\/td>\n<\/tr>\n<tr>\n<td colspan=\"2\" width=\"296\"><b>AJUSTES DE TINTA<\/b><\/td>\n<td style=\"text-align: center;\" colspan=\"4\" width=\"386\">CMYKGlWh\/CMYKGlGl\/CMYKWhWh<\/td>\n<\/tr>\n<tr>\n<td rowspan=\"2\" width=\"134\"><b>SISTEMA DE VAC\u00cdO<\/b><\/td>\n<td width=\"162\"><b>Ventilador<\/b><\/td>\n<td style=\"text-align: center;\" colspan=\"2\" width=\"170\">1,5 kW (bif\u00e1sico con silenciador)<\/td>\n<td style=\"text-align: center;\" width=\"108\">3,0 (2 X 1,5) kW (trif\u00e1sica con silenciador)<\/td>\n<td style=\"text-align: center;\" width=\"108\">4,5 (3 x 1,5) kW (trif\u00e1sica con silenciador)<\/td>\n<\/tr>\n<tr>\n<td width=\"162\"><b>Zonas de vac\u00edo<\/b><\/td>\n<td style=\"text-align: center;\" colspan=\"2\" width=\"170\">1<\/td>\n<td style=\"text-align: center;\" width=\"108\">2<\/td>\n<td style=\"text-align: center;\" width=\"108\">3<\/td>\n<\/tr>\n<tr>\n<td colspan=\"2\" width=\"296\"><b>RESOLUCI\u00d3N DE IMPRESI\u00d3N<\/b><\/td>\n<td style=\"text-align: center;\" colspan=\"4\" width=\"386\">M\u00e1x. 1440 ppp<\/td>\n<\/tr>\n<tr>\n<td colspan=\"2\" width=\"296\"><b>M\u00c9TODO DE MOVIMIENTO<\/b><\/td>\n<td style=\"text-align: center;\" colspan=\"4\" width=\"386\">Motor paso a paso de alta resoluci\u00f3n<\/td>\n<\/tr>\n<tr>\n<td colspan=\"2\" width=\"296\"><b>PRECISI\u00d3N DE DISTANCIA<\/b><\/td>\n<td style=\"text-align: center;\" colspan=\"4\" width=\"386\">Error inferior a \u00b1 0,3 % de la distancia recorrida, o \u00b1 0,3 mm, lo que sea mayor<\/td>\n<\/tr>\n<tr>\n<td colspan=\"2\" width=\"296\"><b>PRECISI\u00d3N DE REPETICI\u00d3N HORIZONTAL<\/b><\/td>\n<td style=\"text-align: center;\" colspan=\"4\" width=\"386\">\u00b1 0,01 mm<\/td>\n<\/tr>\n<tr>\n<td colspan=\"2\" width=\"296\"><b>MODOS DE PRODUCCI\u00d3N<\/b><\/td>\n<td style=\"text-align: center;\" colspan=\"4\" width=\"386\">Continuo, descargado, retorno a origen, estratificado<\/td>\n<\/tr>\n<tr>\n<td colspan=\"2\" width=\"296\"><b>DEFINICI\u00d3N DE ALTURA DE SOPORTE<\/b><\/td>\n<td style=\"text-align: center;\" colspan=\"4\" width=\"386\">Manual, sensor autom\u00e1tico<\/td>\n<\/tr>\n<tr>\n<td colspan=\"2\" width=\"296\"><b>CONTROL DE SUPERFICIE<\/b><\/td>\n<td style=\"text-align: center;\" colspan=\"4\" width=\"386\">Manual, sensor autom\u00e1tico<\/td>\n<\/tr>\n<tr>\n<td colspan=\"2\" width=\"296\"><b>INTERFAZ DE CONTROL<\/b><\/td>\n<td style=\"text-align: center;\" colspan=\"4\" width=\"386\">Pantalla t\u00e1ctil LCD a color de 7\u2033<\/td>\n<\/tr>\n<tr>\n<td colspan=\"2\" width=\"296\"><b>INTERFAZ<\/b><\/td>\n<td style=\"text-align: center;\" colspan=\"4\" width=\"386\">Base Ethernet 10\/100<\/td>\n<\/tr>\n<tr>\n<td colspan=\"2\" width=\"296\"><b>FUNCI\u00d3N DE AHORRO<\/b><\/td>\n<td style=\"text-align: center;\" colspan=\"4\" width=\"386\">Funcionalidad autom\u00e1tica de bajo consumo<\/td>\n<\/tr>\n<tr>\n<td colspan=\"2\" width=\"296\"><b>REQUERIMIENTOS DE ENERG\u00cdA<\/b><\/td>\n<td style=\"text-align: center;\" colspan=\"2\" width=\"170\">230 V 16 A 2 P+E<\/td>\n<td style=\"text-align: center;\" colspan=\"2\" width=\"216\">400 V 16 A 3 P+N+E<\/td>\n<\/tr>\n<tr>\n<td rowspan=\"2\" width=\"134\"><b>CONSUMO DE ENERG\u00cdA<\/b><\/td>\n<td width=\"162\"><b>Impresi\u00f3n al vac\u00edo<\/b><\/td>\n<td style=\"text-align: center;\" colspan=\"2\" width=\"170\">M\u00e1x. 2,5 kw<\/td>\n<td style=\"text-align: center;\" width=\"108\">M\u00e1x. 4 kw<\/td>\n<td style=\"text-align: center;\" width=\"108\">M\u00e1x. 6 kw<\/td>\n<\/tr>\n<tr>\n<td width=\"162\"><b>Modo de bajo consumo<\/b><\/td>\n<td style=\"text-align: center;\" colspan=\"4\" width=\"386\">150 W<\/td>\n<\/tr>\n<tr>\n<td rowspan=\"2\" width=\"134\"><b>NIVEL DE RUIDO AC\u00daSTICO<\/b><\/td>\n<td width=\"162\"><b>Impresi\u00f3n al vac\u00edo<\/b><\/td>\n<td style=\"text-align: center;\" colspan=\"4\" width=\"386\">&lt; 70 dB<\/td>\n<\/tr>\n<tr>\n<td width=\"162\"><b>Durante el modo de suspensi\u00f3n<\/b><\/td>\n<td style=\"text-align: center;\" colspan=\"4\" width=\"386\">&lt; 40 dB<\/td>\n<\/tr>\n<tr>\n<td rowspan=\"2\" width=\"134\"><b>DIMENSIONES<\/b><\/td>\n<td width=\"162\"><b>Unidad de impresi\u00f3n<\/b><\/td>\n<td style=\"text-align: center;\" width=\"85\">2192 (ancho) x 2155 (profundidad) x 1780 (alto) mm<\/td>\n<td style=\"text-align: center;\" width=\"85\">3160 (ancho) x 2155 (profundidad) x 1780 (alto) mm<\/td>\n<td style=\"text-align: center;\" width=\"108\">3160 (ancho) x 3155 (profundidad) x 1780 (alto) mm<\/td>\n<td style=\"text-align: center;\" width=\"108\">3160 (ancho) x 3883 (profundidad) x 1780 (alto) mm<\/td>\n<\/tr>\n<tr>\n<td width=\"162\"><b>Torre de control<\/b><\/td>\n<td style=\"text-align: center;\" colspan=\"4\" width=\"386\">530 (ancho) x 530 (profundidad) x 1080 (alto) mm<\/td>\n<\/tr>\n<tr>\n<td colspan=\"2\" width=\"296\"><b>PESO<\/b><\/td>\n<td style=\"text-align: center;\" width=\"85\">450 kg<\/td>\n<td style=\"text-align: center;\" width=\"85\">650 kg<\/td>\n<td style=\"text-align: center;\" width=\"108\">800 kg<\/td>\n<td style=\"text-align: center;\" width=\"108\">1000 kg<\/td>\n<\/tr>\n<tr>\n<td colspan=\"2\" width=\"296\"><b>DISTRIBUCI\u00d3N DEL PESO<\/b><\/td>\n<td style=\"text-align: center;\" colspan=\"3\" width=\"278\">6 puntos (80 mm de di\u00e1metro)<\/td>\n<td style=\"text-align: center;\" width=\"108\">10 puntos (80 mm de di\u00e1metro)<\/td>\n<\/tr>\n<tr>\n<td rowspan=\"2\" width=\"134\"><b>AMBIENTE<\/b><\/td>\n<td width=\"162\"><b>Encendido<\/b><\/td>\n<td style=\"text-align: center;\" colspan=\"4\" width=\"386\"><b>Temperatura:<\/b> 20 a 32 \u00baC (68 a 90 \u00baF) (22 \u00baC [72 \u02daF] o m\u00e1s recomendado) | <b>Humedad relativa:<\/b> 35 a 80% (sin condensaci\u00f3n).<\/td>\n<\/tr>\n<tr>\n<td width=\"162\"><b>Apagado<\/b><\/td>\n<td style=\"text-align: center;\" colspan=\"4\" width=\"386\"><b>Temperatura:<\/b> 5 a 40 \u02daC | <b>Humedad relativa:<\/b> 20 a 80% (sin condensaci\u00f3n).<\/td>\n<\/tr>\n<tr>\n<td colspan=\"2\" width=\"296\"><b>ELEMENTOS DESTACADOS<\/b><\/td>\n<td style=\"text-align: center;\" colspan=\"4\" width=\"386\">Software RIP, manual de usuario, cable de alimentaci\u00f3n, kit de limpieza, herramientas de instalaci\u00f3n, etc.<\/td>\n<\/tr>\n<tr>\n<td colspan=\"2\" width=\"296\"><b>DIMENSIONES DE ENV\u00cdO<\/b><\/td>\n<td style=\"text-align: center;\" width=\"85\">2300 (ancho) x 1610 (profundidad) x 1870 (alto) mm<\/td>\n<td style=\"text-align: center;\" width=\"85\">3300 (ancho) x 2020 (fondo) x 1870 (alto) mm<\/td>\n<td style=\"text-align: center;\" width=\"108\">3300 (ancho) x 2020 (fondo) x 1870 (alto) mm<\/td>\n<td style=\"text-align: center;\" width=\"108\">3970 (ancho) x 2020 (profundidad) x 1870 (alto) mm<\/td>\n<\/tr>\n<tr>\n<td colspan=\"2\" width=\"296\"><b>PESO DE ENV\u00cdO<\/b><\/td>\n<td style=\"text-align: center;\" width=\"85\">550 kg (palet de 100 kg)<\/td>\n<td style=\"text-align: center;\" width=\"85\">800 kg (palet de 150 kg)<\/td>\n<td style=\"text-align: center;\" width=\"108\">950 kg (palet de 150 kg)<\/td>\n<td style=\"text-align: center;\" width=\"108\">1180 kg (paleta 180 kg)<\/td>\n<\/tr>\n<\/tbody>\n<\/table>\n<p style=\"text-align: center;\">","protected":false},"excerpt":{"rendered":"<p>Las impresoras planas de la serie S de VersaUV ofrecen la m\u00e1xima versatilidad en impresi\u00f3n UV para ir m\u00e1s all\u00e1 de la impresi\u00f3n a color tradicional y los sustratos convencionales.<\/p>","protected":false},"featured_media":1510,"template":"","meta":{"site-sidebar-layout":"default","site-content-layout":"default","ast-site-content-layout":"","site-content-style":"default","site-sidebar-style":"default","ast-global-header-display":"","ast-banner-title-visibility":"","ast-main-header-display":"","ast-hfb-above-header-display":"","ast-hfb-below-header-display":"","ast-hfb-mobile-header-display":"","site-post-title":"","ast-breadcrumbs-content":"","ast-featured-img":"","footer-sml-layout":"","theme-transparent-header-meta":"default","adv-header-id-meta":"","stick-header-meta":"","header-above-stick-meta":"","header-main-stick-meta":"","header-below-stick-meta":"","astra-migrate-meta-layouts":"default","ast-page-background-enabled":"default","ast-page-background-meta":{"desktop":{"background-color":"var(--ast-global-color-4)","background-image":"","background-repeat":"repeat","background-position":"center center","background-size":"auto","background-attachment":"scroll","background-type":"","background-media":"","overlay-type":"","overlay-color":"","overlay-gradient":""},"tablet":{"background-color":"","background-image":"","background-repeat":"repeat","background-position":"center center","background-size":"auto","background-attachment":"scroll","background-type":"","background-media":"","overlay-type":"","overlay-color":"","overlay-gradient":""},"mobile":{"background-color":"","background-image":"","background-repeat":"repeat","background-position":"center center","background-size":"auto","background-attachment":"scroll","background-type":"","background-media":"","overlay-type":"","overlay-color":"","overlay-gradient":""}},"ast-content-background-meta":{"desktop":{"background-color":"var(--ast-global-color-5)","background-image":"","background-repeat":"repeat","background-position":"center center","background-size":"auto","background-attachment":"scroll","background-type":"","background-media":"","overlay-type":"","overlay-color":"","overlay-gradient":""},"tablet":{"background-color":"var(--ast-global-color-5)","background-image":"","background-repeat":"repeat","background-position":"center center","background-size":"auto","background-attachment":"scroll","background-type":"","background-media":"","overlay-type":"","overlay-color":"","overlay-gradient":""},"mobile":{"background-color":"var(--ast-global-color-5)","background-image":"","background-repeat":"repeat","background-position":"center center","background-size":"auto","background-attachment":"scroll","background-type":"","background-media":"","overlay-type":"","overlay-color":"","overlay-gradient":""}}},"product_cat":[86],"product_tag":[],"class_list":{"0":"post-358","1":"product","2":"type-product","3":"status-publish","4":"has-post-thumbnail","6":"product_cat-uv","7":"desktop-align-left","8":"tablet-align-left","9":"mobile-align-left","11":"first","12":"instock","13":"shipping-taxable","14":"product-type-simple"},"yoast_head":"<!-- This site is optimized with the Yoast SEO plugin v22.2 - https:\/\/yoast.com\/wordpress\/plugins\/seo\/ -->\r\n<title>VERSA UV S\u00c9RIE S - Euninos<\/title>\r\n<meta name=\"robots\" content=\"index, follow, max-snippet:-1, max-image-preview:large, max-video-preview:-1\" \/>\r\n<link rel=\"canonical\" href=\"https:\/\/euninos.com\/es\/artigo\/versa-uv-serie-s\/\" \/>\r\n<meta property=\"og:locale\" content=\"es_ES\" \/>\r\n<meta property=\"og:type\" content=\"article\" \/>\r\n<meta property=\"og:title\" content=\"VERSA UV S\u00c9RIE S - Euninos\" \/>\r\n<meta property=\"og:description\" content=\"As impressoras de base plana VersaUV s\u00e9rie S oferecem a derradeira versatilidade em impress\u00e3o UV para irem al\u00e9m da impress\u00e3o a cores tradicional e substratos convencionais.\" \/>\r\n<meta property=\"og:url\" content=\"https:\/\/euninos.com\/es\/artigo\/versa-uv-serie-s\/\" \/>\r\n<meta property=\"og:site_name\" content=\"Euninos\" \/>\r\n<meta property=\"article:publisher\" content=\"https:\/\/www.facebook.com\/euninos\" \/>\r\n<meta property=\"article:modified_time\" content=\"2022-05-23T08:30:44+00:00\" \/>\r\n<meta property=\"og:image\" content=\"https:\/\/euninos.com\/wp-content\/uploads\/2022\/04\/s-series.jpg\" \/>\r\n\t<meta property=\"og:image:width\" content=\"1600\" \/>\r\n\t<meta property=\"og:image:height\" content=\"1080\" \/>\r\n\t<meta property=\"og:image:type\" content=\"image\/jpeg\" \/>\r\n<meta name=\"twitter:card\" content=\"summary_large_image\" \/>\r\n<meta name=\"twitter:label1\" content=\"Tiempo de lectura\" \/>\n\t<meta name=\"twitter:data1\" content=\"5 minutos\" \/>\r\n<script type=\"application\/ld+json\" class=\"yoast-schema-graph\">{\"@context\":\"https:\/\/schema.org\",\"@graph\":[{\"@type\":\"WebPage\",\"@id\":\"https:\/\/euninos.com\/artigo\/versa-uv-serie-s\/\",\"url\":\"https:\/\/euninos.com\/artigo\/versa-uv-serie-s\/\",\"name\":\"VERSA UV S\u00c9RIE S - Euninos\",\"isPartOf\":{\"@id\":\"https:\/\/euninos.com\/#website\"},\"primaryImageOfPage\":{\"@id\":\"https:\/\/euninos.com\/artigo\/versa-uv-serie-s\/#primaryimage\"},\"image\":{\"@id\":\"https:\/\/euninos.com\/artigo\/versa-uv-serie-s\/#primaryimage\"},\"thumbnailUrl\":\"https:\/\/euninos.com\/wp-content\/uploads\/2022\/04\/s-series.jpg\",\"datePublished\":\"2022-04-20T13:50:32+00:00\",\"dateModified\":\"2022-05-23T08:30:44+00:00\",\"breadcrumb\":{\"@id\":\"https:\/\/euninos.com\/artigo\/versa-uv-serie-s\/#breadcrumb\"},\"inLanguage\":\"es\",\"potentialAction\":[{\"@type\":\"ReadAction\",\"target\":[\"https:\/\/euninos.com\/artigo\/versa-uv-serie-s\/\"]}]},{\"@type\":\"ImageObject\",\"inLanguage\":\"es\",\"@id\":\"https:\/\/euninos.com\/artigo\/versa-uv-serie-s\/#primaryimage\",\"url\":\"https:\/\/euninos.com\/wp-content\/uploads\/2022\/04\/s-series.jpg\",\"contentUrl\":\"https:\/\/euninos.com\/wp-content\/uploads\/2022\/04\/s-series.jpg\",\"width\":1600,\"height\":1080},{\"@type\":\"BreadcrumbList\",\"@id\":\"https:\/\/euninos.com\/artigo\/versa-uv-serie-s\/#breadcrumb\",\"itemListElement\":[{\"@type\":\"ListItem\",\"position\":1,\"name\":\"Produtos\",\"item\":\"https:\/\/euninos.com\/produtos\/\"},{\"@type\":\"ListItem\",\"position\":2,\"name\":\"VERSA UV S\u00c9RIE S\"}]},{\"@type\":\"WebSite\",\"@id\":\"https:\/\/euninos.com\/#website\",\"url\":\"https:\/\/euninos.com\/\",\"name\":\"Euninos\",\"description\":\"Produtos de Impress\u00e3o e Corte\",\"publisher\":{\"@id\":\"https:\/\/euninos.com\/#organization\"},\"potentialAction\":[{\"@type\":\"SearchAction\",\"target\":{\"@type\":\"EntryPoint\",\"urlTemplate\":\"https:\/\/euninos.com\/?s={search_term_string}\"},\"query-input\":\"required name=search_term_string\"}],\"inLanguage\":\"es\"},{\"@type\":\"Organization\",\"@id\":\"https:\/\/euninos.com\/#organization\",\"name\":\"Euninos\",\"url\":\"https:\/\/euninos.com\/\",\"logo\":{\"@type\":\"ImageObject\",\"inLanguage\":\"es\",\"@id\":\"https:\/\/euninos.com\/#\/schema\/logo\/image\/\",\"url\":\"https:\/\/euninos.com\/wp-content\/uploads\/2022\/05\/cropped-logo-euninos-vector-Copia.png\",\"contentUrl\":\"https:\/\/euninos.com\/wp-content\/uploads\/2022\/05\/cropped-logo-euninos-vector-Copia.png\",\"width\":300,\"height\":170,\"caption\":\"Euninos\"},\"image\":{\"@id\":\"https:\/\/euninos.com\/#\/schema\/logo\/image\/\"},\"sameAs\":[\"https:\/\/www.facebook.com\/euninos\",\"https:\/\/www.instagram.com\/euninos.lda\",\"https:\/\/www.linkedin.com\/company\/euninos\",\"https:\/\/www.youtube.com\/c\/EuninosLda\"]}]}<\/script>\r\n<!-- \/ Yoast SEO plugin. -->","yoast_head_json":{"title":"VERSA UV S\u00c9RIE S - Euninos","robots":{"index":"index","follow":"follow","max-snippet":"max-snippet:-1","max-image-preview":"max-image-preview:large","max-video-preview":"max-video-preview:-1"},"canonical":"https:\/\/euninos.com\/es\/artigo\/versa-uv-serie-s\/","og_locale":"es_ES","og_type":"article","og_title":"VERSA UV S\u00c9RIE S - Euninos","og_description":"As impressoras de base plana VersaUV s\u00e9rie S oferecem a derradeira versatilidade em impress\u00e3o UV para irem al\u00e9m da impress\u00e3o a cores tradicional e substratos convencionais.","og_url":"https:\/\/euninos.com\/es\/artigo\/versa-uv-serie-s\/","og_site_name":"Euninos","article_publisher":"https:\/\/www.facebook.com\/euninos","article_modified_time":"2022-05-23T08:30:44+00:00","og_image":[{"width":1600,"height":1080,"url":"https:\/\/euninos.com\/wp-content\/uploads\/2022\/04\/s-series.jpg","type":"image\/jpeg"}],"twitter_card":"summary_large_image","twitter_misc":{"Tiempo de lectura":"5 minutos"},"schema":{"@context":"https:\/\/schema.org","@graph":[{"@type":"WebPage","@id":"https:\/\/euninos.com\/artigo\/versa-uv-serie-s\/","url":"https:\/\/euninos.com\/artigo\/versa-uv-serie-s\/","name":"VERSA UV S\u00c9RIE S - Euninos","isPartOf":{"@id":"https:\/\/euninos.com\/#website"},"primaryImageOfPage":{"@id":"https:\/\/euninos.com\/artigo\/versa-uv-serie-s\/#primaryimage"},"image":{"@id":"https:\/\/euninos.com\/artigo\/versa-uv-serie-s\/#primaryimage"},"thumbnailUrl":"https:\/\/euninos.com\/wp-content\/uploads\/2022\/04\/s-series.jpg","datePublished":"2022-04-20T13:50:32+00:00","dateModified":"2022-05-23T08:30:44+00:00","breadcrumb":{"@id":"https:\/\/euninos.com\/artigo\/versa-uv-serie-s\/#breadcrumb"},"inLanguage":"es","potentialAction":[{"@type":"ReadAction","target":["https:\/\/euninos.com\/artigo\/versa-uv-serie-s\/"]}]},{"@type":"ImageObject","inLanguage":"es","@id":"https:\/\/euninos.com\/artigo\/versa-uv-serie-s\/#primaryimage","url":"https:\/\/euninos.com\/wp-content\/uploads\/2022\/04\/s-series.jpg","contentUrl":"https:\/\/euninos.com\/wp-content\/uploads\/2022\/04\/s-series.jpg","width":1600,"height":1080},{"@type":"BreadcrumbList","@id":"https:\/\/euninos.com\/artigo\/versa-uv-serie-s\/#breadcrumb","itemListElement":[{"@type":"ListItem","position":1,"name":"Produtos","item":"https:\/\/euninos.com\/produtos\/"},{"@type":"ListItem","position":2,"name":"VERSA UV S\u00c9RIE S"}]},{"@type":"WebSite","@id":"https:\/\/euninos.com\/#website","url":"https:\/\/euninos.com\/","name":"Euninos","description":"Produtos de Impress\u00e3o e Corte","publisher":{"@id":"https:\/\/euninos.com\/#organization"},"potentialAction":[{"@type":"SearchAction","target":{"@type":"EntryPoint","urlTemplate":"https:\/\/euninos.com\/?s={search_term_string}"},"query-input":"required name=search_term_string"}],"inLanguage":"es"},{"@type":"Organization","@id":"https:\/\/euninos.com\/#organization","name":"Euninos","url":"https:\/\/euninos.com\/","logo":{"@type":"ImageObject","inLanguage":"es","@id":"https:\/\/euninos.com\/#\/schema\/logo\/image\/","url":"https:\/\/euninos.com\/wp-content\/uploads\/2022\/05\/cropped-logo-euninos-vector-Copia.png","contentUrl":"https:\/\/euninos.com\/wp-content\/uploads\/2022\/05\/cropped-logo-euninos-vector-Copia.png","width":300,"height":170,"caption":"Euninos"},"image":{"@id":"https:\/\/euninos.com\/#\/schema\/logo\/image\/"},"sameAs":["https:\/\/www.facebook.com\/euninos","https:\/\/www.instagram.com\/euninos.lda","https:\/\/www.linkedin.com\/company\/euninos","https:\/\/www.youtube.com\/c\/EuninosLda"]}]}},"_links":{"self":[{"href":"https:\/\/euninos.com\/es\/wp-json\/wp\/v2\/product\/358","targetHints":{"allow":["GET"]}}],"collection":[{"href":"https:\/\/euninos.com\/es\/wp-json\/wp\/v2\/product"}],"about":[{"href":"https:\/\/euninos.com\/es\/wp-json\/wp\/v2\/types\/product"}],"wp:featuredmedia":[{"embeddable":true,"href":"https:\/\/euninos.com\/es\/wp-json\/wp\/v2\/media\/1510"}],"wp:attachment":[{"href":"https:\/\/euninos.com\/es\/wp-json\/wp\/v2\/media?parent=358"}],"wp:term":[{"taxonomy":"product_cat","embeddable":true,"href":"https:\/\/euninos.com\/es\/wp-json\/wp\/v2\/product_cat?post=358"},{"taxonomy":"product_tag","embeddable":true,"href":"https:\/\/euninos.com\/es\/wp-json\/wp\/v2\/product_tag?post=358"}],"curies":[{"name":"wp","href":"https:\/\/api.w.org\/{rel}","templated":true}]}}