{"id":347,"date":"2022-04-20T13:50:31","date_gmt":"2022-04-20T13:50:31","guid":{"rendered":"https:\/\/euninos.com\/?post_type=product&#038;p=347"},"modified":"2022-05-26T12:05:13","modified_gmt":"2022-05-26T11:05:13","slug":"ultimate-print-supersoft-4033-matt","status":"publish","type":"product","link":"https:\/\/euninos.com\/es\/artigo\/ultimate-print-supersoft-4033-matt\/","title":{"rendered":"ULTIMATE PRINT SUPERSOFT 4033 MATT"},"content":{"rendered":"<p>Pel\u00edcula de transferencia textil de PU imprimible extremadamente delgada (blanco opaco, 90 \u03bc) con una resoluci\u00f3n de impresi\u00f3n brillante y una excelente resistencia al lavado. Revestimiento de PET no adhesivo.<\/p>\n<table width=\"595\">\n<tbody>\n<tr>\n<td width=\"65\"><b>\u00a0<\/b><\/td>\n<td style=\"text-align: center;\" width=\"86\"><span style=\"color: #800000;\"><b>PINTURAS<\/b><\/span><\/td>\n<td style=\"text-align: center;\" width=\"47\"><span style=\"color: #800000;\"><b>TIPO<\/b><\/span><\/td>\n<td style=\"text-align: center;\" width=\"95\"><span style=\"color: #800000;\"><b>OPACIDAD<\/b><\/span><\/td>\n<td style=\"text-align: center;\" width=\"113\"><span style=\"color: #800000;\"><b>MATE\/BRILLO<\/b><\/span><\/td>\n<td style=\"text-align: center;\" width=\"104\"><span style=\"color: #800000;\"><b>ESPESOR<\/b><\/span><\/td>\n<td style=\"text-align: center;\" width=\"85\"><span style=\"color: #800000;\"><b>LAVADO<\/b><\/span><\/td>\n<\/tr>\n<tr>\n<td width=\"65\">\n<p style=\"text-align: center;\"><b>EU4033<\/b><\/p>\n<\/td>\n<td style=\"text-align: center;\" width=\"86\">Solvente<\/p>\n<p>Eco-solvente<\/p>\n<p>Latex<\/td>\n<td style=\"text-align: center;\" width=\"47\">Vinilo adhesivo<\/td>\n<td style=\"text-align: center;\" width=\"95\">Opaco<\/td>\n<td style=\"text-align: center;\" width=\"113\">Mate<\/td>\n<td style=\"text-align: center;\" width=\"104\">50 micras<\/td>\n<td width=\"85\">\n<p style=\"text-align: center;\">60\u00ba<\/p>\n<\/td>\n<\/tr>\n<\/tbody>\n<\/table>\n<p><strong>*EU4030 certificado por oeko-tex \u00ae est\u00e1ndar 100<\/strong><\/p>\n<p style=\"text-align: center;\">","protected":false},"excerpt":{"rendered":"<p>Pel\u00edcula de transferencia textil de PU imprimible extremadamente delgada (blanco opaco, 90 \u03bc) con una resoluci\u00f3n de impresi\u00f3n brillante y una excelente resistencia al lavado. Revestimiento de PET no adhesivo.<\/p>","protected":false},"featured_media":1442,"template":"","meta":{"site-sidebar-layout":"default","site-content-layout":"default","ast-site-content-layout":"","site-content-style":"default","site-sidebar-style":"default","ast-global-header-display":"","ast-banner-title-visibility":"","ast-main-header-display":"","ast-hfb-above-header-display":"","ast-hfb-below-header-display":"","ast-hfb-mobile-header-display":"","site-post-title":"","ast-breadcrumbs-content":"","ast-featured-img":"","footer-sml-layout":"","theme-transparent-header-meta":"default","adv-header-id-meta":"","stick-header-meta":"","header-above-stick-meta":"","header-main-stick-meta":"","header-below-stick-meta":"","astra-migrate-meta-layouts":"default","ast-page-background-enabled":"default","ast-page-background-meta":{"desktop":{"background-color":"var(--ast-global-color-4)","background-image":"","background-repeat":"repeat","background-position":"center center","background-size":"auto","background-attachment":"scroll","background-type":"","background-media":"","overlay-type":"","overlay-color":"","overlay-gradient":""},"tablet":{"background-color":"","background-image":"","background-repeat":"repeat","background-position":"center center","background-size":"auto","background-attachment":"scroll","background-type":"","background-media":"","overlay-type":"","overlay-color":"","overlay-gradient":""},"mobile":{"background-color":"","background-image":"","background-repeat":"repeat","background-position":"center center","background-size":"auto","background-attachment":"scroll","background-type":"","background-media":"","overlay-type":"","overlay-color":"","overlay-gradient":""}},"ast-content-background-meta":{"desktop":{"background-color":"var(--ast-global-color-5)","background-image":"","background-repeat":"repeat","background-position":"center center","background-size":"auto","background-attachment":"scroll","background-type":"","background-media":"","overlay-type":"","overlay-color":"","overlay-gradient":""},"tablet":{"background-color":"var(--ast-global-color-5)","background-image":"","background-repeat":"repeat","background-position":"center center","background-size":"auto","background-attachment":"scroll","background-type":"","background-media":"","overlay-type":"","overlay-color":"","overlay-gradient":""},"mobile":{"background-color":"var(--ast-global-color-5)","background-image":"","background-repeat":"repeat","background-position":"center center","background-size":"auto","background-attachment":"scroll","background-type":"","background-media":"","overlay-type":"","overlay-color":"","overlay-gradient":""}}},"product_cat":[71],"product_tag":[],"class_list":{"0":"post-347","1":"product","2":"type-product","3":"status-publish","4":"has-post-thumbnail","6":"product_cat-material-impressao","7":"desktop-align-left","8":"tablet-align-left","9":"mobile-align-left","11":"first","12":"instock","13":"shipping-taxable","14":"product-type-simple"},"yoast_head":"<!-- This site is optimized with the Yoast SEO plugin v22.2 - https:\/\/yoast.com\/wordpress\/plugins\/seo\/ -->\r\n<title>ULTIMATE PRINT SUPERSOFT 4033 MATT - Euninos<\/title>\r\n<meta name=\"robots\" content=\"index, follow, max-snippet:-1, max-image-preview:large, max-video-preview:-1\" \/>\r\n<link rel=\"canonical\" href=\"https:\/\/euninos.com\/es\/artigo\/ultimate-print-supersoft-4033-matt\/\" \/>\r\n<meta property=\"og:locale\" content=\"es_ES\" \/>\r\n<meta property=\"og:type\" content=\"article\" \/>\r\n<meta property=\"og:title\" content=\"ULTIMATE PRINT SUPERSOFT 4033 MATT - Euninos\" \/>\r\n<meta property=\"og:description\" content=\"Pelicula de transfer\u00eancia t\u00eaxtil em PU, extremamente fina e imprim\u00edvel (branco opaco, 90\u03bc) com resolu\u00e7\u00e3o de impress\u00e3o brilhante e excelente resist\u00eancia \u00e0 lavagem. Revestimento PET n\u00e3o-adesivo.\" \/>\r\n<meta property=\"og:url\" content=\"https:\/\/euninos.com\/es\/artigo\/ultimate-print-supersoft-4033-matt\/\" \/>\r\n<meta property=\"og:site_name\" content=\"Euninos\" \/>\r\n<meta property=\"article:publisher\" content=\"https:\/\/www.facebook.com\/euninos\" \/>\r\n<meta property=\"article:modified_time\" content=\"2022-05-26T11:05:13+00:00\" \/>\r\n<meta property=\"og:image\" content=\"https:\/\/euninos.com\/wp-content\/uploads\/2022\/04\/4033.jpg\" \/>\r\n\t<meta property=\"og:image:width\" content=\"1600\" \/>\r\n\t<meta property=\"og:image:height\" content=\"1080\" \/>\r\n\t<meta property=\"og:image:type\" content=\"image\/jpeg\" \/>\r\n<meta name=\"twitter:card\" content=\"summary_large_image\" \/>\r\n<script type=\"application\/ld+json\" class=\"yoast-schema-graph\">{\"@context\":\"https:\/\/schema.org\",\"@graph\":[{\"@type\":\"WebPage\",\"@id\":\"https:\/\/euninos.com\/artigo\/ultimate-print-supersoft-4033-matt\/\",\"url\":\"https:\/\/euninos.com\/artigo\/ultimate-print-supersoft-4033-matt\/\",\"name\":\"ULTIMATE PRINT SUPERSOFT 4033 MATT - Euninos\",\"isPartOf\":{\"@id\":\"https:\/\/euninos.com\/#website\"},\"primaryImageOfPage\":{\"@id\":\"https:\/\/euninos.com\/artigo\/ultimate-print-supersoft-4033-matt\/#primaryimage\"},\"image\":{\"@id\":\"https:\/\/euninos.com\/artigo\/ultimate-print-supersoft-4033-matt\/#primaryimage\"},\"thumbnailUrl\":\"https:\/\/euninos.com\/wp-content\/uploads\/2022\/04\/4033.jpg\",\"datePublished\":\"2022-04-20T13:50:31+00:00\",\"dateModified\":\"2022-05-26T11:05:13+00:00\",\"breadcrumb\":{\"@id\":\"https:\/\/euninos.com\/artigo\/ultimate-print-supersoft-4033-matt\/#breadcrumb\"},\"inLanguage\":\"es\",\"potentialAction\":[{\"@type\":\"ReadAction\",\"target\":[\"https:\/\/euninos.com\/artigo\/ultimate-print-supersoft-4033-matt\/\"]}]},{\"@type\":\"ImageObject\",\"inLanguage\":\"es\",\"@id\":\"https:\/\/euninos.com\/artigo\/ultimate-print-supersoft-4033-matt\/#primaryimage\",\"url\":\"https:\/\/euninos.com\/wp-content\/uploads\/2022\/04\/4033.jpg\",\"contentUrl\":\"https:\/\/euninos.com\/wp-content\/uploads\/2022\/04\/4033.jpg\",\"width\":1600,\"height\":1080},{\"@type\":\"BreadcrumbList\",\"@id\":\"https:\/\/euninos.com\/artigo\/ultimate-print-supersoft-4033-matt\/#breadcrumb\",\"itemListElement\":[{\"@type\":\"ListItem\",\"position\":1,\"name\":\"Produtos\",\"item\":\"https:\/\/euninos.com\/produtos\/\"},{\"@type\":\"ListItem\",\"position\":2,\"name\":\"ULTIMATE PRINT SUPERSOFT 4033 MATT\"}]},{\"@type\":\"WebSite\",\"@id\":\"https:\/\/euninos.com\/#website\",\"url\":\"https:\/\/euninos.com\/\",\"name\":\"Euninos\",\"description\":\"Produtos de Impress\u00e3o e Corte\",\"publisher\":{\"@id\":\"https:\/\/euninos.com\/#organization\"},\"potentialAction\":[{\"@type\":\"SearchAction\",\"target\":{\"@type\":\"EntryPoint\",\"urlTemplate\":\"https:\/\/euninos.com\/?s={search_term_string}\"},\"query-input\":\"required name=search_term_string\"}],\"inLanguage\":\"es\"},{\"@type\":\"Organization\",\"@id\":\"https:\/\/euninos.com\/#organization\",\"name\":\"Euninos\",\"url\":\"https:\/\/euninos.com\/\",\"logo\":{\"@type\":\"ImageObject\",\"inLanguage\":\"es\",\"@id\":\"https:\/\/euninos.com\/#\/schema\/logo\/image\/\",\"url\":\"https:\/\/euninos.com\/wp-content\/uploads\/2022\/05\/cropped-logo-euninos-vector-Copia.png\",\"contentUrl\":\"https:\/\/euninos.com\/wp-content\/uploads\/2022\/05\/cropped-logo-euninos-vector-Copia.png\",\"width\":300,\"height\":170,\"caption\":\"Euninos\"},\"image\":{\"@id\":\"https:\/\/euninos.com\/#\/schema\/logo\/image\/\"},\"sameAs\":[\"https:\/\/www.facebook.com\/euninos\",\"https:\/\/www.instagram.com\/euninos.lda\",\"https:\/\/www.linkedin.com\/company\/euninos\",\"https:\/\/www.youtube.com\/c\/EuninosLda\"]}]}<\/script>\r\n<!-- \/ Yoast SEO plugin. -->","yoast_head_json":{"title":"ULTIMATE PRINT SUPERSOFT 4033 MATT - Euninos","robots":{"index":"index","follow":"follow","max-snippet":"max-snippet:-1","max-image-preview":"max-image-preview:large","max-video-preview":"max-video-preview:-1"},"canonical":"https:\/\/euninos.com\/es\/artigo\/ultimate-print-supersoft-4033-matt\/","og_locale":"es_ES","og_type":"article","og_title":"ULTIMATE PRINT SUPERSOFT 4033 MATT - Euninos","og_description":"Pelicula de transfer\u00eancia t\u00eaxtil em PU, extremamente fina e imprim\u00edvel (branco opaco, 90\u03bc) com resolu\u00e7\u00e3o de impress\u00e3o brilhante e excelente resist\u00eancia \u00e0 lavagem. Revestimento PET n\u00e3o-adesivo.","og_url":"https:\/\/euninos.com\/es\/artigo\/ultimate-print-supersoft-4033-matt\/","og_site_name":"Euninos","article_publisher":"https:\/\/www.facebook.com\/euninos","article_modified_time":"2022-05-26T11:05:13+00:00","og_image":[{"width":1600,"height":1080,"url":"https:\/\/euninos.com\/wp-content\/uploads\/2022\/04\/4033.jpg","type":"image\/jpeg"}],"twitter_card":"summary_large_image","schema":{"@context":"https:\/\/schema.org","@graph":[{"@type":"WebPage","@id":"https:\/\/euninos.com\/artigo\/ultimate-print-supersoft-4033-matt\/","url":"https:\/\/euninos.com\/artigo\/ultimate-print-supersoft-4033-matt\/","name":"ULTIMATE PRINT SUPERSOFT 4033 MATT - Euninos","isPartOf":{"@id":"https:\/\/euninos.com\/#website"},"primaryImageOfPage":{"@id":"https:\/\/euninos.com\/artigo\/ultimate-print-supersoft-4033-matt\/#primaryimage"},"image":{"@id":"https:\/\/euninos.com\/artigo\/ultimate-print-supersoft-4033-matt\/#primaryimage"},"thumbnailUrl":"https:\/\/euninos.com\/wp-content\/uploads\/2022\/04\/4033.jpg","datePublished":"2022-04-20T13:50:31+00:00","dateModified":"2022-05-26T11:05:13+00:00","breadcrumb":{"@id":"https:\/\/euninos.com\/artigo\/ultimate-print-supersoft-4033-matt\/#breadcrumb"},"inLanguage":"es","potentialAction":[{"@type":"ReadAction","target":["https:\/\/euninos.com\/artigo\/ultimate-print-supersoft-4033-matt\/"]}]},{"@type":"ImageObject","inLanguage":"es","@id":"https:\/\/euninos.com\/artigo\/ultimate-print-supersoft-4033-matt\/#primaryimage","url":"https:\/\/euninos.com\/wp-content\/uploads\/2022\/04\/4033.jpg","contentUrl":"https:\/\/euninos.com\/wp-content\/uploads\/2022\/04\/4033.jpg","width":1600,"height":1080},{"@type":"BreadcrumbList","@id":"https:\/\/euninos.com\/artigo\/ultimate-print-supersoft-4033-matt\/#breadcrumb","itemListElement":[{"@type":"ListItem","position":1,"name":"Produtos","item":"https:\/\/euninos.com\/produtos\/"},{"@type":"ListItem","position":2,"name":"ULTIMATE PRINT SUPERSOFT 4033 MATT"}]},{"@type":"WebSite","@id":"https:\/\/euninos.com\/#website","url":"https:\/\/euninos.com\/","name":"Euninos","description":"Produtos de Impress\u00e3o e Corte","publisher":{"@id":"https:\/\/euninos.com\/#organization"},"potentialAction":[{"@type":"SearchAction","target":{"@type":"EntryPoint","urlTemplate":"https:\/\/euninos.com\/?s={search_term_string}"},"query-input":"required name=search_term_string"}],"inLanguage":"es"},{"@type":"Organization","@id":"https:\/\/euninos.com\/#organization","name":"Euninos","url":"https:\/\/euninos.com\/","logo":{"@type":"ImageObject","inLanguage":"es","@id":"https:\/\/euninos.com\/#\/schema\/logo\/image\/","url":"https:\/\/euninos.com\/wp-content\/uploads\/2022\/05\/cropped-logo-euninos-vector-Copia.png","contentUrl":"https:\/\/euninos.com\/wp-content\/uploads\/2022\/05\/cropped-logo-euninos-vector-Copia.png","width":300,"height":170,"caption":"Euninos"},"image":{"@id":"https:\/\/euninos.com\/#\/schema\/logo\/image\/"},"sameAs":["https:\/\/www.facebook.com\/euninos","https:\/\/www.instagram.com\/euninos.lda","https:\/\/www.linkedin.com\/company\/euninos","https:\/\/www.youtube.com\/c\/EuninosLda"]}]}},"_links":{"self":[{"href":"https:\/\/euninos.com\/es\/wp-json\/wp\/v2\/product\/347","targetHints":{"allow":["GET"]}}],"collection":[{"href":"https:\/\/euninos.com\/es\/wp-json\/wp\/v2\/product"}],"about":[{"href":"https:\/\/euninos.com\/es\/wp-json\/wp\/v2\/types\/product"}],"wp:featuredmedia":[{"embeddable":true,"href":"https:\/\/euninos.com\/es\/wp-json\/wp\/v2\/media\/1442"}],"wp:attachment":[{"href":"https:\/\/euninos.com\/es\/wp-json\/wp\/v2\/media?parent=347"}],"wp:term":[{"taxonomy":"product_cat","embeddable":true,"href":"https:\/\/euninos.com\/es\/wp-json\/wp\/v2\/product_cat?post=347"},{"taxonomy":"product_tag","embeddable":true,"href":"https:\/\/euninos.com\/es\/wp-json\/wp\/v2\/product_tag?post=347"}],"curies":[{"name":"wp","href":"https:\/\/api.w.org\/{rel}","templated":true}]}}