{"id":332,"date":"2022-04-20T13:50:30","date_gmt":"2022-04-20T13:50:30","guid":{"rendered":"https:\/\/euninos.com\/?post_type=product&#038;p=332"},"modified":"2022-10-28T16:15:56","modified_gmt":"2022-10-28T15:15:56","slug":"poli-flex-blockout-soft","status":"publish","type":"product","link":"https:\/\/euninos.com\/es\/artigo\/poli-flex-blockout-soft\/","title":{"rendered":"POLI-FLEX\u00ae BLOCKOUT SOFT"},"content":{"rendered":"<p>POLI-FLEX\u00ae BLOCKOUT tiene una capa de bloqueo intermedia y est\u00e1 cubierto por un revestimiento autoadhesivo (125 \u00b5). Disponible en 11 colores.<\/p>\n<p>La aplicaci\u00f3n a baja temperatura otorga un tacto m\u00e1s suave y confortable, adem\u00e1s de evitar marcas de prensa en el tejido y dificultar a\u00fan m\u00e1s que se produzca la posible migraci\u00f3n de la sublimaci\u00f3n.<\/p>\n<h2 style=\"text-align: center;\">CONDICIONES DE TRANSFERENCIA<\/h2>\n<hr \/>\n<table width=\"720\">\n<tbody>\n<tr>\n<td style=\"text-align: center;\" width=\"229\"><span style=\"color: #800000;\"><b>MATERIAL<\/b><\/span><\/td>\n<td style=\"text-align: center;\" width=\"186\"><span style=\"color: #800000;\"><b>TEMPERATURA<\/b><\/span><\/td>\n<td style=\"text-align: center;\" width=\"154\"><span style=\"color: #800000;\"><b>TIEMPO<\/b><\/span><\/td>\n<td style=\"text-align: center;\" width=\"151\"><span style=\"color: #800000;\"><b>PRESI\u00d3N<\/b><\/span><\/td>\n<\/tr>\n<tr>\n<td style=\"text-align: center;\" width=\"229\">ALGOD\u00d3N<\/td>\n<td style=\"text-align: center;\" width=\"186\">160\u00baC<\/td>\n<td style=\"text-align: center;\" width=\"154\">15 seg.<\/td>\n<td style=\"text-align: center;\" width=\"151\">2,5-3,0 bar<\/td>\n<\/tr>\n<tr>\n<td style=\"text-align: center;\" width=\"229\">ALGOD\u00d3N-POLI\u00c9STER<\/td>\n<td style=\"text-align: center;\" width=\"186\">160\u00baC<\/td>\n<td style=\"text-align: center;\" width=\"154\">15 seg.<\/td>\n<td style=\"text-align: center;\" width=\"151\">2,5-3,0 bar<\/td>\n<\/tr>\n<tr>\n<td style=\"text-align: center;\" width=\"229\">POLI\u00c9STER ACR\u00cdLICO<\/td>\n<td style=\"text-align: center;\" width=\"186\">160\u00baC<\/td>\n<td style=\"text-align: center;\" width=\"154\">15 seg.<\/td>\n<td style=\"text-align: center;\" width=\"151\">2,5-3,0 bar<\/td>\n<\/tr>\n<tr>\n<td style=\"text-align: center;\" width=\"229\">POLI\u00c9STER<\/td>\n<td style=\"text-align: center;\" width=\"186\">160\u00baC<\/td>\n<td style=\"text-align: center;\" width=\"154\">15 seg.<\/td>\n<td style=\"text-align: center;\" width=\"151\">2,5-3,0 bar<\/td>\n<\/tr>\n<\/tbody>\n<\/table>\n<h2 style=\"text-align: center;\"><\/h2>\n<h2 style=\"text-align: center;\">RESISTENCIA AL LAVADO: 60\u00baC<\/h2>\n<hr \/>\n<p style=\"text-align: center;\">Solo color y detergente neutro. Lava la tela de adentro hacia afuera.<\/p>\n<p style=\"text-align: center;\"><a href=\"https:\/\/www.poli-tape.de\/en\/products\/textile-graphics\/poli-flex-blockout-soft\">Ver todas as cores<\/a><\/p>","protected":false},"excerpt":{"rendered":"<p>POLI-FLEX\u00ae BLOCKOUT tiene una capa de bloqueo intermedia y est\u00e1 cubierto por un revestimiento autoadhesivo (125 \u00b5). Disponible en 11 colores.<\/p>","protected":false},"featured_media":1411,"template":"","meta":{"site-sidebar-layout":"default","site-content-layout":"default","ast-site-content-layout":"","site-content-style":"default","site-sidebar-style":"default","ast-global-header-display":"","ast-banner-title-visibility":"","ast-main-header-display":"","ast-hfb-above-header-display":"","ast-hfb-below-header-display":"","ast-hfb-mobile-header-display":"","site-post-title":"","ast-breadcrumbs-content":"","ast-featured-img":"","footer-sml-layout":"","theme-transparent-header-meta":"default","adv-header-id-meta":"","stick-header-meta":"","header-above-stick-meta":"","header-main-stick-meta":"","header-below-stick-meta":"","astra-migrate-meta-layouts":"default","ast-page-background-enabled":"default","ast-page-background-meta":{"desktop":{"background-color":"var(--ast-global-color-4)","background-image":"","background-repeat":"repeat","background-position":"center center","background-size":"auto","background-attachment":"scroll","background-type":"","background-media":"","overlay-type":"","overlay-color":"","overlay-gradient":""},"tablet":{"background-color":"","background-image":"","background-repeat":"repeat","background-position":"center center","background-size":"auto","background-attachment":"scroll","background-type":"","background-media":"","overlay-type":"","overlay-color":"","overlay-gradient":""},"mobile":{"background-color":"","background-image":"","background-repeat":"repeat","background-position":"center center","background-size":"auto","background-attachment":"scroll","background-type":"","background-media":"","overlay-type":"","overlay-color":"","overlay-gradient":""}},"ast-content-background-meta":{"desktop":{"background-color":"var(--ast-global-color-5)","background-image":"","background-repeat":"repeat","background-position":"center center","background-size":"auto","background-attachment":"scroll","background-type":"","background-media":"","overlay-type":"","overlay-color":"","overlay-gradient":""},"tablet":{"background-color":"var(--ast-global-color-5)","background-image":"","background-repeat":"repeat","background-position":"center center","background-size":"auto","background-attachment":"scroll","background-type":"","background-media":"","overlay-type":"","overlay-color":"","overlay-gradient":""},"mobile":{"background-color":"var(--ast-global-color-5)","background-image":"","background-repeat":"repeat","background-position":"center center","background-size":"auto","background-attachment":"scroll","background-type":"","background-media":"","overlay-type":"","overlay-color":"","overlay-gradient":""}}},"product_cat":[72],"product_tag":[],"class_list":{"0":"post-332","1":"product","2":"type-product","3":"status-publish","4":"has-post-thumbnail","6":"product_cat-material-corte","7":"desktop-align-left","8":"tablet-align-left","9":"mobile-align-left","11":"first","12":"instock","13":"shipping-taxable","14":"product-type-simple"},"yoast_head":"<!-- This site is optimized with the Yoast SEO plugin v22.2 - https:\/\/yoast.com\/wordpress\/plugins\/seo\/ -->\r\n<title>POLI-FLEX\u00ae BLOCKOUT SOFT - Euninos<\/title>\r\n<meta name=\"robots\" content=\"index, follow, max-snippet:-1, max-image-preview:large, max-video-preview:-1\" \/>\r\n<link rel=\"canonical\" href=\"https:\/\/euninos.com\/es\/artigo\/poli-flex-blockout-soft\/\" \/>\r\n<meta property=\"og:locale\" content=\"es_ES\" \/>\r\n<meta property=\"og:type\" content=\"article\" \/>\r\n<meta property=\"og:title\" content=\"POLI-FLEX\u00ae BLOCKOUT SOFT - Euninos\" \/>\r\n<meta property=\"og:description\" content=\"O POLI-FLEX\u00ae BLOCKOUT possui uma camada intermedi\u00e1ria de bloqueio e \u00e9 coberto por um revestimento autoadesivo (125\u00b5). Dispon\u00edvel em 11 cores.\" \/>\r\n<meta property=\"og:url\" content=\"https:\/\/euninos.com\/es\/artigo\/poli-flex-blockout-soft\/\" \/>\r\n<meta property=\"og:site_name\" content=\"Euninos\" \/>\r\n<meta property=\"article:publisher\" content=\"https:\/\/www.facebook.com\/euninos\" \/>\r\n<meta property=\"article:modified_time\" content=\"2022-10-28T15:15:56+00:00\" \/>\r\n<meta property=\"og:image\" content=\"https:\/\/euninos.com\/wp-content\/uploads\/2022\/04\/blockout-soft.jpg\" \/>\r\n\t<meta property=\"og:image:width\" content=\"1600\" \/>\r\n\t<meta property=\"og:image:height\" content=\"1080\" \/>\r\n\t<meta property=\"og:image:type\" content=\"image\/jpeg\" \/>\r\n<meta name=\"twitter:card\" content=\"summary_large_image\" \/>\r\n<meta name=\"twitter:label1\" content=\"Tiempo de lectura\" \/>\n\t<meta name=\"twitter:data1\" content=\"1 minuto\" \/>\r\n<script type=\"application\/ld+json\" class=\"yoast-schema-graph\">{\"@context\":\"https:\/\/schema.org\",\"@graph\":[{\"@type\":\"WebPage\",\"@id\":\"https:\/\/euninos.com\/artigo\/poli-flex-blockout-soft\/\",\"url\":\"https:\/\/euninos.com\/artigo\/poli-flex-blockout-soft\/\",\"name\":\"POLI-FLEX\u00ae BLOCKOUT SOFT - Euninos\",\"isPartOf\":{\"@id\":\"https:\/\/euninos.com\/#website\"},\"primaryImageOfPage\":{\"@id\":\"https:\/\/euninos.com\/artigo\/poli-flex-blockout-soft\/#primaryimage\"},\"image\":{\"@id\":\"https:\/\/euninos.com\/artigo\/poli-flex-blockout-soft\/#primaryimage\"},\"thumbnailUrl\":\"https:\/\/euninos.com\/wp-content\/uploads\/2022\/04\/blockout-soft.jpg\",\"datePublished\":\"2022-04-20T13:50:30+00:00\",\"dateModified\":\"2022-10-28T15:15:56+00:00\",\"breadcrumb\":{\"@id\":\"https:\/\/euninos.com\/artigo\/poli-flex-blockout-soft\/#breadcrumb\"},\"inLanguage\":\"es\",\"potentialAction\":[{\"@type\":\"ReadAction\",\"target\":[\"https:\/\/euninos.com\/artigo\/poli-flex-blockout-soft\/\"]}]},{\"@type\":\"ImageObject\",\"inLanguage\":\"es\",\"@id\":\"https:\/\/euninos.com\/artigo\/poli-flex-blockout-soft\/#primaryimage\",\"url\":\"https:\/\/euninos.com\/wp-content\/uploads\/2022\/04\/blockout-soft.jpg\",\"contentUrl\":\"https:\/\/euninos.com\/wp-content\/uploads\/2022\/04\/blockout-soft.jpg\",\"width\":1600,\"height\":1080},{\"@type\":\"BreadcrumbList\",\"@id\":\"https:\/\/euninos.com\/artigo\/poli-flex-blockout-soft\/#breadcrumb\",\"itemListElement\":[{\"@type\":\"ListItem\",\"position\":1,\"name\":\"Produtos\",\"item\":\"https:\/\/euninos.com\/produtos\/\"},{\"@type\":\"ListItem\",\"position\":2,\"name\":\"POLI-FLEX\u00ae BLOCKOUT SOFT\"}]},{\"@type\":\"WebSite\",\"@id\":\"https:\/\/euninos.com\/#website\",\"url\":\"https:\/\/euninos.com\/\",\"name\":\"Euninos\",\"description\":\"Produtos de Impress\u00e3o e Corte\",\"publisher\":{\"@id\":\"https:\/\/euninos.com\/#organization\"},\"potentialAction\":[{\"@type\":\"SearchAction\",\"target\":{\"@type\":\"EntryPoint\",\"urlTemplate\":\"https:\/\/euninos.com\/?s={search_term_string}\"},\"query-input\":\"required name=search_term_string\"}],\"inLanguage\":\"es\"},{\"@type\":\"Organization\",\"@id\":\"https:\/\/euninos.com\/#organization\",\"name\":\"Euninos\",\"url\":\"https:\/\/euninos.com\/\",\"logo\":{\"@type\":\"ImageObject\",\"inLanguage\":\"es\",\"@id\":\"https:\/\/euninos.com\/#\/schema\/logo\/image\/\",\"url\":\"https:\/\/euninos.com\/wp-content\/uploads\/2022\/05\/cropped-logo-euninos-vector-Copia.png\",\"contentUrl\":\"https:\/\/euninos.com\/wp-content\/uploads\/2022\/05\/cropped-logo-euninos-vector-Copia.png\",\"width\":300,\"height\":170,\"caption\":\"Euninos\"},\"image\":{\"@id\":\"https:\/\/euninos.com\/#\/schema\/logo\/image\/\"},\"sameAs\":[\"https:\/\/www.facebook.com\/euninos\",\"https:\/\/www.instagram.com\/euninos.lda\",\"https:\/\/www.linkedin.com\/company\/euninos\",\"https:\/\/www.youtube.com\/c\/EuninosLda\"]}]}<\/script>\r\n<!-- \/ Yoast SEO plugin. -->","yoast_head_json":{"title":"POLI-FLEX\u00ae BLOCKOUT SOFT - Euninos","robots":{"index":"index","follow":"follow","max-snippet":"max-snippet:-1","max-image-preview":"max-image-preview:large","max-video-preview":"max-video-preview:-1"},"canonical":"https:\/\/euninos.com\/es\/artigo\/poli-flex-blockout-soft\/","og_locale":"es_ES","og_type":"article","og_title":"POLI-FLEX\u00ae BLOCKOUT SOFT - Euninos","og_description":"O POLI-FLEX\u00ae BLOCKOUT possui uma camada intermedi\u00e1ria de bloqueio e \u00e9 coberto por um revestimento autoadesivo (125\u00b5). Dispon\u00edvel em 11 cores.","og_url":"https:\/\/euninos.com\/es\/artigo\/poli-flex-blockout-soft\/","og_site_name":"Euninos","article_publisher":"https:\/\/www.facebook.com\/euninos","article_modified_time":"2022-10-28T15:15:56+00:00","og_image":[{"width":1600,"height":1080,"url":"https:\/\/euninos.com\/wp-content\/uploads\/2022\/04\/blockout-soft.jpg","type":"image\/jpeg"}],"twitter_card":"summary_large_image","twitter_misc":{"Tiempo de lectura":"1 minuto"},"schema":{"@context":"https:\/\/schema.org","@graph":[{"@type":"WebPage","@id":"https:\/\/euninos.com\/artigo\/poli-flex-blockout-soft\/","url":"https:\/\/euninos.com\/artigo\/poli-flex-blockout-soft\/","name":"POLI-FLEX\u00ae BLOCKOUT SOFT - Euninos","isPartOf":{"@id":"https:\/\/euninos.com\/#website"},"primaryImageOfPage":{"@id":"https:\/\/euninos.com\/artigo\/poli-flex-blockout-soft\/#primaryimage"},"image":{"@id":"https:\/\/euninos.com\/artigo\/poli-flex-blockout-soft\/#primaryimage"},"thumbnailUrl":"https:\/\/euninos.com\/wp-content\/uploads\/2022\/04\/blockout-soft.jpg","datePublished":"2022-04-20T13:50:30+00:00","dateModified":"2022-10-28T15:15:56+00:00","breadcrumb":{"@id":"https:\/\/euninos.com\/artigo\/poli-flex-blockout-soft\/#breadcrumb"},"inLanguage":"es","potentialAction":[{"@type":"ReadAction","target":["https:\/\/euninos.com\/artigo\/poli-flex-blockout-soft\/"]}]},{"@type":"ImageObject","inLanguage":"es","@id":"https:\/\/euninos.com\/artigo\/poli-flex-blockout-soft\/#primaryimage","url":"https:\/\/euninos.com\/wp-content\/uploads\/2022\/04\/blockout-soft.jpg","contentUrl":"https:\/\/euninos.com\/wp-content\/uploads\/2022\/04\/blockout-soft.jpg","width":1600,"height":1080},{"@type":"BreadcrumbList","@id":"https:\/\/euninos.com\/artigo\/poli-flex-blockout-soft\/#breadcrumb","itemListElement":[{"@type":"ListItem","position":1,"name":"Produtos","item":"https:\/\/euninos.com\/produtos\/"},{"@type":"ListItem","position":2,"name":"POLI-FLEX\u00ae BLOCKOUT SOFT"}]},{"@type":"WebSite","@id":"https:\/\/euninos.com\/#website","url":"https:\/\/euninos.com\/","name":"Euninos","description":"Produtos de Impress\u00e3o e Corte","publisher":{"@id":"https:\/\/euninos.com\/#organization"},"potentialAction":[{"@type":"SearchAction","target":{"@type":"EntryPoint","urlTemplate":"https:\/\/euninos.com\/?s={search_term_string}"},"query-input":"required name=search_term_string"}],"inLanguage":"es"},{"@type":"Organization","@id":"https:\/\/euninos.com\/#organization","name":"Euninos","url":"https:\/\/euninos.com\/","logo":{"@type":"ImageObject","inLanguage":"es","@id":"https:\/\/euninos.com\/#\/schema\/logo\/image\/","url":"https:\/\/euninos.com\/wp-content\/uploads\/2022\/05\/cropped-logo-euninos-vector-Copia.png","contentUrl":"https:\/\/euninos.com\/wp-content\/uploads\/2022\/05\/cropped-logo-euninos-vector-Copia.png","width":300,"height":170,"caption":"Euninos"},"image":{"@id":"https:\/\/euninos.com\/#\/schema\/logo\/image\/"},"sameAs":["https:\/\/www.facebook.com\/euninos","https:\/\/www.instagram.com\/euninos.lda","https:\/\/www.linkedin.com\/company\/euninos","https:\/\/www.youtube.com\/c\/EuninosLda"]}]}},"_links":{"self":[{"href":"https:\/\/euninos.com\/es\/wp-json\/wp\/v2\/product\/332","targetHints":{"allow":["GET"]}}],"collection":[{"href":"https:\/\/euninos.com\/es\/wp-json\/wp\/v2\/product"}],"about":[{"href":"https:\/\/euninos.com\/es\/wp-json\/wp\/v2\/types\/product"}],"wp:featuredmedia":[{"embeddable":true,"href":"https:\/\/euninos.com\/es\/wp-json\/wp\/v2\/media\/1411"}],"wp:attachment":[{"href":"https:\/\/euninos.com\/es\/wp-json\/wp\/v2\/media?parent=332"}],"wp:term":[{"taxonomy":"product_cat","embeddable":true,"href":"https:\/\/euninos.com\/es\/wp-json\/wp\/v2\/product_cat?post=332"},{"taxonomy":"product_tag","embeddable":true,"href":"https:\/\/euninos.com\/es\/wp-json\/wp\/v2\/product_tag?post=332"}],"curies":[{"name":"wp","href":"https:\/\/api.w.org\/{rel}","templated":true}]}}