{"id":331,"date":"2022-04-20T13:50:30","date_gmt":"2022-04-20T13:50:30","guid":{"rendered":"https:\/\/euninos.com\/?post_type=product&#038;p=331"},"modified":"2022-10-28T16:24:37","modified_gmt":"2022-10-28T15:24:37","slug":"poli-flex-nylon","status":"publish","type":"product","link":"https:\/\/euninos.com\/es\/artigo\/poli-flex-nylon\/","title":{"rendered":"POLI-FLEX\u00ae NYLON"},"content":{"rendered":"<p style=\"text-align: justify;\">POLI-FLEX\u00ae NYLON es una pel\u00edcula de transferencia con un adhesivo especial termoestable sobre tejidos hidrof\u00f3bicos y nylon (100\u00b5).<\/p>\n<p style=\"text-align: justify;\">O POLI-FLEX\u00ae NYLON proporciona, gra\u00e7as ao filme autoadesivo, excelentes propriedades de corte e remo\u00e7\u00e3o do excedente. Ecologicamente inerte tem excelentes propriedades de lavagem e limpeza e \u00e9 um agrad\u00e1vel toque t\u00eaxtil. N\u00e3o cont\u00eam PVC, plastificantes ou metais pesados (de acordo com a categoria 1 da\u00a0 OEKO-TEX\u00ae Standard 100).<\/p>\n<h2 style=\"text-align: center;\">CONDICIONES DE TRANSFERENCIA<\/h2>\n<hr \/>\n<table width=\"720\">\n<tbody>\n<tr>\n<td style=\"text-align: center;\" width=\"225\"><span style=\"color: #800000;\"><b>MATERIAL<\/b><\/span><\/td>\n<td style=\"text-align: center;\" width=\"150\"><span style=\"color: #800000;\"><b>TEMPERATURA<\/b><\/span><\/td>\n<td style=\"text-align: center;\" width=\"244\"><span style=\"color: #800000;\"><b>TIEMPO<\/b><\/span><\/td>\n<td style=\"text-align: center;\" width=\"101\"><span style=\"color: #800000;\"><b>PRESI\u00d3N<\/b><\/span><\/td>\n<\/tr>\n<tr>\n<td width=\"225\">\n<p style=\"text-align: center;\">T\u00caSTEIS IMPRAGNADOS (NYLON, ETC.)<\/p>\n<\/td>\n<td width=\"150\">\n<p style=\"text-align: center;\">145 &#8211; 150\u00baC<\/p>\n<\/td>\n<td width=\"244\">\n<p style=\"text-align: center;\">Pr\u00e9-prensagem: 4 seg.<\/p>\n<p style=\"text-align: center;\">Segunda prensagem: 10 seg.<\/p>\n<\/td>\n<td width=\"101\">\n<p style=\"text-align: center;\">2,5-3,0 bar<\/p>\n<\/td>\n<\/tr>\n<\/tbody>\n<\/table>\n<h2 style=\"text-align: center;\"><\/h2>\n<h2 style=\"text-align: center;\">RESIST\u00caNCIA\u00a0 \u00c0 LAVAGEM: 40\u00baC<\/h2>\n<hr \/>\n<p style=\"text-align: center;\">Apto para limpieza en seco; Percloroetileno (tetracloroetileno). Lava la tela de adentro hacia afuera.<\/p>\n<hr \/>\n<p style=\"text-align: center;\">Clique\u00a0<a href=\"https:\/\/www.poli-tape.de\/en\/products\/textile-graphics\/poli-flex-nylon\">aqui<\/a> para ver a gama de cores e respectivas refer\u00eancias.<\/p>","protected":false},"excerpt":{"rendered":"<p>POLI-FLEX\u00ae NYLON es una pel\u00edcula de transferencia con un adhesivo especial termoestable sobre tejidos hidrof\u00f3bicos y nylon (100\u00b5).<\/p>","protected":false},"featured_media":1408,"template":"","meta":{"site-sidebar-layout":"default","site-content-layout":"default","ast-site-content-layout":"","site-content-style":"default","site-sidebar-style":"default","ast-global-header-display":"","ast-banner-title-visibility":"","ast-main-header-display":"","ast-hfb-above-header-display":"","ast-hfb-below-header-display":"","ast-hfb-mobile-header-display":"","site-post-title":"","ast-breadcrumbs-content":"","ast-featured-img":"","footer-sml-layout":"","theme-transparent-header-meta":"default","adv-header-id-meta":"","stick-header-meta":"","header-above-stick-meta":"","header-main-stick-meta":"","header-below-stick-meta":"","astra-migrate-meta-layouts":"default","ast-page-background-enabled":"default","ast-page-background-meta":{"desktop":{"background-color":"var(--ast-global-color-4)","background-image":"","background-repeat":"repeat","background-position":"center center","background-size":"auto","background-attachment":"scroll","background-type":"","background-media":"","overlay-type":"","overlay-color":"","overlay-gradient":""},"tablet":{"background-color":"","background-image":"","background-repeat":"repeat","background-position":"center center","background-size":"auto","background-attachment":"scroll","background-type":"","background-media":"","overlay-type":"","overlay-color":"","overlay-gradient":""},"mobile":{"background-color":"","background-image":"","background-repeat":"repeat","background-position":"center center","background-size":"auto","background-attachment":"scroll","background-type":"","background-media":"","overlay-type":"","overlay-color":"","overlay-gradient":""}},"ast-content-background-meta":{"desktop":{"background-color":"var(--ast-global-color-5)","background-image":"","background-repeat":"repeat","background-position":"center center","background-size":"auto","background-attachment":"scroll","background-type":"","background-media":"","overlay-type":"","overlay-color":"","overlay-gradient":""},"tablet":{"background-color":"var(--ast-global-color-5)","background-image":"","background-repeat":"repeat","background-position":"center center","background-size":"auto","background-attachment":"scroll","background-type":"","background-media":"","overlay-type":"","overlay-color":"","overlay-gradient":""},"mobile":{"background-color":"var(--ast-global-color-5)","background-image":"","background-repeat":"repeat","background-position":"center center","background-size":"auto","background-attachment":"scroll","background-type":"","background-media":"","overlay-type":"","overlay-color":"","overlay-gradient":""}}},"product_cat":[72],"product_tag":[],"class_list":{"0":"post-331","1":"product","2":"type-product","3":"status-publish","4":"has-post-thumbnail","6":"product_cat-material-corte","7":"desktop-align-left","8":"tablet-align-left","9":"mobile-align-left","11":"first","12":"instock","13":"shipping-taxable","14":"product-type-simple"},"yoast_head":"<!-- This site is optimized with the Yoast SEO plugin v22.2 - https:\/\/yoast.com\/wordpress\/plugins\/seo\/ -->\r\n<title>POLI-FLEX\u00ae NYLON - Euninos<\/title>\r\n<meta name=\"robots\" content=\"index, follow, max-snippet:-1, max-image-preview:large, max-video-preview:-1\" \/>\r\n<link rel=\"canonical\" href=\"https:\/\/euninos.com\/es\/artigo\/poli-flex-nylon\/\" \/>\r\n<meta property=\"og:locale\" content=\"es_ES\" \/>\r\n<meta property=\"og:type\" content=\"article\" \/>\r\n<meta property=\"og:title\" content=\"POLI-FLEX\u00ae NYLON - Euninos\" \/>\r\n<meta property=\"og:description\" content=\"POLI-FLEX\u00ae NYLON \u00e9 um filme de transfer\u00eancia com um adesivo especial de fixa\u00e7\u00e3o t\u00e9rmica em tecidos hidrof\u00f3bicos e nylon (100\u00b5).\" \/>\r\n<meta property=\"og:url\" content=\"https:\/\/euninos.com\/es\/artigo\/poli-flex-nylon\/\" \/>\r\n<meta property=\"og:site_name\" content=\"Euninos\" \/>\r\n<meta property=\"article:publisher\" content=\"https:\/\/www.facebook.com\/euninos\" \/>\r\n<meta property=\"article:modified_time\" content=\"2022-10-28T15:24:37+00:00\" \/>\r\n<meta property=\"og:image\" content=\"https:\/\/euninos.com\/wp-content\/uploads\/2022\/04\/poli-flex-nylon.jpg\" \/>\r\n\t<meta property=\"og:image:width\" content=\"1600\" \/>\r\n\t<meta property=\"og:image:height\" content=\"1080\" \/>\r\n\t<meta property=\"og:image:type\" content=\"image\/jpeg\" \/>\r\n<meta name=\"twitter:card\" content=\"summary_large_image\" \/>\r\n<meta name=\"twitter:label1\" content=\"Tiempo de lectura\" \/>\n\t<meta name=\"twitter:data1\" content=\"1 minuto\" \/>\r\n<script type=\"application\/ld+json\" class=\"yoast-schema-graph\">{\"@context\":\"https:\/\/schema.org\",\"@graph\":[{\"@type\":\"WebPage\",\"@id\":\"https:\/\/euninos.com\/artigo\/poli-flex-nylon\/\",\"url\":\"https:\/\/euninos.com\/artigo\/poli-flex-nylon\/\",\"name\":\"POLI-FLEX\u00ae NYLON - Euninos\",\"isPartOf\":{\"@id\":\"https:\/\/euninos.com\/#website\"},\"primaryImageOfPage\":{\"@id\":\"https:\/\/euninos.com\/artigo\/poli-flex-nylon\/#primaryimage\"},\"image\":{\"@id\":\"https:\/\/euninos.com\/artigo\/poli-flex-nylon\/#primaryimage\"},\"thumbnailUrl\":\"https:\/\/euninos.com\/wp-content\/uploads\/2022\/04\/poli-flex-nylon.jpg\",\"datePublished\":\"2022-04-20T13:50:30+00:00\",\"dateModified\":\"2022-10-28T15:24:37+00:00\",\"breadcrumb\":{\"@id\":\"https:\/\/euninos.com\/artigo\/poli-flex-nylon\/#breadcrumb\"},\"inLanguage\":\"es\",\"potentialAction\":[{\"@type\":\"ReadAction\",\"target\":[\"https:\/\/euninos.com\/artigo\/poli-flex-nylon\/\"]}]},{\"@type\":\"ImageObject\",\"inLanguage\":\"es\",\"@id\":\"https:\/\/euninos.com\/artigo\/poli-flex-nylon\/#primaryimage\",\"url\":\"https:\/\/euninos.com\/wp-content\/uploads\/2022\/04\/poli-flex-nylon.jpg\",\"contentUrl\":\"https:\/\/euninos.com\/wp-content\/uploads\/2022\/04\/poli-flex-nylon.jpg\",\"width\":1600,\"height\":1080},{\"@type\":\"BreadcrumbList\",\"@id\":\"https:\/\/euninos.com\/artigo\/poli-flex-nylon\/#breadcrumb\",\"itemListElement\":[{\"@type\":\"ListItem\",\"position\":1,\"name\":\"Produtos\",\"item\":\"https:\/\/euninos.com\/produtos\/\"},{\"@type\":\"ListItem\",\"position\":2,\"name\":\"POLI-FLEX\u00ae NYLON\"}]},{\"@type\":\"WebSite\",\"@id\":\"https:\/\/euninos.com\/#website\",\"url\":\"https:\/\/euninos.com\/\",\"name\":\"Euninos\",\"description\":\"Produtos de Impress\u00e3o e Corte\",\"publisher\":{\"@id\":\"https:\/\/euninos.com\/#organization\"},\"potentialAction\":[{\"@type\":\"SearchAction\",\"target\":{\"@type\":\"EntryPoint\",\"urlTemplate\":\"https:\/\/euninos.com\/?s={search_term_string}\"},\"query-input\":\"required name=search_term_string\"}],\"inLanguage\":\"es\"},{\"@type\":\"Organization\",\"@id\":\"https:\/\/euninos.com\/#organization\",\"name\":\"Euninos\",\"url\":\"https:\/\/euninos.com\/\",\"logo\":{\"@type\":\"ImageObject\",\"inLanguage\":\"es\",\"@id\":\"https:\/\/euninos.com\/#\/schema\/logo\/image\/\",\"url\":\"https:\/\/euninos.com\/wp-content\/uploads\/2022\/05\/cropped-logo-euninos-vector-Copia.png\",\"contentUrl\":\"https:\/\/euninos.com\/wp-content\/uploads\/2022\/05\/cropped-logo-euninos-vector-Copia.png\",\"width\":300,\"height\":170,\"caption\":\"Euninos\"},\"image\":{\"@id\":\"https:\/\/euninos.com\/#\/schema\/logo\/image\/\"},\"sameAs\":[\"https:\/\/www.facebook.com\/euninos\",\"https:\/\/www.instagram.com\/euninos.lda\",\"https:\/\/www.linkedin.com\/company\/euninos\",\"https:\/\/www.youtube.com\/c\/EuninosLda\"]}]}<\/script>\r\n<!-- \/ Yoast SEO plugin. -->","yoast_head_json":{"title":"POLI-FLEX\u00ae NYLON - Euninos","robots":{"index":"index","follow":"follow","max-snippet":"max-snippet:-1","max-image-preview":"max-image-preview:large","max-video-preview":"max-video-preview:-1"},"canonical":"https:\/\/euninos.com\/es\/artigo\/poli-flex-nylon\/","og_locale":"es_ES","og_type":"article","og_title":"POLI-FLEX\u00ae NYLON - Euninos","og_description":"POLI-FLEX\u00ae NYLON \u00e9 um filme de transfer\u00eancia com um adesivo especial de fixa\u00e7\u00e3o t\u00e9rmica em tecidos hidrof\u00f3bicos e nylon (100\u00b5).","og_url":"https:\/\/euninos.com\/es\/artigo\/poli-flex-nylon\/","og_site_name":"Euninos","article_publisher":"https:\/\/www.facebook.com\/euninos","article_modified_time":"2022-10-28T15:24:37+00:00","og_image":[{"width":1600,"height":1080,"url":"https:\/\/euninos.com\/wp-content\/uploads\/2022\/04\/poli-flex-nylon.jpg","type":"image\/jpeg"}],"twitter_card":"summary_large_image","twitter_misc":{"Tiempo de lectura":"1 minuto"},"schema":{"@context":"https:\/\/schema.org","@graph":[{"@type":"WebPage","@id":"https:\/\/euninos.com\/artigo\/poli-flex-nylon\/","url":"https:\/\/euninos.com\/artigo\/poli-flex-nylon\/","name":"POLI-FLEX\u00ae NYLON - Euninos","isPartOf":{"@id":"https:\/\/euninos.com\/#website"},"primaryImageOfPage":{"@id":"https:\/\/euninos.com\/artigo\/poli-flex-nylon\/#primaryimage"},"image":{"@id":"https:\/\/euninos.com\/artigo\/poli-flex-nylon\/#primaryimage"},"thumbnailUrl":"https:\/\/euninos.com\/wp-content\/uploads\/2022\/04\/poli-flex-nylon.jpg","datePublished":"2022-04-20T13:50:30+00:00","dateModified":"2022-10-28T15:24:37+00:00","breadcrumb":{"@id":"https:\/\/euninos.com\/artigo\/poli-flex-nylon\/#breadcrumb"},"inLanguage":"es","potentialAction":[{"@type":"ReadAction","target":["https:\/\/euninos.com\/artigo\/poli-flex-nylon\/"]}]},{"@type":"ImageObject","inLanguage":"es","@id":"https:\/\/euninos.com\/artigo\/poli-flex-nylon\/#primaryimage","url":"https:\/\/euninos.com\/wp-content\/uploads\/2022\/04\/poli-flex-nylon.jpg","contentUrl":"https:\/\/euninos.com\/wp-content\/uploads\/2022\/04\/poli-flex-nylon.jpg","width":1600,"height":1080},{"@type":"BreadcrumbList","@id":"https:\/\/euninos.com\/artigo\/poli-flex-nylon\/#breadcrumb","itemListElement":[{"@type":"ListItem","position":1,"name":"Produtos","item":"https:\/\/euninos.com\/produtos\/"},{"@type":"ListItem","position":2,"name":"POLI-FLEX\u00ae NYLON"}]},{"@type":"WebSite","@id":"https:\/\/euninos.com\/#website","url":"https:\/\/euninos.com\/","name":"Euninos","description":"Produtos de Impress\u00e3o e Corte","publisher":{"@id":"https:\/\/euninos.com\/#organization"},"potentialAction":[{"@type":"SearchAction","target":{"@type":"EntryPoint","urlTemplate":"https:\/\/euninos.com\/?s={search_term_string}"},"query-input":"required name=search_term_string"}],"inLanguage":"es"},{"@type":"Organization","@id":"https:\/\/euninos.com\/#organization","name":"Euninos","url":"https:\/\/euninos.com\/","logo":{"@type":"ImageObject","inLanguage":"es","@id":"https:\/\/euninos.com\/#\/schema\/logo\/image\/","url":"https:\/\/euninos.com\/wp-content\/uploads\/2022\/05\/cropped-logo-euninos-vector-Copia.png","contentUrl":"https:\/\/euninos.com\/wp-content\/uploads\/2022\/05\/cropped-logo-euninos-vector-Copia.png","width":300,"height":170,"caption":"Euninos"},"image":{"@id":"https:\/\/euninos.com\/#\/schema\/logo\/image\/"},"sameAs":["https:\/\/www.facebook.com\/euninos","https:\/\/www.instagram.com\/euninos.lda","https:\/\/www.linkedin.com\/company\/euninos","https:\/\/www.youtube.com\/c\/EuninosLda"]}]}},"_links":{"self":[{"href":"https:\/\/euninos.com\/es\/wp-json\/wp\/v2\/product\/331","targetHints":{"allow":["GET"]}}],"collection":[{"href":"https:\/\/euninos.com\/es\/wp-json\/wp\/v2\/product"}],"about":[{"href":"https:\/\/euninos.com\/es\/wp-json\/wp\/v2\/types\/product"}],"wp:featuredmedia":[{"embeddable":true,"href":"https:\/\/euninos.com\/es\/wp-json\/wp\/v2\/media\/1408"}],"wp:attachment":[{"href":"https:\/\/euninos.com\/es\/wp-json\/wp\/v2\/media?parent=331"}],"wp:term":[{"taxonomy":"product_cat","embeddable":true,"href":"https:\/\/euninos.com\/es\/wp-json\/wp\/v2\/product_cat?post=331"},{"taxonomy":"product_tag","embeddable":true,"href":"https:\/\/euninos.com\/es\/wp-json\/wp\/v2\/product_tag?post=331"}],"curies":[{"name":"wp","href":"https:\/\/api.w.org\/{rel}","templated":true}]}}