{"id":322,"date":"2022-04-20T13:50:26","date_gmt":"2022-04-20T13:50:26","guid":{"rendered":"https:\/\/euninos.com\/?post_type=product&#038;p=322"},"modified":"2022-05-20T16:27:54","modified_gmt":"2022-05-20T16:27:54","slug":"tinta-eco-sol-max3","status":"publish","type":"product","link":"https:\/\/euninos.com\/es\/artigo\/tinta-eco-sol-max3\/","title":{"rendered":"Tinta Eco-Sol Max3"},"content":{"rendered":"<h2><strong>A nova gera\u00e7\u00e3o de tinta Roland<\/strong><\/h2>\n<hr \/>\n<p>Tiempos de secado m\u00e1s cortos, cartuchos m\u00e1s grandes, un precio m\u00e1s bajo por cc de tinta y un rendimiento general mejorado son solo algunas de las razones para actualizar a la ECO-SOL MAX 3. La nueva tinta se puede usar en todos los modelos actuales de impresoras eco-solventes de Roland. , impresoras\/cortadoras, as\u00ed como la mayor\u00eda de los modelos m\u00e1s antiguos.<\/p>\n<h2><strong>Certificaci\u00f3n GREENGUARD Gold<\/strong><\/h2>\n<hr \/>\n<p>ECO-SOL MAX 3 ofrece tranquilidad con la Certificaci\u00f3n GREENGUARD Gold, con la confianza de que la pintura corresponde a uno de los certificados m\u00e1s rigurosos y respetados, que valida la baja emisi\u00f3n de componentes org\u00e1nicos vol\u00e1tiles (COV) al aire en espacios interiores. Seguro de usar sin ventilaci\u00f3n especial o equipo de control ambiental, la certificaci\u00f3n de tinta GREENGUARD Gold tambi\u00e9n incluye factores de seguridad que aseguran que el producto sea aceptable en entornos sensibles como escuelas y hospitales.<\/p>\n<h2><strong>Los cartuchos m\u00e1s grandes satisfacen las necesidades de producci\u00f3n<\/strong><\/h2>\n<hr \/>\n<p>La tinta ECO-SOL MAX 3 est\u00e1 disponible en CMYK, Lc, Lm y Lk y puede combinarse con ECO-SOL MAX 2 blanco y metalizado (para m\u00e1quinas que utilicen estos colores). Con un paquete de 500cc, la ECO-SOL MAX 3 fue dise\u00f1ada para satisfacer las necesidades de aquellos clientes con centros de producci\u00f3n ocupados. Los cartuchos de 220 cc tambi\u00e9n est\u00e1n disponibles para clientes con menor volumen de producci\u00f3n<span style=\"color: #993300;\">*<\/span>.<\/p>\n<p><em><span style=\"color: #993300;\">*Los cartuchos de 500 cc est\u00e1n disponibles en CMYK, Lc, Lm y Lk. Los cartuchos de 200 cc est\u00e1n disponibles en CMYK.<\/span><\/em><\/p>\n<h2><strong>calidad impresionante<\/strong><\/h2>\n<hr \/>\n<p>El ECO-SOL MAX 3 tiene una gama de colores extremadamente amplia que le permite recrear colores ricos, vibrantes y s\u00f3lidos que se ven impresionantes de cerca o cuando se ven desde la distancia. La tinta negra clara mejora la reproducci\u00f3n de la escala de grises y la estabilidad de los tonos de piel o los colores naturales. Imprimiendo bellamente incluso los detalles m\u00e1s peque\u00f1os, la ECO-SOL MAX 3 har\u00e1 las delicias de los clientes m\u00e1s exigentes.<\/p>\n<h2><strong>El secado r\u00e1pido aumenta la productividad<\/strong><\/h2>\n<hr \/>\n<p>A tinta ECO-SOL MAX 3 seca mais r\u00e1pido. \u00a0Funcionando perfeitamente com uma grande quantidade de substratos, as suas impress\u00f5es podem ser trabalhadas assim que s\u00e3o produzidas pela m\u00e1quina. Quando utilizada em conjunto com o enrolador, a ECO-SOL MAX 3 permite-lhe alcan\u00e7ar produ\u00e7\u00f5es longas, desatendidas, inclusive em modo de impress\u00e3o r\u00e1pido.<\/p>\n<h2><strong>Alta durabilidad y resistencia a los ara\u00f1azos.<\/strong><\/h2>\n<hr \/>\n<p>Ideal para uso en interiores o exteriores, esta pintura dura y resistente a los rayones durar\u00e1 hasta 3 a\u00f1os en exteriores sin laminaci\u00f3n.<span style=\"color: #993300;\">*<\/span>. La ECO-SOL MAX 3 tambi\u00e9n es ideal para la producci\u00f3n de trabajos que requieren t\u00e9cnicas de acabado, ofreciendo una alta resistencia al rayado cuando se somete a los procesos de acabado m\u00e1s comunes, incluyendo soldadura, costura y aplicaci\u00f3n de ojales.<\/p>\n<p><em><span style=\"color: #993300;\">* La vida \u00fatil para uso en exteriores se basa en pruebas de aceleraci\u00f3n r\u00e1pida de simulaci\u00f3n ambiental. Los resultados pueden variar seg\u00fan la ubicaci\u00f3n geogr\u00e1fica y la aplicaci\u00f3n. La laminaci\u00f3n es necesaria para algunas aplicaciones y condiciones clim\u00e1ticas.<\/span><\/em><\/p>\n<h2><strong>Ahorre hasta un 10 % adicional en tinta<span style=\"color: #993300;\">*<\/span><\/strong><\/h2>\n<hr \/>\n<p>ECO-SOL MAX 3 es m\u00e1s grande, m\u00e1s eficaz y tiene un menor precio por cc de tinta.<\/p>\n<p><em><span style=\"color: #993300;\">*Los ahorros de tinta del 10% se analizaron siguiendo el est\u00e1ndar ISO N5A y utilizando vinilos gen\u00e9ricos y perfiles de impresi\u00f3n en diferentes impresoras Roland. El examen tuvo lugar entre enero y abril en el Centro de Pruebas de Europa Central de Roland DG. Gracias a la composici\u00f3n qu\u00edmica mejorada de las tintas, se produce un cambio en la gama de colores y, dependiendo de su uso, pueden requerirse nuevos perfiles de impresi\u00f3n. Los nuevos perfiles gen\u00e9ricos est\u00e1n disponibles en<\/span>\u00a0<a href=\"http:\/\/www.rolandprofilecenter.eu\/\">www.rolandprofilecenter.eu<\/a><\/em><\/p>\n<h2><strong>Gran elecci\u00f3n de materiales.<\/strong><\/h2>\n<hr \/>\n<p>La ECO-SOL MAX 3 puede imprimir sobre una amplia variedad de materiales estucados y no estucados, lo que le permite lograr una enorme versatilidad en cuanto a materiales de impresi\u00f3n. Independientemente de si imprime papel, vinilo, lienzo, lienzo, textiles revestidos, transferencia textil o m\u00e1s, la ECO-SOL MAX 3 ofrece un resultado de calidad.<\/p>\n<h2><strong>Una actualizaci\u00f3n de rendimiento para los clientes actuales<\/strong><\/h2>\n<hr \/>\n<p>El ECO-SOL MAX 3 se suministra con todas las m\u00e1quinas eco solventes de Roland DG en el mercado hoy en d\u00eda y est\u00e1 disponible para nuestros clientes existentes m\u00e1s leales como una mejora de rendimiento. Esta ic\u00f3nica tecnolog\u00eda de tinta eco-solvente est\u00e1 dise\u00f1ada para mejorar el rendimiento de las impresoras e impresoras\/cortadoras Roland VersaSTUDIO, VersaCAMM, VersaEXPRESS, SOLJET.<\/p>\n<h2><strong>Descarga gratuita de perfiles de impresi\u00f3n<\/strong><\/h2>\n<hr \/>\n<p>Tiene acceso a m\u00e1s de 1000 perfiles de materiales para la ECO-SOL MAX 3 a trav\u00e9s del Centro de perfiles de Roland. Encontrar, descargar, importar y convertir un perfil solo requiere unos pocos clics.<\/p>\n<p><a href=\"https:\/\/www.rolanddg.pt\/pt-pt\/roland-world\/blog\/como-converter-sua-impressora-para-nova-tinta-eco-sol-max-3\">Convers\u00e3o a ECO-SOL MAX3<\/a><\/p>","protected":false},"excerpt":{"rendered":"<p>La nueva tinta se puede utilizar en todas las impresoras, impresoras\/cortadoras eco-solventes actuales de Roland y en la mayor\u00eda de los modelos m\u00e1s antiguos.<\/p>","protected":false},"featured_media":1506,"template":"","meta":{"site-sidebar-layout":"default","site-content-layout":"default","ast-site-content-layout":"","site-content-style":"default","site-sidebar-style":"default","ast-global-header-display":"","ast-banner-title-visibility":"","ast-main-header-display":"","ast-hfb-above-header-display":"","ast-hfb-below-header-display":"","ast-hfb-mobile-header-display":"","site-post-title":"","ast-breadcrumbs-content":"","ast-featured-img":"","footer-sml-layout":"","theme-transparent-header-meta":"default","adv-header-id-meta":"","stick-header-meta":"","header-above-stick-meta":"","header-main-stick-meta":"","header-below-stick-meta":"","astra-migrate-meta-layouts":"default","ast-page-background-enabled":"default","ast-page-background-meta":{"desktop":{"background-color":"var(--ast-global-color-4)","background-image":"","background-repeat":"repeat","background-position":"center center","background-size":"auto","background-attachment":"scroll","background-type":"","background-media":"","overlay-type":"","overlay-color":"","overlay-gradient":""},"tablet":{"background-color":"","background-image":"","background-repeat":"repeat","background-position":"center center","background-size":"auto","background-attachment":"scroll","background-type":"","background-media":"","overlay-type":"","overlay-color":"","overlay-gradient":""},"mobile":{"background-color":"","background-image":"","background-repeat":"repeat","background-position":"center center","background-size":"auto","background-attachment":"scroll","background-type":"","background-media":"","overlay-type":"","overlay-color":"","overlay-gradient":""}},"ast-content-background-meta":{"desktop":{"background-color":"var(--ast-global-color-5)","background-image":"","background-repeat":"repeat","background-position":"center center","background-size":"auto","background-attachment":"scroll","background-type":"","background-media":"","overlay-type":"","overlay-color":"","overlay-gradient":""},"tablet":{"background-color":"var(--ast-global-color-5)","background-image":"","background-repeat":"repeat","background-position":"center center","background-size":"auto","background-attachment":"scroll","background-type":"","background-media":"","overlay-type":"","overlay-color":"","overlay-gradient":""},"mobile":{"background-color":"var(--ast-global-color-5)","background-image":"","background-repeat":"repeat","background-position":"center center","background-size":"auto","background-attachment":"scroll","background-type":"","background-media":"","overlay-type":"","overlay-color":"","overlay-gradient":""}}},"product_cat":[58],"product_tag":[],"class_list":{"0":"post-322","1":"product","2":"type-product","3":"status-publish","4":"has-post-thumbnail","6":"product_cat-tintas","7":"desktop-align-left","8":"tablet-align-left","9":"mobile-align-left","11":"first","12":"instock","13":"shipping-taxable","14":"product-type-simple"},"yoast_head":"<!-- This site is optimized with the Yoast SEO plugin v22.2 - https:\/\/yoast.com\/wordpress\/plugins\/seo\/ -->\r\n<title>Tinta Eco-Sol Max3 - Euninos<\/title>\r\n<meta name=\"robots\" content=\"index, follow, max-snippet:-1, max-image-preview:large, max-video-preview:-1\" \/>\r\n<link rel=\"canonical\" href=\"https:\/\/euninos.com\/es\/artigo\/tinta-eco-sol-max3\/\" \/>\r\n<meta property=\"og:locale\" content=\"es_ES\" \/>\r\n<meta property=\"og:type\" content=\"article\" \/>\r\n<meta property=\"og:title\" content=\"Tinta Eco-Sol Max3 - Euninos\" \/>\r\n<meta property=\"og:description\" content=\"A nova tinta pode ser utilizada em todos os modelos atuais de impressoras Roland ecossolvente, impressoras\/cortadoras e tamb\u00e9m a maioria dos modelos mais antigos.\" \/>\r\n<meta property=\"og:url\" content=\"https:\/\/euninos.com\/es\/artigo\/tinta-eco-sol-max3\/\" \/>\r\n<meta property=\"og:site_name\" content=\"Euninos\" \/>\r\n<meta property=\"article:publisher\" content=\"https:\/\/www.facebook.com\/euninos\" \/>\r\n<meta property=\"article:modified_time\" content=\"2022-05-20T16:27:54+00:00\" \/>\r\n<meta property=\"og:image\" content=\"https:\/\/euninos.com\/wp-content\/uploads\/2022\/04\/eco-sol-3.png\" \/>\r\n\t<meta property=\"og:image:width\" content=\"1600\" \/>\r\n\t<meta property=\"og:image:height\" content=\"1080\" \/>\r\n\t<meta property=\"og:image:type\" content=\"image\/png\" \/>\r\n<meta name=\"twitter:card\" content=\"summary_large_image\" \/>\r\n<meta name=\"twitter:label1\" content=\"Tiempo de lectura\" \/>\n\t<meta name=\"twitter:data1\" content=\"5 minutos\" \/>\r\n<script type=\"application\/ld+json\" class=\"yoast-schema-graph\">{\"@context\":\"https:\/\/schema.org\",\"@graph\":[{\"@type\":\"WebPage\",\"@id\":\"https:\/\/euninos.com\/artigo\/tinta-eco-sol-max3\/\",\"url\":\"https:\/\/euninos.com\/artigo\/tinta-eco-sol-max3\/\",\"name\":\"Tinta Eco-Sol Max3 - Euninos\",\"isPartOf\":{\"@id\":\"https:\/\/euninos.com\/#website\"},\"primaryImageOfPage\":{\"@id\":\"https:\/\/euninos.com\/artigo\/tinta-eco-sol-max3\/#primaryimage\"},\"image\":{\"@id\":\"https:\/\/euninos.com\/artigo\/tinta-eco-sol-max3\/#primaryimage\"},\"thumbnailUrl\":\"https:\/\/euninos.com\/wp-content\/uploads\/2022\/04\/eco-sol-3.png\",\"datePublished\":\"2022-04-20T13:50:26+00:00\",\"dateModified\":\"2022-05-20T16:27:54+00:00\",\"breadcrumb\":{\"@id\":\"https:\/\/euninos.com\/artigo\/tinta-eco-sol-max3\/#breadcrumb\"},\"inLanguage\":\"es\",\"potentialAction\":[{\"@type\":\"ReadAction\",\"target\":[\"https:\/\/euninos.com\/artigo\/tinta-eco-sol-max3\/\"]}]},{\"@type\":\"ImageObject\",\"inLanguage\":\"es\",\"@id\":\"https:\/\/euninos.com\/artigo\/tinta-eco-sol-max3\/#primaryimage\",\"url\":\"https:\/\/euninos.com\/wp-content\/uploads\/2022\/04\/eco-sol-3.png\",\"contentUrl\":\"https:\/\/euninos.com\/wp-content\/uploads\/2022\/04\/eco-sol-3.png\",\"width\":1600,\"height\":1080},{\"@type\":\"BreadcrumbList\",\"@id\":\"https:\/\/euninos.com\/artigo\/tinta-eco-sol-max3\/#breadcrumb\",\"itemListElement\":[{\"@type\":\"ListItem\",\"position\":1,\"name\":\"Produtos\",\"item\":\"https:\/\/euninos.com\/produtos\/\"},{\"@type\":\"ListItem\",\"position\":2,\"name\":\"Tinta Eco-Sol Max3\"}]},{\"@type\":\"WebSite\",\"@id\":\"https:\/\/euninos.com\/#website\",\"url\":\"https:\/\/euninos.com\/\",\"name\":\"Euninos\",\"description\":\"Produtos de Impress\u00e3o e Corte\",\"publisher\":{\"@id\":\"https:\/\/euninos.com\/#organization\"},\"potentialAction\":[{\"@type\":\"SearchAction\",\"target\":{\"@type\":\"EntryPoint\",\"urlTemplate\":\"https:\/\/euninos.com\/?s={search_term_string}\"},\"query-input\":\"required name=search_term_string\"}],\"inLanguage\":\"es\"},{\"@type\":\"Organization\",\"@id\":\"https:\/\/euninos.com\/#organization\",\"name\":\"Euninos\",\"url\":\"https:\/\/euninos.com\/\",\"logo\":{\"@type\":\"ImageObject\",\"inLanguage\":\"es\",\"@id\":\"https:\/\/euninos.com\/#\/schema\/logo\/image\/\",\"url\":\"https:\/\/euninos.com\/wp-content\/uploads\/2022\/05\/cropped-logo-euninos-vector-Copia.png\",\"contentUrl\":\"https:\/\/euninos.com\/wp-content\/uploads\/2022\/05\/cropped-logo-euninos-vector-Copia.png\",\"width\":300,\"height\":170,\"caption\":\"Euninos\"},\"image\":{\"@id\":\"https:\/\/euninos.com\/#\/schema\/logo\/image\/\"},\"sameAs\":[\"https:\/\/www.facebook.com\/euninos\",\"https:\/\/www.instagram.com\/euninos.lda\",\"https:\/\/www.linkedin.com\/company\/euninos\",\"https:\/\/www.youtube.com\/c\/EuninosLda\"]}]}<\/script>\r\n<!-- \/ Yoast SEO plugin. -->","yoast_head_json":{"title":"Tinta Eco-Sol Max3 - Euninos","robots":{"index":"index","follow":"follow","max-snippet":"max-snippet:-1","max-image-preview":"max-image-preview:large","max-video-preview":"max-video-preview:-1"},"canonical":"https:\/\/euninos.com\/es\/artigo\/tinta-eco-sol-max3\/","og_locale":"es_ES","og_type":"article","og_title":"Tinta Eco-Sol Max3 - Euninos","og_description":"A nova tinta pode ser utilizada em todos os modelos atuais de impressoras Roland ecossolvente, impressoras\/cortadoras e tamb\u00e9m a maioria dos modelos mais antigos.","og_url":"https:\/\/euninos.com\/es\/artigo\/tinta-eco-sol-max3\/","og_site_name":"Euninos","article_publisher":"https:\/\/www.facebook.com\/euninos","article_modified_time":"2022-05-20T16:27:54+00:00","og_image":[{"width":1600,"height":1080,"url":"https:\/\/euninos.com\/wp-content\/uploads\/2022\/04\/eco-sol-3.png","type":"image\/png"}],"twitter_card":"summary_large_image","twitter_misc":{"Tiempo de lectura":"5 minutos"},"schema":{"@context":"https:\/\/schema.org","@graph":[{"@type":"WebPage","@id":"https:\/\/euninos.com\/artigo\/tinta-eco-sol-max3\/","url":"https:\/\/euninos.com\/artigo\/tinta-eco-sol-max3\/","name":"Tinta Eco-Sol Max3 - Euninos","isPartOf":{"@id":"https:\/\/euninos.com\/#website"},"primaryImageOfPage":{"@id":"https:\/\/euninos.com\/artigo\/tinta-eco-sol-max3\/#primaryimage"},"image":{"@id":"https:\/\/euninos.com\/artigo\/tinta-eco-sol-max3\/#primaryimage"},"thumbnailUrl":"https:\/\/euninos.com\/wp-content\/uploads\/2022\/04\/eco-sol-3.png","datePublished":"2022-04-20T13:50:26+00:00","dateModified":"2022-05-20T16:27:54+00:00","breadcrumb":{"@id":"https:\/\/euninos.com\/artigo\/tinta-eco-sol-max3\/#breadcrumb"},"inLanguage":"es","potentialAction":[{"@type":"ReadAction","target":["https:\/\/euninos.com\/artigo\/tinta-eco-sol-max3\/"]}]},{"@type":"ImageObject","inLanguage":"es","@id":"https:\/\/euninos.com\/artigo\/tinta-eco-sol-max3\/#primaryimage","url":"https:\/\/euninos.com\/wp-content\/uploads\/2022\/04\/eco-sol-3.png","contentUrl":"https:\/\/euninos.com\/wp-content\/uploads\/2022\/04\/eco-sol-3.png","width":1600,"height":1080},{"@type":"BreadcrumbList","@id":"https:\/\/euninos.com\/artigo\/tinta-eco-sol-max3\/#breadcrumb","itemListElement":[{"@type":"ListItem","position":1,"name":"Produtos","item":"https:\/\/euninos.com\/produtos\/"},{"@type":"ListItem","position":2,"name":"Tinta Eco-Sol Max3"}]},{"@type":"WebSite","@id":"https:\/\/euninos.com\/#website","url":"https:\/\/euninos.com\/","name":"Euninos","description":"Produtos de Impress\u00e3o e Corte","publisher":{"@id":"https:\/\/euninos.com\/#organization"},"potentialAction":[{"@type":"SearchAction","target":{"@type":"EntryPoint","urlTemplate":"https:\/\/euninos.com\/?s={search_term_string}"},"query-input":"required name=search_term_string"}],"inLanguage":"es"},{"@type":"Organization","@id":"https:\/\/euninos.com\/#organization","name":"Euninos","url":"https:\/\/euninos.com\/","logo":{"@type":"ImageObject","inLanguage":"es","@id":"https:\/\/euninos.com\/#\/schema\/logo\/image\/","url":"https:\/\/euninos.com\/wp-content\/uploads\/2022\/05\/cropped-logo-euninos-vector-Copia.png","contentUrl":"https:\/\/euninos.com\/wp-content\/uploads\/2022\/05\/cropped-logo-euninos-vector-Copia.png","width":300,"height":170,"caption":"Euninos"},"image":{"@id":"https:\/\/euninos.com\/#\/schema\/logo\/image\/"},"sameAs":["https:\/\/www.facebook.com\/euninos","https:\/\/www.instagram.com\/euninos.lda","https:\/\/www.linkedin.com\/company\/euninos","https:\/\/www.youtube.com\/c\/EuninosLda"]}]}},"_links":{"self":[{"href":"https:\/\/euninos.com\/es\/wp-json\/wp\/v2\/product\/322","targetHints":{"allow":["GET"]}}],"collection":[{"href":"https:\/\/euninos.com\/es\/wp-json\/wp\/v2\/product"}],"about":[{"href":"https:\/\/euninos.com\/es\/wp-json\/wp\/v2\/types\/product"}],"wp:featuredmedia":[{"embeddable":true,"href":"https:\/\/euninos.com\/es\/wp-json\/wp\/v2\/media\/1506"}],"wp:attachment":[{"href":"https:\/\/euninos.com\/es\/wp-json\/wp\/v2\/media?parent=322"}],"wp:term":[{"taxonomy":"product_cat","embeddable":true,"href":"https:\/\/euninos.com\/es\/wp-json\/wp\/v2\/product_cat?post=322"},{"taxonomy":"product_tag","embeddable":true,"href":"https:\/\/euninos.com\/es\/wp-json\/wp\/v2\/product_tag?post=322"}],"curies":[{"name":"wp","href":"https:\/\/api.w.org\/{rel}","templated":true}]}}