{"id":321,"date":"2022-04-20T13:50:26","date_gmt":"2022-04-20T13:50:26","guid":{"rendered":"https:\/\/euninos.com\/?post_type=product&#038;p=321"},"modified":"2022-05-20T16:28:04","modified_gmt":"2022-05-20T16:28:04","slug":"tinta-eco-sol-max2","status":"publish","type":"product","link":"https:\/\/euninos.com\/es\/artigo\/tinta-eco-sol-max2\/","title":{"rendered":"Tinta Eco-Sol Max2"},"content":{"rendered":"<h2><strong>A mais recente tinta eco-solvente<\/strong><\/h2>\n<hr \/>\n<p>ECO-SOL MAX2 recibi\u00f3 un premio EDP a la mejor tecnolog\u00eda de tinta solvente de nueva generaci\u00f3n. Es la \u00faltima generaci\u00f3n de la galardonada tinta eco-solvente de Roland DG. La pintura funciona bien en todos los aspectos relevantes: durabilidad exterior, resistencia a los rayones, resistencia qu\u00edmica y gama de colores. Adem\u00e1s, la tinta es compatible con la m\u00e1s amplia gama de soportes del mercado. Gracias a su nueva composici\u00f3n, la tinta puede crear im\u00e1genes a\u00fan m\u00e1s n\u00edtidas. Adem\u00e1s, ECO-SOL MAX2 est\u00e1 completamente libre de n\u00edquel.<\/p>\n<h2><strong>El negro claro marca la diferencia<\/strong><\/h2>\n<hr \/>\n<p>ECO-SOL MAX2 est\u00e1 disponible en un nuevo color de tinta: negro claro. Esto asegura gradaciones de escala de grises uniformes. Esto tambi\u00e9n mejora la estabilidad de los tonos de piel y otros tonos naturales. De esta manera, cada detalle de una imagen se refleja maravillosamente en todos sus carteles, pantallas retroiluminadas, calcoman\u00edas para autom\u00f3viles y m\u00e1s.<\/p>\n<h2><strong>Blanco y plateado metalizado a\u00fan mejor.<\/strong><\/h2>\n<hr \/>\n<p>Con plata met\u00e1lica, puede crear m\u00e1s de 500 colores met\u00e1licos. La nueva generaci\u00f3n de tintas met\u00e1licas contiene pigmentos m\u00e1s reflectantes, proporcionando colores m\u00e1s brillantes. Tambi\u00e9n se cambi\u00f3 la composici\u00f3n de la tinta blanca. La opacidad es significativamente mayor, lo que mejora en gran medida el brillo del texto y las im\u00e1genes.<\/p>\n<h2><strong>Incre\u00edblemente f\u00e1cil de usar<\/strong><\/h2>\n<hr \/>\n<p>ECO-SOL MAX2 es una tinta solvente suave que pr\u00e1cticamente no tiene olor. Para usarlo, no necesita instalar un sistema de ventilaci\u00f3n, lo que significa que puede usarse en un entorno de oficina o en un lugar de trabajo. La tinta viene en pr\u00e1cticos cartuchos de 440 ml que simplemente coloca en la impresora (la tinta blanca y met\u00e1lica vienen en cartuchos de 220 ml). El chip incorporado garantiza que reciba una notificaci\u00f3n cuando el cartucho est\u00e9 casi vac\u00edo.<\/p>\n<h2><strong>calidad impresionante<\/strong><\/h2>\n<hr \/>\n<p>ECO-SOL MAX2 est\u00e1 disponible en una amplia gama de colores, es extremadamente estable y se seca r\u00e1pidamente. La densidad de esta tinta es muy buena, lo que significa que el consumo de tinta es limitado. La tinta se mantiene fija durante tres a\u00f1os.<span style=\"color: #993300;\">*<\/span> cuando se usa al aire libre sin laminado. Las gradaciones y los detalles m\u00e1s peque\u00f1os se imprimen maravillosamente, incluso a altas velocidades. Y lo que es m\u00e1s, con esta tinta, puede imprimir una amplia gama de materiales estucados y no estucados.<\/p>\n<p><span style=\"color: #993300;\"><em>* La vida \u00fatil para uso en exteriores se basa en pruebas clim\u00e1ticas aceleradas. Los resultados pueden variar seg\u00fan la ubicaci\u00f3n y la aplicaci\u00f3n. La laminaci\u00f3n es necesaria para algunas aplicaciones y condiciones clim\u00e1ticas.<\/em><\/span><\/p>\n<h2 style=\"text-align: center;\"><strong>Colores<\/strong><\/h2>\n<hr \/>\n<table width=\"337\">\n<tbody>\n<tr>\n<td style=\"text-align: center;\" width=\"337\"><span style=\"color: #800000;\"><b>ESL4-4CY: <\/b><\/span>Cian, 440cc<\/td>\n<\/tr>\n<tr>\n<td style=\"text-align: center;\" width=\"337\"><span style=\"color: #800000;\"><b>ESL4-4MG: <\/b><\/span>Magenta, 440 cc<\/td>\n<\/tr>\n<tr>\n<td style=\"text-align: center;\" width=\"337\"><span style=\"color: #800000;\"><b>ESL4-4YE: <\/b><\/span>Amarillo, 440cc<\/td>\n<\/tr>\n<tr>\n<td style=\"text-align: center;\" width=\"337\"><span style=\"color: #800000;\"><b>ESL4-4BK: <\/b><\/span>Negro, 440cc<\/td>\n<\/tr>\n<tr>\n<td style=\"text-align: center;\" width=\"337\"><span style=\"color: #800000;\"><b>ESL4-4LC: <\/b><\/span>Cian claro, 440 cc<\/td>\n<\/tr>\n<tr>\n<td style=\"text-align: center;\" width=\"337\"><span style=\"color: #800000;\"><b>ESL4-4LM: <\/b><\/span>Magenta claro, 440 cc<\/td>\n<\/tr>\n<tr>\n<td style=\"text-align: center;\" width=\"337\"><b><span style=\"color: #800000;\">ESL4-4LK:<\/span> <\/b>Negro claro, 440 cc<\/td>\n<\/tr>\n<tr>\n<td style=\"text-align: center;\" width=\"337\"><span style=\"color: #800000;\"><b>ESL4-MT: <\/b><\/span>Plata Met\u00e1lica, 220cc<\/td>\n<\/tr>\n<tr>\n<td style=\"text-align: center;\" width=\"337\"><span style=\"color: #800000;\"><b>ESL4-WH: <\/b><\/span>Blanco, 220cc<\/td>\n<\/tr>\n<\/tbody>\n<\/table>","protected":false},"excerpt":{"rendered":"<p>Es la \u00faltima generaci\u00f3n de la galardonada tinta eco-solvente de Roland DG. La pintura funciona bien en todos los aspectos relevantes: durabilidad exterior, resistencia a los rayones, resistencia qu\u00edmica y gama de colores.<\/p>","protected":false},"featured_media":1508,"template":"","meta":{"site-sidebar-layout":"default","site-content-layout":"default","ast-site-content-layout":"","site-content-style":"default","site-sidebar-style":"default","ast-global-header-display":"","ast-banner-title-visibility":"","ast-main-header-display":"","ast-hfb-above-header-display":"","ast-hfb-below-header-display":"","ast-hfb-mobile-header-display":"","site-post-title":"","ast-breadcrumbs-content":"","ast-featured-img":"","footer-sml-layout":"","theme-transparent-header-meta":"default","adv-header-id-meta":"","stick-header-meta":"","header-above-stick-meta":"","header-main-stick-meta":"","header-below-stick-meta":"","astra-migrate-meta-layouts":"default","ast-page-background-enabled":"default","ast-page-background-meta":{"desktop":{"background-color":"var(--ast-global-color-4)","background-image":"","background-repeat":"repeat","background-position":"center center","background-size":"auto","background-attachment":"scroll","background-type":"","background-media":"","overlay-type":"","overlay-color":"","overlay-gradient":""},"tablet":{"background-color":"","background-image":"","background-repeat":"repeat","background-position":"center center","background-size":"auto","background-attachment":"scroll","background-type":"","background-media":"","overlay-type":"","overlay-color":"","overlay-gradient":""},"mobile":{"background-color":"","background-image":"","background-repeat":"repeat","background-position":"center center","background-size":"auto","background-attachment":"scroll","background-type":"","background-media":"","overlay-type":"","overlay-color":"","overlay-gradient":""}},"ast-content-background-meta":{"desktop":{"background-color":"var(--ast-global-color-5)","background-image":"","background-repeat":"repeat","background-position":"center center","background-size":"auto","background-attachment":"scroll","background-type":"","background-media":"","overlay-type":"","overlay-color":"","overlay-gradient":""},"tablet":{"background-color":"var(--ast-global-color-5)","background-image":"","background-repeat":"repeat","background-position":"center center","background-size":"auto","background-attachment":"scroll","background-type":"","background-media":"","overlay-type":"","overlay-color":"","overlay-gradient":""},"mobile":{"background-color":"var(--ast-global-color-5)","background-image":"","background-repeat":"repeat","background-position":"center center","background-size":"auto","background-attachment":"scroll","background-type":"","background-media":"","overlay-type":"","overlay-color":"","overlay-gradient":""}}},"product_cat":[58],"product_tag":[],"class_list":{"0":"post-321","1":"product","2":"type-product","3":"status-publish","4":"has-post-thumbnail","6":"product_cat-tintas","7":"desktop-align-left","8":"tablet-align-left","9":"mobile-align-left","11":"first","12":"instock","13":"shipping-taxable","14":"product-type-simple"},"yoast_head":"<!-- This site is optimized with the Yoast SEO plugin v22.2 - https:\/\/yoast.com\/wordpress\/plugins\/seo\/ -->\r\n<title>Tinta Eco-Sol Max2 - Euninos<\/title>\r\n<meta name=\"robots\" content=\"index, follow, max-snippet:-1, max-image-preview:large, max-video-preview:-1\" \/>\r\n<link rel=\"canonical\" href=\"https:\/\/euninos.com\/es\/artigo\/tinta-eco-sol-max2\/\" \/>\r\n<meta property=\"og:locale\" content=\"es_ES\" \/>\r\n<meta property=\"og:type\" content=\"article\" \/>\r\n<meta property=\"og:title\" content=\"Tinta Eco-Sol Max2 - Euninos\" \/>\r\n<meta property=\"og:description\" content=\"\u00c9 a \u00faltima gera\u00e7\u00e3o de tinta ecossolvente premiada da Roland DG. A tinta tem um bom desempenho em todos os aspetos relevantes: a durabilidade exterior, resist\u00eancia a arranh\u00f5es, resist\u00eancia qu\u00edmica e gama de cores.\" \/>\r\n<meta property=\"og:url\" content=\"https:\/\/euninos.com\/es\/artigo\/tinta-eco-sol-max2\/\" \/>\r\n<meta property=\"og:site_name\" content=\"Euninos\" \/>\r\n<meta property=\"article:publisher\" content=\"https:\/\/www.facebook.com\/euninos\" \/>\r\n<meta property=\"article:modified_time\" content=\"2022-05-20T16:28:04+00:00\" \/>\r\n<meta property=\"og:image\" content=\"https:\/\/euninos.com\/wp-content\/uploads\/2022\/04\/eco-sol-2.png\" \/>\r\n\t<meta property=\"og:image:width\" content=\"1600\" \/>\r\n\t<meta property=\"og:image:height\" content=\"1080\" \/>\r\n\t<meta property=\"og:image:type\" content=\"image\/png\" \/>\r\n<meta name=\"twitter:card\" content=\"summary_large_image\" \/>\r\n<meta name=\"twitter:label1\" content=\"Tiempo de lectura\" \/>\n\t<meta name=\"twitter:data1\" content=\"3 minutos\" \/>\r\n<script type=\"application\/ld+json\" class=\"yoast-schema-graph\">{\"@context\":\"https:\/\/schema.org\",\"@graph\":[{\"@type\":\"WebPage\",\"@id\":\"https:\/\/euninos.com\/artigo\/tinta-eco-sol-max2\/\",\"url\":\"https:\/\/euninos.com\/artigo\/tinta-eco-sol-max2\/\",\"name\":\"Tinta Eco-Sol Max2 - Euninos\",\"isPartOf\":{\"@id\":\"https:\/\/euninos.com\/#website\"},\"primaryImageOfPage\":{\"@id\":\"https:\/\/euninos.com\/artigo\/tinta-eco-sol-max2\/#primaryimage\"},\"image\":{\"@id\":\"https:\/\/euninos.com\/artigo\/tinta-eco-sol-max2\/#primaryimage\"},\"thumbnailUrl\":\"https:\/\/euninos.com\/wp-content\/uploads\/2022\/04\/eco-sol-2.png\",\"datePublished\":\"2022-04-20T13:50:26+00:00\",\"dateModified\":\"2022-05-20T16:28:04+00:00\",\"breadcrumb\":{\"@id\":\"https:\/\/euninos.com\/artigo\/tinta-eco-sol-max2\/#breadcrumb\"},\"inLanguage\":\"es\",\"potentialAction\":[{\"@type\":\"ReadAction\",\"target\":[\"https:\/\/euninos.com\/artigo\/tinta-eco-sol-max2\/\"]}]},{\"@type\":\"ImageObject\",\"inLanguage\":\"es\",\"@id\":\"https:\/\/euninos.com\/artigo\/tinta-eco-sol-max2\/#primaryimage\",\"url\":\"https:\/\/euninos.com\/wp-content\/uploads\/2022\/04\/eco-sol-2.png\",\"contentUrl\":\"https:\/\/euninos.com\/wp-content\/uploads\/2022\/04\/eco-sol-2.png\",\"width\":1600,\"height\":1080},{\"@type\":\"BreadcrumbList\",\"@id\":\"https:\/\/euninos.com\/artigo\/tinta-eco-sol-max2\/#breadcrumb\",\"itemListElement\":[{\"@type\":\"ListItem\",\"position\":1,\"name\":\"Produtos\",\"item\":\"https:\/\/euninos.com\/produtos\/\"},{\"@type\":\"ListItem\",\"position\":2,\"name\":\"Tinta Eco-Sol Max2\"}]},{\"@type\":\"WebSite\",\"@id\":\"https:\/\/euninos.com\/#website\",\"url\":\"https:\/\/euninos.com\/\",\"name\":\"Euninos\",\"description\":\"Produtos de Impress\u00e3o e Corte\",\"publisher\":{\"@id\":\"https:\/\/euninos.com\/#organization\"},\"potentialAction\":[{\"@type\":\"SearchAction\",\"target\":{\"@type\":\"EntryPoint\",\"urlTemplate\":\"https:\/\/euninos.com\/?s={search_term_string}\"},\"query-input\":\"required name=search_term_string\"}],\"inLanguage\":\"es\"},{\"@type\":\"Organization\",\"@id\":\"https:\/\/euninos.com\/#organization\",\"name\":\"Euninos\",\"url\":\"https:\/\/euninos.com\/\",\"logo\":{\"@type\":\"ImageObject\",\"inLanguage\":\"es\",\"@id\":\"https:\/\/euninos.com\/#\/schema\/logo\/image\/\",\"url\":\"https:\/\/euninos.com\/wp-content\/uploads\/2022\/05\/cropped-logo-euninos-vector-Copia.png\",\"contentUrl\":\"https:\/\/euninos.com\/wp-content\/uploads\/2022\/05\/cropped-logo-euninos-vector-Copia.png\",\"width\":300,\"height\":170,\"caption\":\"Euninos\"},\"image\":{\"@id\":\"https:\/\/euninos.com\/#\/schema\/logo\/image\/\"},\"sameAs\":[\"https:\/\/www.facebook.com\/euninos\",\"https:\/\/www.instagram.com\/euninos.lda\",\"https:\/\/www.linkedin.com\/company\/euninos\",\"https:\/\/www.youtube.com\/c\/EuninosLda\"]}]}<\/script>\r\n<!-- \/ Yoast SEO plugin. -->","yoast_head_json":{"title":"Tinta Eco-Sol Max2 - Euninos","robots":{"index":"index","follow":"follow","max-snippet":"max-snippet:-1","max-image-preview":"max-image-preview:large","max-video-preview":"max-video-preview:-1"},"canonical":"https:\/\/euninos.com\/es\/artigo\/tinta-eco-sol-max2\/","og_locale":"es_ES","og_type":"article","og_title":"Tinta Eco-Sol Max2 - Euninos","og_description":"\u00c9 a \u00faltima gera\u00e7\u00e3o de tinta ecossolvente premiada da Roland DG. A tinta tem um bom desempenho em todos os aspetos relevantes: a durabilidade exterior, resist\u00eancia a arranh\u00f5es, resist\u00eancia qu\u00edmica e gama de cores.","og_url":"https:\/\/euninos.com\/es\/artigo\/tinta-eco-sol-max2\/","og_site_name":"Euninos","article_publisher":"https:\/\/www.facebook.com\/euninos","article_modified_time":"2022-05-20T16:28:04+00:00","og_image":[{"width":1600,"height":1080,"url":"https:\/\/euninos.com\/wp-content\/uploads\/2022\/04\/eco-sol-2.png","type":"image\/png"}],"twitter_card":"summary_large_image","twitter_misc":{"Tiempo de lectura":"3 minutos"},"schema":{"@context":"https:\/\/schema.org","@graph":[{"@type":"WebPage","@id":"https:\/\/euninos.com\/artigo\/tinta-eco-sol-max2\/","url":"https:\/\/euninos.com\/artigo\/tinta-eco-sol-max2\/","name":"Tinta Eco-Sol Max2 - Euninos","isPartOf":{"@id":"https:\/\/euninos.com\/#website"},"primaryImageOfPage":{"@id":"https:\/\/euninos.com\/artigo\/tinta-eco-sol-max2\/#primaryimage"},"image":{"@id":"https:\/\/euninos.com\/artigo\/tinta-eco-sol-max2\/#primaryimage"},"thumbnailUrl":"https:\/\/euninos.com\/wp-content\/uploads\/2022\/04\/eco-sol-2.png","datePublished":"2022-04-20T13:50:26+00:00","dateModified":"2022-05-20T16:28:04+00:00","breadcrumb":{"@id":"https:\/\/euninos.com\/artigo\/tinta-eco-sol-max2\/#breadcrumb"},"inLanguage":"es","potentialAction":[{"@type":"ReadAction","target":["https:\/\/euninos.com\/artigo\/tinta-eco-sol-max2\/"]}]},{"@type":"ImageObject","inLanguage":"es","@id":"https:\/\/euninos.com\/artigo\/tinta-eco-sol-max2\/#primaryimage","url":"https:\/\/euninos.com\/wp-content\/uploads\/2022\/04\/eco-sol-2.png","contentUrl":"https:\/\/euninos.com\/wp-content\/uploads\/2022\/04\/eco-sol-2.png","width":1600,"height":1080},{"@type":"BreadcrumbList","@id":"https:\/\/euninos.com\/artigo\/tinta-eco-sol-max2\/#breadcrumb","itemListElement":[{"@type":"ListItem","position":1,"name":"Produtos","item":"https:\/\/euninos.com\/produtos\/"},{"@type":"ListItem","position":2,"name":"Tinta Eco-Sol Max2"}]},{"@type":"WebSite","@id":"https:\/\/euninos.com\/#website","url":"https:\/\/euninos.com\/","name":"Euninos","description":"Produtos de Impress\u00e3o e Corte","publisher":{"@id":"https:\/\/euninos.com\/#organization"},"potentialAction":[{"@type":"SearchAction","target":{"@type":"EntryPoint","urlTemplate":"https:\/\/euninos.com\/?s={search_term_string}"},"query-input":"required name=search_term_string"}],"inLanguage":"es"},{"@type":"Organization","@id":"https:\/\/euninos.com\/#organization","name":"Euninos","url":"https:\/\/euninos.com\/","logo":{"@type":"ImageObject","inLanguage":"es","@id":"https:\/\/euninos.com\/#\/schema\/logo\/image\/","url":"https:\/\/euninos.com\/wp-content\/uploads\/2022\/05\/cropped-logo-euninos-vector-Copia.png","contentUrl":"https:\/\/euninos.com\/wp-content\/uploads\/2022\/05\/cropped-logo-euninos-vector-Copia.png","width":300,"height":170,"caption":"Euninos"},"image":{"@id":"https:\/\/euninos.com\/#\/schema\/logo\/image\/"},"sameAs":["https:\/\/www.facebook.com\/euninos","https:\/\/www.instagram.com\/euninos.lda","https:\/\/www.linkedin.com\/company\/euninos","https:\/\/www.youtube.com\/c\/EuninosLda"]}]}},"_links":{"self":[{"href":"https:\/\/euninos.com\/es\/wp-json\/wp\/v2\/product\/321","targetHints":{"allow":["GET"]}}],"collection":[{"href":"https:\/\/euninos.com\/es\/wp-json\/wp\/v2\/product"}],"about":[{"href":"https:\/\/euninos.com\/es\/wp-json\/wp\/v2\/types\/product"}],"wp:featuredmedia":[{"embeddable":true,"href":"https:\/\/euninos.com\/es\/wp-json\/wp\/v2\/media\/1508"}],"wp:attachment":[{"href":"https:\/\/euninos.com\/es\/wp-json\/wp\/v2\/media?parent=321"}],"wp:term":[{"taxonomy":"product_cat","embeddable":true,"href":"https:\/\/euninos.com\/es\/wp-json\/wp\/v2\/product_cat?post=321"},{"taxonomy":"product_tag","embeddable":true,"href":"https:\/\/euninos.com\/es\/wp-json\/wp\/v2\/product_tag?post=321"}],"curies":[{"name":"wp","href":"https:\/\/api.w.org\/{rel}","templated":true}]}}