{"id":320,"date":"2022-04-20T13:50:26","date_gmt":"2022-04-20T13:50:26","guid":{"rendered":"https:\/\/euninos.com\/?post_type=product&#038;p=320"},"modified":"2022-05-20T16:27:03","modified_gmt":"2022-05-20T16:27:03","slug":"tinta-eco-sol-max","status":"publish","type":"product","link":"https:\/\/euninos.com\/es\/artigo\/tinta-eco-sol-max\/","title":{"rendered":"Tinta Eco-Sol Max"},"content":{"rendered":"<h2><strong>A nossa tinta mais vendida<\/strong><\/h2>\n<hr \/>\n<p>ECO-SOL MAX es nuestra pintura m\u00e1s popular para uso en interiores y exteriores. A lo largo de los a\u00f1os, esta tinta ecosolvente ha demostrado ser muy f\u00e1cil de usar y proporciona una estabilidad de impresi\u00f3n extrema. ECO-SOL MAX tambi\u00e9n fue galardonada con varios premios, incluidos los premios EDP, DPI y Viscom.<\/p>\n<h2><strong>Blanco y plateado metalizado<\/strong><\/h2>\n<hr \/>\n<p>El ECO-SOL MAX est\u00e1 disponible en ocho colores, incluidos el blanco y el plateado metalizado. El blanco produce hermosos efectos en medios oscuros o transparentes. El blanco tambi\u00e9n se puede utilizar para imprimir una capa base sobre la que los dem\u00e1s colores se realzan con todo su efecto. La tinta plateada metalizada tiene un brillo muy hermoso y se usa en combinaci\u00f3n con otros colores para imprimir oro, bronce, cobre y otros colores met\u00e1licos.<\/p>\n<h2><strong>Incre\u00edblemente f\u00e1cil de usar<\/strong><\/h2>\n<hr \/>\n<p>ECO-SOL MAX es una tinta solvente suave que pr\u00e1cticamente no tiene olor. Para usarlo, no necesita instalar un sistema de ventilaci\u00f3n, lo que significa que puede usarse en un entorno de oficina o en un lugar de trabajo. La tinta viene en pr\u00e1cticos cartuchos de 220 o 440 ml que simplemente coloca en la impresora. El chip incorporado garantiza que reciba una notificaci\u00f3n cuando el cartucho est\u00e9 casi vac\u00edo.<\/p>\n<h2><strong>calidad impresionante<\/strong><\/h2>\n<hr \/>\n<p>ECO-SOL MAX est\u00e1 disponible en una amplia gama de colores, es extremadamente estable y se seca r\u00e1pidamente. La densidad de esta tinta es muy buena, lo que significa que el consumo de tinta es limitado. La tinta es estable durante tres a\u00f1os* sin laminado cuando se usa al aire libre. Las gradaciones y los detalles m\u00e1s peque\u00f1os se imprimen maravillosamente, incluso a altas velocidades. Y lo que es m\u00e1s, con esta tinta puedes imprimir una amplia gama de materiales estucados y no estucados.<\/p>\n<h2 style=\"text-align: center;\"><strong>Colores<\/strong><\/h2>\n<hr \/>\n<table width=\"285\">\n<tbody>\n<tr>\n<td style=\"text-align: center;\" width=\"285\"><span style=\"color: #800000;\"><b>ESL3-4MG: <\/b><\/span>Magenta, 440 cc<\/td>\n<\/tr>\n<tr>\n<td style=\"text-align: center;\" width=\"285\"><span style=\"color: #800000;\"><b>ESL3-4YE: <\/b><\/span>Amarillo, 440cc<\/td>\n<\/tr>\n<tr>\n<td style=\"text-align: center;\" width=\"285\"><span style=\"color: #800000;\"><b>ESL3-4CY: <\/b><\/span>Cian, 440cc<\/td>\n<\/tr>\n<tr>\n<td style=\"text-align: center;\" width=\"285\"><span style=\"color: #800000;\"><b>ESL3-4BK: <\/b><\/span>Negro, 440cc<\/td>\n<\/tr>\n<tr>\n<td style=\"text-align: center;\" width=\"285\"><span style=\"color: #800000;\"><b>ESL3-4LC: <\/b><\/span>Cian claro, 440 cc<\/td>\n<\/tr>\n<tr>\n<td style=\"text-align: center;\" width=\"285\"><span style=\"color: #800000;\"><b>ESL3-4LM: <\/b><\/span>Magenta claro, 440 cc<\/td>\n<\/tr>\n<tr>\n<td style=\"text-align: center;\" width=\"285\"><span style=\"color: #800000;\"><b>ESL3-MG: <\/b><\/span>Magenta, 220cc<\/td>\n<\/tr>\n<tr>\n<td style=\"text-align: center;\" width=\"285\"><span style=\"color: #800000;\"><b>ESL3-YE: <\/b><\/span>Amarillo, 220cc<\/td>\n<\/tr>\n<tr>\n<td style=\"text-align: center;\" width=\"285\"><span style=\"color: #800000;\"><b>ESL3-CY: <\/b><\/span>Cian, 220cc<\/td>\n<\/tr>\n<tr>\n<td style=\"text-align: center;\" width=\"285\"><span style=\"color: #800000;\"><b>ESL3-BK: <\/b><\/span>Negro, 220cc<\/td>\n<\/tr>\n<tr>\n<td style=\"text-align: center;\" width=\"285\"><span style=\"color: #800000;\"><b>ESL3-LC: <\/b><\/span>Cian claro, 220 cc<\/td>\n<\/tr>\n<tr>\n<td style=\"text-align: center;\" width=\"285\"><span style=\"color: #800000;\"><b>ESL3-LM: <\/b><\/span>Magenta claro, 220cc<\/td>\n<\/tr>\n<tr>\n<td style=\"text-align: center;\" width=\"285\"><span style=\"color: #800000;\"><b>ESL3-MT: <\/b><\/span>Plata metalizada, 220cc<\/td>\n<\/tr>\n<tr>\n<td style=\"text-align: center;\" width=\"285\"><span style=\"color: #800000;\"><b>ESL3-WH: <\/b><\/span>Blanco, 220cc<\/td>\n<\/tr>\n<\/tbody>\n<\/table>","protected":false},"excerpt":{"rendered":"<p>ECO-SOL MAX es nuestra tinta m\u00e1s popular para uso en interiores y exteriores.<\/p>","protected":false},"featured_media":1507,"template":"","meta":{"site-sidebar-layout":"default","site-content-layout":"default","ast-site-content-layout":"","site-content-style":"default","site-sidebar-style":"default","ast-global-header-display":"","ast-banner-title-visibility":"","ast-main-header-display":"","ast-hfb-above-header-display":"","ast-hfb-below-header-display":"","ast-hfb-mobile-header-display":"","site-post-title":"","ast-breadcrumbs-content":"","ast-featured-img":"","footer-sml-layout":"","theme-transparent-header-meta":"default","adv-header-id-meta":"","stick-header-meta":"","header-above-stick-meta":"","header-main-stick-meta":"","header-below-stick-meta":"","astra-migrate-meta-layouts":"default","ast-page-background-enabled":"default","ast-page-background-meta":{"desktop":{"background-color":"var(--ast-global-color-4)","background-image":"","background-repeat":"repeat","background-position":"center center","background-size":"auto","background-attachment":"scroll","background-type":"","background-media":"","overlay-type":"","overlay-color":"","overlay-gradient":""},"tablet":{"background-color":"","background-image":"","background-repeat":"repeat","background-position":"center center","background-size":"auto","background-attachment":"scroll","background-type":"","background-media":"","overlay-type":"","overlay-color":"","overlay-gradient":""},"mobile":{"background-color":"","background-image":"","background-repeat":"repeat","background-position":"center center","background-size":"auto","background-attachment":"scroll","background-type":"","background-media":"","overlay-type":"","overlay-color":"","overlay-gradient":""}},"ast-content-background-meta":{"desktop":{"background-color":"var(--ast-global-color-5)","background-image":"","background-repeat":"repeat","background-position":"center center","background-size":"auto","background-attachment":"scroll","background-type":"","background-media":"","overlay-type":"","overlay-color":"","overlay-gradient":""},"tablet":{"background-color":"var(--ast-global-color-5)","background-image":"","background-repeat":"repeat","background-position":"center center","background-size":"auto","background-attachment":"scroll","background-type":"","background-media":"","overlay-type":"","overlay-color":"","overlay-gradient":""},"mobile":{"background-color":"var(--ast-global-color-5)","background-image":"","background-repeat":"repeat","background-position":"center center","background-size":"auto","background-attachment":"scroll","background-type":"","background-media":"","overlay-type":"","overlay-color":"","overlay-gradient":""}}},"product_cat":[58],"product_tag":[],"class_list":{"0":"post-320","1":"product","2":"type-product","3":"status-publish","4":"has-post-thumbnail","6":"product_cat-tintas","7":"desktop-align-left","8":"tablet-align-left","9":"mobile-align-left","11":"first","12":"instock","13":"shipping-taxable","14":"product-type-simple"},"yoast_head":"<!-- This site is optimized with the Yoast SEO plugin v22.2 - https:\/\/yoast.com\/wordpress\/plugins\/seo\/ -->\r\n<title>Tinta Eco-Sol Max - Euninos<\/title>\r\n<meta name=\"robots\" content=\"index, follow, max-snippet:-1, max-image-preview:large, max-video-preview:-1\" \/>\r\n<link rel=\"canonical\" href=\"https:\/\/euninos.com\/es\/artigo\/tinta-eco-sol-max\/\" \/>\r\n<meta property=\"og:locale\" content=\"es_ES\" \/>\r\n<meta property=\"og:type\" content=\"article\" \/>\r\n<meta property=\"og:title\" content=\"Tinta Eco-Sol Max - Euninos\" \/>\r\n<meta property=\"og:description\" content=\"A ECO-SOL MAX \u00e9 nossa tinta mais popular para uso em interiores e exteriores.\" \/>\r\n<meta property=\"og:url\" content=\"https:\/\/euninos.com\/es\/artigo\/tinta-eco-sol-max\/\" \/>\r\n<meta property=\"og:site_name\" content=\"Euninos\" \/>\r\n<meta property=\"article:publisher\" content=\"https:\/\/www.facebook.com\/euninos\" \/>\r\n<meta property=\"article:modified_time\" content=\"2022-05-20T16:27:03+00:00\" \/>\r\n<meta property=\"og:image\" content=\"https:\/\/euninos.com\/wp-content\/uploads\/2022\/04\/eco-sol-1.png\" \/>\r\n\t<meta property=\"og:image:width\" content=\"1600\" \/>\r\n\t<meta property=\"og:image:height\" content=\"1080\" \/>\r\n\t<meta property=\"og:image:type\" content=\"image\/png\" \/>\r\n<meta name=\"twitter:card\" content=\"summary_large_image\" \/>\r\n<meta name=\"twitter:label1\" content=\"Tiempo de lectura\" \/>\n\t<meta name=\"twitter:data1\" content=\"2 minutos\" \/>\r\n<script type=\"application\/ld+json\" class=\"yoast-schema-graph\">{\"@context\":\"https:\/\/schema.org\",\"@graph\":[{\"@type\":\"WebPage\",\"@id\":\"https:\/\/euninos.com\/artigo\/tinta-eco-sol-max\/\",\"url\":\"https:\/\/euninos.com\/artigo\/tinta-eco-sol-max\/\",\"name\":\"Tinta Eco-Sol Max - Euninos\",\"isPartOf\":{\"@id\":\"https:\/\/euninos.com\/#website\"},\"primaryImageOfPage\":{\"@id\":\"https:\/\/euninos.com\/artigo\/tinta-eco-sol-max\/#primaryimage\"},\"image\":{\"@id\":\"https:\/\/euninos.com\/artigo\/tinta-eco-sol-max\/#primaryimage\"},\"thumbnailUrl\":\"https:\/\/euninos.com\/wp-content\/uploads\/2022\/04\/eco-sol-1.png\",\"datePublished\":\"2022-04-20T13:50:26+00:00\",\"dateModified\":\"2022-05-20T16:27:03+00:00\",\"breadcrumb\":{\"@id\":\"https:\/\/euninos.com\/artigo\/tinta-eco-sol-max\/#breadcrumb\"},\"inLanguage\":\"es\",\"potentialAction\":[{\"@type\":\"ReadAction\",\"target\":[\"https:\/\/euninos.com\/artigo\/tinta-eco-sol-max\/\"]}]},{\"@type\":\"ImageObject\",\"inLanguage\":\"es\",\"@id\":\"https:\/\/euninos.com\/artigo\/tinta-eco-sol-max\/#primaryimage\",\"url\":\"https:\/\/euninos.com\/wp-content\/uploads\/2022\/04\/eco-sol-1.png\",\"contentUrl\":\"https:\/\/euninos.com\/wp-content\/uploads\/2022\/04\/eco-sol-1.png\",\"width\":1600,\"height\":1080},{\"@type\":\"BreadcrumbList\",\"@id\":\"https:\/\/euninos.com\/artigo\/tinta-eco-sol-max\/#breadcrumb\",\"itemListElement\":[{\"@type\":\"ListItem\",\"position\":1,\"name\":\"Produtos\",\"item\":\"https:\/\/euninos.com\/produtos\/\"},{\"@type\":\"ListItem\",\"position\":2,\"name\":\"Tinta Eco-Sol Max\"}]},{\"@type\":\"WebSite\",\"@id\":\"https:\/\/euninos.com\/#website\",\"url\":\"https:\/\/euninos.com\/\",\"name\":\"Euninos\",\"description\":\"Produtos de Impress\u00e3o e Corte\",\"publisher\":{\"@id\":\"https:\/\/euninos.com\/#organization\"},\"potentialAction\":[{\"@type\":\"SearchAction\",\"target\":{\"@type\":\"EntryPoint\",\"urlTemplate\":\"https:\/\/euninos.com\/?s={search_term_string}\"},\"query-input\":\"required name=search_term_string\"}],\"inLanguage\":\"es\"},{\"@type\":\"Organization\",\"@id\":\"https:\/\/euninos.com\/#organization\",\"name\":\"Euninos\",\"url\":\"https:\/\/euninos.com\/\",\"logo\":{\"@type\":\"ImageObject\",\"inLanguage\":\"es\",\"@id\":\"https:\/\/euninos.com\/#\/schema\/logo\/image\/\",\"url\":\"https:\/\/euninos.com\/wp-content\/uploads\/2022\/05\/cropped-logo-euninos-vector-Copia.png\",\"contentUrl\":\"https:\/\/euninos.com\/wp-content\/uploads\/2022\/05\/cropped-logo-euninos-vector-Copia.png\",\"width\":300,\"height\":170,\"caption\":\"Euninos\"},\"image\":{\"@id\":\"https:\/\/euninos.com\/#\/schema\/logo\/image\/\"},\"sameAs\":[\"https:\/\/www.facebook.com\/euninos\",\"https:\/\/www.instagram.com\/euninos.lda\",\"https:\/\/www.linkedin.com\/company\/euninos\",\"https:\/\/www.youtube.com\/c\/EuninosLda\"]}]}<\/script>\r\n<!-- \/ Yoast SEO plugin. -->","yoast_head_json":{"title":"Tinta Eco-Sol Max - Euninos","robots":{"index":"index","follow":"follow","max-snippet":"max-snippet:-1","max-image-preview":"max-image-preview:large","max-video-preview":"max-video-preview:-1"},"canonical":"https:\/\/euninos.com\/es\/artigo\/tinta-eco-sol-max\/","og_locale":"es_ES","og_type":"article","og_title":"Tinta Eco-Sol Max - Euninos","og_description":"A ECO-SOL MAX \u00e9 nossa tinta mais popular para uso em interiores e exteriores.","og_url":"https:\/\/euninos.com\/es\/artigo\/tinta-eco-sol-max\/","og_site_name":"Euninos","article_publisher":"https:\/\/www.facebook.com\/euninos","article_modified_time":"2022-05-20T16:27:03+00:00","og_image":[{"width":1600,"height":1080,"url":"https:\/\/euninos.com\/wp-content\/uploads\/2022\/04\/eco-sol-1.png","type":"image\/png"}],"twitter_card":"summary_large_image","twitter_misc":{"Tiempo de lectura":"2 minutos"},"schema":{"@context":"https:\/\/schema.org","@graph":[{"@type":"WebPage","@id":"https:\/\/euninos.com\/artigo\/tinta-eco-sol-max\/","url":"https:\/\/euninos.com\/artigo\/tinta-eco-sol-max\/","name":"Tinta Eco-Sol Max - Euninos","isPartOf":{"@id":"https:\/\/euninos.com\/#website"},"primaryImageOfPage":{"@id":"https:\/\/euninos.com\/artigo\/tinta-eco-sol-max\/#primaryimage"},"image":{"@id":"https:\/\/euninos.com\/artigo\/tinta-eco-sol-max\/#primaryimage"},"thumbnailUrl":"https:\/\/euninos.com\/wp-content\/uploads\/2022\/04\/eco-sol-1.png","datePublished":"2022-04-20T13:50:26+00:00","dateModified":"2022-05-20T16:27:03+00:00","breadcrumb":{"@id":"https:\/\/euninos.com\/artigo\/tinta-eco-sol-max\/#breadcrumb"},"inLanguage":"es","potentialAction":[{"@type":"ReadAction","target":["https:\/\/euninos.com\/artigo\/tinta-eco-sol-max\/"]}]},{"@type":"ImageObject","inLanguage":"es","@id":"https:\/\/euninos.com\/artigo\/tinta-eco-sol-max\/#primaryimage","url":"https:\/\/euninos.com\/wp-content\/uploads\/2022\/04\/eco-sol-1.png","contentUrl":"https:\/\/euninos.com\/wp-content\/uploads\/2022\/04\/eco-sol-1.png","width":1600,"height":1080},{"@type":"BreadcrumbList","@id":"https:\/\/euninos.com\/artigo\/tinta-eco-sol-max\/#breadcrumb","itemListElement":[{"@type":"ListItem","position":1,"name":"Produtos","item":"https:\/\/euninos.com\/produtos\/"},{"@type":"ListItem","position":2,"name":"Tinta Eco-Sol Max"}]},{"@type":"WebSite","@id":"https:\/\/euninos.com\/#website","url":"https:\/\/euninos.com\/","name":"Euninos","description":"Produtos de Impress\u00e3o e Corte","publisher":{"@id":"https:\/\/euninos.com\/#organization"},"potentialAction":[{"@type":"SearchAction","target":{"@type":"EntryPoint","urlTemplate":"https:\/\/euninos.com\/?s={search_term_string}"},"query-input":"required name=search_term_string"}],"inLanguage":"es"},{"@type":"Organization","@id":"https:\/\/euninos.com\/#organization","name":"Euninos","url":"https:\/\/euninos.com\/","logo":{"@type":"ImageObject","inLanguage":"es","@id":"https:\/\/euninos.com\/#\/schema\/logo\/image\/","url":"https:\/\/euninos.com\/wp-content\/uploads\/2022\/05\/cropped-logo-euninos-vector-Copia.png","contentUrl":"https:\/\/euninos.com\/wp-content\/uploads\/2022\/05\/cropped-logo-euninos-vector-Copia.png","width":300,"height":170,"caption":"Euninos"},"image":{"@id":"https:\/\/euninos.com\/#\/schema\/logo\/image\/"},"sameAs":["https:\/\/www.facebook.com\/euninos","https:\/\/www.instagram.com\/euninos.lda","https:\/\/www.linkedin.com\/company\/euninos","https:\/\/www.youtube.com\/c\/EuninosLda"]}]}},"_links":{"self":[{"href":"https:\/\/euninos.com\/es\/wp-json\/wp\/v2\/product\/320","targetHints":{"allow":["GET"]}}],"collection":[{"href":"https:\/\/euninos.com\/es\/wp-json\/wp\/v2\/product"}],"about":[{"href":"https:\/\/euninos.com\/es\/wp-json\/wp\/v2\/types\/product"}],"wp:featuredmedia":[{"embeddable":true,"href":"https:\/\/euninos.com\/es\/wp-json\/wp\/v2\/media\/1507"}],"wp:attachment":[{"href":"https:\/\/euninos.com\/es\/wp-json\/wp\/v2\/media?parent=320"}],"wp:term":[{"taxonomy":"product_cat","embeddable":true,"href":"https:\/\/euninos.com\/es\/wp-json\/wp\/v2\/product_cat?post=320"},{"taxonomy":"product_tag","embeddable":true,"href":"https:\/\/euninos.com\/es\/wp-json\/wp\/v2\/product_tag?post=320"}],"curies":[{"name":"wp","href":"https:\/\/api.w.org\/{rel}","templated":true}]}}