{"id":318,"date":"2022-04-20T13:50:26","date_gmt":"2022-04-20T13:50:26","guid":{"rendered":"https:\/\/euninos.com\/?post_type=product&#038;p=318"},"modified":"2022-05-23T08:57:30","modified_gmt":"2022-05-23T08:57:30","slug":"summa-s-class-s2-t75-t120-t140-t160","status":"publish","type":"product","link":"https:\/\/euninos.com\/es\/artigo\/summa-s-class-s2-t75-t120-t140-t160\/","title":{"rendered":"SUMMA S CLASS S2 T75\/T120\/T140\/T160"},"content":{"rendered":"<h2><strong>A melhor cortadora de contorno<\/strong><\/h2>\n<hr \/>\n<p>Los cortadores de arrastre y tangenciales de grado S2\u2122 cuentan con ingenier\u00eda de alta calidad y tecnolog\u00eda avanzada para proporcionar el corte de contorno de mayor precisi\u00f3n en gr\u00e1ficos impresos.<\/p>\n<h2><strong>Cabezal de corte tangencial<\/strong><\/h2>\n<hr \/>\n<p>Con la rotaci\u00f3n de la cuchilla controlada por computadora y hasta 600 gramos de fuerza de corte, la serie T de Summa combina la precisi\u00f3n de una cortadora plana con la facilidad y la velocidad de una cortadora alimentada por rodillos, utilizando nuestro cabezal de corte tangencial. La Serie T simplemente corta con m\u00e1s potencia y precisi\u00f3n que cualquier otra cortadora de su clase.<\/p>\n<h2 style=\"text-align: center;\"><strong>ESPECIFICACIONES<\/strong><\/h2>\n<hr \/>\n<table width=\"682\">\n<tbody>\n<tr>\n<td style=\"text-align: left;\" width=\"136\"><b>MODELOS<\/b><\/td>\n<td style=\"text-align: center;\" width=\"137\"><span style=\"color: #ffcc00;\"><b>S2 T75<\/b><\/span><\/td>\n<td style=\"text-align: center;\" width=\"136\"><span style=\"color: #ffcc00;\"><b>S2 T120<\/b><\/span><\/td>\n<td style=\"text-align: center;\" width=\"137\"><span style=\"color: #ffcc00;\"><b>S2 T140<\/b><\/span><\/td>\n<td style=\"text-align: center;\" width=\"136\"><span style=\"color: #ffcc00;\"><b>S2 T160<\/b><\/span><\/td>\n<\/tr>\n<tr>\n<td style=\"text-align: left;\" width=\"136\"><b>TIPO DE CORTE<\/b><\/td>\n<td style=\"text-align: center;\" colspan=\"4\" width=\"546\">Verdadero tangencial con capacidad de modo de corte de cuchilla de arrastre<\/td>\n<\/tr>\n<tr>\n<td style=\"text-align: left;\" width=\"136\"><b>ANCHO DE CORTE<\/b><\/td>\n<td style=\"text-align: center;\" width=\"137\">74,2 cm, modo extendido: ancho del material<\/td>\n<td style=\"text-align: center;\" width=\"136\">120 cm, modo extendido: ancho del material<\/td>\n<td style=\"text-align: center;\" width=\"137\">135 cm, modo extendido: ancho del material<\/td>\n<td style=\"text-align: center;\" width=\"136\">158 cm, modo extendido: ancho del material<\/td>\n<\/tr>\n<tr>\n<td style=\"text-align: left;\" width=\"136\"><b>VELOCIDAD CORTANTE<\/b><\/td>\n<td style=\"text-align: center;\" colspan=\"4\" width=\"546\">Todos los modelos de la clase S2 cortan a velocidades de hasta 1414 mm por segundo en diagonal<\/td>\n<\/tr>\n<tr>\n<td style=\"text-align: left;\" width=\"136\"><b>VELOCIDAD AXIAL<\/b><\/td>\n<td style=\"text-align: center;\" colspan=\"4\" width=\"546\">Hasta 4G<\/td>\n<\/tr>\n<tr>\n<td style=\"text-align: left;\" width=\"136\"><b>ACELERACI\u00d3N M\u00c1XIMA<\/b><\/td>\n<td style=\"text-align: center;\" colspan=\"4\" width=\"546\">Hasta 5,5G en diagonal<\/td>\n<\/tr>\n<tr>\n<td style=\"text-align: left;\" width=\"136\"><b>TIPO DE ALINEACI\u00d3N<\/b><\/td>\n<td style=\"text-align: center;\" colspan=\"4\" width=\"546\">OPOS \u2013 CAM: actualizaci\u00f3n de f\u00e1brica en todos los nuevos Summa S Class 2 S75T, S140T y S160T; Reconocimiento de trabajos mediante c\u00f3digo de barras; Hasta 2 x 64 marcas en la l\u00ednea X; Compensaci\u00f3n de l\u00ednea Y<\/td>\n<\/tr>\n<tr>\n<td style=\"text-align: left;\" width=\"136\"><b>SEGUIMIENTO DEL RENDIMIENTO<\/b><\/td>\n<td style=\"text-align: center;\" colspan=\"4\" width=\"546\">Dentro de \u00b1 0,1 mm (\u00b1 0,004 pulg.) en parcelas de hasta 12 m de largo (40 pies); En rollos hasta 760 mm ancho\/largo; Hasta 4 m de largo en rollos de m\u00e1s de 760 mm de ancho<\/td>\n<\/tr>\n<tr>\n<td style=\"text-align: left;\" width=\"136\"><b>PRECISI\u00d3N<\/b><\/td>\n<td style=\"text-align: center;\" colspan=\"4\" width=\"546\">0,2% de movimiento o 0,25 mm, lo que sea mayor<\/td>\n<\/tr>\n<tr>\n<td style=\"text-align: left;\" width=\"136\"><b>FUERZA DE CORTE<\/b><\/td>\n<td style=\"text-align: center;\" colspan=\"4\" width=\"546\">0-600 gramos de presi\u00f3n, en incrementos de 5 gramos<\/td>\n<\/tr>\n<tr>\n<td style=\"text-align: left;\" width=\"136\"><b>IDIOMAS<\/b><\/td>\n<td style=\"text-align: center;\" colspan=\"4\" width=\"546\">Ingl\u00e9s; Franc\u00e9s; Alem\u00e1n; Holand\u00e9s; Italiano; Espa\u00f1ol; Polaco; Checo; Let\u00f3n; Lituano; portugu\u00e9s<\/td>\n<\/tr>\n<tr>\n<td style=\"text-align: left;\" width=\"136\"><b>CONECTIVIDAD<\/b><\/td>\n<td style=\"text-align: center;\" colspan=\"4\" width=\"546\">USB; Ethernet<\/td>\n<\/tr>\n<tr>\n<td style=\"text-align: left;\" width=\"136\"><b>REQUERIMIENTOS DE ENERG\u00cdA<\/b><\/td>\n<td style=\"text-align: center;\" colspan=\"4\" width=\"546\">100-120 \/ 220-240 VCA, 50\/60 Hz, 85 VA m\u00e1x.<\/td>\n<\/tr>\n<tr>\n<td style=\"text-align: left;\" width=\"136\"><b>DIMENSIONES<\/b><\/td>\n<td style=\"text-align: center;\" width=\"137\">141 (ancho) x 68 (profundidad) x 111 (alto) cm 55,5 (ancho) x 26,8 (profundidad) x 43,7 (alto) pulg.<\/td>\n<td style=\"text-align: center;\" width=\"136\">187 (ancho) x 68 (profundidad) x 111 (alto) cm 73,6 (ancho) x 26,8 (profundidad) x 43,7 (alto) pulg.<\/td>\n<td style=\"text-align: center;\" width=\"137\">225 (ancho) x 68 (profundidad) x 111 (alto) cm 73,6 (ancho) x 26,8 (profundidad) x 43,7 (alto) pulg.<\/td>\n<td style=\"text-align: center;\" width=\"136\">225 (ancho) x 68 (profundidad) x 111 (alto) cm 88,6 (ancho) x 26,8 (profundidad) x 43,7 (alto) pulg.<\/td>\n<\/tr>\n<tr>\n<td style=\"text-align: left;\" width=\"136\"><b>PESO<\/b><\/td>\n<td style=\"text-align: center;\" width=\"137\">69kg<\/td>\n<td style=\"text-align: center;\" width=\"136\">86kg<\/td>\n<td style=\"text-align: center;\" width=\"137\">90kg<\/td>\n<td style=\"text-align: center;\" width=\"136\">114kg<\/td>\n<\/tr>\n<tr>\n<td style=\"text-align: left;\" width=\"136\"><b>TEMPERATURA DE FUNCIONAMIENTO<\/b><\/td>\n<td style=\"text-align: center;\" colspan=\"4\" width=\"546\">15\u02da a 35\u02daC (59\u02da a 95\u02daF)<\/td>\n<\/tr>\n<tr>\n<td style=\"text-align: left;\" width=\"136\"><b>ACCESORIOS ESTANDAR<\/b><\/td>\n<td style=\"text-align: center;\" colspan=\"4\" width=\"546\">Software de corte WinPlot o MacSign, software CutterControl, CD con manuales y controladores, gu\u00eda de inicio r\u00e1pido, cable de alimentaci\u00f3n, cable USB, enchufes de gu\u00eda de medios (juego de 2), 1 fusible, soporte de cuchilla est\u00e1ndar de 36\u02da, 2 cuchillas est\u00e1ndar de 36\u02da, Cuchilla de Corte (Cortador Manual), 2 Cuchillas de Corte, Pasador y Porta Pasador, Patas y Cesta.<\/td>\n<\/tr>\n<tr>\n<td style=\"text-align: left;\" width=\"136\"><b>ACCESORIOS OPCIONALES<\/b><\/td>\n<td colspan=\"2\" width=\"273\"><b>\u00a0<\/b><\/td>\n<td style=\"text-align: center;\" colspan=\"2\" width=\"273\">Sistema de rebobinado motorizado para clase Summa S2 140 y 160<\/td>\n<\/tr>\n<\/tbody>\n<\/table>\n<p>&nbsp;<\/p>","protected":false},"excerpt":{"rendered":"<p>Con la rotaci\u00f3n de la hoja controlada por computadora y hasta 600 gramos de fuerza de corte, la serie T de Summa combina la precisi\u00f3n de una cortadora plana con la facilidad y la velocidad de una cortadora alimentada por rodillos, utilizando nuestro cabezal de corte tangencial.<\/p>","protected":false},"featured_media":1518,"template":"","meta":{"site-sidebar-layout":"default","site-content-layout":"default","ast-site-content-layout":"","site-content-style":"default","site-sidebar-style":"default","ast-global-header-display":"","ast-banner-title-visibility":"","ast-main-header-display":"","ast-hfb-above-header-display":"","ast-hfb-below-header-display":"","ast-hfb-mobile-header-display":"","site-post-title":"","ast-breadcrumbs-content":"","ast-featured-img":"","footer-sml-layout":"","theme-transparent-header-meta":"default","adv-header-id-meta":"","stick-header-meta":"","header-above-stick-meta":"","header-main-stick-meta":"","header-below-stick-meta":"","astra-migrate-meta-layouts":"default","ast-page-background-enabled":"default","ast-page-background-meta":{"desktop":{"background-color":"var(--ast-global-color-4)","background-image":"","background-repeat":"repeat","background-position":"center center","background-size":"auto","background-attachment":"scroll","background-type":"","background-media":"","overlay-type":"","overlay-color":"","overlay-gradient":""},"tablet":{"background-color":"","background-image":"","background-repeat":"repeat","background-position":"center center","background-size":"auto","background-attachment":"scroll","background-type":"","background-media":"","overlay-type":"","overlay-color":"","overlay-gradient":""},"mobile":{"background-color":"","background-image":"","background-repeat":"repeat","background-position":"center center","background-size":"auto","background-attachment":"scroll","background-type":"","background-media":"","overlay-type":"","overlay-color":"","overlay-gradient":""}},"ast-content-background-meta":{"desktop":{"background-color":"var(--ast-global-color-5)","background-image":"","background-repeat":"repeat","background-position":"center center","background-size":"auto","background-attachment":"scroll","background-type":"","background-media":"","overlay-type":"","overlay-color":"","overlay-gradient":""},"tablet":{"background-color":"var(--ast-global-color-5)","background-image":"","background-repeat":"repeat","background-position":"center center","background-size":"auto","background-attachment":"scroll","background-type":"","background-media":"","overlay-type":"","overlay-color":"","overlay-gradient":""},"mobile":{"background-color":"var(--ast-global-color-5)","background-image":"","background-repeat":"repeat","background-position":"center center","background-size":"auto","background-attachment":"scroll","background-type":"","background-media":"","overlay-type":"","overlay-color":"","overlay-gradient":""}}},"product_cat":[63],"product_tag":[],"class_list":{"0":"post-318","1":"product","2":"type-product","3":"status-publish","4":"has-post-thumbnail","6":"product_cat-impressao-e-corte","7":"desktop-align-left","8":"tablet-align-left","9":"mobile-align-left","11":"first","12":"instock","13":"shipping-taxable","14":"product-type-simple"},"yoast_head":"<!-- This site is optimized with the Yoast SEO plugin v22.2 - https:\/\/yoast.com\/wordpress\/plugins\/seo\/ -->\r\n<title>SUMMA S CLASS S2 T75\/T120\/T140\/T160 - Euninos<\/title>\r\n<meta name=\"robots\" content=\"index, follow, max-snippet:-1, max-image-preview:large, max-video-preview:-1\" \/>\r\n<link rel=\"canonical\" href=\"https:\/\/euninos.com\/es\/artigo\/summa-s-class-s2-t75-t120-t140-t160\/\" \/>\r\n<meta property=\"og:locale\" content=\"es_ES\" \/>\r\n<meta property=\"og:type\" content=\"article\" \/>\r\n<meta property=\"og:title\" content=\"SUMMA S CLASS S2 T75\/T120\/T140\/T160 - Euninos\" \/>\r\n<meta property=\"og:description\" content=\"Com a rota\u00e7\u00e3o da l\u00e2mina controlada por computador e at\u00e9 600 gramas de for\u00e7a de corte, a s\u00e9rie T da Summa combina a precis\u00e3o de uma cortadora cama plana com a facilidade e velocidade de uma cortadora alimentada por rolo, usando nosso cabe\u00e7ote de corte Tangencial.\" \/>\r\n<meta property=\"og:url\" content=\"https:\/\/euninos.com\/es\/artigo\/summa-s-class-s2-t75-t120-t140-t160\/\" \/>\r\n<meta property=\"og:site_name\" content=\"Euninos\" \/>\r\n<meta property=\"article:publisher\" content=\"https:\/\/www.facebook.com\/euninos\" \/>\r\n<meta property=\"article:modified_time\" content=\"2022-05-23T08:57:30+00:00\" \/>\r\n<meta property=\"og:image\" content=\"https:\/\/euninos.com\/wp-content\/uploads\/2022\/04\/summa-s-class-one.jpg\" \/>\r\n\t<meta property=\"og:image:width\" content=\"1600\" \/>\r\n\t<meta property=\"og:image:height\" content=\"1080\" \/>\r\n\t<meta property=\"og:image:type\" content=\"image\/jpeg\" \/>\r\n<meta name=\"twitter:card\" content=\"summary_large_image\" \/>\r\n<meta name=\"twitter:label1\" content=\"Tiempo de lectura\" \/>\n\t<meta name=\"twitter:data1\" content=\"3 minutos\" \/>\r\n<script type=\"application\/ld+json\" class=\"yoast-schema-graph\">{\"@context\":\"https:\/\/schema.org\",\"@graph\":[{\"@type\":\"WebPage\",\"@id\":\"https:\/\/euninos.com\/artigo\/summa-s-class-s2-t75-t120-t140-t160\/\",\"url\":\"https:\/\/euninos.com\/artigo\/summa-s-class-s2-t75-t120-t140-t160\/\",\"name\":\"SUMMA S CLASS S2 T75\/T120\/T140\/T160 - Euninos\",\"isPartOf\":{\"@id\":\"https:\/\/euninos.com\/#website\"},\"primaryImageOfPage\":{\"@id\":\"https:\/\/euninos.com\/artigo\/summa-s-class-s2-t75-t120-t140-t160\/#primaryimage\"},\"image\":{\"@id\":\"https:\/\/euninos.com\/artigo\/summa-s-class-s2-t75-t120-t140-t160\/#primaryimage\"},\"thumbnailUrl\":\"https:\/\/euninos.com\/wp-content\/uploads\/2022\/04\/summa-s-class-one.jpg\",\"datePublished\":\"2022-04-20T13:50:26+00:00\",\"dateModified\":\"2022-05-23T08:57:30+00:00\",\"breadcrumb\":{\"@id\":\"https:\/\/euninos.com\/artigo\/summa-s-class-s2-t75-t120-t140-t160\/#breadcrumb\"},\"inLanguage\":\"es\",\"potentialAction\":[{\"@type\":\"ReadAction\",\"target\":[\"https:\/\/euninos.com\/artigo\/summa-s-class-s2-t75-t120-t140-t160\/\"]}]},{\"@type\":\"ImageObject\",\"inLanguage\":\"es\",\"@id\":\"https:\/\/euninos.com\/artigo\/summa-s-class-s2-t75-t120-t140-t160\/#primaryimage\",\"url\":\"https:\/\/euninos.com\/wp-content\/uploads\/2022\/04\/summa-s-class-one.jpg\",\"contentUrl\":\"https:\/\/euninos.com\/wp-content\/uploads\/2022\/04\/summa-s-class-one.jpg\",\"width\":1600,\"height\":1080},{\"@type\":\"BreadcrumbList\",\"@id\":\"https:\/\/euninos.com\/artigo\/summa-s-class-s2-t75-t120-t140-t160\/#breadcrumb\",\"itemListElement\":[{\"@type\":\"ListItem\",\"position\":1,\"name\":\"Produtos\",\"item\":\"https:\/\/euninos.com\/produtos\/\"},{\"@type\":\"ListItem\",\"position\":2,\"name\":\"SUMMA S CLASS S2 T75\/T120\/T140\/T160\"}]},{\"@type\":\"WebSite\",\"@id\":\"https:\/\/euninos.com\/#website\",\"url\":\"https:\/\/euninos.com\/\",\"name\":\"Euninos\",\"description\":\"Produtos de Impress\u00e3o e Corte\",\"publisher\":{\"@id\":\"https:\/\/euninos.com\/#organization\"},\"potentialAction\":[{\"@type\":\"SearchAction\",\"target\":{\"@type\":\"EntryPoint\",\"urlTemplate\":\"https:\/\/euninos.com\/?s={search_term_string}\"},\"query-input\":\"required name=search_term_string\"}],\"inLanguage\":\"es\"},{\"@type\":\"Organization\",\"@id\":\"https:\/\/euninos.com\/#organization\",\"name\":\"Euninos\",\"url\":\"https:\/\/euninos.com\/\",\"logo\":{\"@type\":\"ImageObject\",\"inLanguage\":\"es\",\"@id\":\"https:\/\/euninos.com\/#\/schema\/logo\/image\/\",\"url\":\"https:\/\/euninos.com\/wp-content\/uploads\/2022\/05\/cropped-logo-euninos-vector-Copia.png\",\"contentUrl\":\"https:\/\/euninos.com\/wp-content\/uploads\/2022\/05\/cropped-logo-euninos-vector-Copia.png\",\"width\":300,\"height\":170,\"caption\":\"Euninos\"},\"image\":{\"@id\":\"https:\/\/euninos.com\/#\/schema\/logo\/image\/\"},\"sameAs\":[\"https:\/\/www.facebook.com\/euninos\",\"https:\/\/www.instagram.com\/euninos.lda\",\"https:\/\/www.linkedin.com\/company\/euninos\",\"https:\/\/www.youtube.com\/c\/EuninosLda\"]}]}<\/script>\r\n<!-- \/ Yoast SEO plugin. -->","yoast_head_json":{"title":"SUMMA S CLASS S2 T75\/T120\/T140\/T160 - Euninos","robots":{"index":"index","follow":"follow","max-snippet":"max-snippet:-1","max-image-preview":"max-image-preview:large","max-video-preview":"max-video-preview:-1"},"canonical":"https:\/\/euninos.com\/es\/artigo\/summa-s-class-s2-t75-t120-t140-t160\/","og_locale":"es_ES","og_type":"article","og_title":"SUMMA S CLASS S2 T75\/T120\/T140\/T160 - Euninos","og_description":"Com a rota\u00e7\u00e3o da l\u00e2mina controlada por computador e at\u00e9 600 gramas de for\u00e7a de corte, a s\u00e9rie T da Summa combina a precis\u00e3o de uma cortadora cama plana com a facilidade e velocidade de uma cortadora alimentada por rolo, usando nosso cabe\u00e7ote de corte Tangencial.","og_url":"https:\/\/euninos.com\/es\/artigo\/summa-s-class-s2-t75-t120-t140-t160\/","og_site_name":"Euninos","article_publisher":"https:\/\/www.facebook.com\/euninos","article_modified_time":"2022-05-23T08:57:30+00:00","og_image":[{"width":1600,"height":1080,"url":"https:\/\/euninos.com\/wp-content\/uploads\/2022\/04\/summa-s-class-one.jpg","type":"image\/jpeg"}],"twitter_card":"summary_large_image","twitter_misc":{"Tiempo de lectura":"3 minutos"},"schema":{"@context":"https:\/\/schema.org","@graph":[{"@type":"WebPage","@id":"https:\/\/euninos.com\/artigo\/summa-s-class-s2-t75-t120-t140-t160\/","url":"https:\/\/euninos.com\/artigo\/summa-s-class-s2-t75-t120-t140-t160\/","name":"SUMMA S CLASS S2 T75\/T120\/T140\/T160 - Euninos","isPartOf":{"@id":"https:\/\/euninos.com\/#website"},"primaryImageOfPage":{"@id":"https:\/\/euninos.com\/artigo\/summa-s-class-s2-t75-t120-t140-t160\/#primaryimage"},"image":{"@id":"https:\/\/euninos.com\/artigo\/summa-s-class-s2-t75-t120-t140-t160\/#primaryimage"},"thumbnailUrl":"https:\/\/euninos.com\/wp-content\/uploads\/2022\/04\/summa-s-class-one.jpg","datePublished":"2022-04-20T13:50:26+00:00","dateModified":"2022-05-23T08:57:30+00:00","breadcrumb":{"@id":"https:\/\/euninos.com\/artigo\/summa-s-class-s2-t75-t120-t140-t160\/#breadcrumb"},"inLanguage":"es","potentialAction":[{"@type":"ReadAction","target":["https:\/\/euninos.com\/artigo\/summa-s-class-s2-t75-t120-t140-t160\/"]}]},{"@type":"ImageObject","inLanguage":"es","@id":"https:\/\/euninos.com\/artigo\/summa-s-class-s2-t75-t120-t140-t160\/#primaryimage","url":"https:\/\/euninos.com\/wp-content\/uploads\/2022\/04\/summa-s-class-one.jpg","contentUrl":"https:\/\/euninos.com\/wp-content\/uploads\/2022\/04\/summa-s-class-one.jpg","width":1600,"height":1080},{"@type":"BreadcrumbList","@id":"https:\/\/euninos.com\/artigo\/summa-s-class-s2-t75-t120-t140-t160\/#breadcrumb","itemListElement":[{"@type":"ListItem","position":1,"name":"Produtos","item":"https:\/\/euninos.com\/produtos\/"},{"@type":"ListItem","position":2,"name":"SUMMA S CLASS S2 T75\/T120\/T140\/T160"}]},{"@type":"WebSite","@id":"https:\/\/euninos.com\/#website","url":"https:\/\/euninos.com\/","name":"Euninos","description":"Produtos de Impress\u00e3o e Corte","publisher":{"@id":"https:\/\/euninos.com\/#organization"},"potentialAction":[{"@type":"SearchAction","target":{"@type":"EntryPoint","urlTemplate":"https:\/\/euninos.com\/?s={search_term_string}"},"query-input":"required name=search_term_string"}],"inLanguage":"es"},{"@type":"Organization","@id":"https:\/\/euninos.com\/#organization","name":"Euninos","url":"https:\/\/euninos.com\/","logo":{"@type":"ImageObject","inLanguage":"es","@id":"https:\/\/euninos.com\/#\/schema\/logo\/image\/","url":"https:\/\/euninos.com\/wp-content\/uploads\/2022\/05\/cropped-logo-euninos-vector-Copia.png","contentUrl":"https:\/\/euninos.com\/wp-content\/uploads\/2022\/05\/cropped-logo-euninos-vector-Copia.png","width":300,"height":170,"caption":"Euninos"},"image":{"@id":"https:\/\/euninos.com\/#\/schema\/logo\/image\/"},"sameAs":["https:\/\/www.facebook.com\/euninos","https:\/\/www.instagram.com\/euninos.lda","https:\/\/www.linkedin.com\/company\/euninos","https:\/\/www.youtube.com\/c\/EuninosLda"]}]}},"_links":{"self":[{"href":"https:\/\/euninos.com\/es\/wp-json\/wp\/v2\/product\/318","targetHints":{"allow":["GET"]}}],"collection":[{"href":"https:\/\/euninos.com\/es\/wp-json\/wp\/v2\/product"}],"about":[{"href":"https:\/\/euninos.com\/es\/wp-json\/wp\/v2\/types\/product"}],"wp:featuredmedia":[{"embeddable":true,"href":"https:\/\/euninos.com\/es\/wp-json\/wp\/v2\/media\/1518"}],"wp:attachment":[{"href":"https:\/\/euninos.com\/es\/wp-json\/wp\/v2\/media?parent=318"}],"wp:term":[{"taxonomy":"product_cat","embeddable":true,"href":"https:\/\/euninos.com\/es\/wp-json\/wp\/v2\/product_cat?post=318"},{"taxonomy":"product_tag","embeddable":true,"href":"https:\/\/euninos.com\/es\/wp-json\/wp\/v2\/product_tag?post=318"}],"curies":[{"name":"wp","href":"https:\/\/api.w.org\/{rel}","templated":true}]}}