{"id":317,"date":"2022-04-20T13:50:26","date_gmt":"2022-04-20T13:50:26","guid":{"rendered":"https:\/\/euninos.com\/?post_type=product&#038;p=317"},"modified":"2022-05-20T11:28:16","modified_gmt":"2022-05-20T11:28:16","slug":"roland-gr-420-540-640","status":"publish","type":"product","link":"https:\/\/euninos.com\/es\/artigo\/roland-gr-420-540-640\/","title":{"rendered":"ROLAND GR 420\/540\/640"},"content":{"rendered":"<h2><strong>A potente s\u00e9rie de cortadoras GR<\/strong><\/h2>\n<hr \/>\n<p>La serie CAMM-1 GR lleva la productividad, la precisi\u00f3n y la potencia de corte a un nuevo nivel. Util\u00edcela como cortadora independiente o junto con impresoras existentes, la elecci\u00f3n es suya, pero tenga la seguridad de que optimizar\u00e1 su actividad con la serie de cortadoras GR.<\/p>\n<h2><strong>El cortador m\u00e1s r\u00e1pido de su clase<\/strong><\/h2>\n<hr \/>\n<p>Con una salida de hasta 1485 mm por segundo, la cortadora CAMM-1 GR ofrece los resultados m\u00e1s r\u00e1pidos de su clase. El sistema de accionamiento optimizado del carro de corte aumenta a\u00fan m\u00e1s la productividad al minimizar la distancia vertical que debe recorrer la hoja, y las herramientas de limpieza avanzadas ayudar\u00e1n a mantener el ritmo de producci\u00f3n de la GR.<\/p>\n<h2><strong>Caracter\u00edsticas principales<\/strong><\/h2>\n<hr \/>\n<p><strong>1.<\/strong> Dise\u00f1o en forma de L: la base robusta integrada y la base de los soportes aumentan la estabilidad y minimizan la vibraci\u00f3n.<\/p>\n<p><strong>2.<\/strong> Cilindros de presi\u00f3n electr\u00f3nicos nuevos: 10 configuraciones con solo tocar un bot\u00f3n para alimentar los medios con la cantidad exacta de presi\u00f3n.<\/p>\n<p><strong>3.<\/strong> Sistema de registro \u00f3ptico: para un corte de contorno preciso de artes gr\u00e1ficas impresas.<\/p>\n<p><strong>4.<\/strong> Carro de corte de doble posici\u00f3n: para corte est\u00e1ndar y perforado.<\/p>\n<p><strong>5.<\/strong> Codificador digital para control de altura variable de la hoja: garantiza la m\u00e1xima productividad y reduce el riesgo de da\u00f1os en el sustrato.<\/p>\n<p><strong>6.<\/strong> Carro de corte de nuevo dise\u00f1o: hasta 600 g de carga aerodin\u00e1mica para una mayor compatibilidad con los medios.<\/p>\n<p><strong>7.<\/strong> La l\u00e1mpara LED de estado del autom\u00f3vil ayuda a verificar instant\u00e1neamente el estado del trabajo a distancia.<\/p>\n<p><strong>8.<\/strong> Cesta para mantener los soportes limpios y alineados, incluso con cortes largos, incluida de serie.<\/p>\n<p><strong>9.<\/strong> Bandeja para el almacenamiento pr\u00e1ctico de cuchillas, portacuchillas y otros objetos peque\u00f1os.<\/p>\n<h2 style=\"text-align: center;\"><strong>ESPECIFICACIONES<\/strong><\/h2>\n<hr \/>\n<table width=\"676\">\n<tbody>\n<tr>\n<td style=\"text-align: left;\" colspan=\"2\" width=\"270\"><b>MODELO<\/b><\/td>\n<td style=\"text-align: center;\" width=\"136\"><span style=\"color: #ffcc00;\"><b>GR-640<\/b><\/span><\/td>\n<td style=\"text-align: center;\" width=\"135\"><span style=\"color: #ffcc00;\"><b>GR-540<\/b><\/span><\/td>\n<td style=\"text-align: center;\" width=\"135\"><span style=\"color: #ffcc00;\"><b>GR-420<\/b><\/span><\/td>\n<\/tr>\n<tr>\n<td style=\"text-align: left;\" colspan=\"2\" width=\"270\"><b>MECANISMO \/ M\u00c9TODO DE TRANSMISI\u00d3N<\/b><\/td>\n<td style=\"text-align: center;\" colspan=\"3\" width=\"406\">Soporte de control digital\/m\u00e9todo de movimiento del servomotor<\/td>\n<\/tr>\n<tr>\n<td style=\"text-align: left;\" colspan=\"2\" width=\"270\"><b>ANCHO DE SOPORTES ACEPTABLES<\/b><\/td>\n<td style=\"text-align: center;\" width=\"136\">M\u00e1x. 1802mm<\/td>\n<td style=\"text-align: center;\" width=\"135\">M\u00e1x. 1548mm<\/td>\n<td style=\"text-align: center;\" width=\"135\">M\u00e1x. 1224mm<\/td>\n<\/tr>\n<tr>\n<td style=\"text-align: left;\" colspan=\"2\" width=\"270\"><b>\u00c1REA M\u00c1XIMA DE CORTE<\/b><\/td>\n<td style=\"text-align: center;\" width=\"136\"><b>Ancho:<\/b> 1651mm |\u00a0<b>Longitud:<\/b> 25m<\/td>\n<td style=\"text-align: center;\" width=\"135\"><b>Ancho:<\/b> 1397mm |\u00a0<b>Longitud:<\/b> 25m<\/td>\n<td style=\"text-align: center;\" width=\"135\"><b>Ancho:<\/b> 1075mm |\u00a0<b>Longitud:<\/b> 25m<\/td>\n<\/tr>\n<tr>\n<td style=\"text-align: left;\" colspan=\"2\" width=\"270\"><b>VELOCIDAD M\u00c1XIMA DE CORTE<\/b><\/td>\n<td style=\"text-align: center;\" colspan=\"3\" width=\"406\">1485 mm\/s (modo de alta velocidad, direcci\u00f3n de 45\u00b0)<\/td>\n<\/tr>\n<tr>\n<td style=\"text-align: left;\" colspan=\"2\" width=\"270\"><b>VELOCIDAD DE CORTE\/FUERZA DE CORTE<\/b><\/td>\n<td style=\"text-align: center;\" colspan=\"3\" width=\"406\">10 mm\/s \u2013 1050 mm\/s (en incrementos de 10 mm\/s)\/20 \u2013 600 gf (en incrementos de 10 gf)<\/td>\n<\/tr>\n<tr>\n<td style=\"text-align: left;\" colspan=\"2\" width=\"270\"><b>RESOLUCI\u00d3N MEC\u00c1NICA<\/b><\/td>\n<td style=\"text-align: center;\" colspan=\"3\" width=\"406\">0,005 mm\/paso<\/td>\n<\/tr>\n<tr>\n<td style=\"text-align: left;\" colspan=\"2\" width=\"270\"><b>RESOLUCI\u00d3N DE SOFTWARE<\/b><\/td>\n<td style=\"text-align: center;\" colspan=\"3\" width=\"406\">0,025 mm\/paso<\/td>\n<\/tr>\n<tr>\n<td style=\"text-align: left;\" colspan=\"2\" width=\"270\"><b>PRECISI\u00d3N DE DISTANCIA<\/b><\/td>\n<td style=\"text-align: center;\" colspan=\"3\" width=\"406\">Error m\u00e1ximo de +\/- 0,2% de la distancia recorrida, o 0,1 mm, lo que sea mayor<\/td>\n<\/tr>\n<tr>\n<td style=\"text-align: left;\" colspan=\"2\" width=\"270\"><b>PRECISI\u00d3N DE REPETICI\u00d3N <span style=\"color: #800000;\">*1<\/span><span style=\"color: #800000;\">\u00a0<\/span><span style=\"color: #800000;\">*2<\/span><\/b><\/td>\n<td style=\"text-align: center;\" colspan=\"3\" width=\"406\">0,1 mm o menos<\/td>\n<\/tr>\n<tr>\n<td style=\"text-align: left;\" colspan=\"2\" width=\"270\"><b>INTERFAZ<\/b><\/td>\n<td style=\"text-align: center;\" colspan=\"3\" width=\"406\">Ethernet 10BASE-T\/100BASE-TX (negociaci\u00f3n autom\u00e1tica), USB 2.0 (velocidad m\u00e1xima)<\/td>\n<\/tr>\n<tr>\n<td style=\"text-align: left;\" colspan=\"2\" width=\"270\"><b>TAMA\u00d1O DEL B\u00daFER<\/b><\/td>\n<td style=\"text-align: center;\" colspan=\"3\" width=\"406\">8 MB (2 MB para b\u00fafer de reubicaci\u00f3n)<\/td>\n<\/tr>\n<tr>\n<td style=\"text-align: left;\" colspan=\"2\" width=\"270\"><b>SUMINISTRO EL\u00c9CTRICO\/CONSUMO DE ENERG\u00cdA<\/b><\/td>\n<td style=\"text-align: center;\" colspan=\"3\" width=\"406\">CA 100 a 240V\u00a0\u00a0 50\/60Hz\u00a0\u00a0 0,7A \/ Aprox. 70W<\/td>\n<\/tr>\n<tr>\n<td rowspan=\"2\" width=\"135\"><b>\u00a0<\/b><\/p>\n<p style=\"text-align: left;\"><b>NIVEL DE RUIDO AC\u00daSTICO<\/b><\/p>\n<\/td>\n<td style=\"text-align: left;\" width=\"135\"><b>Durante la operaci\u00f3n<\/b><\/td>\n<td style=\"text-align: center;\" colspan=\"3\" width=\"406\">67dB (A) o menos (seg\u00fan ISO7779)<\/td>\n<\/tr>\n<tr>\n<td style=\"text-align: left;\" width=\"135\"><b>Durante el modo de suspensi\u00f3n<\/b><\/td>\n<td style=\"text-align: center;\" colspan=\"3\" width=\"406\">43dB (A) o menos (seg\u00fan ISO7779)<\/td>\n<\/tr>\n<tr>\n<td style=\"text-align: left;\" colspan=\"2\" width=\"270\"><b>DIMENSIONES SOPORTADAS<\/b><\/td>\n<td style=\"text-align: center;\" width=\"136\">2165 mm (ancho) \u00d7 740 mm (profundidad) \u00d7 1190 mm (alto)<\/td>\n<td style=\"text-align: center;\" width=\"135\">1 910 mm (ancho) \u00d7 740 mm (profundidad) \u00d7 1190 mm (alto)<\/td>\n<td style=\"text-align: center;\" width=\"135\">1 650 mm (ancho) \u00d7 740 mm (profundidad) \u00d7 1190 mm (alto)<\/td>\n<\/tr>\n<tr>\n<td style=\"text-align: left;\" colspan=\"2\" width=\"270\"><b>PESO CON APOYO<\/b><\/td>\n<td style=\"text-align: center;\" width=\"136\">93,5kg<\/td>\n<td style=\"text-align: center;\" width=\"135\">87kg<\/td>\n<td style=\"text-align: center;\" width=\"135\">78kg<\/td>\n<\/tr>\n<tr>\n<td style=\"text-align: left;\" colspan=\"2\" width=\"270\"><b>DIMENSIONES DEL EMBALAJE<\/b><\/td>\n<td style=\"text-align: center;\" width=\"136\">2 300 mm (ancho) \u00d7 565 mm (profundidad) \u00d7 770 mm (alto)<\/td>\n<td style=\"text-align: center;\" width=\"135\">2 050 mm (ancho) \u00d7 565 mm (profundidad) \u00d7 770 mm (alto)<\/td>\n<td style=\"text-align: center;\" width=\"135\">1 740 mm (ancho) \u00d7 565 mm (profundidad) \u00d7 770 mm (alto)<\/td>\n<\/tr>\n<tr>\n<td style=\"text-align: left;\" colspan=\"2\" width=\"270\"><b>PESO DEL PAQUETE<\/b><\/td>\n<td style=\"text-align: center;\" width=\"136\">128 kg<\/td>\n<td style=\"text-align: center;\" width=\"135\">118 kg<\/td>\n<td style=\"text-align: center;\" width=\"135\">108 kg<\/td>\n<\/tr>\n<tr>\n<td style=\"text-align: left;\" colspan=\"2\" width=\"270\"><b>ENTORNO OPERATIVO<\/b><\/td>\n<td style=\"text-align: center;\" colspan=\"3\" width=\"406\"><b>Temperatura:<\/b> 5 a 40\u00ba |\u00a0<b>Humedad:<\/b> 35 a 80% (sin condensaci\u00f3n)<\/td>\n<\/tr>\n<tr>\n<td style=\"text-align: left;\" colspan=\"2\" width=\"270\"><b>\u00a0ELEMENTOS DESTACADOS<\/b><\/td>\n<td style=\"text-align: center;\" colspan=\"3\" width=\"406\">Cable de alimentaci\u00f3n, transformador, cuchilla (ZEC-U5032, 1 ud.), portacuchillas (XD-CH4-BL), abrazadera del mango, cuchillas de repuesto para la cuchilla de separaci\u00f3n, gu\u00eda de instalaci\u00f3n, cable USB (2 m), herramienta de alineaci\u00f3n de herramientas, Roland DG software (descargable), manual de usuario (descargable).<\/td>\n<\/tr>\n<\/tbody>\n<\/table>\n<ol>\n<li style=\"text-align: left;\"><em><span style=\"color: #993300;\">Solo aplicable bajo ciertas condiciones de prueba interna usando l\u00e1minas de vinilo y configuraciones de corte espec\u00edficas.<\/span><\/em><\/li>\n<li style=\"text-align: left;\"><em><span style=\"color: #993300;\">Excluyendo elongaci\u00f3n\/contracci\u00f3n del material.<\/span><\/em><\/li>\n<\/ol>","protected":false},"excerpt":{"rendered":"<p>La serie CAMM-1 GR lleva la productividad, la precisi\u00f3n y la potencia de corte a un nuevo nivel. Util\u00edcela como cortadora independiente o junto con impresoras existentes, la elecci\u00f3n es suya, pero tenga la seguridad de que optimizar\u00e1 su actividad con la serie de cortadoras GR.<\/p>","protected":false},"featured_media":1490,"template":"","meta":{"site-sidebar-layout":"default","site-content-layout":"default","ast-site-content-layout":"","site-content-style":"default","site-sidebar-style":"default","ast-global-header-display":"","ast-banner-title-visibility":"","ast-main-header-display":"","ast-hfb-above-header-display":"","ast-hfb-below-header-display":"","ast-hfb-mobile-header-display":"","site-post-title":"","ast-breadcrumbs-content":"","ast-featured-img":"","footer-sml-layout":"","theme-transparent-header-meta":"default","adv-header-id-meta":"","stick-header-meta":"","header-above-stick-meta":"","header-main-stick-meta":"","header-below-stick-meta":"","astra-migrate-meta-layouts":"default","ast-page-background-enabled":"default","ast-page-background-meta":{"desktop":{"background-color":"var(--ast-global-color-4)","background-image":"","background-repeat":"repeat","background-position":"center center","background-size":"auto","background-attachment":"scroll","background-type":"","background-media":"","overlay-type":"","overlay-color":"","overlay-gradient":""},"tablet":{"background-color":"","background-image":"","background-repeat":"repeat","background-position":"center center","background-size":"auto","background-attachment":"scroll","background-type":"","background-media":"","overlay-type":"","overlay-color":"","overlay-gradient":""},"mobile":{"background-color":"","background-image":"","background-repeat":"repeat","background-position":"center center","background-size":"auto","background-attachment":"scroll","background-type":"","background-media":"","overlay-type":"","overlay-color":"","overlay-gradient":""}},"ast-content-background-meta":{"desktop":{"background-color":"var(--ast-global-color-5)","background-image":"","background-repeat":"repeat","background-position":"center center","background-size":"auto","background-attachment":"scroll","background-type":"","background-media":"","overlay-type":"","overlay-color":"","overlay-gradient":""},"tablet":{"background-color":"var(--ast-global-color-5)","background-image":"","background-repeat":"repeat","background-position":"center center","background-size":"auto","background-attachment":"scroll","background-type":"","background-media":"","overlay-type":"","overlay-color":"","overlay-gradient":""},"mobile":{"background-color":"var(--ast-global-color-5)","background-image":"","background-repeat":"repeat","background-position":"center center","background-size":"auto","background-attachment":"scroll","background-type":"","background-media":"","overlay-type":"","overlay-color":"","overlay-gradient":""}}},"product_cat":[63],"product_tag":[],"class_list":{"0":"post-317","1":"product","2":"type-product","3":"status-publish","4":"has-post-thumbnail","6":"product_cat-impressao-e-corte","7":"desktop-align-left","8":"tablet-align-left","9":"mobile-align-left","11":"first","12":"instock","13":"shipping-taxable","14":"product-type-simple"},"yoast_head":"<!-- This site is optimized with the Yoast SEO plugin v22.2 - https:\/\/yoast.com\/wordpress\/plugins\/seo\/ -->\r\n<title>ROLAND GR 420\/540\/640 - Euninos<\/title>\r\n<meta name=\"robots\" content=\"index, follow, max-snippet:-1, max-image-preview:large, max-video-preview:-1\" \/>\r\n<link rel=\"canonical\" href=\"https:\/\/euninos.com\/es\/artigo\/roland-gr-420-540-640\/\" \/>\r\n<meta property=\"og:locale\" content=\"es_ES\" \/>\r\n<meta property=\"og:type\" content=\"article\" \/>\r\n<meta property=\"og:title\" content=\"ROLAND GR 420\/540\/640 - Euninos\" \/>\r\n<meta property=\"og:description\" content=\"A s\u00e9rie CAMM-1 GR leva a produtividade, precis\u00e3o e for\u00e7a do corte a um novo n\u00edvel. Utilizar como cortadora individual ou emparelhada com as impressoras j\u00e1 existentes, a escolha \u00e9 sua, mas tenha a certeza de que ir\u00e1 otimizar a sua atividade com a s\u00e9rie de cortadoras GR.\" \/>\r\n<meta property=\"og:url\" content=\"https:\/\/euninos.com\/es\/artigo\/roland-gr-420-540-640\/\" \/>\r\n<meta property=\"og:site_name\" content=\"Euninos\" \/>\r\n<meta property=\"article:publisher\" content=\"https:\/\/www.facebook.com\/euninos\" \/>\r\n<meta property=\"article:modified_time\" content=\"2022-05-20T11:28:16+00:00\" \/>\r\n<meta property=\"og:image\" content=\"https:\/\/euninos.com\/wp-content\/uploads\/2022\/04\/gr.jpg\" \/>\r\n\t<meta property=\"og:image:width\" content=\"1308\" \/>\r\n\t<meta property=\"og:image:height\" content=\"858\" \/>\r\n\t<meta property=\"og:image:type\" content=\"image\/jpeg\" \/>\r\n<meta name=\"twitter:card\" content=\"summary_large_image\" \/>\r\n<meta name=\"twitter:label1\" content=\"Tiempo de lectura\" \/>\n\t<meta name=\"twitter:data1\" content=\"4 minutos\" \/>\r\n<script type=\"application\/ld+json\" class=\"yoast-schema-graph\">{\"@context\":\"https:\/\/schema.org\",\"@graph\":[{\"@type\":\"WebPage\",\"@id\":\"https:\/\/euninos.com\/artigo\/roland-gr-420-540-640\/\",\"url\":\"https:\/\/euninos.com\/artigo\/roland-gr-420-540-640\/\",\"name\":\"ROLAND GR 420\/540\/640 - Euninos\",\"isPartOf\":{\"@id\":\"https:\/\/euninos.com\/#website\"},\"primaryImageOfPage\":{\"@id\":\"https:\/\/euninos.com\/artigo\/roland-gr-420-540-640\/#primaryimage\"},\"image\":{\"@id\":\"https:\/\/euninos.com\/artigo\/roland-gr-420-540-640\/#primaryimage\"},\"thumbnailUrl\":\"https:\/\/euninos.com\/wp-content\/uploads\/2022\/04\/gr.jpg\",\"datePublished\":\"2022-04-20T13:50:26+00:00\",\"dateModified\":\"2022-05-20T11:28:16+00:00\",\"breadcrumb\":{\"@id\":\"https:\/\/euninos.com\/artigo\/roland-gr-420-540-640\/#breadcrumb\"},\"inLanguage\":\"es\",\"potentialAction\":[{\"@type\":\"ReadAction\",\"target\":[\"https:\/\/euninos.com\/artigo\/roland-gr-420-540-640\/\"]}]},{\"@type\":\"ImageObject\",\"inLanguage\":\"es\",\"@id\":\"https:\/\/euninos.com\/artigo\/roland-gr-420-540-640\/#primaryimage\",\"url\":\"https:\/\/euninos.com\/wp-content\/uploads\/2022\/04\/gr.jpg\",\"contentUrl\":\"https:\/\/euninos.com\/wp-content\/uploads\/2022\/04\/gr.jpg\",\"width\":1308,\"height\":858},{\"@type\":\"BreadcrumbList\",\"@id\":\"https:\/\/euninos.com\/artigo\/roland-gr-420-540-640\/#breadcrumb\",\"itemListElement\":[{\"@type\":\"ListItem\",\"position\":1,\"name\":\"Produtos\",\"item\":\"https:\/\/euninos.com\/produtos\/\"},{\"@type\":\"ListItem\",\"position\":2,\"name\":\"ROLAND GR 420\/540\/640\"}]},{\"@type\":\"WebSite\",\"@id\":\"https:\/\/euninos.com\/#website\",\"url\":\"https:\/\/euninos.com\/\",\"name\":\"Euninos\",\"description\":\"Produtos de Impress\u00e3o e Corte\",\"publisher\":{\"@id\":\"https:\/\/euninos.com\/#organization\"},\"potentialAction\":[{\"@type\":\"SearchAction\",\"target\":{\"@type\":\"EntryPoint\",\"urlTemplate\":\"https:\/\/euninos.com\/?s={search_term_string}\"},\"query-input\":\"required name=search_term_string\"}],\"inLanguage\":\"es\"},{\"@type\":\"Organization\",\"@id\":\"https:\/\/euninos.com\/#organization\",\"name\":\"Euninos\",\"url\":\"https:\/\/euninos.com\/\",\"logo\":{\"@type\":\"ImageObject\",\"inLanguage\":\"es\",\"@id\":\"https:\/\/euninos.com\/#\/schema\/logo\/image\/\",\"url\":\"https:\/\/euninos.com\/wp-content\/uploads\/2022\/05\/cropped-logo-euninos-vector-Copia.png\",\"contentUrl\":\"https:\/\/euninos.com\/wp-content\/uploads\/2022\/05\/cropped-logo-euninos-vector-Copia.png\",\"width\":300,\"height\":170,\"caption\":\"Euninos\"},\"image\":{\"@id\":\"https:\/\/euninos.com\/#\/schema\/logo\/image\/\"},\"sameAs\":[\"https:\/\/www.facebook.com\/euninos\",\"https:\/\/www.instagram.com\/euninos.lda\",\"https:\/\/www.linkedin.com\/company\/euninos\",\"https:\/\/www.youtube.com\/c\/EuninosLda\"]}]}<\/script>\r\n<!-- \/ Yoast SEO plugin. -->","yoast_head_json":{"title":"ROLAND GR 420\/540\/640 - Euninos","robots":{"index":"index","follow":"follow","max-snippet":"max-snippet:-1","max-image-preview":"max-image-preview:large","max-video-preview":"max-video-preview:-1"},"canonical":"https:\/\/euninos.com\/es\/artigo\/roland-gr-420-540-640\/","og_locale":"es_ES","og_type":"article","og_title":"ROLAND GR 420\/540\/640 - Euninos","og_description":"A s\u00e9rie CAMM-1 GR leva a produtividade, precis\u00e3o e for\u00e7a do corte a um novo n\u00edvel. Utilizar como cortadora individual ou emparelhada com as impressoras j\u00e1 existentes, a escolha \u00e9 sua, mas tenha a certeza de que ir\u00e1 otimizar a sua atividade com a s\u00e9rie de cortadoras GR.","og_url":"https:\/\/euninos.com\/es\/artigo\/roland-gr-420-540-640\/","og_site_name":"Euninos","article_publisher":"https:\/\/www.facebook.com\/euninos","article_modified_time":"2022-05-20T11:28:16+00:00","og_image":[{"width":1308,"height":858,"url":"https:\/\/euninos.com\/wp-content\/uploads\/2022\/04\/gr.jpg","type":"image\/jpeg"}],"twitter_card":"summary_large_image","twitter_misc":{"Tiempo de lectura":"4 minutos"},"schema":{"@context":"https:\/\/schema.org","@graph":[{"@type":"WebPage","@id":"https:\/\/euninos.com\/artigo\/roland-gr-420-540-640\/","url":"https:\/\/euninos.com\/artigo\/roland-gr-420-540-640\/","name":"ROLAND GR 420\/540\/640 - Euninos","isPartOf":{"@id":"https:\/\/euninos.com\/#website"},"primaryImageOfPage":{"@id":"https:\/\/euninos.com\/artigo\/roland-gr-420-540-640\/#primaryimage"},"image":{"@id":"https:\/\/euninos.com\/artigo\/roland-gr-420-540-640\/#primaryimage"},"thumbnailUrl":"https:\/\/euninos.com\/wp-content\/uploads\/2022\/04\/gr.jpg","datePublished":"2022-04-20T13:50:26+00:00","dateModified":"2022-05-20T11:28:16+00:00","breadcrumb":{"@id":"https:\/\/euninos.com\/artigo\/roland-gr-420-540-640\/#breadcrumb"},"inLanguage":"es","potentialAction":[{"@type":"ReadAction","target":["https:\/\/euninos.com\/artigo\/roland-gr-420-540-640\/"]}]},{"@type":"ImageObject","inLanguage":"es","@id":"https:\/\/euninos.com\/artigo\/roland-gr-420-540-640\/#primaryimage","url":"https:\/\/euninos.com\/wp-content\/uploads\/2022\/04\/gr.jpg","contentUrl":"https:\/\/euninos.com\/wp-content\/uploads\/2022\/04\/gr.jpg","width":1308,"height":858},{"@type":"BreadcrumbList","@id":"https:\/\/euninos.com\/artigo\/roland-gr-420-540-640\/#breadcrumb","itemListElement":[{"@type":"ListItem","position":1,"name":"Produtos","item":"https:\/\/euninos.com\/produtos\/"},{"@type":"ListItem","position":2,"name":"ROLAND GR 420\/540\/640"}]},{"@type":"WebSite","@id":"https:\/\/euninos.com\/#website","url":"https:\/\/euninos.com\/","name":"Euninos","description":"Produtos de Impress\u00e3o e Corte","publisher":{"@id":"https:\/\/euninos.com\/#organization"},"potentialAction":[{"@type":"SearchAction","target":{"@type":"EntryPoint","urlTemplate":"https:\/\/euninos.com\/?s={search_term_string}"},"query-input":"required name=search_term_string"}],"inLanguage":"es"},{"@type":"Organization","@id":"https:\/\/euninos.com\/#organization","name":"Euninos","url":"https:\/\/euninos.com\/","logo":{"@type":"ImageObject","inLanguage":"es","@id":"https:\/\/euninos.com\/#\/schema\/logo\/image\/","url":"https:\/\/euninos.com\/wp-content\/uploads\/2022\/05\/cropped-logo-euninos-vector-Copia.png","contentUrl":"https:\/\/euninos.com\/wp-content\/uploads\/2022\/05\/cropped-logo-euninos-vector-Copia.png","width":300,"height":170,"caption":"Euninos"},"image":{"@id":"https:\/\/euninos.com\/#\/schema\/logo\/image\/"},"sameAs":["https:\/\/www.facebook.com\/euninos","https:\/\/www.instagram.com\/euninos.lda","https:\/\/www.linkedin.com\/company\/euninos","https:\/\/www.youtube.com\/c\/EuninosLda"]}]}},"_links":{"self":[{"href":"https:\/\/euninos.com\/es\/wp-json\/wp\/v2\/product\/317","targetHints":{"allow":["GET"]}}],"collection":[{"href":"https:\/\/euninos.com\/es\/wp-json\/wp\/v2\/product"}],"about":[{"href":"https:\/\/euninos.com\/es\/wp-json\/wp\/v2\/types\/product"}],"wp:featuredmedia":[{"embeddable":true,"href":"https:\/\/euninos.com\/es\/wp-json\/wp\/v2\/media\/1490"}],"wp:attachment":[{"href":"https:\/\/euninos.com\/es\/wp-json\/wp\/v2\/media?parent=317"}],"wp:term":[{"taxonomy":"product_cat","embeddable":true,"href":"https:\/\/euninos.com\/es\/wp-json\/wp\/v2\/product_cat?post=317"},{"taxonomy":"product_tag","embeddable":true,"href":"https:\/\/euninos.com\/es\/wp-json\/wp\/v2\/product_tag?post=317"}],"curies":[{"name":"wp","href":"https:\/\/api.w.org\/{rel}","templated":true}]}}