{"id":316,"date":"2022-04-20T13:50:26","date_gmt":"2022-04-20T13:50:26","guid":{"rendered":"https:\/\/euninos.com\/?post_type=product&#038;p=316"},"modified":"2023-04-21T10:29:34","modified_gmt":"2023-04-21T09:29:34","slug":"roland-gs-24","status":"publish","type":"product","link":"https:\/\/euninos.com\/es\/artigo\/roland-gs-24\/","title":{"rendered":"ROLAND GS2-24"},"content":{"rendered":"<p>Compacta, potente e f\u00e1cil de usar, a plotter de corte de mesa GS2-24 \u00e9 ideal para come\u00e7ar o seu neg\u00f3cio de ilustra\u00e7\u00f5es ou\u00a0internalizar a produ\u00e7\u00e3o\u00a0de ilustra\u00e7\u00f5es.<\/p>\n<ul>\n<li>Operaci\u00f3n intuitiva y f\u00e1cil de usar<\/li>\n<li>Maior pot\u00eancia para cortar facilmente centenas de materiais<\/li>\n<li>Desempenho de corte r\u00e1pido e preciso<\/li>\n<li>Criada para se adaptar ao seu fluxo de trabalho<\/li>\n<\/ul>\n<p>Com a GS2-24, pode criar imagens de qualidade profissional numa enorme gama de materiais e levar o seu neg\u00f3cio ao pr\u00f3ximo n\u00edvel. Com tudo o que precisa para come\u00e7ar, esta solu\u00e7\u00e3o da Roland DG \u00e9 a \u00fanica escolha para verdadeiros empreendedores.<\/p>\n<h3 class=\"h3 feature-title\">Criar sem limites<\/h3>\n<div class=\"feature-description\">\n<div>\n<p>Com\u00a0<strong>uma for\u00e7a de corte 40% superior<\/strong> \u00e0 do modelo anterior (GS-24), pode cortar os designs mais complexos numa vasta gama de materiais, incluindo:<\/p>\n<div class=\"row\">\n<div class=\"col-xs-6 col-sm-12 col-md-6\">\n<ul>\n<li>Vinil autoadesivo<\/li>\n<li>Vinil de transfer\u00eancia t\u00e9rmica<\/li>\n<li>Materiais especiais<\/li>\n<li>Folha magn\u00e9tica<\/li>\n<li>Pap\u00e9is e cart\u00e3o<\/li>\n<li>Pel\u00edcula para janelas e vidros<\/li>\n<li>Vinil refletor<\/li>\n<li>Folha de borracha<\/li>\n<\/ul>\n<\/div>\n<div class=\"col-xs-6 col-sm-12 col-md-6\"><\/div>\n<\/div>\n<\/div>\n<\/div>\n<p><strong>VersaSTUDIO GS2-24<\/strong><\/p>\n<table class=\"specifications table table-responsive\">\n<tbody>\n<tr>\n<td colspan=\"2\">Sistema de acionamento<\/td>\n<td>Servomotor de controlo digital<\/td>\n<\/tr>\n<tr>\n<td colspan=\"2\">Mecanismo de corte<\/td>\n<td>M\u00e9todo de movimenta\u00e7\u00e3o do material<\/td>\n<\/tr>\n<tr>\n<td rowspan=\"2\">Tamanho aceit\u00e1vel<br \/>\ndo material<\/td>\n<td>Ancho<\/td>\n<td>50 &#8211; 700 mm (1,97 pol. &#8211; 27,5 pol.)<\/td>\n<\/tr>\n<tr>\n<td>Longitud<\/td>\n<td>Material em rolo: sem restri\u00e7\u00f5es<br \/>\nMaterial plano: 100 mm (3,94 pol.) ou mais<\/td>\n<\/tr>\n<tr>\n<td colspan=\"2\">\u00c1rea m\u00e1xima de corte<\/td>\n<td>584 mm (largura) \u00d7 25.000 mm (comprimento) (22,9 pol. \u00d7 984 pol.)<\/td>\n<\/tr>\n<tr>\n<td colspan=\"2\">Ferramentas \u00fateis<\/td>\n<td>\u2022 L\u00e2mina da s\u00e9rie CAMM-1 (ZEC-U5032 \/ U5022 \/ U5025 \/ U3017)<br \/>\n\u2022 L\u00e2mina plana (ZEC-U1715 \/ U3050 \/ U3075 \/ U3100)<br \/>\n\u2022 L\u00e2mina de pel\u00edcula para vidros (ZEC-U5010)<\/td>\n<\/tr>\n<tr>\n<td colspan=\"2\">Velocidad cortante<\/td>\n<td>10 &#8211; 850 mm\/s (0,39 &#8211; 33,4 pol.\/s)<\/td>\n<\/tr>\n<tr>\n<td colspan=\"2\">For\u00e7a da l\u00e2mina<\/td>\n<td>30 &#8211; 500 gf<\/td>\n<\/tr>\n<tr>\n<td colspan=\"2\">Resolu\u00e7\u00e3o mec\u00e2nica<\/td>\n<td>0,0125 mm\/passo (0,49 mil.\/passo)<\/td>\n<\/tr>\n<tr>\n<td colspan=\"2\">Resolu\u00e7\u00e3o do software<\/td>\n<td>0,025 mm\/passo (0,98 mil.\/passo)<\/td>\n<\/tr>\n<tr>\n<td colspan=\"2\">Precis\u00e3o da dist\u00e2ncia<sup>*1<\/sup><\/td>\n<td>Erro menor do que \u00b10.2% da dist\u00e2ncia percorrida ou 0.1 mm (3,94 mil), conforme o valor maior<\/td>\n<\/tr>\n<tr>\n<td colspan=\"2\">Repetibilidade\u00a0<sup>*1, *2<\/sup><\/td>\n<td>0,1 mm (3,9 mil) ou menos<\/td>\n<\/tr>\n<tr>\n<td colspan=\"2\">Precis\u00e3o do alinhamento para o corte de material impresso\u00a0<sup>*1, *3<\/sup><\/td>\n<td>\u00b11 mm (\u00b139,4 mil.) ou inferior para uma dist\u00e2ncia de movimento de 210 mm (8,3 pol.) ou menos na dire\u00e7\u00e3o de alimenta\u00e7\u00e3o do material e dist\u00e2ncia de movimento de 170 mm (6,7 pol.) ou menos na dire\u00e7\u00e3o da largura (n\u00e3o tem em conta a influ\u00eancia da impressora e do material)<\/td>\n<\/tr>\n<tr>\n<td colspan=\"2\">Conectividad<\/td>\n<td>\u2022 Ethernet (comuta\u00e7\u00e3o autom\u00e1tica entre 10BASE-T e 100BASE-TX)<br \/>\n\u2022 USB 2.0 (compat\u00edvel com VELOCIDADE TOTAL)<\/td>\n<\/tr>\n<tr>\n<td colspan=\"2\">Mem\u00f3ria replot<\/td>\n<td>2 MB<\/td>\n<\/tr>\n<tr>\n<td colspan=\"2\">Sistema de comando<\/td>\n<td>CAMM-GL\u2162<\/td>\n<\/tr>\n<tr>\n<td colspan=\"2\">Fonte de alimenta\u00e7\u00e3o<\/td>\n<td>Adaptador AC dedicado<br \/>\nEntrada: 100 &#8211; 240 Vac, 50\/60 Hz<br \/>\nSa\u00edda: 24 Vdc 2, A<\/td>\n<\/tr>\n<tr>\n<td colspan=\"2\">Corrente nominal<\/td>\n<td>1.0 A<\/td>\n<\/tr>\n<tr>\n<td colspan=\"2\">Consumo de energia<\/td>\n<td>Aprox. 24 W<\/td>\n<\/tr>\n<tr>\n<td rowspan=\"2\">N\u00edvel de ru\u00eddo<\/td>\n<td>\u00a0Durante la operaci\u00f3n<\/td>\n<td>70 dB (A) ou menos<\/td>\n<\/tr>\n<tr>\n<td>\u00a0Em standby<\/td>\n<td>40 dB (A) ou menos<\/td>\n<\/tr>\n<tr>\n<td colspan=\"2\">Dimens\u00f5es externas<\/td>\n<td>860 mm (Largura) \u00d7 319 mm (Profundidade) \u00d7 235 mm (Altura) (33.9 pol. \u00d7 12,6 pol. \u00d7 9,3 pol.)<\/td>\n<\/tr>\n<tr>\n<td colspan=\"2\">Peso<\/td>\n<td>13,5 kg (30 lb.)<\/td>\n<\/tr>\n<tr>\n<td rowspan=\"2\">Ambiente<\/td>\n<td>Temperatura<\/td>\n<td>5 &#8211; 40 \u00b0C (41 a 104 \u00b0F)<\/td>\n<\/tr>\n<tr>\n<td>Humidade<\/td>\n<td>20 &#8211; 80 % HR (sem condensa\u00e7\u00e3o)<\/td>\n<\/tr>\n<tr>\n<td colspan=\"2\">Itens inclu\u00eddos<\/td>\n<td>Cabo de alimenta\u00e7\u00e3o, adaptador de AC, l\u00e2mina, suporte de l\u00e2mina, base de rolo, cabo USB, ferramenta de alinhamento, manuais<\/td>\n<\/tr>\n<\/tbody>\n<\/table>\n<p>&nbsp;<\/p>\n<ul>\n<li><small>*1\u00a0 \u00a0De acordo com o material e as condi\u00e7\u00f5es de corte especificados pela Roland DG Corporation. \u00a0<\/small><\/li>\n<li><small>*2 \u2022 N\u00e3o inclui a expans\u00e3o\/contra\u00e7\u00e3o do material<\/small><\/li>\n<li><small>\u00a0 \u00a0 \u00a0\u2022 Comprimento na dire\u00e7\u00e3o de alimenta\u00e7\u00e3o do len\u00e7ol: Dentro de 1600 mm (62,9 pol.)\u00a0<\/small><\/li>\n<li><small>*3\u00a0 \u00a0De acordo com os padr\u00f5es de medi\u00e7\u00e3o especificados pela Roland DG Corporation.<br \/>\n\u2022 O software deve estar inclu\u00eddo no software Roland DG Corporation.<br \/>\n\u2022 Deve utilizar uma impressora a laser ou a jato de tinta com uma resolu\u00e7\u00e3o de 720 dpi ou superior.<br \/>\n\u2022 N\u00e3o inclui material brilhante e\/ou laminado.<br \/>\n\u2022 N\u00e3o inclui efeitos da impress\u00e3o empenada devido \u00e0 precis\u00e3o da impressora ou efeitos da expans\u00e3o\/contra\u00e7\u00e3o do material.<br \/>\n\u2022 Pode n\u00e3o ser lido corretamente pelo sensor dependendo da tinta da impressora (preta) utilizada.<\/small><\/li>\n<\/ul>\n<p style=\"text-align: center;\">","protected":false},"excerpt":{"rendered":"<p>Compacta, potente e f\u00e1cil de usar, a plotter de corte de mesa GS2-24 \u00e9 ideal para come\u00e7ar o seu neg\u00f3cio de ilustra\u00e7\u00f5es ou\u00a0internalizar a produ\u00e7\u00e3o\u00a0de ilustra\u00e7\u00f5es.<\/p>","protected":false},"featured_media":2680,"template":"","meta":{"site-sidebar-layout":"default","site-content-layout":"default","ast-site-content-layout":"","site-content-style":"default","site-sidebar-style":"default","ast-global-header-display":"","ast-banner-title-visibility":"","ast-main-header-display":"","ast-hfb-above-header-display":"","ast-hfb-below-header-display":"","ast-hfb-mobile-header-display":"","site-post-title":"","ast-breadcrumbs-content":"","ast-featured-img":"","footer-sml-layout":"","theme-transparent-header-meta":"default","adv-header-id-meta":"","stick-header-meta":"","header-above-stick-meta":"","header-main-stick-meta":"","header-below-stick-meta":"","astra-migrate-meta-layouts":"default","ast-page-background-enabled":"default","ast-page-background-meta":{"desktop":{"background-color":"var(--ast-global-color-4)","background-image":"","background-repeat":"repeat","background-position":"center center","background-size":"auto","background-attachment":"scroll","background-type":"","background-media":"","overlay-type":"","overlay-color":"","overlay-gradient":""},"tablet":{"background-color":"","background-image":"","background-repeat":"repeat","background-position":"center center","background-size":"auto","background-attachment":"scroll","background-type":"","background-media":"","overlay-type":"","overlay-color":"","overlay-gradient":""},"mobile":{"background-color":"","background-image":"","background-repeat":"repeat","background-position":"center center","background-size":"auto","background-attachment":"scroll","background-type":"","background-media":"","overlay-type":"","overlay-color":"","overlay-gradient":""}},"ast-content-background-meta":{"desktop":{"background-color":"var(--ast-global-color-5)","background-image":"","background-repeat":"repeat","background-position":"center center","background-size":"auto","background-attachment":"scroll","background-type":"","background-media":"","overlay-type":"","overlay-color":"","overlay-gradient":""},"tablet":{"background-color":"var(--ast-global-color-5)","background-image":"","background-repeat":"repeat","background-position":"center center","background-size":"auto","background-attachment":"scroll","background-type":"","background-media":"","overlay-type":"","overlay-color":"","overlay-gradient":""},"mobile":{"background-color":"var(--ast-global-color-5)","background-image":"","background-repeat":"repeat","background-position":"center center","background-size":"auto","background-attachment":"scroll","background-type":"","background-media":"","overlay-type":"","overlay-color":"","overlay-gradient":""}}},"product_cat":[63],"product_tag":[],"class_list":{"0":"post-316","1":"product","2":"type-product","3":"status-publish","4":"has-post-thumbnail","6":"product_cat-impressao-e-corte","7":"desktop-align-left","8":"tablet-align-left","9":"mobile-align-left","11":"first","12":"instock","13":"shipping-taxable","14":"product-type-simple"},"yoast_head":"<!-- This site is optimized with the Yoast SEO plugin v22.2 - https:\/\/yoast.com\/wordpress\/plugins\/seo\/ -->\r\n<title>ROLAND GS2-24 - Euninos<\/title>\r\n<meta name=\"description\" content=\"Compacta, potente e f\u00e1cil de usar, a GS2-24 \u00e9 ideal para come\u00e7ar o seu neg\u00f3cio de ilustra\u00e7\u00f5es ou\u00a0internalizar a produ\u00e7\u00e3o\u00a0de ilustra\u00e7\u00f5es.\" \/>\r\n<meta name=\"robots\" content=\"index, follow, max-snippet:-1, max-image-preview:large, max-video-preview:-1\" \/>\r\n<link rel=\"canonical\" href=\"https:\/\/euninos.com\/es\/artigo\/roland-gs-24\/\" \/>\r\n<meta property=\"og:locale\" content=\"es_ES\" \/>\r\n<meta property=\"og:type\" content=\"article\" \/>\r\n<meta property=\"og:title\" content=\"ROLAND GS2-24 - Euninos\" \/>\r\n<meta property=\"og:description\" content=\"Compacta, potente e f\u00e1cil de usar, a GS2-24 \u00e9 ideal para come\u00e7ar o seu neg\u00f3cio de ilustra\u00e7\u00f5es ou\u00a0internalizar a produ\u00e7\u00e3o\u00a0de ilustra\u00e7\u00f5es.\" \/>\r\n<meta property=\"og:url\" content=\"https:\/\/euninos.com\/es\/artigo\/roland-gs-24\/\" \/>\r\n<meta property=\"og:site_name\" content=\"Euninos\" \/>\r\n<meta property=\"article:publisher\" content=\"https:\/\/www.facebook.com\/euninos\" \/>\r\n<meta property=\"article:modified_time\" content=\"2023-04-21T09:29:34+00:00\" \/>\r\n<meta property=\"og:image\" content=\"https:\/\/euninos.com\/wp-content\/uploads\/2022\/04\/gs2-24.jpg\" \/>\r\n\t<meta property=\"og:image:width\" content=\"1600\" \/>\r\n\t<meta property=\"og:image:height\" content=\"1080\" \/>\r\n\t<meta property=\"og:image:type\" content=\"image\/jpeg\" \/>\r\n<meta name=\"twitter:card\" content=\"summary_large_image\" \/>\r\n<meta name=\"twitter:label1\" content=\"Tiempo de lectura\" \/>\n\t<meta name=\"twitter:data1\" content=\"4 minutos\" \/>\r\n<script type=\"application\/ld+json\" class=\"yoast-schema-graph\">{\"@context\":\"https:\/\/schema.org\",\"@graph\":[{\"@type\":\"WebPage\",\"@id\":\"https:\/\/euninos.com\/artigo\/roland-gs-24\/\",\"url\":\"https:\/\/euninos.com\/artigo\/roland-gs-24\/\",\"name\":\"ROLAND GS2-24 - Euninos\",\"isPartOf\":{\"@id\":\"https:\/\/euninos.com\/#website\"},\"primaryImageOfPage\":{\"@id\":\"https:\/\/euninos.com\/artigo\/roland-gs-24\/#primaryimage\"},\"image\":{\"@id\":\"https:\/\/euninos.com\/artigo\/roland-gs-24\/#primaryimage\"},\"thumbnailUrl\":\"https:\/\/euninos.com\/wp-content\/uploads\/2022\/04\/gs2-24.jpg\",\"datePublished\":\"2022-04-20T13:50:26+00:00\",\"dateModified\":\"2023-04-21T09:29:34+00:00\",\"description\":\"Compacta, potente e f\u00e1cil de usar, a GS2-24 \u00e9 ideal para come\u00e7ar o seu neg\u00f3cio de ilustra\u00e7\u00f5es ou\u00a0internalizar a produ\u00e7\u00e3o\u00a0de ilustra\u00e7\u00f5es.\",\"breadcrumb\":{\"@id\":\"https:\/\/euninos.com\/artigo\/roland-gs-24\/#breadcrumb\"},\"inLanguage\":\"es\",\"potentialAction\":[{\"@type\":\"ReadAction\",\"target\":[\"https:\/\/euninos.com\/artigo\/roland-gs-24\/\"]}]},{\"@type\":\"ImageObject\",\"inLanguage\":\"es\",\"@id\":\"https:\/\/euninos.com\/artigo\/roland-gs-24\/#primaryimage\",\"url\":\"https:\/\/euninos.com\/wp-content\/uploads\/2022\/04\/gs2-24.jpg\",\"contentUrl\":\"https:\/\/euninos.com\/wp-content\/uploads\/2022\/04\/gs2-24.jpg\",\"width\":1600,\"height\":1080},{\"@type\":\"BreadcrumbList\",\"@id\":\"https:\/\/euninos.com\/artigo\/roland-gs-24\/#breadcrumb\",\"itemListElement\":[{\"@type\":\"ListItem\",\"position\":1,\"name\":\"Produtos\",\"item\":\"https:\/\/euninos.com\/produtos\/\"},{\"@type\":\"ListItem\",\"position\":2,\"name\":\"ROLAND GS2-24\"}]},{\"@type\":\"WebSite\",\"@id\":\"https:\/\/euninos.com\/#website\",\"url\":\"https:\/\/euninos.com\/\",\"name\":\"Euninos\",\"description\":\"Produtos de Impress\u00e3o e Corte\",\"publisher\":{\"@id\":\"https:\/\/euninos.com\/#organization\"},\"potentialAction\":[{\"@type\":\"SearchAction\",\"target\":{\"@type\":\"EntryPoint\",\"urlTemplate\":\"https:\/\/euninos.com\/?s={search_term_string}\"},\"query-input\":\"required name=search_term_string\"}],\"inLanguage\":\"es\"},{\"@type\":\"Organization\",\"@id\":\"https:\/\/euninos.com\/#organization\",\"name\":\"Euninos\",\"url\":\"https:\/\/euninos.com\/\",\"logo\":{\"@type\":\"ImageObject\",\"inLanguage\":\"es\",\"@id\":\"https:\/\/euninos.com\/#\/schema\/logo\/image\/\",\"url\":\"https:\/\/euninos.com\/wp-content\/uploads\/2022\/05\/cropped-logo-euninos-vector-Copia.png\",\"contentUrl\":\"https:\/\/euninos.com\/wp-content\/uploads\/2022\/05\/cropped-logo-euninos-vector-Copia.png\",\"width\":300,\"height\":170,\"caption\":\"Euninos\"},\"image\":{\"@id\":\"https:\/\/euninos.com\/#\/schema\/logo\/image\/\"},\"sameAs\":[\"https:\/\/www.facebook.com\/euninos\",\"https:\/\/www.instagram.com\/euninos.lda\",\"https:\/\/www.linkedin.com\/company\/euninos\",\"https:\/\/www.youtube.com\/c\/EuninosLda\"]}]}<\/script>\r\n<!-- \/ Yoast SEO plugin. -->","yoast_head_json":{"title":"ROLAND GS2-24 - Euninos","description":"Compacta, potente e f\u00e1cil de usar, a GS2-24 \u00e9 ideal para come\u00e7ar o seu neg\u00f3cio de ilustra\u00e7\u00f5es ou\u00a0internalizar a produ\u00e7\u00e3o\u00a0de ilustra\u00e7\u00f5es.","robots":{"index":"index","follow":"follow","max-snippet":"max-snippet:-1","max-image-preview":"max-image-preview:large","max-video-preview":"max-video-preview:-1"},"canonical":"https:\/\/euninos.com\/es\/artigo\/roland-gs-24\/","og_locale":"es_ES","og_type":"article","og_title":"ROLAND GS2-24 - Euninos","og_description":"Compacta, potente e f\u00e1cil de usar, a GS2-24 \u00e9 ideal para come\u00e7ar o seu neg\u00f3cio de ilustra\u00e7\u00f5es ou\u00a0internalizar a produ\u00e7\u00e3o\u00a0de ilustra\u00e7\u00f5es.","og_url":"https:\/\/euninos.com\/es\/artigo\/roland-gs-24\/","og_site_name":"Euninos","article_publisher":"https:\/\/www.facebook.com\/euninos","article_modified_time":"2023-04-21T09:29:34+00:00","og_image":[{"width":1600,"height":1080,"url":"https:\/\/euninos.com\/wp-content\/uploads\/2022\/04\/gs2-24.jpg","type":"image\/jpeg"}],"twitter_card":"summary_large_image","twitter_misc":{"Tiempo de lectura":"4 minutos"},"schema":{"@context":"https:\/\/schema.org","@graph":[{"@type":"WebPage","@id":"https:\/\/euninos.com\/artigo\/roland-gs-24\/","url":"https:\/\/euninos.com\/artigo\/roland-gs-24\/","name":"ROLAND GS2-24 - Euninos","isPartOf":{"@id":"https:\/\/euninos.com\/#website"},"primaryImageOfPage":{"@id":"https:\/\/euninos.com\/artigo\/roland-gs-24\/#primaryimage"},"image":{"@id":"https:\/\/euninos.com\/artigo\/roland-gs-24\/#primaryimage"},"thumbnailUrl":"https:\/\/euninos.com\/wp-content\/uploads\/2022\/04\/gs2-24.jpg","datePublished":"2022-04-20T13:50:26+00:00","dateModified":"2023-04-21T09:29:34+00:00","description":"Compacta, potente e f\u00e1cil de usar, a GS2-24 \u00e9 ideal para come\u00e7ar o seu neg\u00f3cio de ilustra\u00e7\u00f5es ou\u00a0internalizar a produ\u00e7\u00e3o\u00a0de ilustra\u00e7\u00f5es.","breadcrumb":{"@id":"https:\/\/euninos.com\/artigo\/roland-gs-24\/#breadcrumb"},"inLanguage":"es","potentialAction":[{"@type":"ReadAction","target":["https:\/\/euninos.com\/artigo\/roland-gs-24\/"]}]},{"@type":"ImageObject","inLanguage":"es","@id":"https:\/\/euninos.com\/artigo\/roland-gs-24\/#primaryimage","url":"https:\/\/euninos.com\/wp-content\/uploads\/2022\/04\/gs2-24.jpg","contentUrl":"https:\/\/euninos.com\/wp-content\/uploads\/2022\/04\/gs2-24.jpg","width":1600,"height":1080},{"@type":"BreadcrumbList","@id":"https:\/\/euninos.com\/artigo\/roland-gs-24\/#breadcrumb","itemListElement":[{"@type":"ListItem","position":1,"name":"Produtos","item":"https:\/\/euninos.com\/produtos\/"},{"@type":"ListItem","position":2,"name":"ROLAND GS2-24"}]},{"@type":"WebSite","@id":"https:\/\/euninos.com\/#website","url":"https:\/\/euninos.com\/","name":"Euninos","description":"Produtos de Impress\u00e3o e Corte","publisher":{"@id":"https:\/\/euninos.com\/#organization"},"potentialAction":[{"@type":"SearchAction","target":{"@type":"EntryPoint","urlTemplate":"https:\/\/euninos.com\/?s={search_term_string}"},"query-input":"required name=search_term_string"}],"inLanguage":"es"},{"@type":"Organization","@id":"https:\/\/euninos.com\/#organization","name":"Euninos","url":"https:\/\/euninos.com\/","logo":{"@type":"ImageObject","inLanguage":"es","@id":"https:\/\/euninos.com\/#\/schema\/logo\/image\/","url":"https:\/\/euninos.com\/wp-content\/uploads\/2022\/05\/cropped-logo-euninos-vector-Copia.png","contentUrl":"https:\/\/euninos.com\/wp-content\/uploads\/2022\/05\/cropped-logo-euninos-vector-Copia.png","width":300,"height":170,"caption":"Euninos"},"image":{"@id":"https:\/\/euninos.com\/#\/schema\/logo\/image\/"},"sameAs":["https:\/\/www.facebook.com\/euninos","https:\/\/www.instagram.com\/euninos.lda","https:\/\/www.linkedin.com\/company\/euninos","https:\/\/www.youtube.com\/c\/EuninosLda"]}]}},"_links":{"self":[{"href":"https:\/\/euninos.com\/es\/wp-json\/wp\/v2\/product\/316","targetHints":{"allow":["GET"]}}],"collection":[{"href":"https:\/\/euninos.com\/es\/wp-json\/wp\/v2\/product"}],"about":[{"href":"https:\/\/euninos.com\/es\/wp-json\/wp\/v2\/types\/product"}],"wp:featuredmedia":[{"embeddable":true,"href":"https:\/\/euninos.com\/es\/wp-json\/wp\/v2\/media\/2680"}],"wp:attachment":[{"href":"https:\/\/euninos.com\/es\/wp-json\/wp\/v2\/media?parent=316"}],"wp:term":[{"taxonomy":"product_cat","embeddable":true,"href":"https:\/\/euninos.com\/es\/wp-json\/wp\/v2\/product_cat?post=316"},{"taxonomy":"product_tag","embeddable":true,"href":"https:\/\/euninos.com\/es\/wp-json\/wp\/v2\/product_tag?post=316"}],"curies":[{"name":"wp","href":"https:\/\/api.w.org\/{rel}","templated":true}]}}