{"id":315,"date":"2022-04-20T13:50:26","date_gmt":"2022-04-20T13:50:26","guid":{"rendered":"https:\/\/euninos.com\/?post_type=product&#038;p=315"},"modified":"2022-05-20T16:01:42","modified_gmt":"2022-05-20T16:01:42","slug":"calandra-120-sot1220","status":"publish","type":"product","link":"https:\/\/euninos.com\/es\/artigo\/calandra-120-sot1220\/","title":{"rendered":"Calandra 1,20 Sot1220"},"content":{"rendered":"<p>Equipos para la producci\u00f3n de transferencia de calor de rollo a rollo o pieza por pieza. Adem\u00e1s, la m\u00e1quina ocupa un lugar de trabajo peque\u00f1o y solo requiere un operador, lo que reduce los costos en t\u00e9rminos de energ\u00eda y mano de obra.<\/p>\n<p>&nbsp;<\/p>\n<h2><strong>ESPECIFICACIONES<\/strong><\/h2>\n<hr \/>\n<table style=\"height: 490px;\" width=\"677\">\n<tbody>\n<tr>\n<td width=\"321\"><strong>MEDIOS DE CALEFACCI\u00d3N<\/strong><\/td>\n<td width=\"340\">Aceite<\/td>\n<\/tr>\n<tr>\n<td width=\"321\"><strong>VOLTAJE<\/strong><\/td>\n<td width=\"340\">Monof\u00e1sico, 220V<\/td>\n<\/tr>\n<tr>\n<td width=\"321\"><strong>PODER DE CALEFACCI\u00d3N<\/strong><\/td>\n<td width=\"340\">6KW<\/td>\n<\/tr>\n<tr>\n<td width=\"321\"><strong>ELEMENTO DE CALEFACCI\u00d3N<\/strong><\/td>\n<td width=\"340\">3<\/td>\n<\/tr>\n<tr>\n<td width=\"321\"><strong>DI\u00c1METRO DEL TAMBOR<\/strong><\/td>\n<td width=\"340\">200mm o 7,9\u2019\u2019<\/td>\n<\/tr>\n<tr>\n<td width=\"321\"><strong>VELOCIDAD DE TRANSFERENCIA<\/strong><\/td>\n<td width=\"340\">Hasta 0,5 m\/min o 5,4\u2019\u2019\/min<\/td>\n<\/tr>\n<tr>\n<td width=\"321\"><strong>TEMPERATURA M\u00c1XIMA<\/strong><\/td>\n<td width=\"340\">240\u00baC o 464\u00baF<\/td>\n<\/tr>\n<tr>\n<td width=\"321\"><strong>ANCHO DE TRANSFERENCIA<\/strong><\/td>\n<td width=\"340\">1220mm o 48\u2019\u2019<\/td>\n<\/tr>\n<tr>\n<td width=\"321\"><strong>RUTA DEL PROCESO<\/strong><\/td>\n<td width=\"340\">Alimentado a trav\u00e9s de la parte superior del tambor<\/td>\n<\/tr>\n<tr>\n<td width=\"321\"><strong>ROLLO A ROLLO<\/strong><\/td>\n<td width=\"340\">Si<\/td>\n<\/tr>\n<tr>\n<td width=\"321\"><strong>PRECIO A PRECIO<\/strong><\/td>\n<td width=\"340\">Si<\/td>\n<\/tr>\n<tr>\n<td width=\"321\"><strong>RODILLOS DE ALIMENTACI\u00d3N<\/strong><\/td>\n<td width=\"340\">3<\/td>\n<\/tr>\n<tr>\n<td width=\"321\"><strong>ROLOS ACUMULADOS<\/strong><\/td>\n<td width=\"340\">3<\/td>\n<\/tr>\n<tr>\n<td width=\"321\"><strong>MESA DE TRABAJO<\/strong><\/td>\n<td width=\"340\">Si<\/td>\n<\/tr>\n<tr>\n<td width=\"321\"><strong>LIBERACI\u00d3N DE SENTIDO<\/strong><\/td>\n<td width=\"340\">Si<\/td>\n<\/tr>\n<tr>\n<td width=\"321\"><strong>ALINHAMENTO AUTOM\u00c1TICO DE FELTRO<\/strong><\/td>\n<td width=\"340\">No<\/td>\n<\/tr>\n<tr>\n<td width=\"321\"><strong>DIMENSIONES DE LA M\u00c1QUINA<\/strong><\/td>\n<td width=\"340\">1850 mm x 660 mm x 1250 mm o 73\u2019\u2019 x 26\u2019\u2019 x 50\u2019\u2019<\/td>\n<\/tr>\n<tr>\n<td width=\"321\"><strong>DIMENSIONES DE LA MESA DE TRABAJO<\/strong><\/td>\n<td width=\"340\">1630mm x 800mm x 950mm o 64\u2019\u2019 x 32\u2019\u2019 x 38\u2019\u2019<\/td>\n<\/tr>\n<tr>\n<td width=\"321\"><strong>DIMENSIONES DEL EMBALAJE<\/strong><\/td>\n<td width=\"340\">2010mm x 850mm x 1520mm o 79\u2019\u2019 x 34\u2019\u2019 x 60\u2019\u2019<\/td>\n<\/tr>\n<\/tbody>\n<\/table>\n<p>&nbsp;<\/p>\n<hr \/>\n<p>&nbsp;<\/p>","protected":false},"excerpt":{"rendered":"<p>Equipos para la producci\u00f3n de transferencia de calor de rollo a rollo o pieza por pieza. Adem\u00e1s, la m\u00e1quina ocupa un lugar de trabajo peque\u00f1o y solo requiere un operador, lo que reduce los costos en t\u00e9rminos de energ\u00eda y mano de obra.<\/p>","protected":false},"featured_media":1502,"template":"","meta":{"site-sidebar-layout":"default","site-content-layout":"default","ast-site-content-layout":"","site-content-style":"default","site-sidebar-style":"default","ast-global-header-display":"","ast-banner-title-visibility":"","ast-main-header-display":"","ast-hfb-above-header-display":"","ast-hfb-below-header-display":"","ast-hfb-mobile-header-display":"","site-post-title":"","ast-breadcrumbs-content":"","ast-featured-img":"","footer-sml-layout":"","theme-transparent-header-meta":"default","adv-header-id-meta":"","stick-header-meta":"","header-above-stick-meta":"","header-main-stick-meta":"","header-below-stick-meta":"","astra-migrate-meta-layouts":"default","ast-page-background-enabled":"default","ast-page-background-meta":{"desktop":{"background-color":"var(--ast-global-color-4)","background-image":"","background-repeat":"repeat","background-position":"center center","background-size":"auto","background-attachment":"scroll","background-type":"","background-media":"","overlay-type":"","overlay-color":"","overlay-gradient":""},"tablet":{"background-color":"","background-image":"","background-repeat":"repeat","background-position":"center center","background-size":"auto","background-attachment":"scroll","background-type":"","background-media":"","overlay-type":"","overlay-color":"","overlay-gradient":""},"mobile":{"background-color":"","background-image":"","background-repeat":"repeat","background-position":"center center","background-size":"auto","background-attachment":"scroll","background-type":"","background-media":"","overlay-type":"","overlay-color":"","overlay-gradient":""}},"ast-content-background-meta":{"desktop":{"background-color":"var(--ast-global-color-5)","background-image":"","background-repeat":"repeat","background-position":"center center","background-size":"auto","background-attachment":"scroll","background-type":"","background-media":"","overlay-type":"","overlay-color":"","overlay-gradient":""},"tablet":{"background-color":"var(--ast-global-color-5)","background-image":"","background-repeat":"repeat","background-position":"center center","background-size":"auto","background-attachment":"scroll","background-type":"","background-media":"","overlay-type":"","overlay-color":"","overlay-gradient":""},"mobile":{"background-color":"var(--ast-global-color-5)","background-image":"","background-repeat":"repeat","background-position":"center center","background-size":"auto","background-attachment":"scroll","background-type":"","background-media":"","overlay-type":"","overlay-color":"","overlay-gradient":""}}},"product_cat":[69],"product_tag":[],"class_list":{"0":"post-315","1":"product","2":"type-product","3":"status-publish","4":"has-post-thumbnail","6":"product_cat-calandras","7":"desktop-align-left","8":"tablet-align-left","9":"mobile-align-left","11":"first","12":"instock","13":"shipping-taxable","14":"product-type-simple"},"yoast_head":"<!-- This site is optimized with the Yoast SEO plugin v22.2 - https:\/\/yoast.com\/wordpress\/plugins\/seo\/ -->\r\n<title>Calandra 1,20 Sot1220 - Euninos<\/title>\r\n<meta name=\"robots\" content=\"index, follow, max-snippet:-1, max-image-preview:large, max-video-preview:-1\" \/>\r\n<link rel=\"canonical\" href=\"https:\/\/euninos.com\/es\/artigo\/calandra-120-sot1220\/\" \/>\r\n<meta property=\"og:locale\" content=\"es_ES\" \/>\r\n<meta property=\"og:type\" content=\"article\" \/>\r\n<meta property=\"og:title\" content=\"Calandra 1,20 Sot1220 - Euninos\" \/>\r\n<meta property=\"og:description\" content=\"Equipamento para\u00a0 produ\u00e7\u00e3o de transfer\u00eancia de calor de rolo a rolo ou pe\u00e7a a pe\u00e7a. Al\u00e9m disso, a m\u00e1quina ocupa um local de trabalho pequeno e requer apenas um operador - reduz as despesas em termos de poder e m\u00e3o-de-obra.\" \/>\r\n<meta property=\"og:url\" content=\"https:\/\/euninos.com\/es\/artigo\/calandra-120-sot1220\/\" \/>\r\n<meta property=\"og:site_name\" content=\"Euninos\" \/>\r\n<meta property=\"article:publisher\" content=\"https:\/\/www.facebook.com\/euninos\" \/>\r\n<meta property=\"article:modified_time\" content=\"2022-05-20T16:01:42+00:00\" \/>\r\n<meta property=\"og:image\" content=\"https:\/\/euninos.com\/wp-content\/uploads\/2022\/04\/eastsign.png\" \/>\r\n\t<meta property=\"og:image:width\" content=\"1600\" \/>\r\n\t<meta property=\"og:image:height\" content=\"1080\" \/>\r\n\t<meta property=\"og:image:type\" content=\"image\/png\" \/>\r\n<meta name=\"twitter:card\" content=\"summary_large_image\" \/>\r\n<meta name=\"twitter:label1\" content=\"Tiempo de lectura\" \/>\n\t<meta name=\"twitter:data1\" content=\"1 minuto\" \/>\r\n<script type=\"application\/ld+json\" class=\"yoast-schema-graph\">{\"@context\":\"https:\/\/schema.org\",\"@graph\":[{\"@type\":\"WebPage\",\"@id\":\"https:\/\/euninos.com\/artigo\/calandra-120-sot1220\/\",\"url\":\"https:\/\/euninos.com\/artigo\/calandra-120-sot1220\/\",\"name\":\"Calandra 1,20 Sot1220 - Euninos\",\"isPartOf\":{\"@id\":\"https:\/\/euninos.com\/#website\"},\"primaryImageOfPage\":{\"@id\":\"https:\/\/euninos.com\/artigo\/calandra-120-sot1220\/#primaryimage\"},\"image\":{\"@id\":\"https:\/\/euninos.com\/artigo\/calandra-120-sot1220\/#primaryimage\"},\"thumbnailUrl\":\"https:\/\/euninos.com\/wp-content\/uploads\/2022\/04\/eastsign.png\",\"datePublished\":\"2022-04-20T13:50:26+00:00\",\"dateModified\":\"2022-05-20T16:01:42+00:00\",\"breadcrumb\":{\"@id\":\"https:\/\/euninos.com\/artigo\/calandra-120-sot1220\/#breadcrumb\"},\"inLanguage\":\"es\",\"potentialAction\":[{\"@type\":\"ReadAction\",\"target\":[\"https:\/\/euninos.com\/artigo\/calandra-120-sot1220\/\"]}]},{\"@type\":\"ImageObject\",\"inLanguage\":\"es\",\"@id\":\"https:\/\/euninos.com\/artigo\/calandra-120-sot1220\/#primaryimage\",\"url\":\"https:\/\/euninos.com\/wp-content\/uploads\/2022\/04\/eastsign.png\",\"contentUrl\":\"https:\/\/euninos.com\/wp-content\/uploads\/2022\/04\/eastsign.png\",\"width\":1600,\"height\":1080},{\"@type\":\"BreadcrumbList\",\"@id\":\"https:\/\/euninos.com\/artigo\/calandra-120-sot1220\/#breadcrumb\",\"itemListElement\":[{\"@type\":\"ListItem\",\"position\":1,\"name\":\"Produtos\",\"item\":\"https:\/\/euninos.com\/produtos\/\"},{\"@type\":\"ListItem\",\"position\":2,\"name\":\"Calandra 1,20 Sot1220\"}]},{\"@type\":\"WebSite\",\"@id\":\"https:\/\/euninos.com\/#website\",\"url\":\"https:\/\/euninos.com\/\",\"name\":\"Euninos\",\"description\":\"Produtos de Impress\u00e3o e Corte\",\"publisher\":{\"@id\":\"https:\/\/euninos.com\/#organization\"},\"potentialAction\":[{\"@type\":\"SearchAction\",\"target\":{\"@type\":\"EntryPoint\",\"urlTemplate\":\"https:\/\/euninos.com\/?s={search_term_string}\"},\"query-input\":\"required name=search_term_string\"}],\"inLanguage\":\"es\"},{\"@type\":\"Organization\",\"@id\":\"https:\/\/euninos.com\/#organization\",\"name\":\"Euninos\",\"url\":\"https:\/\/euninos.com\/\",\"logo\":{\"@type\":\"ImageObject\",\"inLanguage\":\"es\",\"@id\":\"https:\/\/euninos.com\/#\/schema\/logo\/image\/\",\"url\":\"https:\/\/euninos.com\/wp-content\/uploads\/2022\/05\/cropped-logo-euninos-vector-Copia.png\",\"contentUrl\":\"https:\/\/euninos.com\/wp-content\/uploads\/2022\/05\/cropped-logo-euninos-vector-Copia.png\",\"width\":300,\"height\":170,\"caption\":\"Euninos\"},\"image\":{\"@id\":\"https:\/\/euninos.com\/#\/schema\/logo\/image\/\"},\"sameAs\":[\"https:\/\/www.facebook.com\/euninos\",\"https:\/\/www.instagram.com\/euninos.lda\",\"https:\/\/www.linkedin.com\/company\/euninos\",\"https:\/\/www.youtube.com\/c\/EuninosLda\"]}]}<\/script>\r\n<!-- \/ Yoast SEO plugin. -->","yoast_head_json":{"title":"Calandra 1,20 Sot1220 - Euninos","robots":{"index":"index","follow":"follow","max-snippet":"max-snippet:-1","max-image-preview":"max-image-preview:large","max-video-preview":"max-video-preview:-1"},"canonical":"https:\/\/euninos.com\/es\/artigo\/calandra-120-sot1220\/","og_locale":"es_ES","og_type":"article","og_title":"Calandra 1,20 Sot1220 - Euninos","og_description":"Equipamento para\u00a0 produ\u00e7\u00e3o de transfer\u00eancia de calor de rolo a rolo ou pe\u00e7a a pe\u00e7a. Al\u00e9m disso, a m\u00e1quina ocupa um local de trabalho pequeno e requer apenas um operador - reduz as despesas em termos de poder e m\u00e3o-de-obra.","og_url":"https:\/\/euninos.com\/es\/artigo\/calandra-120-sot1220\/","og_site_name":"Euninos","article_publisher":"https:\/\/www.facebook.com\/euninos","article_modified_time":"2022-05-20T16:01:42+00:00","og_image":[{"width":1600,"height":1080,"url":"https:\/\/euninos.com\/wp-content\/uploads\/2022\/04\/eastsign.png","type":"image\/png"}],"twitter_card":"summary_large_image","twitter_misc":{"Tiempo de lectura":"1 minuto"},"schema":{"@context":"https:\/\/schema.org","@graph":[{"@type":"WebPage","@id":"https:\/\/euninos.com\/artigo\/calandra-120-sot1220\/","url":"https:\/\/euninos.com\/artigo\/calandra-120-sot1220\/","name":"Calandra 1,20 Sot1220 - Euninos","isPartOf":{"@id":"https:\/\/euninos.com\/#website"},"primaryImageOfPage":{"@id":"https:\/\/euninos.com\/artigo\/calandra-120-sot1220\/#primaryimage"},"image":{"@id":"https:\/\/euninos.com\/artigo\/calandra-120-sot1220\/#primaryimage"},"thumbnailUrl":"https:\/\/euninos.com\/wp-content\/uploads\/2022\/04\/eastsign.png","datePublished":"2022-04-20T13:50:26+00:00","dateModified":"2022-05-20T16:01:42+00:00","breadcrumb":{"@id":"https:\/\/euninos.com\/artigo\/calandra-120-sot1220\/#breadcrumb"},"inLanguage":"es","potentialAction":[{"@type":"ReadAction","target":["https:\/\/euninos.com\/artigo\/calandra-120-sot1220\/"]}]},{"@type":"ImageObject","inLanguage":"es","@id":"https:\/\/euninos.com\/artigo\/calandra-120-sot1220\/#primaryimage","url":"https:\/\/euninos.com\/wp-content\/uploads\/2022\/04\/eastsign.png","contentUrl":"https:\/\/euninos.com\/wp-content\/uploads\/2022\/04\/eastsign.png","width":1600,"height":1080},{"@type":"BreadcrumbList","@id":"https:\/\/euninos.com\/artigo\/calandra-120-sot1220\/#breadcrumb","itemListElement":[{"@type":"ListItem","position":1,"name":"Produtos","item":"https:\/\/euninos.com\/produtos\/"},{"@type":"ListItem","position":2,"name":"Calandra 1,20 Sot1220"}]},{"@type":"WebSite","@id":"https:\/\/euninos.com\/#website","url":"https:\/\/euninos.com\/","name":"Euninos","description":"Produtos de Impress\u00e3o e Corte","publisher":{"@id":"https:\/\/euninos.com\/#organization"},"potentialAction":[{"@type":"SearchAction","target":{"@type":"EntryPoint","urlTemplate":"https:\/\/euninos.com\/?s={search_term_string}"},"query-input":"required name=search_term_string"}],"inLanguage":"es"},{"@type":"Organization","@id":"https:\/\/euninos.com\/#organization","name":"Euninos","url":"https:\/\/euninos.com\/","logo":{"@type":"ImageObject","inLanguage":"es","@id":"https:\/\/euninos.com\/#\/schema\/logo\/image\/","url":"https:\/\/euninos.com\/wp-content\/uploads\/2022\/05\/cropped-logo-euninos-vector-Copia.png","contentUrl":"https:\/\/euninos.com\/wp-content\/uploads\/2022\/05\/cropped-logo-euninos-vector-Copia.png","width":300,"height":170,"caption":"Euninos"},"image":{"@id":"https:\/\/euninos.com\/#\/schema\/logo\/image\/"},"sameAs":["https:\/\/www.facebook.com\/euninos","https:\/\/www.instagram.com\/euninos.lda","https:\/\/www.linkedin.com\/company\/euninos","https:\/\/www.youtube.com\/c\/EuninosLda"]}]}},"_links":{"self":[{"href":"https:\/\/euninos.com\/es\/wp-json\/wp\/v2\/product\/315","targetHints":{"allow":["GET"]}}],"collection":[{"href":"https:\/\/euninos.com\/es\/wp-json\/wp\/v2\/product"}],"about":[{"href":"https:\/\/euninos.com\/es\/wp-json\/wp\/v2\/types\/product"}],"wp:featuredmedia":[{"embeddable":true,"href":"https:\/\/euninos.com\/es\/wp-json\/wp\/v2\/media\/1502"}],"wp:attachment":[{"href":"https:\/\/euninos.com\/es\/wp-json\/wp\/v2\/media?parent=315"}],"wp:term":[{"taxonomy":"product_cat","embeddable":true,"href":"https:\/\/euninos.com\/es\/wp-json\/wp\/v2\/product_cat?post=315"},{"taxonomy":"product_tag","embeddable":true,"href":"https:\/\/euninos.com\/es\/wp-json\/wp\/v2\/product_tag?post=315"}],"curies":[{"name":"wp","href":"https:\/\/api.w.org\/{rel}","templated":true}]}}