{"id":314,"date":"2022-04-20T13:50:25","date_gmt":"2022-04-20T13:50:25","guid":{"rendered":"https:\/\/euninos.com\/?post_type=product&#038;p=314"},"modified":"2022-05-20T13:43:24","modified_gmt":"2022-05-20T13:43:24","slug":"versa-uv-lej-640-impressora-hibrida","status":"publish","type":"product","link":"https:\/\/euninos.com\/es\/artigo\/versa-uv-lej-640-impressora-hibrida\/","title":{"rendered":"VERSA UV LEJ-640 (Impressora h\u00edbrida)"},"content":{"rendered":"<h2><strong>Impressora h\u00edbrida vers\u00e1til<\/strong><\/h2>\n<hr \/>\n<p>La VersaUV LEJ-640 es una impresora UV que imprime en planchas y rollos con un ancho m\u00e1ximo de 162,5 cent\u00edmetros. El grosor m\u00e1ximo del soporte es de 1,3 cm. Las l\u00e1mparas LED integradas secan la tinta. Es posible imprimir en materiales sensibles al calor ya que no se libera calor. El LEJ-640 se suele suministrar con una mesa que se puede desmontar f\u00e1cilmente.<\/p>\n<h2 class=\"h3 feature-title\">Una impresora plana y de rollo<\/h2>\n<hr \/>\n<div class=\"feature-description\">\n<div>Imprima em rolos de papel e filme e, em seguida, basta encaixar as mesas dobr\u00e1veis traseiras e dianteiras em minutos para permitir a impress\u00e3o em folhas de material r\u00edgido.<\/div>\n<div><\/div>\n<div>\n<div class=\"col-sm-12 text-center\">\n<h2 class=\"h3\">Explore nuevas superficies, productos y mercados<\/h2>\n<hr \/>\n<\/div>\n<div class=\"col-sm-10 col-sm-offset-1 feature-gallery-description\">La impresora de inyecci\u00f3n de tinta UV h\u00edbrida LEJ-640 abre su negocio a nuevas posibilidades para productos personalizados. Cree de todo, desde prototipos de embalaje y puntos de venta hasta se\u00f1alizaci\u00f3n de gran formato, decoraci\u00f3n, pantallas, tapicer\u00eda personalizada, escaparates y m\u00e1s.<\/div>\n<div><\/div>\n<div>\n<h2 class=\"h3 feature-title\">Tintas UV avanzadas con barniz hecho<\/h2>\n<hr \/>\n<div class=\"feature-description\">\n<div>La tinta Eco-UV se seca al instante, proporcionando una alta densidad de color y una amplia gama de colores. Disponible en dos formulaciones: Original Eco-UV en CMYK, blanco y barniz, o Eco-UV S en CMYK y blanco. Ambas formulaciones Eco-UV producen impresiones que no requieren desgasificaci\u00f3n y se expanden a trav\u00e9s de superficies y bordes alrededor de curvas sin agrietarse. Eco-UV S se extiende hasta un 220 por ciento y es ideal para imprimir en superficies, curvas y formas irregulares. El barniz transparente crea texturas y efectos de acabado espectaculares en pantallas, prototipos y aplicaciones de gama alta.<\/div>\n<div><\/div>\n<div>\n<div class=\"col-sm-6 col-sm-offset-0\">\n<div class=\"vertical-content\">\n<h2 class=\"h3 feature-title\">La prueba est\u00e1 en la impresi\u00f3n.<\/h2>\n<hr \/>\n<div class=\"feature-description\">\n<div>Roland DG le permite elegir la configuraci\u00f3n de tinta que mejor se adapte a su negocio. La configuraci\u00f3n de tinta est\u00e1ndar CMYK+Blanco+Transparente se puede utilizar para la m\u00e1s amplia gama de aplicaciones. La configuraci\u00f3n CMYK+Bank+White es ideal para imprimir en blanco opaco en una pel\u00edcula transparente. El ajuste (CMYK+Gloss+Gloss) es ideal para efectos de resina o relieve. En la \u00faltima combinaci\u00f3n de tinta mencionada, puede aplicar la tinta transparente m\u00e1s r\u00e1pido que en la configuraci\u00f3n predeterminada.<\/div>\n<div style=\"text-align: center;\"><\/div>\n<\/div>\n<\/div>\n<\/div>\n<\/div>\n<\/div>\n<\/div>\n<\/div>\n<\/div>\n<h2 style=\"text-align: center;\"><strong>ESPECIFICACIONES<\/strong><\/h2>\n<hr \/>\n<table width=\"682\">\n<tbody>\n<tr>\n<td colspan=\"2\" width=\"384\"><b>TECNOLOG\u00cdA DE IMPRESI\u00d3N<\/b><\/td>\n<td style=\"text-align: center;\" width=\"298\">Chorro de tinta piezoel\u00e9ctrico<\/td>\n<\/tr>\n<tr>\n<td rowspan=\"5\" width=\"192\"><b>MATERIAL<\/b><\/td>\n<td width=\"192\"><b>Ancho<\/b><\/td>\n<td style=\"text-align: center;\" width=\"298\"><b>Material redondo di\u00e1metro:<\/b> 210 a 1625 mm<br \/>\n<b>Equipos y material r\u00edgido cortable:<\/b> de 250 a 1625 mm<\/td>\n<\/tr>\n<tr>\n<td width=\"192\"><b>Espesor<\/b><\/td>\n<td style=\"text-align: center;\" width=\"298\"><b>Material redondo:<\/b> m\u00e1ximo 1 mm con liner; <b>Material r\u00edgido\/material cortable:<\/b> m\u00e1ximo 13 mm<\/td>\n<\/tr>\n<tr>\n<td width=\"192\"><b>Di\u00e1metro exterior del rollo<\/b><\/td>\n<td style=\"text-align: center;\" width=\"298\">M\u00e1ximo 210 mm<\/td>\n<\/tr>\n<tr>\n<td width=\"192\"><b>Peso<\/b><\/td>\n<td style=\"text-align: center;\" width=\"298\"><b>Material del rollo:<\/b> m\u00e1ximo 40 kg; <b>Material r\u00edgido\/material cortable:<\/b> m\u00e1ximo 12 kg<\/td>\n<\/tr>\n<tr>\n<td width=\"192\"><b>Di\u00e1metro central <span style=\"color: #800000;\">*1<\/span><\/b><\/td>\n<td style=\"text-align: center;\" width=\"298\">76.2 mm o 50.8 m<\/td>\n<\/tr>\n<tr>\n<td colspan=\"2\" width=\"384\"><b>ANCHO DE IMPRESI\u00d3N\/CORTE <span style=\"color: #800000;\">*2<\/span><\/b><\/td>\n<td style=\"text-align: center;\" width=\"298\">M\u00e1ximo 1615 mm<\/td>\n<\/tr>\n<tr>\n<td rowspan=\"4\" width=\"192\"><b>CARTUCHOS DE TINTA<\/b><\/td>\n<td width=\"192\"><b>Tipo<\/b><\/td>\n<td style=\"text-align: center;\" width=\"298\">Roland ECO-UV \/ ECO-UV S<\/td>\n<\/tr>\n<tr>\n<td width=\"192\"><b>Capacidad<\/b><\/td>\n<td style=\"text-align: center;\" width=\"298\">220 cc<\/td>\n<\/tr>\n<tr>\n<td width=\"192\"><b>Colores<\/b><\/td>\n<td style=\"text-align: center;\" width=\"298\">ECO-UV: 6 colores (Cyan, Magenta, Amarillo, Negro, Blanco y Barniz) \/ ECO-UV S: 5 colores (cyan, magenta, amarillo, blanco y negro)<\/td>\n<\/tr>\n<tr>\n<td width=\"192\"><b>Ajustes <span style=\"color: #800000;\">*3<\/span><\/b><\/td>\n<td style=\"text-align: center;\" width=\"298\">CMYK+Brillo+Blanco, CMYK+Blanco+Blanco o CMYK+Brillo+Brillo<\/td>\n<\/tr>\n<tr>\n<td colspan=\"2\" width=\"384\"><b>UNIDAD DE CURADO DE TINTA<\/b><\/td>\n<td style=\"text-align: center;\" width=\"298\">L\u00e1mparas UV-LED duales<\/td>\n<\/tr>\n<tr>\n<td colspan=\"2\" width=\"384\"><b>RESOLUCI\u00d3N DE IMPRESI\u00d3N<\/b><\/td>\n<td style=\"text-align: center;\" width=\"298\">M\u00e1ximo 1440 ppp<\/td>\n<\/tr>\n<tr>\n<td colspan=\"2\" width=\"384\"><b>PRECISI\u00d3N DE DISTANCIA <span style=\"color: #800000;\">*4<\/span><\/b><\/td>\n<td style=\"text-align: center;\" width=\"298\">Error inferior a \u00b1 0,3 % de la distancia recorrida, o \u00b1 0,3 mm, lo que sea mayor.<\/td>\n<\/tr>\n<tr>\n<td rowspan=\"2\" width=\"192\"><b>SISTEMA DE RECONOCIMIENTO DE MATERIALES\u00a0 <\/b><\/td>\n<td width=\"192\"><b>Di\u00e1metro exterior del rollo<\/b><\/td>\n<td style=\"text-align: center;\" width=\"298\">M\u00e1ximo 210 mm<\/td>\n<\/tr>\n<tr>\n<td width=\"192\"><b>Peso del rollo<\/b><\/td>\n<td style=\"text-align: center;\" width=\"298\">M\u00e1ximo 40 kg<\/td>\n<\/tr>\n<tr>\n<td colspan=\"2\" width=\"384\"><b>CONECTIVIDAD<\/b><\/td>\n<td style=\"text-align: center;\" width=\"298\">Ethernet (10BASE-T\/100BASE-TX, autom\u00e1tico)<\/td>\n<\/tr>\n<tr>\n<td colspan=\"2\" width=\"384\"><b>FUNCI\u00d3N DE AHORRO DE ENERG\u00cdA<\/b><\/td>\n<td style=\"text-align: center;\" width=\"298\">Funci\u00f3n de suspensi\u00f3n autom\u00e1tica<\/td>\n<\/tr>\n<tr>\n<td colspan=\"2\" width=\"384\"><b>PROVEEDOR DE ENERGIA<\/b><\/td>\n<td style=\"text-align: center;\" width=\"298\">CA 100 a 240 V \u00b110%, 50\/60 Hz<\/td>\n<\/tr>\n<tr>\n<td rowspan=\"2\" width=\"192\"><b>ALIMENTACI\u00d3N<\/b><\/td>\n<td width=\"192\"><b>Operacional<\/b><\/td>\n<td style=\"text-align: center;\" width=\"298\">M\u00e1ximo 500 W<\/td>\n<\/tr>\n<tr>\n<td width=\"192\"><b>Standby<\/b><\/td>\n<td style=\"text-align: center;\" width=\"298\">15.2 W<\/td>\n<\/tr>\n<tr>\n<td colspan=\"2\" width=\"384\"><b>DIMENSIONES<\/b><\/td>\n<td style=\"text-align: center;\" width=\"298\">3184 (Gor.) \u00d7 3658 (Prof.) \u00d7 1281 (Alt.) mm (con soporte y mesa); 3184 (Gor.) \u00d7 836 (Prof.) \u00d7 1281 (Altura.) mm (sin soporte ni mesa)<\/td>\n<\/tr>\n<tr>\n<td colspan=\"2\" width=\"384\"><b>PESO<\/b><\/td>\n<td style=\"text-align: center;\" width=\"298\">316 kg (con soporte); 240 kg (sin soporte)<\/td>\n<\/tr>\n<tr>\n<td rowspan=\"2\" width=\"192\"><b>AMBIENTE<\/b><\/td>\n<td width=\"192\"><b>Encendido<\/b><\/td>\n<td style=\"text-align: center;\" width=\"298\"><b>Temperatura:<\/b> 20 a 32\u00b0C [22\u00b0C o m\u00e1s recomendado] | <b>Humedad:<\/b> del 35 al 80% (sin condensaci\u00f3n)<\/td>\n<\/tr>\n<tr>\n<td width=\"192\"><b>Apagado<\/b><\/td>\n<td style=\"text-align: center;\" width=\"298\"><b>Temperatura:<\/b> de 5 a 40\u00b0C | <b>Humedad:<\/b> del 20 al 80% (sin condensaci\u00f3n)<\/td>\n<\/tr>\n<tr>\n<td colspan=\"2\" width=\"384\"><b>ACCESORIOS<\/b><\/td>\n<td style=\"text-align: center;\" width=\"298\">Soporte, cable de alimentaci\u00f3n, cuchilla, portacuchillas, abrazaderas de material, cuchilla adicional para cuchilla separadora, kit de limpieza, software RIP (Roland VersaWorks), manual de usuario, etc.<\/td>\n<\/tr>\n<\/tbody>\n<\/table>\n<hr \/>\n<p style=\"text-align: center;\"><span style=\"color: #800000;\"><strong>*Roland VersaWorks es una aplicaci\u00f3n de 32 bits que se ejecuta en Windows\u00ae de 64 bits con WoW64 (Windows de 32 bits en Windows de 64 bits). *Windows RT no incluido.<\/strong><\/span><strong style=\"text-align: center;\">\u00a0<\/strong><\/p>\n<table width=\"680\">\n<tbody>\n<tr>\n<td style=\"text-align: center;\" colspan=\"2\" width=\"680\"><b>Requisitos de Sistema para Roland VersaWorks<\/b><\/td>\n<\/tr>\n<tr>\n<td style=\"text-align: center;\" width=\"330\">Sistema de opera\u00e7\u00e3o<\/td>\n<td style=\"text-align: center;\" width=\"350\">Windows\u00ae 8\/8.1 Professional o Ultimate (32\/64-bit);<br \/>\nWindows\u00ae 7 Professional o Ultimate (32\/64-bit);<br \/>\nWindows Vista\u00ae Business\/Ultimate (32\/64-bit);<\/td>\n<\/tr>\n<tr>\n<td style=\"text-align: center;\" width=\"330\">CPU<\/td>\n<td style=\"text-align: center;\" width=\"350\">Se recomienda Intel\u2122 Core\u21222 Duo, 2.0 GHz o m\u00e1s r\u00e1pido<\/td>\n<\/tr>\n<tr>\n<td style=\"text-align: center;\" width=\"330\">RAM<\/td>\n<td style=\"text-align: center;\" width=\"350\">2 GB o m\u00e1s recomendado<\/td>\n<\/tr>\n<tr>\n<td style=\"text-align: center;\" width=\"330\">Tarjeta de video y monitor<\/td>\n<td style=\"text-align: center;\" width=\"350\">Se recomienda una resoluci\u00f3n de 1280 x 1024 o superior<\/td>\n<\/tr>\n<tr>\n<td style=\"text-align: center;\" width=\"330\">Espacio libre en disco duro<\/td>\n<td style=\"text-align: center;\" width=\"350\">Se recomiendan 40 GB o m\u00e1s<\/td>\n<\/tr>\n<tr>\n<td style=\"text-align: center;\" width=\"330\">Sistema. archivos de disco duro<\/td>\n<td style=\"text-align: center;\" width=\"350\">Formato NTFS<\/td>\n<\/tr>\n<tr>\n<td style=\"text-align: center;\" width=\"330\">Drive \u00f3ptica<\/td>\n<td style=\"text-align: center;\" width=\"350\">Drive de DVD-ROM<\/td>\n<\/tr>\n<\/tbody>\n<\/table>\n<ol style=\"text-align: center;\">\n<li style=\"text-align: left;\"><span style=\"color: #800000;\"><em>El material de soporte es exclusivo para material de tubo de papel de 7,62 cm de di\u00e1metro, use un di\u00e1metro de 5,08 cm con adaptadores opcionales requeridos.<\/em><\/span><\/li>\n<li style=\"text-align: left;\"><span style=\"color: #800000;\"><em>La longitud de la impresi\u00f3n est\u00e1 sujeta a las limitaciones del programa.<\/em><\/span><\/li>\n<li style=\"text-align: left;\"><span style=\"color: #800000;\"><em>El ajuste de tinta a elegir en el momento de la compra.<\/em><\/span><\/li>\n<li style=\"text-align: left;\"><span style=\"color: #800000;\"><em>Utilizando el material exclusivo de Roland, imprimiendo a 1 m, 25 \u00b0C y 50 % de humedad relativa (sin condensaci\u00f3n) El material de la bobina debe cargarse correctamente. Excluyendo la expansi\u00f3n\/contracci\u00f3n del material. No est\u00e1 garantizado cuando se utiliza el precalentador, el calentador de la impresora o el secado. Cualquier correcci\u00f3n o ajuste al equipo debe hacerse en conjunto. Recorrido de la impresora: 1m.<\/em><\/span><\/li>\n<\/ol>","protected":false},"excerpt":{"rendered":"<p>La VersaUV LEJ-640 es una impresora UV que imprime en planchas y rollos con un ancho m\u00e1ximo de 162,5 cent\u00edmetros.<\/p>","protected":false},"featured_media":1487,"template":"","meta":{"site-sidebar-layout":"default","site-content-layout":"default","ast-site-content-layout":"","site-content-style":"default","site-sidebar-style":"default","ast-global-header-display":"","ast-banner-title-visibility":"","ast-main-header-display":"","ast-hfb-above-header-display":"","ast-hfb-below-header-display":"","ast-hfb-mobile-header-display":"","site-post-title":"","ast-breadcrumbs-content":"","ast-featured-img":"","footer-sml-layout":"","theme-transparent-header-meta":"default","adv-header-id-meta":"","stick-header-meta":"","header-above-stick-meta":"","header-main-stick-meta":"","header-below-stick-meta":"","astra-migrate-meta-layouts":"default","ast-page-background-enabled":"default","ast-page-background-meta":{"desktop":{"background-color":"var(--ast-global-color-4)","background-image":"","background-repeat":"repeat","background-position":"center center","background-size":"auto","background-attachment":"scroll","background-type":"","background-media":"","overlay-type":"","overlay-color":"","overlay-gradient":""},"tablet":{"background-color":"","background-image":"","background-repeat":"repeat","background-position":"center center","background-size":"auto","background-attachment":"scroll","background-type":"","background-media":"","overlay-type":"","overlay-color":"","overlay-gradient":""},"mobile":{"background-color":"","background-image":"","background-repeat":"repeat","background-position":"center center","background-size":"auto","background-attachment":"scroll","background-type":"","background-media":"","overlay-type":"","overlay-color":"","overlay-gradient":""}},"ast-content-background-meta":{"desktop":{"background-color":"var(--ast-global-color-5)","background-image":"","background-repeat":"repeat","background-position":"center center","background-size":"auto","background-attachment":"scroll","background-type":"","background-media":"","overlay-type":"","overlay-color":"","overlay-gradient":""},"tablet":{"background-color":"var(--ast-global-color-5)","background-image":"","background-repeat":"repeat","background-position":"center center","background-size":"auto","background-attachment":"scroll","background-type":"","background-media":"","overlay-type":"","overlay-color":"","overlay-gradient":""},"mobile":{"background-color":"var(--ast-global-color-5)","background-image":"","background-repeat":"repeat","background-position":"center center","background-size":"auto","background-attachment":"scroll","background-type":"","background-media":"","overlay-type":"","overlay-color":"","overlay-gradient":""}}},"product_cat":[86],"product_tag":[],"class_list":{"0":"post-314","1":"product","2":"type-product","3":"status-publish","4":"has-post-thumbnail","6":"product_cat-uv","7":"desktop-align-left","8":"tablet-align-left","9":"mobile-align-left","11":"first","12":"instock","13":"shipping-taxable","14":"product-type-simple"},"yoast_head":"<!-- This site is optimized with the Yoast SEO plugin v22.2 - https:\/\/yoast.com\/wordpress\/plugins\/seo\/ -->\r\n<title>VERSA UV LEJ-640 (Impressora h\u00edbrida) - Euninos<\/title>\r\n<meta name=\"robots\" content=\"index, follow, max-snippet:-1, max-image-preview:large, max-video-preview:-1\" \/>\r\n<link rel=\"canonical\" href=\"https:\/\/euninos.com\/es\/artigo\/versa-uv-lej-640-impressora-hibrida\/\" \/>\r\n<meta property=\"og:locale\" content=\"es_ES\" \/>\r\n<meta property=\"og:type\" content=\"article\" \/>\r\n<meta property=\"og:title\" content=\"VERSA UV LEJ-640 (Impressora h\u00edbrida) - Euninos\" \/>\r\n<meta property=\"og:description\" content=\"A VersaUV LEJ-640 \u00e9 uma impressora UV que imprime em material de placa, bem como em rolos com uma largura m\u00e1xima de 162,5 cent\u00edmetros.\" \/>\r\n<meta property=\"og:url\" content=\"https:\/\/euninos.com\/es\/artigo\/versa-uv-lej-640-impressora-hibrida\/\" \/>\r\n<meta property=\"og:site_name\" content=\"Euninos\" \/>\r\n<meta property=\"article:publisher\" content=\"https:\/\/www.facebook.com\/euninos\" \/>\r\n<meta property=\"article:modified_time\" content=\"2022-05-20T13:43:24+00:00\" \/>\r\n<meta property=\"og:image\" content=\"https:\/\/euninos.com\/wp-content\/uploads\/2022\/04\/lej.jpg\" \/>\r\n\t<meta property=\"og:image:width\" content=\"1600\" \/>\r\n\t<meta property=\"og:image:height\" content=\"1080\" \/>\r\n\t<meta property=\"og:image:type\" content=\"image\/jpeg\" \/>\r\n<meta name=\"twitter:card\" content=\"summary_large_image\" \/>\r\n<meta name=\"twitter:label1\" content=\"Tiempo de lectura\" \/>\n\t<meta name=\"twitter:data1\" content=\"5 minutos\" \/>\r\n<script type=\"application\/ld+json\" class=\"yoast-schema-graph\">{\"@context\":\"https:\/\/schema.org\",\"@graph\":[{\"@type\":\"WebPage\",\"@id\":\"https:\/\/euninos.com\/artigo\/versa-uv-lej-640-impressora-hibrida\/\",\"url\":\"https:\/\/euninos.com\/artigo\/versa-uv-lej-640-impressora-hibrida\/\",\"name\":\"VERSA UV LEJ-640 (Impressora h\u00edbrida) - Euninos\",\"isPartOf\":{\"@id\":\"https:\/\/euninos.com\/#website\"},\"primaryImageOfPage\":{\"@id\":\"https:\/\/euninos.com\/artigo\/versa-uv-lej-640-impressora-hibrida\/#primaryimage\"},\"image\":{\"@id\":\"https:\/\/euninos.com\/artigo\/versa-uv-lej-640-impressora-hibrida\/#primaryimage\"},\"thumbnailUrl\":\"https:\/\/euninos.com\/wp-content\/uploads\/2022\/04\/lej.jpg\",\"datePublished\":\"2022-04-20T13:50:25+00:00\",\"dateModified\":\"2022-05-20T13:43:24+00:00\",\"breadcrumb\":{\"@id\":\"https:\/\/euninos.com\/artigo\/versa-uv-lej-640-impressora-hibrida\/#breadcrumb\"},\"inLanguage\":\"es\",\"potentialAction\":[{\"@type\":\"ReadAction\",\"target\":[\"https:\/\/euninos.com\/artigo\/versa-uv-lej-640-impressora-hibrida\/\"]}]},{\"@type\":\"ImageObject\",\"inLanguage\":\"es\",\"@id\":\"https:\/\/euninos.com\/artigo\/versa-uv-lej-640-impressora-hibrida\/#primaryimage\",\"url\":\"https:\/\/euninos.com\/wp-content\/uploads\/2022\/04\/lej.jpg\",\"contentUrl\":\"https:\/\/euninos.com\/wp-content\/uploads\/2022\/04\/lej.jpg\",\"width\":1600,\"height\":1080},{\"@type\":\"BreadcrumbList\",\"@id\":\"https:\/\/euninos.com\/artigo\/versa-uv-lej-640-impressora-hibrida\/#breadcrumb\",\"itemListElement\":[{\"@type\":\"ListItem\",\"position\":1,\"name\":\"Produtos\",\"item\":\"https:\/\/euninos.com\/produtos\/\"},{\"@type\":\"ListItem\",\"position\":2,\"name\":\"VERSA UV LEJ-640 (Impressora h\u00edbrida)\"}]},{\"@type\":\"WebSite\",\"@id\":\"https:\/\/euninos.com\/#website\",\"url\":\"https:\/\/euninos.com\/\",\"name\":\"Euninos\",\"description\":\"Produtos de Impress\u00e3o e Corte\",\"publisher\":{\"@id\":\"https:\/\/euninos.com\/#organization\"},\"potentialAction\":[{\"@type\":\"SearchAction\",\"target\":{\"@type\":\"EntryPoint\",\"urlTemplate\":\"https:\/\/euninos.com\/?s={search_term_string}\"},\"query-input\":\"required name=search_term_string\"}],\"inLanguage\":\"es\"},{\"@type\":\"Organization\",\"@id\":\"https:\/\/euninos.com\/#organization\",\"name\":\"Euninos\",\"url\":\"https:\/\/euninos.com\/\",\"logo\":{\"@type\":\"ImageObject\",\"inLanguage\":\"es\",\"@id\":\"https:\/\/euninos.com\/#\/schema\/logo\/image\/\",\"url\":\"https:\/\/euninos.com\/wp-content\/uploads\/2022\/05\/cropped-logo-euninos-vector-Copia.png\",\"contentUrl\":\"https:\/\/euninos.com\/wp-content\/uploads\/2022\/05\/cropped-logo-euninos-vector-Copia.png\",\"width\":300,\"height\":170,\"caption\":\"Euninos\"},\"image\":{\"@id\":\"https:\/\/euninos.com\/#\/schema\/logo\/image\/\"},\"sameAs\":[\"https:\/\/www.facebook.com\/euninos\",\"https:\/\/www.instagram.com\/euninos.lda\",\"https:\/\/www.linkedin.com\/company\/euninos\",\"https:\/\/www.youtube.com\/c\/EuninosLda\"]}]}<\/script>\r\n<!-- \/ Yoast SEO plugin. -->","yoast_head_json":{"title":"VERSA UV LEJ-640 (Impressora h\u00edbrida) - Euninos","robots":{"index":"index","follow":"follow","max-snippet":"max-snippet:-1","max-image-preview":"max-image-preview:large","max-video-preview":"max-video-preview:-1"},"canonical":"https:\/\/euninos.com\/es\/artigo\/versa-uv-lej-640-impressora-hibrida\/","og_locale":"es_ES","og_type":"article","og_title":"VERSA UV LEJ-640 (Impressora h\u00edbrida) - Euninos","og_description":"A VersaUV LEJ-640 \u00e9 uma impressora UV que imprime em material de placa, bem como em rolos com uma largura m\u00e1xima de 162,5 cent\u00edmetros.","og_url":"https:\/\/euninos.com\/es\/artigo\/versa-uv-lej-640-impressora-hibrida\/","og_site_name":"Euninos","article_publisher":"https:\/\/www.facebook.com\/euninos","article_modified_time":"2022-05-20T13:43:24+00:00","og_image":[{"width":1600,"height":1080,"url":"https:\/\/euninos.com\/wp-content\/uploads\/2022\/04\/lej.jpg","type":"image\/jpeg"}],"twitter_card":"summary_large_image","twitter_misc":{"Tiempo de lectura":"5 minutos"},"schema":{"@context":"https:\/\/schema.org","@graph":[{"@type":"WebPage","@id":"https:\/\/euninos.com\/artigo\/versa-uv-lej-640-impressora-hibrida\/","url":"https:\/\/euninos.com\/artigo\/versa-uv-lej-640-impressora-hibrida\/","name":"VERSA UV LEJ-640 (Impressora h\u00edbrida) - Euninos","isPartOf":{"@id":"https:\/\/euninos.com\/#website"},"primaryImageOfPage":{"@id":"https:\/\/euninos.com\/artigo\/versa-uv-lej-640-impressora-hibrida\/#primaryimage"},"image":{"@id":"https:\/\/euninos.com\/artigo\/versa-uv-lej-640-impressora-hibrida\/#primaryimage"},"thumbnailUrl":"https:\/\/euninos.com\/wp-content\/uploads\/2022\/04\/lej.jpg","datePublished":"2022-04-20T13:50:25+00:00","dateModified":"2022-05-20T13:43:24+00:00","breadcrumb":{"@id":"https:\/\/euninos.com\/artigo\/versa-uv-lej-640-impressora-hibrida\/#breadcrumb"},"inLanguage":"es","potentialAction":[{"@type":"ReadAction","target":["https:\/\/euninos.com\/artigo\/versa-uv-lej-640-impressora-hibrida\/"]}]},{"@type":"ImageObject","inLanguage":"es","@id":"https:\/\/euninos.com\/artigo\/versa-uv-lej-640-impressora-hibrida\/#primaryimage","url":"https:\/\/euninos.com\/wp-content\/uploads\/2022\/04\/lej.jpg","contentUrl":"https:\/\/euninos.com\/wp-content\/uploads\/2022\/04\/lej.jpg","width":1600,"height":1080},{"@type":"BreadcrumbList","@id":"https:\/\/euninos.com\/artigo\/versa-uv-lej-640-impressora-hibrida\/#breadcrumb","itemListElement":[{"@type":"ListItem","position":1,"name":"Produtos","item":"https:\/\/euninos.com\/produtos\/"},{"@type":"ListItem","position":2,"name":"VERSA UV LEJ-640 (Impressora h\u00edbrida)"}]},{"@type":"WebSite","@id":"https:\/\/euninos.com\/#website","url":"https:\/\/euninos.com\/","name":"Euninos","description":"Produtos de Impress\u00e3o e Corte","publisher":{"@id":"https:\/\/euninos.com\/#organization"},"potentialAction":[{"@type":"SearchAction","target":{"@type":"EntryPoint","urlTemplate":"https:\/\/euninos.com\/?s={search_term_string}"},"query-input":"required name=search_term_string"}],"inLanguage":"es"},{"@type":"Organization","@id":"https:\/\/euninos.com\/#organization","name":"Euninos","url":"https:\/\/euninos.com\/","logo":{"@type":"ImageObject","inLanguage":"es","@id":"https:\/\/euninos.com\/#\/schema\/logo\/image\/","url":"https:\/\/euninos.com\/wp-content\/uploads\/2022\/05\/cropped-logo-euninos-vector-Copia.png","contentUrl":"https:\/\/euninos.com\/wp-content\/uploads\/2022\/05\/cropped-logo-euninos-vector-Copia.png","width":300,"height":170,"caption":"Euninos"},"image":{"@id":"https:\/\/euninos.com\/#\/schema\/logo\/image\/"},"sameAs":["https:\/\/www.facebook.com\/euninos","https:\/\/www.instagram.com\/euninos.lda","https:\/\/www.linkedin.com\/company\/euninos","https:\/\/www.youtube.com\/c\/EuninosLda"]}]}},"_links":{"self":[{"href":"https:\/\/euninos.com\/es\/wp-json\/wp\/v2\/product\/314","targetHints":{"allow":["GET"]}}],"collection":[{"href":"https:\/\/euninos.com\/es\/wp-json\/wp\/v2\/product"}],"about":[{"href":"https:\/\/euninos.com\/es\/wp-json\/wp\/v2\/types\/product"}],"wp:featuredmedia":[{"embeddable":true,"href":"https:\/\/euninos.com\/es\/wp-json\/wp\/v2\/media\/1487"}],"wp:attachment":[{"href":"https:\/\/euninos.com\/es\/wp-json\/wp\/v2\/media?parent=314"}],"wp:term":[{"taxonomy":"product_cat","embeddable":true,"href":"https:\/\/euninos.com\/es\/wp-json\/wp\/v2\/product_cat?post=314"},{"taxonomy":"product_tag","embeddable":true,"href":"https:\/\/euninos.com\/es\/wp-json\/wp\/v2\/product_tag?post=314"}],"curies":[{"name":"wp","href":"https:\/\/api.w.org\/{rel}","templated":true}]}}