{"id":308,"date":"2022-04-20T13:50:25","date_gmt":"2022-04-20T13:50:25","guid":{"rendered":"https:\/\/euninos.com\/?post_type=product&#038;p=308"},"modified":"2022-04-20T13:50:27","modified_gmt":"2022-04-20T13:50:27","slug":"prensa-pt-11-prensa-de-bones","status":"publish","type":"product","link":"https:\/\/euninos.com\/es\/artigo\/prensa-pt-11-prensa-de-bones\/","title":{"rendered":"Prensa PT-11 (prensa de bon\u00e9s)"},"content":{"rendered":"<p>A PT-11 foi projetada para a maioria dos tipos de chapelaria. Possui um controlador de microprocessador f\u00e1cil de usar para precis\u00e3o de tempo e temperatura, com um dispositivo de travamento simples para prender a tampa no lugar durante a opera\u00e7\u00e3o de transfer\u00eancia, possui tamb\u00e9m movimento ajust\u00e1vel da tampa\/base do molde e \u00e9 f\u00e1cil de usar e \u00e9 produzido em alum\u00ednio fundido para resist\u00eancia e durabilidade.<\/p>\n<p>A PT-11 A tem uma \u00e1rea de trabalho de 15 x 8 cm (5,91 x 3,15 ins).<\/p>\n<p><b>Marca CE.<\/b><\/p>\n<p>[spacer height=&#8221;20px&#8221;]<\/p>\n<h2><strong>ESPECIFICACIONES<\/strong><\/h2>\n<hr \/>\n<table style=\"height: 388px;\" width=\"678\">\n<tbody>\n<tr>\n<td width=\"308\"><b>CONSUMO DE ENERGIA<\/b><\/td>\n<td width=\"173\">400 Watts<\/td>\n<\/tr>\n<tr>\n<td width=\"308\"><b>FUENTE DE ENERG\u00cdA<\/b><\/td>\n<td width=\"173\">230 Volts AC<\/td>\n<\/tr>\n<tr>\n<td width=\"308\"><b>TEMPERATURA M\u00c1XIMA DE TRABAJO<\/b><\/td>\n<td width=\"173\">260\u00b0C<\/td>\n<\/tr>\n<tr>\n<td width=\"308\"><b>INTERVALO DEL TEMPORIZADOR DE LA PANTALLA<\/b><\/td>\n<td width=\"173\">0 \u2013 9999 seg<\/td>\n<\/tr>\n<tr>\n<td width=\"308\"><b>ALTURA DE M\u00c1QUINA ABIERTA<\/b><\/td>\n<td width=\"173\">64 cm<\/td>\n<\/tr>\n<tr>\n<td width=\"308\"><b>ALTURA DE LA M\u00c1QUINA CERRADA<\/b><\/td>\n<td width=\"173\">44 cm<\/td>\n<\/tr>\n<tr>\n<td width=\"308\"><b>ANCHO DE MAQUINA<\/b><\/td>\n<td width=\"173\">30 cm<\/td>\n<\/tr>\n<tr>\n<td width=\"308\"><b>PROFUNDIDAD DE LA M\u00c1QUINA<\/b><\/td>\n<td width=\"173\">45 cm<\/td>\n<\/tr>\n<tr>\n<td width=\"308\"><b>PESO EXPORTADO ENVASADO<\/b><\/td>\n<td width=\"173\">13.5 kg<\/td>\n<\/tr>\n<tr>\n<td width=\"308\"><b>TAMA\u00d1O DE EXPORTACI\u00d3N ENVASADO <\/b><\/td>\n<td width=\"173\">62.5 (L) x 37.5 (L) x 52 (A) cm<\/td>\n<\/tr>\n<tr>\n<td width=\"308\"><b>TAMA\u00d1O DE EXPORTACI\u00d3N ENVASADO <\/b><\/td>\n<td width=\"173\">62.5 (L) x 37.5 (L) x 52 (A) cm<\/td>\n<\/tr>\n<tr>\n<td width=\"308\"><b>PESO NETO<\/b><\/td>\n<td width=\"173\">11.5 kg<\/td>\n<\/tr>\n<tr>\n<td width=\"308\"><b>DIMENSIONES DE PAD<\/b><\/td>\n<td width=\"173\">15 x 8 cm<\/td>\n<\/tr>\n<tr>\n<td width=\"308\"><b>FUSIBLES AUXILIARES<\/b><\/td>\n<td width=\"173\">3 A<\/td>\n<\/tr>\n<\/tbody>\n<\/table>","protected":false},"excerpt":{"rendered":"<p>A PT-11 foi projetada para a maioria dos tipos de chapelaria.<b>\u00a0<\/b>[spacer height=&#8221;20px&#8221;]<\/p>","protected":false},"featured_media":0,"template":"","meta":{"site-sidebar-layout":"default","site-content-layout":"","ast-site-content-layout":"","site-content-style":"default","site-sidebar-style":"default","ast-global-header-display":"","ast-banner-title-visibility":"","ast-main-header-display":"","ast-hfb-above-header-display":"","ast-hfb-below-header-display":"","ast-hfb-mobile-header-display":"","site-post-title":"","ast-breadcrumbs-content":"","ast-featured-img":"","footer-sml-layout":"","theme-transparent-header-meta":"","adv-header-id-meta":"","stick-header-meta":"","header-above-stick-meta":"","header-main-stick-meta":"","header-below-stick-meta":"","astra-migrate-meta-layouts":"default","ast-page-background-enabled":"default","ast-page-background-meta":{"desktop":{"background-color":"var(--ast-global-color-4)","background-image":"","background-repeat":"repeat","background-position":"center center","background-size":"auto","background-attachment":"scroll","background-type":"","background-media":"","overlay-type":"","overlay-color":"","overlay-gradient":""},"tablet":{"background-color":"","background-image":"","background-repeat":"repeat","background-position":"center center","background-size":"auto","background-attachment":"scroll","background-type":"","background-media":"","overlay-type":"","overlay-color":"","overlay-gradient":""},"mobile":{"background-color":"","background-image":"","background-repeat":"repeat","background-position":"center center","background-size":"auto","background-attachment":"scroll","background-type":"","background-media":"","overlay-type":"","overlay-color":"","overlay-gradient":""}},"ast-content-background-meta":{"desktop":{"background-color":"var(--ast-global-color-5)","background-image":"","background-repeat":"repeat","background-position":"center center","background-size":"auto","background-attachment":"scroll","background-type":"","background-media":"","overlay-type":"","overlay-color":"","overlay-gradient":""},"tablet":{"background-color":"var(--ast-global-color-5)","background-image":"","background-repeat":"repeat","background-position":"center center","background-size":"auto","background-attachment":"scroll","background-type":"","background-media":"","overlay-type":"","overlay-color":"","overlay-gradient":""},"mobile":{"background-color":"var(--ast-global-color-5)","background-image":"","background-repeat":"repeat","background-position":"center center","background-size":"auto","background-attachment":"scroll","background-type":"","background-media":"","overlay-type":"","overlay-color":"","overlay-gradient":""}}},"product_cat":[15],"product_tag":[],"class_list":{"0":"post-308","1":"product","2":"type-product","3":"status-publish","5":"product_cat-uncategorized","6":"desktop-align-left","7":"tablet-align-left","8":"mobile-align-left","10":"first","11":"instock","12":"shipping-taxable","13":"product-type-simple"},"yoast_head":"<!-- This site is optimized with the Yoast SEO plugin v22.2 - https:\/\/yoast.com\/wordpress\/plugins\/seo\/ -->\r\n<title>Prensa PT-11 (prensa de bon\u00e9s) - Euninos<\/title>\r\n<meta name=\"robots\" content=\"index, follow, max-snippet:-1, max-image-preview:large, max-video-preview:-1\" \/>\r\n<link rel=\"canonical\" href=\"https:\/\/euninos.com\/es\/artigo\/prensa-pt-11-prensa-de-bones\/\" \/>\r\n<meta property=\"og:locale\" content=\"es_ES\" \/>\r\n<meta property=\"og:type\" content=\"article\" \/>\r\n<meta property=\"og:title\" content=\"Prensa PT-11 (prensa de bon\u00e9s) - Euninos\" \/>\r\n<meta property=\"og:description\" content=\"A PT-11 foi projetada para a maioria dos tipos de chapelaria.\u00a0[spacer height=&quot;20px&quot;]\" \/>\r\n<meta property=\"og:url\" content=\"https:\/\/euninos.com\/es\/artigo\/prensa-pt-11-prensa-de-bones\/\" \/>\r\n<meta property=\"og:site_name\" content=\"Euninos\" \/>\r\n<meta property=\"article:publisher\" content=\"https:\/\/www.facebook.com\/euninos\" \/>\r\n<meta property=\"article:modified_time\" content=\"2022-04-20T13:50:27+00:00\" \/>\r\n<meta property=\"og:image\" content=\"https:\/\/euninos.com\/wp-content\/uploads\/2024\/10\/logo-euninos-vector-Copia.png\" \/>\r\n\t<meta property=\"og:image:width\" content=\"300\" \/>\r\n\t<meta property=\"og:image:height\" content=\"170\" \/>\r\n\t<meta property=\"og:image:type\" content=\"image\/png\" \/>\r\n<meta name=\"twitter:card\" content=\"summary_large_image\" \/>\r\n<meta name=\"twitter:label1\" content=\"Tiempo de lectura\" \/>\n\t<meta name=\"twitter:data1\" content=\"1 minuto\" \/>\r\n<script type=\"application\/ld+json\" class=\"yoast-schema-graph\">{\"@context\":\"https:\/\/schema.org\",\"@graph\":[{\"@type\":\"WebPage\",\"@id\":\"https:\/\/euninos.com\/artigo\/prensa-pt-11-prensa-de-bones\/\",\"url\":\"https:\/\/euninos.com\/artigo\/prensa-pt-11-prensa-de-bones\/\",\"name\":\"Prensa PT-11 (prensa de bon\u00e9s) - Euninos\",\"isPartOf\":{\"@id\":\"https:\/\/euninos.com\/#website\"},\"datePublished\":\"2022-04-20T13:50:25+00:00\",\"dateModified\":\"2022-04-20T13:50:27+00:00\",\"breadcrumb\":{\"@id\":\"https:\/\/euninos.com\/artigo\/prensa-pt-11-prensa-de-bones\/#breadcrumb\"},\"inLanguage\":\"es\",\"potentialAction\":[{\"@type\":\"ReadAction\",\"target\":[\"https:\/\/euninos.com\/artigo\/prensa-pt-11-prensa-de-bones\/\"]}]},{\"@type\":\"BreadcrumbList\",\"@id\":\"https:\/\/euninos.com\/artigo\/prensa-pt-11-prensa-de-bones\/#breadcrumb\",\"itemListElement\":[{\"@type\":\"ListItem\",\"position\":1,\"name\":\"Produtos\",\"item\":\"https:\/\/euninos.com\/produtos\/\"},{\"@type\":\"ListItem\",\"position\":2,\"name\":\"Prensa PT-11 (prensa de bon\u00e9s)\"}]},{\"@type\":\"WebSite\",\"@id\":\"https:\/\/euninos.com\/#website\",\"url\":\"https:\/\/euninos.com\/\",\"name\":\"Euninos\",\"description\":\"Produtos de Impress\u00e3o e Corte\",\"publisher\":{\"@id\":\"https:\/\/euninos.com\/#organization\"},\"potentialAction\":[{\"@type\":\"SearchAction\",\"target\":{\"@type\":\"EntryPoint\",\"urlTemplate\":\"https:\/\/euninos.com\/?s={search_term_string}\"},\"query-input\":\"required name=search_term_string\"}],\"inLanguage\":\"es\"},{\"@type\":\"Organization\",\"@id\":\"https:\/\/euninos.com\/#organization\",\"name\":\"Euninos\",\"url\":\"https:\/\/euninos.com\/\",\"logo\":{\"@type\":\"ImageObject\",\"inLanguage\":\"es\",\"@id\":\"https:\/\/euninos.com\/#\/schema\/logo\/image\/\",\"url\":\"https:\/\/euninos.com\/wp-content\/uploads\/2022\/05\/cropped-logo-euninos-vector-Copia.png\",\"contentUrl\":\"https:\/\/euninos.com\/wp-content\/uploads\/2022\/05\/cropped-logo-euninos-vector-Copia.png\",\"width\":300,\"height\":170,\"caption\":\"Euninos\"},\"image\":{\"@id\":\"https:\/\/euninos.com\/#\/schema\/logo\/image\/\"},\"sameAs\":[\"https:\/\/www.facebook.com\/euninos\",\"https:\/\/www.instagram.com\/euninos.lda\",\"https:\/\/www.linkedin.com\/company\/euninos\",\"https:\/\/www.youtube.com\/c\/EuninosLda\"]}]}<\/script>\r\n<!-- \/ Yoast SEO plugin. -->","yoast_head_json":{"title":"Prensa PT-11 (prensa de bon\u00e9s) - Euninos","robots":{"index":"index","follow":"follow","max-snippet":"max-snippet:-1","max-image-preview":"max-image-preview:large","max-video-preview":"max-video-preview:-1"},"canonical":"https:\/\/euninos.com\/es\/artigo\/prensa-pt-11-prensa-de-bones\/","og_locale":"es_ES","og_type":"article","og_title":"Prensa PT-11 (prensa de bon\u00e9s) - Euninos","og_description":"A PT-11 foi projetada para a maioria dos tipos de chapelaria.\u00a0[spacer height=\"20px\"]","og_url":"https:\/\/euninos.com\/es\/artigo\/prensa-pt-11-prensa-de-bones\/","og_site_name":"Euninos","article_publisher":"https:\/\/www.facebook.com\/euninos","article_modified_time":"2022-04-20T13:50:27+00:00","og_image":[{"width":300,"height":170,"url":"https:\/\/euninos.com\/wp-content\/uploads\/2024\/10\/logo-euninos-vector-Copia.png","type":"image\/png"}],"twitter_card":"summary_large_image","twitter_misc":{"Tiempo de lectura":"1 minuto"},"schema":{"@context":"https:\/\/schema.org","@graph":[{"@type":"WebPage","@id":"https:\/\/euninos.com\/artigo\/prensa-pt-11-prensa-de-bones\/","url":"https:\/\/euninos.com\/artigo\/prensa-pt-11-prensa-de-bones\/","name":"Prensa PT-11 (prensa de bon\u00e9s) - Euninos","isPartOf":{"@id":"https:\/\/euninos.com\/#website"},"datePublished":"2022-04-20T13:50:25+00:00","dateModified":"2022-04-20T13:50:27+00:00","breadcrumb":{"@id":"https:\/\/euninos.com\/artigo\/prensa-pt-11-prensa-de-bones\/#breadcrumb"},"inLanguage":"es","potentialAction":[{"@type":"ReadAction","target":["https:\/\/euninos.com\/artigo\/prensa-pt-11-prensa-de-bones\/"]}]},{"@type":"BreadcrumbList","@id":"https:\/\/euninos.com\/artigo\/prensa-pt-11-prensa-de-bones\/#breadcrumb","itemListElement":[{"@type":"ListItem","position":1,"name":"Produtos","item":"https:\/\/euninos.com\/produtos\/"},{"@type":"ListItem","position":2,"name":"Prensa PT-11 (prensa de bon\u00e9s)"}]},{"@type":"WebSite","@id":"https:\/\/euninos.com\/#website","url":"https:\/\/euninos.com\/","name":"Euninos","description":"Produtos de Impress\u00e3o e Corte","publisher":{"@id":"https:\/\/euninos.com\/#organization"},"potentialAction":[{"@type":"SearchAction","target":{"@type":"EntryPoint","urlTemplate":"https:\/\/euninos.com\/?s={search_term_string}"},"query-input":"required name=search_term_string"}],"inLanguage":"es"},{"@type":"Organization","@id":"https:\/\/euninos.com\/#organization","name":"Euninos","url":"https:\/\/euninos.com\/","logo":{"@type":"ImageObject","inLanguage":"es","@id":"https:\/\/euninos.com\/#\/schema\/logo\/image\/","url":"https:\/\/euninos.com\/wp-content\/uploads\/2022\/05\/cropped-logo-euninos-vector-Copia.png","contentUrl":"https:\/\/euninos.com\/wp-content\/uploads\/2022\/05\/cropped-logo-euninos-vector-Copia.png","width":300,"height":170,"caption":"Euninos"},"image":{"@id":"https:\/\/euninos.com\/#\/schema\/logo\/image\/"},"sameAs":["https:\/\/www.facebook.com\/euninos","https:\/\/www.instagram.com\/euninos.lda","https:\/\/www.linkedin.com\/company\/euninos","https:\/\/www.youtube.com\/c\/EuninosLda"]}]}},"_links":{"self":[{"href":"https:\/\/euninos.com\/es\/wp-json\/wp\/v2\/product\/308","targetHints":{"allow":["GET"]}}],"collection":[{"href":"https:\/\/euninos.com\/es\/wp-json\/wp\/v2\/product"}],"about":[{"href":"https:\/\/euninos.com\/es\/wp-json\/wp\/v2\/types\/product"}],"wp:attachment":[{"href":"https:\/\/euninos.com\/es\/wp-json\/wp\/v2\/media?parent=308"}],"wp:term":[{"taxonomy":"product_cat","embeddable":true,"href":"https:\/\/euninos.com\/es\/wp-json\/wp\/v2\/product_cat?post=308"},{"taxonomy":"product_tag","embeddable":true,"href":"https:\/\/euninos.com\/es\/wp-json\/wp\/v2\/product_tag?post=308"}],"curies":[{"name":"wp","href":"https:\/\/api.w.org\/{rel}","templated":true}]}}