{"id":306,"date":"2022-04-20T13:50:25","date_gmt":"2022-04-20T13:50:25","guid":{"rendered":"https:\/\/euninos.com\/?post_type=product&#038;p=306"},"modified":"2022-07-05T15:16:34","modified_gmt":"2022-07-05T14:16:34","slug":"papel-sublimacao-t-grama","status":"publish","type":"product","link":"https:\/\/euninos.com\/es\/artigo\/papel-sublimacao-t-grama\/","title":{"rendered":"Papel de sublimaci\u00f3n T-GRAMA"},"content":{"rendered":"<p>&nbsp;<\/p>\n<p>Papel de sublimaci\u00f3n de secado extremadamente r\u00e1pido con tiempos de transferencia cortos que garantiza un proceso de producci\u00f3n de sublimaci\u00f3n altamente eficiente.<\/p>\n<p>Con una excelente nitidez de l\u00edneas, nuestra gama de papeles de sublimaci\u00f3n ofrece resultados sobresalientes. Ofrecemos una uniformidad de calidad excepcional en una amplia gama de aplicaciones, como moda, textiles para la decoraci\u00f3n del hogar, ropa deportiva, se\u00f1alizaci\u00f3n textil, esqu\u00eds, tablas de snowboard y productos de comercializaci\u00f3n.<\/p>\n<h2 style=\"text-align: center;\"><strong>T-GRAMA FAST-LINE<\/strong><\/h2>\n<hr \/>\n<table width=\"701\">\n<tbody>\n<tr>\n<td width=\"126\"><\/td>\n<td style=\"text-align: center;\" colspan=\"4\" width=\"487\"><span style=\"color: #800000;\"><b>NON-TACKY<\/b><\/span><\/td>\n<td style=\"text-align: center;\" width=\"88\"><span style=\"color: #800000;\"><b>TACKY<\/b> <b>(CON PEGAMENTO)<\/b><\/span><\/td>\n<\/tr>\n<tr>\n<td style=\"text-align: center;\" width=\"126\"><span style=\"color: #ffcc00;\"><b>PESO (g\/m<\/b><b><sup>2<\/sup><\/b><b>)<\/b><\/span><\/td>\n<td style=\"text-align: center;\" width=\"88\">55<\/td>\n<td style=\"text-align: center;\" width=\"166\">75<\/td>\n<td style=\"text-align: center;\" width=\"145\">100<\/td>\n<td style=\"text-align: center;\" width=\"88\">105<\/td>\n<td style=\"text-align: center;\" width=\"88\">105<\/td>\n<\/tr>\n<tr>\n<td style=\"text-align: center;\" width=\"126\"><span style=\"color: #ffcc00;\"><b>ANCHO (cm)<\/b><\/span><\/td>\n<td style=\"text-align: center;\" colspan=\"5\" width=\"575\"><span style=\"color: #ffcc00;\"><b>LONGITUD DEL RODILLO (m)<\/b><\/span><\/td>\n<\/tr>\n<tr>\n<td style=\"text-align: center;\" width=\"126\"><b>111.8<\/b><\/td>\n<td width=\"88\"><b>\u00a0<\/b><\/td>\n<td style=\"text-align: center;\" width=\"166\">200 | 300<\/td>\n<td style=\"text-align: center;\" width=\"145\">85 | 120<\/td>\n<td style=\"text-align: center;\" width=\"88\">85<\/td>\n<td style=\"text-align: center;\" width=\"88\">85<\/td>\n<\/tr>\n<tr>\n<td style=\"text-align: center;\" width=\"126\"><b>132.0<\/b><\/td>\n<td width=\"88\"><b>\u00a0<\/b><\/td>\n<td style=\"text-align: center;\" width=\"166\">200 | 300<\/td>\n<td style=\"text-align: center;\" width=\"145\">120<\/td>\n<td style=\"text-align: center;\" width=\"88\">120<\/td>\n<td style=\"text-align: center;\" width=\"88\">120<\/td>\n<\/tr>\n<tr>\n<td style=\"text-align: center;\" width=\"126\"><b>162.0<\/b><\/td>\n<td style=\"text-align: center;\" width=\"88\">300<\/td>\n<td style=\"text-align: center;\" width=\"166\">200 | 300<\/td>\n<td style=\"text-align: center;\" width=\"145\">120<\/td>\n<td style=\"text-align: center;\" width=\"88\">120<\/td>\n<td style=\"text-align: center;\" width=\"88\">120<\/td>\n<\/tr>\n<tr>\n<td style=\"text-align: center;\" width=\"126\"><b>190.0<\/b><\/td>\n<td style=\"text-align: center;\" width=\"88\">300<\/td>\n<td style=\"text-align: center;\" width=\"166\">200 | 300<\/td>\n<td width=\"145\"><\/td>\n<td width=\"88\"><\/td>\n<td width=\"88\"><\/td>\n<\/tr>\n<\/tbody>\n<\/table>\n<h2 style=\"text-align: center;\"><strong style=\"font-family: 'Arial Black', Gadget, sans-serif; font-size: 32px;\">T-GRAMA SPEED-LINE<\/strong><\/h2>\n<hr \/>\n<table width=\"680\">\n<tbody>\n<tr>\n<td width=\"122\"><\/td>\n<td style=\"text-align: center;\" colspan=\"3\" width=\"444\"><span style=\"color: #800000;\"><b>NON-TACKY<\/b><\/span><\/td>\n<td style=\"text-align: center;\" width=\"114\"><span style=\"color: #800000;\"><b>TACKY<\/b> <b>(CON PEGAMENTO)<\/b><\/span><\/td>\n<\/tr>\n<tr>\n<td style=\"text-align: center;\" width=\"122\"><span style=\"color: #ffcc00;\"><b>PESO (g\/m<\/b><b><sup>2<\/sup><\/b><b>)<\/b><\/span><\/td>\n<td style=\"text-align: center;\" width=\"94\">58<\/td>\n<td style=\"text-align: center;\" width=\"180\">70<\/td>\n<td style=\"text-align: center;\" width=\"170\">100<\/td>\n<td style=\"text-align: center;\" width=\"114\">105<\/td>\n<\/tr>\n<tr>\n<td style=\"text-align: center;\" width=\"122\"><span style=\"color: #ffcc00;\"><b>ANCHO (cm)<\/b><\/span><\/td>\n<td style=\"text-align: center;\" colspan=\"4\" width=\"558\"><span style=\"color: #ffcc00;\"><b>LONGITUD DEL RODILLO (m)<\/b><\/span><\/td>\n<\/tr>\n<tr>\n<td style=\"text-align: center;\" width=\"122\"><b>111.8<\/b><\/td>\n<td width=\"94\"><\/td>\n<td style=\"text-align: center;\" width=\"180\">200 | 300<\/td>\n<td style=\"text-align: center;\" width=\"170\">85 | 120<\/td>\n<td style=\"text-align: center;\" width=\"114\">85<\/td>\n<\/tr>\n<tr>\n<td style=\"text-align: center;\" width=\"122\"><b>132.0<\/b><\/td>\n<td width=\"94\"><\/td>\n<td style=\"text-align: center;\" width=\"180\">200 | 300<\/td>\n<td style=\"text-align: center;\" width=\"170\">120<\/td>\n<td style=\"text-align: center;\" width=\"114\">120<\/td>\n<\/tr>\n<tr>\n<td style=\"text-align: center;\" width=\"122\"><b>162.0<\/b><\/td>\n<td style=\"text-align: center;\" width=\"94\">300<\/td>\n<td style=\"text-align: center;\" width=\"180\">200 | 300<\/td>\n<td style=\"text-align: center;\" width=\"170\">120<\/td>\n<td style=\"text-align: center;\" width=\"114\">120<\/td>\n<\/tr>\n<tr>\n<td style=\"text-align: center;\" width=\"122\"><b>190.0<\/b><\/td>\n<td style=\"text-align: center;\" width=\"94\">300<\/td>\n<td style=\"text-align: center;\" width=\"180\">200 | 300<\/td>\n<td width=\"170\"><\/td>\n<td width=\"114\"><\/td>\n<\/tr>\n<\/tbody>\n<\/table>\n<p>&nbsp;<\/p>","protected":false},"excerpt":{"rendered":"<p>Papel de secado extremadamente r\u00e1pido con tiempos de transferencia cortos que garantiza un proceso de producci\u00f3n por sublimaci\u00f3n altamente eficiente.<\/p>","protected":false},"featured_media":1866,"template":"","meta":{"site-sidebar-layout":"default","site-content-layout":"default","ast-site-content-layout":"","site-content-style":"default","site-sidebar-style":"default","ast-global-header-display":"","ast-banner-title-visibility":"","ast-main-header-display":"","ast-hfb-above-header-display":"","ast-hfb-below-header-display":"","ast-hfb-mobile-header-display":"","site-post-title":"","ast-breadcrumbs-content":"","ast-featured-img":"","footer-sml-layout":"","theme-transparent-header-meta":"default","adv-header-id-meta":"","stick-header-meta":"","header-above-stick-meta":"","header-main-stick-meta":"","header-below-stick-meta":"","astra-migrate-meta-layouts":"default","ast-page-background-enabled":"default","ast-page-background-meta":{"desktop":{"background-color":"var(--ast-global-color-4)","background-image":"","background-repeat":"repeat","background-position":"center center","background-size":"auto","background-attachment":"scroll","background-type":"","background-media":"","overlay-type":"","overlay-color":"","overlay-gradient":""},"tablet":{"background-color":"","background-image":"","background-repeat":"repeat","background-position":"center center","background-size":"auto","background-attachment":"scroll","background-type":"","background-media":"","overlay-type":"","overlay-color":"","overlay-gradient":""},"mobile":{"background-color":"","background-image":"","background-repeat":"repeat","background-position":"center center","background-size":"auto","background-attachment":"scroll","background-type":"","background-media":"","overlay-type":"","overlay-color":"","overlay-gradient":""}},"ast-content-background-meta":{"desktop":{"background-color":"var(--ast-global-color-5)","background-image":"","background-repeat":"repeat","background-position":"center center","background-size":"auto","background-attachment":"scroll","background-type":"","background-media":"","overlay-type":"","overlay-color":"","overlay-gradient":""},"tablet":{"background-color":"var(--ast-global-color-5)","background-image":"","background-repeat":"repeat","background-position":"center center","background-size":"auto","background-attachment":"scroll","background-type":"","background-media":"","overlay-type":"","overlay-color":"","overlay-gradient":""},"mobile":{"background-color":"var(--ast-global-color-5)","background-image":"","background-repeat":"repeat","background-position":"center center","background-size":"auto","background-attachment":"scroll","background-type":"","background-media":"","overlay-type":"","overlay-color":"","overlay-gradient":""}}},"product_cat":[56],"product_tag":[],"class_list":{"0":"post-306","1":"product","2":"type-product","3":"status-publish","4":"has-post-thumbnail","6":"product_cat-papel-sublimacao","7":"desktop-align-left","8":"tablet-align-left","9":"mobile-align-left","11":"first","12":"instock","13":"shipping-taxable","14":"product-type-simple"},"yoast_head":"<!-- This site is optimized with the Yoast SEO plugin v22.2 - https:\/\/yoast.com\/wordpress\/plugins\/seo\/ -->\r\n<title>Papel Sublima\u00e7\u00e3o T-GRAMA - Euninos<\/title>\r\n<meta name=\"robots\" content=\"index, follow, max-snippet:-1, max-image-preview:large, max-video-preview:-1\" \/>\r\n<link rel=\"canonical\" href=\"https:\/\/euninos.com\/es\/artigo\/papel-sublimacao-t-grama\/\" \/>\r\n<meta property=\"og:locale\" content=\"es_ES\" \/>\r\n<meta property=\"og:type\" content=\"article\" \/>\r\n<meta property=\"og:title\" content=\"Papel Sublima\u00e7\u00e3o T-GRAMA - Euninos\" \/>\r\n<meta property=\"og:description\" content=\"Papel de secagem extremamente r\u00e1pida com tempos de transfer\u00eancia curtos que garante um processo de produ\u00e7\u00e3o de sublima\u00e7\u00e3o altamente eficiente.\" \/>\r\n<meta property=\"og:url\" content=\"https:\/\/euninos.com\/es\/artigo\/papel-sublimacao-t-grama\/\" \/>\r\n<meta property=\"og:site_name\" content=\"Euninos\" \/>\r\n<meta property=\"article:publisher\" content=\"https:\/\/www.facebook.com\/euninos\" \/>\r\n<meta property=\"article:modified_time\" content=\"2022-07-05T14:16:34+00:00\" \/>\r\n<meta property=\"og:image\" content=\"https:\/\/euninos.com\/wp-content\/uploads\/2022\/04\/papel-subli.jpg\" \/>\r\n\t<meta property=\"og:image:width\" content=\"1600\" \/>\r\n\t<meta property=\"og:image:height\" content=\"1080\" \/>\r\n\t<meta property=\"og:image:type\" content=\"image\/jpeg\" \/>\r\n<meta name=\"twitter:card\" content=\"summary_large_image\" \/>\r\n<meta name=\"twitter:label1\" content=\"Tiempo de lectura\" \/>\n\t<meta name=\"twitter:data1\" content=\"2 minutos\" \/>\r\n<script type=\"application\/ld+json\" class=\"yoast-schema-graph\">{\"@context\":\"https:\/\/schema.org\",\"@graph\":[{\"@type\":\"WebPage\",\"@id\":\"https:\/\/euninos.com\/artigo\/papel-sublimacao-t-grama\/\",\"url\":\"https:\/\/euninos.com\/artigo\/papel-sublimacao-t-grama\/\",\"name\":\"Papel Sublima\u00e7\u00e3o T-GRAMA - Euninos\",\"isPartOf\":{\"@id\":\"https:\/\/euninos.com\/#website\"},\"primaryImageOfPage\":{\"@id\":\"https:\/\/euninos.com\/artigo\/papel-sublimacao-t-grama\/#primaryimage\"},\"image\":{\"@id\":\"https:\/\/euninos.com\/artigo\/papel-sublimacao-t-grama\/#primaryimage\"},\"thumbnailUrl\":\"https:\/\/euninos.com\/wp-content\/uploads\/2022\/04\/papel-subli.jpg\",\"datePublished\":\"2022-04-20T13:50:25+00:00\",\"dateModified\":\"2022-07-05T14:16:34+00:00\",\"breadcrumb\":{\"@id\":\"https:\/\/euninos.com\/artigo\/papel-sublimacao-t-grama\/#breadcrumb\"},\"inLanguage\":\"es\",\"potentialAction\":[{\"@type\":\"ReadAction\",\"target\":[\"https:\/\/euninos.com\/artigo\/papel-sublimacao-t-grama\/\"]}]},{\"@type\":\"ImageObject\",\"inLanguage\":\"es\",\"@id\":\"https:\/\/euninos.com\/artigo\/papel-sublimacao-t-grama\/#primaryimage\",\"url\":\"https:\/\/euninos.com\/wp-content\/uploads\/2022\/04\/papel-subli.jpg\",\"contentUrl\":\"https:\/\/euninos.com\/wp-content\/uploads\/2022\/04\/papel-subli.jpg\",\"width\":1600,\"height\":1080},{\"@type\":\"BreadcrumbList\",\"@id\":\"https:\/\/euninos.com\/artigo\/papel-sublimacao-t-grama\/#breadcrumb\",\"itemListElement\":[{\"@type\":\"ListItem\",\"position\":1,\"name\":\"Produtos\",\"item\":\"https:\/\/euninos.com\/produtos\/\"},{\"@type\":\"ListItem\",\"position\":2,\"name\":\"Papel Sublima\u00e7\u00e3o T-GRAMA\"}]},{\"@type\":\"WebSite\",\"@id\":\"https:\/\/euninos.com\/#website\",\"url\":\"https:\/\/euninos.com\/\",\"name\":\"Euninos\",\"description\":\"Produtos de Impress\u00e3o e Corte\",\"publisher\":{\"@id\":\"https:\/\/euninos.com\/#organization\"},\"potentialAction\":[{\"@type\":\"SearchAction\",\"target\":{\"@type\":\"EntryPoint\",\"urlTemplate\":\"https:\/\/euninos.com\/?s={search_term_string}\"},\"query-input\":\"required name=search_term_string\"}],\"inLanguage\":\"es\"},{\"@type\":\"Organization\",\"@id\":\"https:\/\/euninos.com\/#organization\",\"name\":\"Euninos\",\"url\":\"https:\/\/euninos.com\/\",\"logo\":{\"@type\":\"ImageObject\",\"inLanguage\":\"es\",\"@id\":\"https:\/\/euninos.com\/#\/schema\/logo\/image\/\",\"url\":\"https:\/\/euninos.com\/wp-content\/uploads\/2022\/05\/cropped-logo-euninos-vector-Copia.png\",\"contentUrl\":\"https:\/\/euninos.com\/wp-content\/uploads\/2022\/05\/cropped-logo-euninos-vector-Copia.png\",\"width\":300,\"height\":170,\"caption\":\"Euninos\"},\"image\":{\"@id\":\"https:\/\/euninos.com\/#\/schema\/logo\/image\/\"},\"sameAs\":[\"https:\/\/www.facebook.com\/euninos\",\"https:\/\/www.instagram.com\/euninos.lda\",\"https:\/\/www.linkedin.com\/company\/euninos\",\"https:\/\/www.youtube.com\/c\/EuninosLda\"]}]}<\/script>\r\n<!-- \/ Yoast SEO plugin. -->","yoast_head_json":{"title":"Papel Sublima\u00e7\u00e3o T-GRAMA - Euninos","robots":{"index":"index","follow":"follow","max-snippet":"max-snippet:-1","max-image-preview":"max-image-preview:large","max-video-preview":"max-video-preview:-1"},"canonical":"https:\/\/euninos.com\/es\/artigo\/papel-sublimacao-t-grama\/","og_locale":"es_ES","og_type":"article","og_title":"Papel Sublima\u00e7\u00e3o T-GRAMA - Euninos","og_description":"Papel de secagem extremamente r\u00e1pida com tempos de transfer\u00eancia curtos que garante um processo de produ\u00e7\u00e3o de sublima\u00e7\u00e3o altamente eficiente.","og_url":"https:\/\/euninos.com\/es\/artigo\/papel-sublimacao-t-grama\/","og_site_name":"Euninos","article_publisher":"https:\/\/www.facebook.com\/euninos","article_modified_time":"2022-07-05T14:16:34+00:00","og_image":[{"width":1600,"height":1080,"url":"https:\/\/euninos.com\/wp-content\/uploads\/2022\/04\/papel-subli.jpg","type":"image\/jpeg"}],"twitter_card":"summary_large_image","twitter_misc":{"Tiempo de lectura":"2 minutos"},"schema":{"@context":"https:\/\/schema.org","@graph":[{"@type":"WebPage","@id":"https:\/\/euninos.com\/artigo\/papel-sublimacao-t-grama\/","url":"https:\/\/euninos.com\/artigo\/papel-sublimacao-t-grama\/","name":"Papel Sublima\u00e7\u00e3o T-GRAMA - Euninos","isPartOf":{"@id":"https:\/\/euninos.com\/#website"},"primaryImageOfPage":{"@id":"https:\/\/euninos.com\/artigo\/papel-sublimacao-t-grama\/#primaryimage"},"image":{"@id":"https:\/\/euninos.com\/artigo\/papel-sublimacao-t-grama\/#primaryimage"},"thumbnailUrl":"https:\/\/euninos.com\/wp-content\/uploads\/2022\/04\/papel-subli.jpg","datePublished":"2022-04-20T13:50:25+00:00","dateModified":"2022-07-05T14:16:34+00:00","breadcrumb":{"@id":"https:\/\/euninos.com\/artigo\/papel-sublimacao-t-grama\/#breadcrumb"},"inLanguage":"es","potentialAction":[{"@type":"ReadAction","target":["https:\/\/euninos.com\/artigo\/papel-sublimacao-t-grama\/"]}]},{"@type":"ImageObject","inLanguage":"es","@id":"https:\/\/euninos.com\/artigo\/papel-sublimacao-t-grama\/#primaryimage","url":"https:\/\/euninos.com\/wp-content\/uploads\/2022\/04\/papel-subli.jpg","contentUrl":"https:\/\/euninos.com\/wp-content\/uploads\/2022\/04\/papel-subli.jpg","width":1600,"height":1080},{"@type":"BreadcrumbList","@id":"https:\/\/euninos.com\/artigo\/papel-sublimacao-t-grama\/#breadcrumb","itemListElement":[{"@type":"ListItem","position":1,"name":"Produtos","item":"https:\/\/euninos.com\/produtos\/"},{"@type":"ListItem","position":2,"name":"Papel Sublima\u00e7\u00e3o T-GRAMA"}]},{"@type":"WebSite","@id":"https:\/\/euninos.com\/#website","url":"https:\/\/euninos.com\/","name":"Euninos","description":"Produtos de Impress\u00e3o e Corte","publisher":{"@id":"https:\/\/euninos.com\/#organization"},"potentialAction":[{"@type":"SearchAction","target":{"@type":"EntryPoint","urlTemplate":"https:\/\/euninos.com\/?s={search_term_string}"},"query-input":"required name=search_term_string"}],"inLanguage":"es"},{"@type":"Organization","@id":"https:\/\/euninos.com\/#organization","name":"Euninos","url":"https:\/\/euninos.com\/","logo":{"@type":"ImageObject","inLanguage":"es","@id":"https:\/\/euninos.com\/#\/schema\/logo\/image\/","url":"https:\/\/euninos.com\/wp-content\/uploads\/2022\/05\/cropped-logo-euninos-vector-Copia.png","contentUrl":"https:\/\/euninos.com\/wp-content\/uploads\/2022\/05\/cropped-logo-euninos-vector-Copia.png","width":300,"height":170,"caption":"Euninos"},"image":{"@id":"https:\/\/euninos.com\/#\/schema\/logo\/image\/"},"sameAs":["https:\/\/www.facebook.com\/euninos","https:\/\/www.instagram.com\/euninos.lda","https:\/\/www.linkedin.com\/company\/euninos","https:\/\/www.youtube.com\/c\/EuninosLda"]}]}},"_links":{"self":[{"href":"https:\/\/euninos.com\/es\/wp-json\/wp\/v2\/product\/306","targetHints":{"allow":["GET"]}}],"collection":[{"href":"https:\/\/euninos.com\/es\/wp-json\/wp\/v2\/product"}],"about":[{"href":"https:\/\/euninos.com\/es\/wp-json\/wp\/v2\/types\/product"}],"wp:featuredmedia":[{"embeddable":true,"href":"https:\/\/euninos.com\/es\/wp-json\/wp\/v2\/media\/1866"}],"wp:attachment":[{"href":"https:\/\/euninos.com\/es\/wp-json\/wp\/v2\/media?parent=306"}],"wp:term":[{"taxonomy":"product_cat","embeddable":true,"href":"https:\/\/euninos.com\/es\/wp-json\/wp\/v2\/product_cat?post=306"},{"taxonomy":"product_tag","embeddable":true,"href":"https:\/\/euninos.com\/es\/wp-json\/wp\/v2\/product_tag?post=306"}],"curies":[{"name":"wp","href":"https:\/\/api.w.org\/{rel}","templated":true}]}}