{"id":305,"date":"2022-04-20T13:50:25","date_gmt":"2022-04-20T13:50:25","guid":{"rendered":"https:\/\/euninos.com\/?post_type=product&#038;p=305"},"modified":"2022-05-19T16:42:53","modified_gmt":"2022-05-19T16:42:53","slug":"tinta-sublimacao-j-next","status":"publish","type":"product","link":"https:\/\/euninos.com\/es\/artigo\/tinta-sublimacao-j-next\/","title":{"rendered":"Tinta de sublimaci\u00f3n J-NEXT"},"content":{"rendered":"<h2><strong>J-NEXT<\/strong><\/h2>\n<p>Tinta de sublimaci\u00f3n piezoel\u00e9ctrica a base de agua de nueva generaci\u00f3n para sublimaci\u00f3n digital; Gracias a su f\u00f3rmula innovadora, se puede utilizar con cualquier tipo de impresora digital de gran formato del mercado; <strong>Ecofriendly:<\/strong> libre de alquilfenoles etoxilados (APE); Secado r\u00e1pido en cualquier papel estucado; Adecuado para cabezales de impresi\u00f3n Epson.<\/p>\n<p><strong>Sustratos:<\/strong> Tejidos de poli\u00e9ster y poliamida, tejidos sint\u00e9ticos mixtos (m\u00edn. 60% fibras sint\u00e9ticas), sustratos pl\u00e1sticos utilizados en la fabricaci\u00f3n de material deportivo como esqu\u00eds, tablas de snowboard, wakeboard, todos los sustratos (madera, vidrio, cer\u00e1mica) con base de poli\u00e9ster.<\/p>\n<p><strong>Aplicaciones:<\/strong> ropa deportiva y de abrigo, gadgets, toallas, esqu\u00eds, snowboards, wakeboards, banderas y pancartas, gadgets.<\/p>\n<p><strong>Colores disponibles:<\/strong> cian, magenta, amarillo, negro absoluto, negro, cian claro, magenta claro, naranja, azul, gris, negro ultra claro, cian extra, magenta extra, amarillo extra, negro extra.<\/p>\n<p><strong>Embalaje:<\/strong> 1 litro<\/p>","protected":false},"excerpt":{"rendered":"<p>Tinta de sublimaci\u00f3n piezoel\u00e9ctrica a base de agua de nueva generaci\u00f3n para sublimaci\u00f3n digital; Gracias a su f\u00f3rmula innovadora, se puede utilizar con cualquier tipo de impresora digital de gran formato del mercado; <strong>Ecofriendly:<\/strong> libre de alquilfenoles etoxilados (APE); Secado r\u00e1pido en cualquier papel estucado; Adecuado para cabezales de impresi\u00f3n Epson.<\/p>","protected":false},"featured_media":1453,"template":"","meta":{"site-sidebar-layout":"default","site-content-layout":"default","ast-site-content-layout":"","site-content-style":"default","site-sidebar-style":"default","ast-global-header-display":"","ast-banner-title-visibility":"","ast-main-header-display":"","ast-hfb-above-header-display":"","ast-hfb-below-header-display":"","ast-hfb-mobile-header-display":"","site-post-title":"","ast-breadcrumbs-content":"","ast-featured-img":"","footer-sml-layout":"","theme-transparent-header-meta":"default","adv-header-id-meta":"","stick-header-meta":"","header-above-stick-meta":"","header-main-stick-meta":"","header-below-stick-meta":"","astra-migrate-meta-layouts":"default","ast-page-background-enabled":"default","ast-page-background-meta":{"desktop":{"background-color":"var(--ast-global-color-4)","background-image":"","background-repeat":"repeat","background-position":"center center","background-size":"auto","background-attachment":"scroll","background-type":"","background-media":"","overlay-type":"","overlay-color":"","overlay-gradient":""},"tablet":{"background-color":"","background-image":"","background-repeat":"repeat","background-position":"center center","background-size":"auto","background-attachment":"scroll","background-type":"","background-media":"","overlay-type":"","overlay-color":"","overlay-gradient":""},"mobile":{"background-color":"","background-image":"","background-repeat":"repeat","background-position":"center center","background-size":"auto","background-attachment":"scroll","background-type":"","background-media":"","overlay-type":"","overlay-color":"","overlay-gradient":""}},"ast-content-background-meta":{"desktop":{"background-color":"var(--ast-global-color-5)","background-image":"","background-repeat":"repeat","background-position":"center center","background-size":"auto","background-attachment":"scroll","background-type":"","background-media":"","overlay-type":"","overlay-color":"","overlay-gradient":""},"tablet":{"background-color":"var(--ast-global-color-5)","background-image":"","background-repeat":"repeat","background-position":"center center","background-size":"auto","background-attachment":"scroll","background-type":"","background-media":"","overlay-type":"","overlay-color":"","overlay-gradient":""},"mobile":{"background-color":"var(--ast-global-color-5)","background-image":"","background-repeat":"repeat","background-position":"center center","background-size":"auto","background-attachment":"scroll","background-type":"","background-media":"","overlay-type":"","overlay-color":"","overlay-gradient":""}}},"product_cat":[58],"product_tag":[],"class_list":{"0":"post-305","1":"product","2":"type-product","3":"status-publish","4":"has-post-thumbnail","6":"product_cat-tintas","7":"desktop-align-left","8":"tablet-align-left","9":"mobile-align-left","11":"first","12":"instock","13":"shipping-taxable","14":"product-type-simple"},"yoast_head":"<!-- This site is optimized with the Yoast SEO plugin v22.2 - https:\/\/yoast.com\/wordpress\/plugins\/seo\/ -->\r\n<title>Tinta Sublima\u00e7\u00e3o J-NEXT - Euninos<\/title>\r\n<meta name=\"robots\" content=\"index, follow, max-snippet:-1, max-image-preview:large, max-video-preview:-1\" \/>\r\n<link rel=\"canonical\" href=\"https:\/\/euninos.com\/es\/artigo\/tinta-sublimacao-j-next\/\" \/>\r\n<meta property=\"og:locale\" content=\"es_ES\" \/>\r\n<meta property=\"og:type\" content=\"article\" \/>\r\n<meta property=\"og:title\" content=\"Tinta Sublima\u00e7\u00e3o J-NEXT - Euninos\" \/>\r\n<meta property=\"og:description\" content=\"Tinta Sublima\u00e7\u00e3o piezo de nova gera\u00e7\u00e3o \u00e0 base de \u00e1gua para sublima\u00e7\u00e3o digital; Gra\u00e7as \u00e0 sua f\u00f3rmula inovadora, pode ser utilizado com qualquer tipo de impressora digital de grande formato no mercado; Ecofriendly: livre de alquilfenoletoxilado (APE);\u00a0Secagem r\u00e1pida em qualquer papel revestido;\u00a0Adequado para cabe\u00e7as de impress\u00e3o Epson.\" \/>\r\n<meta property=\"og:url\" content=\"https:\/\/euninos.com\/es\/artigo\/tinta-sublimacao-j-next\/\" \/>\r\n<meta property=\"og:site_name\" content=\"Euninos\" \/>\r\n<meta property=\"article:publisher\" content=\"https:\/\/www.facebook.com\/euninos\" \/>\r\n<meta property=\"article:modified_time\" content=\"2022-05-19T16:42:53+00:00\" \/>\r\n<meta property=\"og:image\" content=\"https:\/\/euninos.com\/wp-content\/uploads\/2022\/04\/jteck.jpg\" \/>\r\n\t<meta property=\"og:image:width\" content=\"1600\" \/>\r\n\t<meta property=\"og:image:height\" content=\"1080\" \/>\r\n\t<meta property=\"og:image:type\" content=\"image\/jpeg\" \/>\r\n<meta name=\"twitter:card\" content=\"summary_large_image\" \/>\r\n<meta name=\"twitter:label1\" content=\"Tiempo de lectura\" \/>\n\t<meta name=\"twitter:data1\" content=\"1 minuto\" \/>\r\n<script type=\"application\/ld+json\" class=\"yoast-schema-graph\">{\"@context\":\"https:\/\/schema.org\",\"@graph\":[{\"@type\":\"WebPage\",\"@id\":\"https:\/\/euninos.com\/artigo\/tinta-sublimacao-j-next\/\",\"url\":\"https:\/\/euninos.com\/artigo\/tinta-sublimacao-j-next\/\",\"name\":\"Tinta Sublima\u00e7\u00e3o J-NEXT - Euninos\",\"isPartOf\":{\"@id\":\"https:\/\/euninos.com\/#website\"},\"primaryImageOfPage\":{\"@id\":\"https:\/\/euninos.com\/artigo\/tinta-sublimacao-j-next\/#primaryimage\"},\"image\":{\"@id\":\"https:\/\/euninos.com\/artigo\/tinta-sublimacao-j-next\/#primaryimage\"},\"thumbnailUrl\":\"https:\/\/euninos.com\/wp-content\/uploads\/2022\/04\/jteck.jpg\",\"datePublished\":\"2022-04-20T13:50:25+00:00\",\"dateModified\":\"2022-05-19T16:42:53+00:00\",\"breadcrumb\":{\"@id\":\"https:\/\/euninos.com\/artigo\/tinta-sublimacao-j-next\/#breadcrumb\"},\"inLanguage\":\"es\",\"potentialAction\":[{\"@type\":\"ReadAction\",\"target\":[\"https:\/\/euninos.com\/artigo\/tinta-sublimacao-j-next\/\"]}]},{\"@type\":\"ImageObject\",\"inLanguage\":\"es\",\"@id\":\"https:\/\/euninos.com\/artigo\/tinta-sublimacao-j-next\/#primaryimage\",\"url\":\"https:\/\/euninos.com\/wp-content\/uploads\/2022\/04\/jteck.jpg\",\"contentUrl\":\"https:\/\/euninos.com\/wp-content\/uploads\/2022\/04\/jteck.jpg\",\"width\":1600,\"height\":1080},{\"@type\":\"BreadcrumbList\",\"@id\":\"https:\/\/euninos.com\/artigo\/tinta-sublimacao-j-next\/#breadcrumb\",\"itemListElement\":[{\"@type\":\"ListItem\",\"position\":1,\"name\":\"Produtos\",\"item\":\"https:\/\/euninos.com\/produtos\/\"},{\"@type\":\"ListItem\",\"position\":2,\"name\":\"Tinta Sublima\u00e7\u00e3o J-NEXT\"}]},{\"@type\":\"WebSite\",\"@id\":\"https:\/\/euninos.com\/#website\",\"url\":\"https:\/\/euninos.com\/\",\"name\":\"Euninos\",\"description\":\"Produtos de Impress\u00e3o e Corte\",\"publisher\":{\"@id\":\"https:\/\/euninos.com\/#organization\"},\"potentialAction\":[{\"@type\":\"SearchAction\",\"target\":{\"@type\":\"EntryPoint\",\"urlTemplate\":\"https:\/\/euninos.com\/?s={search_term_string}\"},\"query-input\":\"required name=search_term_string\"}],\"inLanguage\":\"es\"},{\"@type\":\"Organization\",\"@id\":\"https:\/\/euninos.com\/#organization\",\"name\":\"Euninos\",\"url\":\"https:\/\/euninos.com\/\",\"logo\":{\"@type\":\"ImageObject\",\"inLanguage\":\"es\",\"@id\":\"https:\/\/euninos.com\/#\/schema\/logo\/image\/\",\"url\":\"https:\/\/euninos.com\/wp-content\/uploads\/2022\/05\/cropped-logo-euninos-vector-Copia.png\",\"contentUrl\":\"https:\/\/euninos.com\/wp-content\/uploads\/2022\/05\/cropped-logo-euninos-vector-Copia.png\",\"width\":300,\"height\":170,\"caption\":\"Euninos\"},\"image\":{\"@id\":\"https:\/\/euninos.com\/#\/schema\/logo\/image\/\"},\"sameAs\":[\"https:\/\/www.facebook.com\/euninos\",\"https:\/\/www.instagram.com\/euninos.lda\",\"https:\/\/www.linkedin.com\/company\/euninos\",\"https:\/\/www.youtube.com\/c\/EuninosLda\"]}]}<\/script>\r\n<!-- \/ Yoast SEO plugin. -->","yoast_head_json":{"title":"Tinta Sublima\u00e7\u00e3o J-NEXT - Euninos","robots":{"index":"index","follow":"follow","max-snippet":"max-snippet:-1","max-image-preview":"max-image-preview:large","max-video-preview":"max-video-preview:-1"},"canonical":"https:\/\/euninos.com\/es\/artigo\/tinta-sublimacao-j-next\/","og_locale":"es_ES","og_type":"article","og_title":"Tinta Sublima\u00e7\u00e3o J-NEXT - Euninos","og_description":"Tinta Sublima\u00e7\u00e3o piezo de nova gera\u00e7\u00e3o \u00e0 base de \u00e1gua para sublima\u00e7\u00e3o digital; Gra\u00e7as \u00e0 sua f\u00f3rmula inovadora, pode ser utilizado com qualquer tipo de impressora digital de grande formato no mercado; Ecofriendly: livre de alquilfenoletoxilado (APE);\u00a0Secagem r\u00e1pida em qualquer papel revestido;\u00a0Adequado para cabe\u00e7as de impress\u00e3o Epson.","og_url":"https:\/\/euninos.com\/es\/artigo\/tinta-sublimacao-j-next\/","og_site_name":"Euninos","article_publisher":"https:\/\/www.facebook.com\/euninos","article_modified_time":"2022-05-19T16:42:53+00:00","og_image":[{"width":1600,"height":1080,"url":"https:\/\/euninos.com\/wp-content\/uploads\/2022\/04\/jteck.jpg","type":"image\/jpeg"}],"twitter_card":"summary_large_image","twitter_misc":{"Tiempo de lectura":"1 minuto"},"schema":{"@context":"https:\/\/schema.org","@graph":[{"@type":"WebPage","@id":"https:\/\/euninos.com\/artigo\/tinta-sublimacao-j-next\/","url":"https:\/\/euninos.com\/artigo\/tinta-sublimacao-j-next\/","name":"Tinta Sublima\u00e7\u00e3o J-NEXT - Euninos","isPartOf":{"@id":"https:\/\/euninos.com\/#website"},"primaryImageOfPage":{"@id":"https:\/\/euninos.com\/artigo\/tinta-sublimacao-j-next\/#primaryimage"},"image":{"@id":"https:\/\/euninos.com\/artigo\/tinta-sublimacao-j-next\/#primaryimage"},"thumbnailUrl":"https:\/\/euninos.com\/wp-content\/uploads\/2022\/04\/jteck.jpg","datePublished":"2022-04-20T13:50:25+00:00","dateModified":"2022-05-19T16:42:53+00:00","breadcrumb":{"@id":"https:\/\/euninos.com\/artigo\/tinta-sublimacao-j-next\/#breadcrumb"},"inLanguage":"es","potentialAction":[{"@type":"ReadAction","target":["https:\/\/euninos.com\/artigo\/tinta-sublimacao-j-next\/"]}]},{"@type":"ImageObject","inLanguage":"es","@id":"https:\/\/euninos.com\/artigo\/tinta-sublimacao-j-next\/#primaryimage","url":"https:\/\/euninos.com\/wp-content\/uploads\/2022\/04\/jteck.jpg","contentUrl":"https:\/\/euninos.com\/wp-content\/uploads\/2022\/04\/jteck.jpg","width":1600,"height":1080},{"@type":"BreadcrumbList","@id":"https:\/\/euninos.com\/artigo\/tinta-sublimacao-j-next\/#breadcrumb","itemListElement":[{"@type":"ListItem","position":1,"name":"Produtos","item":"https:\/\/euninos.com\/produtos\/"},{"@type":"ListItem","position":2,"name":"Tinta Sublima\u00e7\u00e3o J-NEXT"}]},{"@type":"WebSite","@id":"https:\/\/euninos.com\/#website","url":"https:\/\/euninos.com\/","name":"Euninos","description":"Produtos de Impress\u00e3o e Corte","publisher":{"@id":"https:\/\/euninos.com\/#organization"},"potentialAction":[{"@type":"SearchAction","target":{"@type":"EntryPoint","urlTemplate":"https:\/\/euninos.com\/?s={search_term_string}"},"query-input":"required name=search_term_string"}],"inLanguage":"es"},{"@type":"Organization","@id":"https:\/\/euninos.com\/#organization","name":"Euninos","url":"https:\/\/euninos.com\/","logo":{"@type":"ImageObject","inLanguage":"es","@id":"https:\/\/euninos.com\/#\/schema\/logo\/image\/","url":"https:\/\/euninos.com\/wp-content\/uploads\/2022\/05\/cropped-logo-euninos-vector-Copia.png","contentUrl":"https:\/\/euninos.com\/wp-content\/uploads\/2022\/05\/cropped-logo-euninos-vector-Copia.png","width":300,"height":170,"caption":"Euninos"},"image":{"@id":"https:\/\/euninos.com\/#\/schema\/logo\/image\/"},"sameAs":["https:\/\/www.facebook.com\/euninos","https:\/\/www.instagram.com\/euninos.lda","https:\/\/www.linkedin.com\/company\/euninos","https:\/\/www.youtube.com\/c\/EuninosLda"]}]}},"_links":{"self":[{"href":"https:\/\/euninos.com\/es\/wp-json\/wp\/v2\/product\/305","targetHints":{"allow":["GET"]}}],"collection":[{"href":"https:\/\/euninos.com\/es\/wp-json\/wp\/v2\/product"}],"about":[{"href":"https:\/\/euninos.com\/es\/wp-json\/wp\/v2\/types\/product"}],"wp:featuredmedia":[{"embeddable":true,"href":"https:\/\/euninos.com\/es\/wp-json\/wp\/v2\/media\/1453"}],"wp:attachment":[{"href":"https:\/\/euninos.com\/es\/wp-json\/wp\/v2\/media?parent=305"}],"wp:term":[{"taxonomy":"product_cat","embeddable":true,"href":"https:\/\/euninos.com\/es\/wp-json\/wp\/v2\/product_cat?post=305"},{"taxonomy":"product_tag","embeddable":true,"href":"https:\/\/euninos.com\/es\/wp-json\/wp\/v2\/product_tag?post=305"}],"curies":[{"name":"wp","href":"https:\/\/api.w.org\/{rel}","templated":true}]}}