{"id":304,"date":"2022-04-20T13:50:25","date_gmt":"2022-04-20T13:50:25","guid":{"rendered":"https:\/\/euninos.com\/?post_type=product&#038;p=304"},"modified":"2022-05-23T09:03:35","modified_gmt":"2022-05-23T09:03:35","slug":"papel-proteccao-t-grama","status":"publish","type":"product","link":"https:\/\/euninos.com\/es\/artigo\/papel-proteccao-t-grama\/","title":{"rendered":"Papel de protecci\u00f3n T-GRAMA"},"content":{"rendered":"<p><strong>Papel de protecci\u00f3n para sublimaci\u00f3n textil. <\/strong><\/p>\n<p><strong>Para uso en prensas o calandras<\/strong><\/p>\n<table width=\"669\">\n<tbody>\n<tr>\n<td style=\"text-align: center;\" width=\"134\"><span style=\"color: #800000;\"><b>PESO<\/b> <b>(g\/m<\/b><b><sup>2<\/sup><\/b><b>)<\/b><\/span><\/td>\n<td style=\"text-align: center;\" width=\"134\"><span style=\"color: #800000;\"><b>ANCHO<\/b> <b>(m)<\/b><\/span><\/td>\n<td style=\"text-align: center;\" width=\"133\"><span style=\"color: #800000;\"><b>LONGITUD (m)<\/b><\/span><\/td>\n<td style=\"text-align: center;\" width=\"134\"><span style=\"color: #800000;\"><b>DI\u00c1METRO<\/b> <b>(cm)<\/b><\/span><\/td>\n<td style=\"text-align: center;\" width=\"134\"><span style=\"color: #800000;\"><b>PESO<\/b> <b>(kg)<\/b><\/span><\/td>\n<\/tr>\n<tr>\n<td style=\"text-align: center;\" rowspan=\"3\" width=\"134\">19<\/td>\n<td style=\"text-align: center;\" width=\"134\">1,65<\/td>\n<td style=\"text-align: center;\" width=\"133\">\u00b11200<\/td>\n<td style=\"text-align: center;\" rowspan=\"2\" width=\"134\">21<\/td>\n<td style=\"text-align: center;\" width=\"134\">40<\/td>\n<\/tr>\n<tr>\n<td style=\"text-align: center;\" width=\"134\">1,15<\/td>\n<td style=\"text-align: center;\" width=\"133\">\u00b11200<\/td>\n<td style=\"text-align: center;\" width=\"134\">28<\/td>\n<\/tr>\n<tr>\n<td style=\"text-align: center;\" width=\"134\">1,90<\/td>\n<td style=\"text-align: center;\" width=\"133\">\u00b1999<\/td>\n<td style=\"text-align: center;\" width=\"134\">19,5<\/p>\n<p>&nbsp;<\/td>\n<td style=\"text-align: center;\" width=\"134\">\u00b139<\/td>\n<\/tr>\n<\/tbody>\n<\/table>\n<p>&nbsp;<\/p>\n<hr \/>\n<p style=\"text-align: center;\"><em><span style=\"color: #993300;\">*Disponible en varios tama\u00f1os. Cont\u00e1ctenos para m\u00e1s informaci\u00f3n.<\/span><\/em><\/p>\n<p style=\"text-align: center;\">","protected":false},"excerpt":{"rendered":"<p>Papel de protecci\u00f3n para sublimaci\u00f3n textil. Para uso en prensas o calandras.<\/p>","protected":false},"featured_media":1520,"template":"","meta":{"site-sidebar-layout":"default","site-content-layout":"default","ast-site-content-layout":"","site-content-style":"default","site-sidebar-style":"default","ast-global-header-display":"","ast-banner-title-visibility":"","ast-main-header-display":"","ast-hfb-above-header-display":"","ast-hfb-below-header-display":"","ast-hfb-mobile-header-display":"","site-post-title":"","ast-breadcrumbs-content":"","ast-featured-img":"","footer-sml-layout":"","theme-transparent-header-meta":"default","adv-header-id-meta":"","stick-header-meta":"","header-above-stick-meta":"","header-main-stick-meta":"","header-below-stick-meta":"","astra-migrate-meta-layouts":"default","ast-page-background-enabled":"default","ast-page-background-meta":{"desktop":{"background-color":"var(--ast-global-color-4)","background-image":"","background-repeat":"repeat","background-position":"center center","background-size":"auto","background-attachment":"scroll","background-type":"","background-media":"","overlay-type":"","overlay-color":"","overlay-gradient":""},"tablet":{"background-color":"","background-image":"","background-repeat":"repeat","background-position":"center center","background-size":"auto","background-attachment":"scroll","background-type":"","background-media":"","overlay-type":"","overlay-color":"","overlay-gradient":""},"mobile":{"background-color":"","background-image":"","background-repeat":"repeat","background-position":"center center","background-size":"auto","background-attachment":"scroll","background-type":"","background-media":"","overlay-type":"","overlay-color":"","overlay-gradient":""}},"ast-content-background-meta":{"desktop":{"background-color":"var(--ast-global-color-5)","background-image":"","background-repeat":"repeat","background-position":"center center","background-size":"auto","background-attachment":"scroll","background-type":"","background-media":"","overlay-type":"","overlay-color":"","overlay-gradient":""},"tablet":{"background-color":"var(--ast-global-color-5)","background-image":"","background-repeat":"repeat","background-position":"center center","background-size":"auto","background-attachment":"scroll","background-type":"","background-media":"","overlay-type":"","overlay-color":"","overlay-gradient":""},"mobile":{"background-color":"var(--ast-global-color-5)","background-image":"","background-repeat":"repeat","background-position":"center center","background-size":"auto","background-attachment":"scroll","background-type":"","background-media":"","overlay-type":"","overlay-color":"","overlay-gradient":""}}},"product_cat":[56],"product_tag":[],"class_list":{"0":"post-304","1":"product","2":"type-product","3":"status-publish","4":"has-post-thumbnail","6":"product_cat-papel-sublimacao","7":"desktop-align-left","8":"tablet-align-left","9":"mobile-align-left","11":"first","12":"instock","13":"shipping-taxable","14":"product-type-simple"},"yoast_head":"<!-- This site is optimized with the Yoast SEO plugin v22.2 - https:\/\/yoast.com\/wordpress\/plugins\/seo\/ -->\r\n<title>Papel Protec\u00e7\u00e3o T-GRAMA - Euninos<\/title>\r\n<meta name=\"robots\" content=\"index, follow, max-snippet:-1, max-image-preview:large, max-video-preview:-1\" \/>\r\n<link rel=\"canonical\" href=\"https:\/\/euninos.com\/es\/artigo\/papel-proteccao-t-grama\/\" \/>\r\n<meta property=\"og:locale\" content=\"es_ES\" \/>\r\n<meta property=\"og:type\" content=\"article\" \/>\r\n<meta property=\"og:title\" content=\"Papel Protec\u00e7\u00e3o T-GRAMA - Euninos\" \/>\r\n<meta property=\"og:description\" content=\"Papel prote\u00e7\u00e3o para sublima\u00e7\u00e3o t\u00eaxtil. Para uso em prensa ou calandras.\" \/>\r\n<meta property=\"og:url\" content=\"https:\/\/euninos.com\/es\/artigo\/papel-proteccao-t-grama\/\" \/>\r\n<meta property=\"og:site_name\" content=\"Euninos\" \/>\r\n<meta property=\"article:publisher\" content=\"https:\/\/www.facebook.com\/euninos\" \/>\r\n<meta property=\"article:modified_time\" content=\"2022-05-23T09:03:35+00:00\" \/>\r\n<meta property=\"og:image\" content=\"https:\/\/euninos.com\/wp-content\/uploads\/2022\/04\/papel-protecao.jpg\" \/>\r\n\t<meta property=\"og:image:width\" content=\"1600\" \/>\r\n\t<meta property=\"og:image:height\" content=\"1080\" \/>\r\n\t<meta property=\"og:image:type\" content=\"image\/jpeg\" \/>\r\n<meta name=\"twitter:card\" content=\"summary_large_image\" \/>\r\n<script type=\"application\/ld+json\" class=\"yoast-schema-graph\">{\"@context\":\"https:\/\/schema.org\",\"@graph\":[{\"@type\":\"WebPage\",\"@id\":\"https:\/\/euninos.com\/artigo\/papel-proteccao-t-grama\/\",\"url\":\"https:\/\/euninos.com\/artigo\/papel-proteccao-t-grama\/\",\"name\":\"Papel Protec\u00e7\u00e3o T-GRAMA - Euninos\",\"isPartOf\":{\"@id\":\"https:\/\/euninos.com\/#website\"},\"primaryImageOfPage\":{\"@id\":\"https:\/\/euninos.com\/artigo\/papel-proteccao-t-grama\/#primaryimage\"},\"image\":{\"@id\":\"https:\/\/euninos.com\/artigo\/papel-proteccao-t-grama\/#primaryimage\"},\"thumbnailUrl\":\"https:\/\/euninos.com\/wp-content\/uploads\/2022\/04\/papel-protecao.jpg\",\"datePublished\":\"2022-04-20T13:50:25+00:00\",\"dateModified\":\"2022-05-23T09:03:35+00:00\",\"breadcrumb\":{\"@id\":\"https:\/\/euninos.com\/artigo\/papel-proteccao-t-grama\/#breadcrumb\"},\"inLanguage\":\"es\",\"potentialAction\":[{\"@type\":\"ReadAction\",\"target\":[\"https:\/\/euninos.com\/artigo\/papel-proteccao-t-grama\/\"]}]},{\"@type\":\"ImageObject\",\"inLanguage\":\"es\",\"@id\":\"https:\/\/euninos.com\/artigo\/papel-proteccao-t-grama\/#primaryimage\",\"url\":\"https:\/\/euninos.com\/wp-content\/uploads\/2022\/04\/papel-protecao.jpg\",\"contentUrl\":\"https:\/\/euninos.com\/wp-content\/uploads\/2022\/04\/papel-protecao.jpg\",\"width\":1600,\"height\":1080},{\"@type\":\"BreadcrumbList\",\"@id\":\"https:\/\/euninos.com\/artigo\/papel-proteccao-t-grama\/#breadcrumb\",\"itemListElement\":[{\"@type\":\"ListItem\",\"position\":1,\"name\":\"Produtos\",\"item\":\"https:\/\/euninos.com\/produtos\/\"},{\"@type\":\"ListItem\",\"position\":2,\"name\":\"Papel Protec\u00e7\u00e3o T-GRAMA\"}]},{\"@type\":\"WebSite\",\"@id\":\"https:\/\/euninos.com\/#website\",\"url\":\"https:\/\/euninos.com\/\",\"name\":\"Euninos\",\"description\":\"Produtos de Impress\u00e3o e Corte\",\"publisher\":{\"@id\":\"https:\/\/euninos.com\/#organization\"},\"potentialAction\":[{\"@type\":\"SearchAction\",\"target\":{\"@type\":\"EntryPoint\",\"urlTemplate\":\"https:\/\/euninos.com\/?s={search_term_string}\"},\"query-input\":\"required name=search_term_string\"}],\"inLanguage\":\"es\"},{\"@type\":\"Organization\",\"@id\":\"https:\/\/euninos.com\/#organization\",\"name\":\"Euninos\",\"url\":\"https:\/\/euninos.com\/\",\"logo\":{\"@type\":\"ImageObject\",\"inLanguage\":\"es\",\"@id\":\"https:\/\/euninos.com\/#\/schema\/logo\/image\/\",\"url\":\"https:\/\/euninos.com\/wp-content\/uploads\/2022\/05\/cropped-logo-euninos-vector-Copia.png\",\"contentUrl\":\"https:\/\/euninos.com\/wp-content\/uploads\/2022\/05\/cropped-logo-euninos-vector-Copia.png\",\"width\":300,\"height\":170,\"caption\":\"Euninos\"},\"image\":{\"@id\":\"https:\/\/euninos.com\/#\/schema\/logo\/image\/\"},\"sameAs\":[\"https:\/\/www.facebook.com\/euninos\",\"https:\/\/www.instagram.com\/euninos.lda\",\"https:\/\/www.linkedin.com\/company\/euninos\",\"https:\/\/www.youtube.com\/c\/EuninosLda\"]}]}<\/script>\r\n<!-- \/ Yoast SEO plugin. -->","yoast_head_json":{"title":"Papel Protec\u00e7\u00e3o T-GRAMA - Euninos","robots":{"index":"index","follow":"follow","max-snippet":"max-snippet:-1","max-image-preview":"max-image-preview:large","max-video-preview":"max-video-preview:-1"},"canonical":"https:\/\/euninos.com\/es\/artigo\/papel-proteccao-t-grama\/","og_locale":"es_ES","og_type":"article","og_title":"Papel Protec\u00e7\u00e3o T-GRAMA - Euninos","og_description":"Papel prote\u00e7\u00e3o para sublima\u00e7\u00e3o t\u00eaxtil. Para uso em prensa ou calandras.","og_url":"https:\/\/euninos.com\/es\/artigo\/papel-proteccao-t-grama\/","og_site_name":"Euninos","article_publisher":"https:\/\/www.facebook.com\/euninos","article_modified_time":"2022-05-23T09:03:35+00:00","og_image":[{"width":1600,"height":1080,"url":"https:\/\/euninos.com\/wp-content\/uploads\/2022\/04\/papel-protecao.jpg","type":"image\/jpeg"}],"twitter_card":"summary_large_image","schema":{"@context":"https:\/\/schema.org","@graph":[{"@type":"WebPage","@id":"https:\/\/euninos.com\/artigo\/papel-proteccao-t-grama\/","url":"https:\/\/euninos.com\/artigo\/papel-proteccao-t-grama\/","name":"Papel Protec\u00e7\u00e3o T-GRAMA - Euninos","isPartOf":{"@id":"https:\/\/euninos.com\/#website"},"primaryImageOfPage":{"@id":"https:\/\/euninos.com\/artigo\/papel-proteccao-t-grama\/#primaryimage"},"image":{"@id":"https:\/\/euninos.com\/artigo\/papel-proteccao-t-grama\/#primaryimage"},"thumbnailUrl":"https:\/\/euninos.com\/wp-content\/uploads\/2022\/04\/papel-protecao.jpg","datePublished":"2022-04-20T13:50:25+00:00","dateModified":"2022-05-23T09:03:35+00:00","breadcrumb":{"@id":"https:\/\/euninos.com\/artigo\/papel-proteccao-t-grama\/#breadcrumb"},"inLanguage":"es","potentialAction":[{"@type":"ReadAction","target":["https:\/\/euninos.com\/artigo\/papel-proteccao-t-grama\/"]}]},{"@type":"ImageObject","inLanguage":"es","@id":"https:\/\/euninos.com\/artigo\/papel-proteccao-t-grama\/#primaryimage","url":"https:\/\/euninos.com\/wp-content\/uploads\/2022\/04\/papel-protecao.jpg","contentUrl":"https:\/\/euninos.com\/wp-content\/uploads\/2022\/04\/papel-protecao.jpg","width":1600,"height":1080},{"@type":"BreadcrumbList","@id":"https:\/\/euninos.com\/artigo\/papel-proteccao-t-grama\/#breadcrumb","itemListElement":[{"@type":"ListItem","position":1,"name":"Produtos","item":"https:\/\/euninos.com\/produtos\/"},{"@type":"ListItem","position":2,"name":"Papel Protec\u00e7\u00e3o T-GRAMA"}]},{"@type":"WebSite","@id":"https:\/\/euninos.com\/#website","url":"https:\/\/euninos.com\/","name":"Euninos","description":"Produtos de Impress\u00e3o e Corte","publisher":{"@id":"https:\/\/euninos.com\/#organization"},"potentialAction":[{"@type":"SearchAction","target":{"@type":"EntryPoint","urlTemplate":"https:\/\/euninos.com\/?s={search_term_string}"},"query-input":"required name=search_term_string"}],"inLanguage":"es"},{"@type":"Organization","@id":"https:\/\/euninos.com\/#organization","name":"Euninos","url":"https:\/\/euninos.com\/","logo":{"@type":"ImageObject","inLanguage":"es","@id":"https:\/\/euninos.com\/#\/schema\/logo\/image\/","url":"https:\/\/euninos.com\/wp-content\/uploads\/2022\/05\/cropped-logo-euninos-vector-Copia.png","contentUrl":"https:\/\/euninos.com\/wp-content\/uploads\/2022\/05\/cropped-logo-euninos-vector-Copia.png","width":300,"height":170,"caption":"Euninos"},"image":{"@id":"https:\/\/euninos.com\/#\/schema\/logo\/image\/"},"sameAs":["https:\/\/www.facebook.com\/euninos","https:\/\/www.instagram.com\/euninos.lda","https:\/\/www.linkedin.com\/company\/euninos","https:\/\/www.youtube.com\/c\/EuninosLda"]}]}},"_links":{"self":[{"href":"https:\/\/euninos.com\/es\/wp-json\/wp\/v2\/product\/304","targetHints":{"allow":["GET"]}}],"collection":[{"href":"https:\/\/euninos.com\/es\/wp-json\/wp\/v2\/product"}],"about":[{"href":"https:\/\/euninos.com\/es\/wp-json\/wp\/v2\/types\/product"}],"wp:featuredmedia":[{"embeddable":true,"href":"https:\/\/euninos.com\/es\/wp-json\/wp\/v2\/media\/1520"}],"wp:attachment":[{"href":"https:\/\/euninos.com\/es\/wp-json\/wp\/v2\/media?parent=304"}],"wp:term":[{"taxonomy":"product_cat","embeddable":true,"href":"https:\/\/euninos.com\/es\/wp-json\/wp\/v2\/product_cat?post=304"},{"taxonomy":"product_tag","embeddable":true,"href":"https:\/\/euninos.com\/es\/wp-json\/wp\/v2\/product_tag?post=304"}],"curies":[{"name":"wp","href":"https:\/\/api.w.org\/{rel}","templated":true}]}}