{"id":300,"date":"2022-04-20T13:50:24","date_gmt":"2022-04-20T13:50:24","guid":{"rendered":"https:\/\/euninos.com\/?post_type=product&#038;p=300"},"modified":"2022-05-20T11:21:09","modified_gmt":"2022-05-20T11:21:09","slug":"roland-bn-20","status":"publish","type":"product","link":"https:\/\/euninos.com\/es\/artigo\/roland-bn-20\/","title":{"rendered":"ROLAND BN-20"},"content":{"rendered":"<h2><strong>Impressora pequena com grande potencial<\/strong><\/h2>\n<hr \/>\n<p>El VersaSTUDIO BN-20 es un dispositivo compacto y f\u00e1cil de usar que puede cargar medios con un ancho m\u00e1ximo de 51 cm. A cambio de esta peque\u00f1a inversi\u00f3n, puede tener una amplia gama de aplicaciones para interiores y exteriores. Algunos ejemplos son se\u00f1alizaci\u00f3n, calcoman\u00edas, etiquetas, transferencias de ropa, exhibidores POP, calcoman\u00edas para ventanas, carteles y muchos m\u00e1s.<\/p>\n<h2 style=\"text-align: center;\"><strong>ESPECIFICACIONES<\/strong><\/h2>\n<hr \/>\n<table width=\"623\">\n<tbody>\n<tr>\n<td colspan=\"2\" width=\"310\"><b>TECNOLOG\u00cdA DE IMPRESI\u00d3N<\/b><\/td>\n<td style=\"text-align: center;\" width=\"313\">Inyecci\u00f3n piezoel\u00e9ctrica de tinta<\/td>\n<\/tr>\n<tr>\n<td rowspan=\"5\" width=\"118\"><b>MATERIAL<\/b><\/td>\n<td width=\"192\"><b>Ancho<\/b><\/td>\n<td style=\"text-align: center;\" width=\"313\">150 a 515 mm<\/td>\n<\/tr>\n<tr>\n<td width=\"192\"><b>Espesor<\/b><\/td>\n<td style=\"text-align: center;\" width=\"313\">M\u00e1ximo 0,4 mm para corte; M\u00e1ximo 1,0 mm con alineador, para imprimir<\/td>\n<\/tr>\n<tr>\n<td width=\"192\"><b>Di\u00e1metro exterior de la bobina<\/b><\/td>\n<td style=\"text-align: center;\" width=\"313\">M\u00e1ximo 150 mm<\/td>\n<\/tr>\n<tr>\n<td width=\"192\"><b>Peso de la bobina<\/b><\/td>\n<td style=\"text-align: center;\" width=\"313\">M\u00e1ximo 6 kg<\/td>\n<\/tr>\n<tr>\n<td width=\"192\"><b>Di\u00e1metro interno<\/b><\/td>\n<td style=\"text-align: center;\" width=\"313\">76.2 mm o 50.8 mm<\/td>\n<\/tr>\n<tr>\n<td colspan=\"2\" width=\"310\"><b>ANCHO DE IMPRESI\u00d3N\/CORTE<span style=\"color: #800000;\"> *1<\/span><\/b><\/td>\n<td style=\"text-align: center;\" width=\"313\">M\u00e1ximo 480 mm<\/td>\n<\/tr>\n<tr>\n<td rowspan=\"2\" width=\"118\"><b>CARTUCHOS DE TINTA<\/b><\/td>\n<td width=\"192\"><b>Tipo<\/b><\/td>\n<td style=\"text-align: center;\" width=\"313\">Tinta de pigmento acuoso Roland ECO-SOL MAX o Roland FPG<\/td>\n<\/tr>\n<tr>\n<td width=\"192\"><b>Capacidad<\/b><\/td>\n<td style=\"text-align: center;\" width=\"313\">220 cc<\/td>\n<\/tr>\n<tr>\n<td colspan=\"2\" width=\"310\"><b>RESOLUCI\u00d3N DE IMPRESI\u00d3N<\/b><\/td>\n<td style=\"text-align: center;\" width=\"313\">M\u00e1ximo 1440 ppp<\/td>\n<\/tr>\n<tr>\n<td rowspan=\"2\" width=\"118\"><b>CUCHILLA DE CORTE<\/b><\/td>\n<td width=\"192\"><b>Tipo<\/b><\/td>\n<td style=\"text-align: center;\" width=\"313\">Compatible con las series Roland CAMM-1<\/td>\n<\/tr>\n<tr>\n<td width=\"192\"><b>Desviaci\u00f3n de la cuchilla<\/b><\/td>\n<td style=\"text-align: center;\" width=\"313\">0.25 mm<\/td>\n<\/tr>\n<tr>\n<td colspan=\"2\" rowspan=\"2\" width=\"310\"><b>COLORES<\/b><\/td>\n<td style=\"text-align: center;\" width=\"313\"><b>cinco colores <\/b>(cian, magenta, amarillo, negro, plata metalizado o blanco. (Cinco colores solo pueden ser Eco-Sol MAX)<\/td>\n<\/tr>\n<tr>\n<td style=\"text-align: center;\" width=\"313\"><strong>Cuatro colores<\/strong> (cian, magenta, amarillo y negro)<\/td>\n<\/tr>\n<tr>\n<td colspan=\"2\" width=\"310\"><b>VELOCIDAD CORTANTE<\/b><\/td>\n<td style=\"text-align: center;\" width=\"313\">10 a 150 mm\/s<\/td>\n<\/tr>\n<tr>\n<td colspan=\"2\" width=\"310\"><b>POTENCIA DE CORTE<\/b><\/td>\n<td style=\"text-align: center;\" width=\"313\">30 a 300 gf<\/td>\n<\/tr>\n<tr>\n<td colspan=\"2\" width=\"310\"><b>RESOLUCI\u00d3N DE SOFTWARE (cuando corta)<\/b><\/td>\n<td style=\"text-align: center;\" width=\"313\">0,025 mm\/paso<\/td>\n<\/tr>\n<tr>\n<td colspan=\"2\" rowspan=\"2\" width=\"310\"><b>PRECISI\u00d3N AVANZADA (al imprimir) <span style=\"color: #800000;\">*2<\/span><\/b><\/td>\n<td style=\"text-align: center;\" width=\"313\">Error inferior a \u00b10,3 % de la distancia recorrida, o un m\u00e1ximo de \u00b10,3 mm<\/td>\n<\/tr>\n<tr>\n<td style=\"text-align: center;\" width=\"313\">Error inferior a \u00b10,2 % de la distancia recorrida, o un m\u00e1ximo de \u00b10,1 mm<\/td>\n<\/tr>\n<tr>\n<td colspan=\"2\" width=\"310\"><b>REPETIVIDAD (cuando corta) <span style=\"color: #800000;\">*3<\/span><\/b><\/td>\n<td style=\"text-align: center;\" width=\"313\">\u00b10,1 mm o menos<\/td>\n<\/tr>\n<tr>\n<td colspan=\"2\" width=\"310\"><b>PRECISI\u00d3N DE ALINEACI\u00d3N EN IMPRESI\u00d3N Y CORTE<span style=\"color: #800000;\"> *4<\/span><\/b><\/td>\n<td style=\"text-align: center;\" width=\"313\">\u00b10,5 mm o menos<\/td>\n<\/tr>\n<tr>\n<td colspan=\"2\" width=\"310\"><b>PRECISI\u00d3N DE ALINEACI\u00d3N EN IMPRESI\u00d3N Y CORTE AL RECARGAR MATERIAL <span style=\"color: #800000;\">*5<\/span><\/b><\/td>\n<td style=\"text-align: center;\" width=\"313\">Error inferior a \u00b10,2 % de la distancia recorrida, o un m\u00e1ximo de \u00b10,1 mm<\/td>\n<\/tr>\n<tr>\n<td colspan=\"2\" width=\"310\"><b>CALENTADOR DE IMPRESORA <span style=\"color: #800000;\">*8<\/span><\/b><\/td>\n<td style=\"text-align: center;\" width=\"313\">Temperatura: 35\u00b0C<\/td>\n<\/tr>\n<tr>\n<td colspan=\"2\" width=\"310\"><b>CONECTIVIDAD<\/b><\/td>\n<td style=\"text-align: center;\" width=\"313\">USB<\/td>\n<\/tr>\n<tr>\n<td colspan=\"2\" width=\"310\"><b>FUNCI\u00d3N DORMIR\/REQUISITOS DE ENERG\u00cdA<\/b><\/td>\n<td style=\"text-align: center;\" width=\"313\">De 100 a 240 V CA \u00b110 %, 50\/60 Hz, m\u00e1ximo 4,2 A<\/td>\n<\/tr>\n<tr>\n<td rowspan=\"2\" width=\"118\"><b>CONSUMO DE ENERGIA<\/b><\/td>\n<td width=\"192\"><b>En la operaci\u00f3n<\/b><\/td>\n<td style=\"text-align: center;\" width=\"313\">M\u00e1ximo\u00a090 W<\/td>\n<\/tr>\n<tr>\n<td width=\"192\"><b>En hibernaci\u00f3n<\/b><\/td>\n<td style=\"text-align: center;\" width=\"313\">Aprox. 5.5 W<\/td>\n<\/tr>\n<tr>\n<td rowspan=\"2\" width=\"118\"><b>NIVEL DE RUIDO<\/b><\/td>\n<td width=\"192\"><b>En la operaci\u00f3n<\/b><\/td>\n<td style=\"text-align: center;\" width=\"313\">62 dB(A) o menos<\/td>\n<\/tr>\n<tr>\n<td width=\"192\"><b>En hibernaci\u00f3n<\/b><\/td>\n<td style=\"text-align: center;\" width=\"313\">42 dB (A) o menos<\/td>\n<\/tr>\n<tr>\n<td colspan=\"2\" width=\"310\"><b>DIMENSIONES Y PESO<\/b><\/td>\n<td style=\"text-align: center;\" width=\"313\">995 (ancho) \u00d7 585 (fondo) \u00d7 291 (alto) mm \/ 35 kg<\/td>\n<\/tr>\n<tr>\n<td rowspan=\"2\" width=\"118\"><b>AMBIENTE<\/b><\/td>\n<td width=\"192\"><b>Encendida<\/b><\/td>\n<td style=\"text-align: center;\" width=\"313\"><b>Temperatura:<\/b> de 20 a 32\u00b0C (se recomiendan 22\u00b0C o m\u00e1s) | <b>Humedad:<\/b> del 35 al 80% (sin condensaci\u00f3n)<\/td>\n<\/tr>\n<tr>\n<td width=\"192\"><b>Apagada<\/b><\/td>\n<td style=\"text-align: center;\" width=\"313\"><b>Temperatura:<\/b> de 5 a 40 \u00b0C | <b>Humedad:<\/b> del 20 al 80% (sin condensaci\u00f3n)<\/td>\n<\/tr>\n<tr>\n<td colspan=\"2\" width=\"310\"><b>ACCESORIOS<\/b><\/td>\n<td style=\"text-align: center;\" width=\"313\">Cable de alimentaci\u00f3n, cable USB, cortador, soporte del cortador, Roland Versaworsk, Manual del usuario.<\/td>\n<\/tr>\n<\/tbody>\n<\/table>\n<table width=\"679\">\n<tbody>\n<tr>\n<td style=\"text-align: center;\" colspan=\"2\" width=\"679\"><span style=\"color: #800000;\"><b>Requisitos del sistema para VersaWorks<\/b><\/span><\/td>\n<\/tr>\n<tr>\n<td style=\"text-align: center;\" width=\"237\">sistema operativo<\/td>\n<td style=\"text-align: center;\" width=\"442\">Windows\u00ae 7 Professional o Ultimate (32 bits); Windows Vista\u00ae Business\/Ultimate Service Pack 1 (32 bits); Windows Vista\u00ae Business\/Ultimate (32 bits); Windows\u00ae XP Professional Service Pack 2 o posterior<\/td>\n<\/tr>\n<tr>\n<td style=\"text-align: center;\" width=\"237\">Procesador<\/td>\n<td style=\"text-align: center;\" width=\"442\">Core<sup>TM<\/sup>2 Duo, 2.0 GHz o mejor recomendado<\/td>\n<\/tr>\n<tr>\n<td style=\"text-align: center;\" width=\"237\">RAM<\/td>\n<td style=\"text-align: center;\" width=\"442\">Recomendado 2 GB o m\u00e1s<\/td>\n<\/tr>\n<tr>\n<td style=\"text-align: center;\" width=\"237\">Espacio libre en disco duro<\/td>\n<td style=\"text-align: center;\" width=\"442\">Se recomiendan 40 GB (disco duro) o m\u00e1s<\/td>\n<\/tr>\n<tr>\n<td style=\"text-align: center;\" width=\"237\">Espacio libre en disco<\/td>\n<td style=\"text-align: center;\" width=\"442\">Se recomiendan 40 GB o m\u00e1s<\/td>\n<\/tr>\n<\/tbody>\n<\/table>\n<table width=\"679\">\n<tbody>\n<tr>\n<td style=\"text-align: center;\" width=\"679\"><span style=\"color: #800000;\"><b>Requisitos del sistema para R-Works<\/b><\/span><\/td>\n<\/tr>\n<tr>\n<td style=\"text-align: center;\" width=\"679\">Windows\u00ae 7 Professional\/Ultimate (32 bits); Windows Vista\u00ae Business\/Ultimate (32 bits); Windows\u00ae XP Professional Service Pack 2 o posterior (32 bits)<\/td>\n<\/tr>\n<\/tbody>\n<\/table>\n<table width=\"680\">\n<tbody>\n<tr>\n<td style=\"text-align: center;\" width=\"680\"><span style=\"color: #800000;\"><b>Soporte de software con Cut e Print Cut<\/b><\/span><\/td>\n<\/tr>\n<tr>\n<td style=\"text-align: center;\" width=\"680\">Adobe\u00ae Illustrator\u00ae 10, CS, CS2, CS3, CS4, CS5 \/ CorelDRAW\u00ae 11, 12, X3, X4, X5<\/td>\n<\/tr>\n<\/tbody>\n<\/table>\n<ol>\n<li style=\"text-align: left;\"><span style=\"color: #800000;\"><em>La longitud de impresi\u00f3n o corte est\u00e1 sujeta a las limitaciones del programa.<\/em><\/span><\/li>\n<li style=\"text-align: left;\"><span style=\"color: #800000;\"><em>Usando materiales especificados por Roland, correctamente cargados, Temperatura: 25 \u00b0C (77 \u00b0F), Humedad: 50 % HR, se usan todos los rodillos de presi\u00f3n, 25 mm o m\u00e1s para los m\u00e1rgenes derecho e izquierdo y 35 mm o m\u00e1s hasta el borde frontal, sin tener en cuenta la expansi\u00f3n o contracci\u00f3n del material. Todas las funciones de correcci\u00f3n y ajuste de esta m\u00e1quina se han configurado correctamente.<\/em><\/span><\/li>\n<li style=\"text-align: left;\"><span style=\"color: #800000;\"><em>Utilizando materiales Roland especificados, recorrido de impresi\u00f3n de 1 m.<\/em><\/span><\/li>\n<li style=\"text-align: left;\"><span style=\"color: #800000;\"><em>Uso de materiales Roland especificados, recorrido de corte de 1 m.<\/em><\/span><\/li>\n<li style=\"text-align: left;\"><span style=\"color: #800000;\"><em>Rango para precisi\u00f3n de repetici\u00f3n asegurada: 1000 mm de longitud.<\/em><\/span><\/li>\n<li style=\"text-align: left;\"><span style=\"color: #800000;\"><em>Siempre que la longitud del material sea inferior a 1.000 mm. Excluyendo posibles cambios causados \u200b\u200bpor expansi\u00f3n\/contracci\u00f3n de material y\/o recarga de material.<\/em><\/span><\/li>\n<li style=\"text-align: left;\"><span style=\"color: #800000;\"><em>Usando materiales Roland especificados, tama\u00f1o de datos: 1000 mm en la direcci\u00f3n de alimentaci\u00f3n del material, 480 mm en la direcci\u00f3n de movimiento del carro. Sin laminaci\u00f3n. Detecci\u00f3n autom\u00e1tica de marcas de recogida en 4 puntos cuando se recarga el material. Excluye los efectos del movimiento oblicuo y la expansi\u00f3n y contracci\u00f3n del material.<\/em><\/span><\/li>\n<li style=\"text-align: left;\"><span style=\"color: #800000;\"><em>Despu\u00e9s de encender el equipo, espere un tiempo para efectos de precalentamiento. Este per\u00edodo de tiempo puede ser de 5 a 20 minutos, seg\u00fan el entorno operativo. Es posible que la temperatura preestablecida no alcance los 35 \u00b0C (95 \u00b0F), seg\u00fan la temperatura ambiente y el ancho del material.<\/em><\/span><\/li>\n<\/ol>","protected":false},"excerpt":{"rendered":"<p>El VersaSTUDIO BN-20 es un dispositivo compacto y f\u00e1cil de usar que puede cargar medios con un ancho m\u00e1ximo de 51 cm.<\/p>","protected":false},"featured_media":1489,"template":"","meta":{"site-sidebar-layout":"default","site-content-layout":"default","ast-site-content-layout":"","site-content-style":"default","site-sidebar-style":"default","ast-global-header-display":"","ast-banner-title-visibility":"","ast-main-header-display":"","ast-hfb-above-header-display":"","ast-hfb-below-header-display":"","ast-hfb-mobile-header-display":"","site-post-title":"","ast-breadcrumbs-content":"","ast-featured-img":"","footer-sml-layout":"","theme-transparent-header-meta":"default","adv-header-id-meta":"","stick-header-meta":"","header-above-stick-meta":"","header-main-stick-meta":"","header-below-stick-meta":"","astra-migrate-meta-layouts":"default","ast-page-background-enabled":"default","ast-page-background-meta":{"desktop":{"background-color":"var(--ast-global-color-4)","background-image":"","background-repeat":"repeat","background-position":"center center","background-size":"auto","background-attachment":"scroll","background-type":"","background-media":"","overlay-type":"","overlay-color":"","overlay-gradient":""},"tablet":{"background-color":"","background-image":"","background-repeat":"repeat","background-position":"center center","background-size":"auto","background-attachment":"scroll","background-type":"","background-media":"","overlay-type":"","overlay-color":"","overlay-gradient":""},"mobile":{"background-color":"","background-image":"","background-repeat":"repeat","background-position":"center center","background-size":"auto","background-attachment":"scroll","background-type":"","background-media":"","overlay-type":"","overlay-color":"","overlay-gradient":""}},"ast-content-background-meta":{"desktop":{"background-color":"var(--ast-global-color-5)","background-image":"","background-repeat":"repeat","background-position":"center center","background-size":"auto","background-attachment":"scroll","background-type":"","background-media":"","overlay-type":"","overlay-color":"","overlay-gradient":""},"tablet":{"background-color":"var(--ast-global-color-5)","background-image":"","background-repeat":"repeat","background-position":"center center","background-size":"auto","background-attachment":"scroll","background-type":"","background-media":"","overlay-type":"","overlay-color":"","overlay-gradient":""},"mobile":{"background-color":"var(--ast-global-color-5)","background-image":"","background-repeat":"repeat","background-position":"center center","background-size":"auto","background-attachment":"scroll","background-type":"","background-media":"","overlay-type":"","overlay-color":"","overlay-gradient":""}}},"product_cat":[63],"product_tag":[],"class_list":{"0":"post-300","1":"product","2":"type-product","3":"status-publish","4":"has-post-thumbnail","6":"product_cat-impressao-e-corte","7":"desktop-align-left","8":"tablet-align-left","9":"mobile-align-left","11":"first","12":"instock","13":"shipping-taxable","14":"product-type-simple"},"yoast_head":"<!-- This site is optimized with the Yoast SEO plugin v22.2 - https:\/\/yoast.com\/wordpress\/plugins\/seo\/ -->\r\n<title>ROLAND BN-20 - Euninos<\/title>\r\n<meta name=\"robots\" content=\"index, follow, max-snippet:-1, max-image-preview:large, max-video-preview:-1\" \/>\r\n<link rel=\"canonical\" href=\"https:\/\/euninos.com\/es\/artigo\/roland-bn-20\/\" \/>\r\n<meta property=\"og:locale\" content=\"es_ES\" \/>\r\n<meta property=\"og:type\" content=\"article\" \/>\r\n<meta property=\"og:title\" content=\"ROLAND BN-20 - Euninos\" \/>\r\n<meta property=\"og:description\" content=\"A VersaSTUDIO BN-20 \u00e9 um dispositivo compacto e de f\u00e1cil utiliza\u00e7\u00e3o, onde pode carregar meios de impress\u00e3o com uma largura m\u00e1xima de 51 cm.\" \/>\r\n<meta property=\"og:url\" content=\"https:\/\/euninos.com\/es\/artigo\/roland-bn-20\/\" \/>\r\n<meta property=\"og:site_name\" content=\"Euninos\" \/>\r\n<meta property=\"article:publisher\" content=\"https:\/\/www.facebook.com\/euninos\" \/>\r\n<meta property=\"article:modified_time\" content=\"2022-05-20T11:21:09+00:00\" \/>\r\n<meta property=\"og:image\" content=\"https:\/\/euninos.com\/wp-content\/uploads\/2022\/04\/bn-20.jpg\" \/>\r\n\t<meta property=\"og:image:width\" content=\"1600\" \/>\r\n\t<meta property=\"og:image:height\" content=\"1080\" \/>\r\n\t<meta property=\"og:image:type\" content=\"image\/jpeg\" \/>\r\n<meta name=\"twitter:card\" content=\"summary_large_image\" \/>\r\n<meta name=\"twitter:label1\" content=\"Tiempo de lectura\" \/>\n\t<meta name=\"twitter:data1\" content=\"5 minutos\" \/>\r\n<script type=\"application\/ld+json\" class=\"yoast-schema-graph\">{\"@context\":\"https:\/\/schema.org\",\"@graph\":[{\"@type\":\"WebPage\",\"@id\":\"https:\/\/euninos.com\/artigo\/roland-bn-20\/\",\"url\":\"https:\/\/euninos.com\/artigo\/roland-bn-20\/\",\"name\":\"ROLAND BN-20 - Euninos\",\"isPartOf\":{\"@id\":\"https:\/\/euninos.com\/#website\"},\"primaryImageOfPage\":{\"@id\":\"https:\/\/euninos.com\/artigo\/roland-bn-20\/#primaryimage\"},\"image\":{\"@id\":\"https:\/\/euninos.com\/artigo\/roland-bn-20\/#primaryimage\"},\"thumbnailUrl\":\"https:\/\/euninos.com\/wp-content\/uploads\/2022\/04\/bn-20.jpg\",\"datePublished\":\"2022-04-20T13:50:24+00:00\",\"dateModified\":\"2022-05-20T11:21:09+00:00\",\"breadcrumb\":{\"@id\":\"https:\/\/euninos.com\/artigo\/roland-bn-20\/#breadcrumb\"},\"inLanguage\":\"es\",\"potentialAction\":[{\"@type\":\"ReadAction\",\"target\":[\"https:\/\/euninos.com\/artigo\/roland-bn-20\/\"]}]},{\"@type\":\"ImageObject\",\"inLanguage\":\"es\",\"@id\":\"https:\/\/euninos.com\/artigo\/roland-bn-20\/#primaryimage\",\"url\":\"https:\/\/euninos.com\/wp-content\/uploads\/2022\/04\/bn-20.jpg\",\"contentUrl\":\"https:\/\/euninos.com\/wp-content\/uploads\/2022\/04\/bn-20.jpg\",\"width\":1600,\"height\":1080},{\"@type\":\"BreadcrumbList\",\"@id\":\"https:\/\/euninos.com\/artigo\/roland-bn-20\/#breadcrumb\",\"itemListElement\":[{\"@type\":\"ListItem\",\"position\":1,\"name\":\"Produtos\",\"item\":\"https:\/\/euninos.com\/produtos\/\"},{\"@type\":\"ListItem\",\"position\":2,\"name\":\"ROLAND BN-20\"}]},{\"@type\":\"WebSite\",\"@id\":\"https:\/\/euninos.com\/#website\",\"url\":\"https:\/\/euninos.com\/\",\"name\":\"Euninos\",\"description\":\"Produtos de Impress\u00e3o e Corte\",\"publisher\":{\"@id\":\"https:\/\/euninos.com\/#organization\"},\"potentialAction\":[{\"@type\":\"SearchAction\",\"target\":{\"@type\":\"EntryPoint\",\"urlTemplate\":\"https:\/\/euninos.com\/?s={search_term_string}\"},\"query-input\":\"required name=search_term_string\"}],\"inLanguage\":\"es\"},{\"@type\":\"Organization\",\"@id\":\"https:\/\/euninos.com\/#organization\",\"name\":\"Euninos\",\"url\":\"https:\/\/euninos.com\/\",\"logo\":{\"@type\":\"ImageObject\",\"inLanguage\":\"es\",\"@id\":\"https:\/\/euninos.com\/#\/schema\/logo\/image\/\",\"url\":\"https:\/\/euninos.com\/wp-content\/uploads\/2022\/05\/cropped-logo-euninos-vector-Copia.png\",\"contentUrl\":\"https:\/\/euninos.com\/wp-content\/uploads\/2022\/05\/cropped-logo-euninos-vector-Copia.png\",\"width\":300,\"height\":170,\"caption\":\"Euninos\"},\"image\":{\"@id\":\"https:\/\/euninos.com\/#\/schema\/logo\/image\/\"},\"sameAs\":[\"https:\/\/www.facebook.com\/euninos\",\"https:\/\/www.instagram.com\/euninos.lda\",\"https:\/\/www.linkedin.com\/company\/euninos\",\"https:\/\/www.youtube.com\/c\/EuninosLda\"]}]}<\/script>\r\n<!-- \/ Yoast SEO plugin. -->","yoast_head_json":{"title":"ROLAND BN-20 - Euninos","robots":{"index":"index","follow":"follow","max-snippet":"max-snippet:-1","max-image-preview":"max-image-preview:large","max-video-preview":"max-video-preview:-1"},"canonical":"https:\/\/euninos.com\/es\/artigo\/roland-bn-20\/","og_locale":"es_ES","og_type":"article","og_title":"ROLAND BN-20 - Euninos","og_description":"A VersaSTUDIO BN-20 \u00e9 um dispositivo compacto e de f\u00e1cil utiliza\u00e7\u00e3o, onde pode carregar meios de impress\u00e3o com uma largura m\u00e1xima de 51 cm.","og_url":"https:\/\/euninos.com\/es\/artigo\/roland-bn-20\/","og_site_name":"Euninos","article_publisher":"https:\/\/www.facebook.com\/euninos","article_modified_time":"2022-05-20T11:21:09+00:00","og_image":[{"width":1600,"height":1080,"url":"https:\/\/euninos.com\/wp-content\/uploads\/2022\/04\/bn-20.jpg","type":"image\/jpeg"}],"twitter_card":"summary_large_image","twitter_misc":{"Tiempo de lectura":"5 minutos"},"schema":{"@context":"https:\/\/schema.org","@graph":[{"@type":"WebPage","@id":"https:\/\/euninos.com\/artigo\/roland-bn-20\/","url":"https:\/\/euninos.com\/artigo\/roland-bn-20\/","name":"ROLAND BN-20 - Euninos","isPartOf":{"@id":"https:\/\/euninos.com\/#website"},"primaryImageOfPage":{"@id":"https:\/\/euninos.com\/artigo\/roland-bn-20\/#primaryimage"},"image":{"@id":"https:\/\/euninos.com\/artigo\/roland-bn-20\/#primaryimage"},"thumbnailUrl":"https:\/\/euninos.com\/wp-content\/uploads\/2022\/04\/bn-20.jpg","datePublished":"2022-04-20T13:50:24+00:00","dateModified":"2022-05-20T11:21:09+00:00","breadcrumb":{"@id":"https:\/\/euninos.com\/artigo\/roland-bn-20\/#breadcrumb"},"inLanguage":"es","potentialAction":[{"@type":"ReadAction","target":["https:\/\/euninos.com\/artigo\/roland-bn-20\/"]}]},{"@type":"ImageObject","inLanguage":"es","@id":"https:\/\/euninos.com\/artigo\/roland-bn-20\/#primaryimage","url":"https:\/\/euninos.com\/wp-content\/uploads\/2022\/04\/bn-20.jpg","contentUrl":"https:\/\/euninos.com\/wp-content\/uploads\/2022\/04\/bn-20.jpg","width":1600,"height":1080},{"@type":"BreadcrumbList","@id":"https:\/\/euninos.com\/artigo\/roland-bn-20\/#breadcrumb","itemListElement":[{"@type":"ListItem","position":1,"name":"Produtos","item":"https:\/\/euninos.com\/produtos\/"},{"@type":"ListItem","position":2,"name":"ROLAND BN-20"}]},{"@type":"WebSite","@id":"https:\/\/euninos.com\/#website","url":"https:\/\/euninos.com\/","name":"Euninos","description":"Produtos de Impress\u00e3o e Corte","publisher":{"@id":"https:\/\/euninos.com\/#organization"},"potentialAction":[{"@type":"SearchAction","target":{"@type":"EntryPoint","urlTemplate":"https:\/\/euninos.com\/?s={search_term_string}"},"query-input":"required name=search_term_string"}],"inLanguage":"es"},{"@type":"Organization","@id":"https:\/\/euninos.com\/#organization","name":"Euninos","url":"https:\/\/euninos.com\/","logo":{"@type":"ImageObject","inLanguage":"es","@id":"https:\/\/euninos.com\/#\/schema\/logo\/image\/","url":"https:\/\/euninos.com\/wp-content\/uploads\/2022\/05\/cropped-logo-euninos-vector-Copia.png","contentUrl":"https:\/\/euninos.com\/wp-content\/uploads\/2022\/05\/cropped-logo-euninos-vector-Copia.png","width":300,"height":170,"caption":"Euninos"},"image":{"@id":"https:\/\/euninos.com\/#\/schema\/logo\/image\/"},"sameAs":["https:\/\/www.facebook.com\/euninos","https:\/\/www.instagram.com\/euninos.lda","https:\/\/www.linkedin.com\/company\/euninos","https:\/\/www.youtube.com\/c\/EuninosLda"]}]}},"_links":{"self":[{"href":"https:\/\/euninos.com\/es\/wp-json\/wp\/v2\/product\/300","targetHints":{"allow":["GET"]}}],"collection":[{"href":"https:\/\/euninos.com\/es\/wp-json\/wp\/v2\/product"}],"about":[{"href":"https:\/\/euninos.com\/es\/wp-json\/wp\/v2\/types\/product"}],"wp:featuredmedia":[{"embeddable":true,"href":"https:\/\/euninos.com\/es\/wp-json\/wp\/v2\/media\/1489"}],"wp:attachment":[{"href":"https:\/\/euninos.com\/es\/wp-json\/wp\/v2\/media?parent=300"}],"wp:term":[{"taxonomy":"product_cat","embeddable":true,"href":"https:\/\/euninos.com\/es\/wp-json\/wp\/v2\/product_cat?post=300"},{"taxonomy":"product_tag","embeddable":true,"href":"https:\/\/euninos.com\/es\/wp-json\/wp\/v2\/product_tag?post=300"}],"curies":[{"name":"wp","href":"https:\/\/api.w.org\/{rel}","templated":true}]}}