{"id":2946,"date":"2024-10-07T15:31:03","date_gmt":"2024-10-07T14:31:03","guid":{"rendered":"https:\/\/euninos.com\/?post_type=product&#038;p=2946"},"modified":"2024-10-07T15:58:42","modified_gmt":"2024-10-07T14:58:42","slug":"tinta-dtf-uv","status":"publish","type":"product","link":"https:\/\/euninos.com\/es\/artigo\/tinta-dtf-uv\/","title":{"rendered":"Tinta DTF-UV"},"content":{"rendered":"<p>Garrafa de 1 litro de tinta T-Grama exclusivamente dedicada ao UV DTF. Altamente dur\u00e1vel e resistente aos riscos e ao exterior. Gra\u00e7as a esta t\u00e9cnica, consegue obter impress\u00f5es com tons vibrantes para aplicar em qualquer superf\u00edcie, tal como metal, pl\u00e1stico, vidro, madeira, metacrilato, alum\u00ednio e um n\u00famero infinito de superf\u00edcies.<\/p>","protected":false},"excerpt":{"rendered":"<p>Garrafa de 1 litro de tinta T-Grama exclusivamente dedicada ao UV DTF. Altamente dur\u00e1vel e resistente aos riscos e ao exterior. Gra\u00e7as a esta t\u00e9cnica, consegue obter impress\u00f5es com tons vibrantes para aplicar em qualquer superf\u00edcie, tal como metal, pl\u00e1stico, vidro, madeira, metacrilato, alum\u00ednio e um n\u00famero infinito de superf\u00edcies.<\/p>","protected":false},"featured_media":2950,"template":"","meta":{"site-sidebar-layout":"default","site-content-layout":"","ast-site-content-layout":"default","site-content-style":"default","site-sidebar-style":"default","ast-global-header-display":"","ast-banner-title-visibility":"","ast-main-header-display":"","ast-hfb-above-header-display":"","ast-hfb-below-header-display":"","ast-hfb-mobile-header-display":"","site-post-title":"","ast-breadcrumbs-content":"","ast-featured-img":"","footer-sml-layout":"","theme-transparent-header-meta":"default","adv-header-id-meta":"","stick-header-meta":"","header-above-stick-meta":"","header-main-stick-meta":"","header-below-stick-meta":"","astra-migrate-meta-layouts":"set","ast-page-background-enabled":"default","ast-page-background-meta":{"desktop":{"background-color":"var(--ast-global-color-4)","background-image":"","background-repeat":"repeat","background-position":"center center","background-size":"auto","background-attachment":"scroll","background-type":"","background-media":"","overlay-type":"","overlay-color":"","overlay-gradient":""},"tablet":{"background-color":"","background-image":"","background-repeat":"repeat","background-position":"center center","background-size":"auto","background-attachment":"scroll","background-type":"","background-media":"","overlay-type":"","overlay-color":"","overlay-gradient":""},"mobile":{"background-color":"","background-image":"","background-repeat":"repeat","background-position":"center center","background-size":"auto","background-attachment":"scroll","background-type":"","background-media":"","overlay-type":"","overlay-color":"","overlay-gradient":""}},"ast-content-background-meta":{"desktop":{"background-color":"var(--ast-global-color-5)","background-image":"","background-repeat":"repeat","background-position":"center center","background-size":"auto","background-attachment":"scroll","background-type":"","background-media":"","overlay-type":"","overlay-color":"","overlay-gradient":""},"tablet":{"background-color":"var(--ast-global-color-5)","background-image":"","background-repeat":"repeat","background-position":"center center","background-size":"auto","background-attachment":"scroll","background-type":"","background-media":"","overlay-type":"","overlay-color":"","overlay-gradient":""},"mobile":{"background-color":"var(--ast-global-color-5)","background-image":"","background-repeat":"repeat","background-position":"center center","background-size":"auto","background-attachment":"scroll","background-type":"","background-media":"","overlay-type":"","overlay-color":"","overlay-gradient":""}}},"product_cat":[87,61,58],"product_tag":[],"class_list":{"0":"post-2946","1":"product","2":"type-product","3":"status-publish","4":"has-post-thumbnail","6":"product_cat-consumiveis-dtf","7":"product_cat-dtf","8":"product_cat-tintas","9":"desktop-align-left","10":"tablet-align-left","11":"mobile-align-left","13":"first","14":"instock","15":"shipping-taxable","16":"product-type-simple"},"yoast_head":"<!-- This site is optimized with the Yoast SEO plugin v22.2 - https:\/\/yoast.com\/wordpress\/plugins\/seo\/ -->\r\n<title>Tinta DTF-UV - Euninos<\/title>\r\n<meta name=\"description\" content=\"Garrafa de 1 litro de tinta T-Grama exclusivamente dedicada ao UV DTF. Altamente dur\u00e1vel e resistente aos riscos e ao exterior.\" \/>\r\n<meta name=\"robots\" content=\"index, follow, max-snippet:-1, max-image-preview:large, max-video-preview:-1\" \/>\r\n<link rel=\"canonical\" href=\"https:\/\/euninos.com\/es\/artigo\/tinta-dtf-uv\/\" \/>\r\n<meta property=\"og:locale\" content=\"es_ES\" \/>\r\n<meta property=\"og:type\" content=\"article\" \/>\r\n<meta property=\"og:title\" content=\"Tinta DTF-UV - Euninos\" \/>\r\n<meta property=\"og:description\" content=\"Garrafa de 1 litro de tinta T-Grama exclusivamente dedicada ao UV DTF. Altamente dur\u00e1vel e resistente aos riscos e ao exterior.\" \/>\r\n<meta property=\"og:url\" content=\"https:\/\/euninos.com\/es\/artigo\/tinta-dtf-uv\/\" \/>\r\n<meta property=\"og:site_name\" content=\"Euninos\" \/>\r\n<meta property=\"article:publisher\" content=\"https:\/\/www.facebook.com\/euninos\" \/>\r\n<meta property=\"article:modified_time\" content=\"2024-10-07T14:58:42+00:00\" \/>\r\n<meta property=\"og:image\" content=\"https:\/\/euninos.com\/wp-content\/uploads\/2024\/10\/Untitled-design-11-1024x768.png\" \/>\r\n\t<meta property=\"og:image:width\" content=\"1024\" \/>\r\n\t<meta property=\"og:image:height\" content=\"768\" \/>\r\n\t<meta property=\"og:image:type\" content=\"image\/png\" \/>\r\n<meta name=\"twitter:card\" content=\"summary_large_image\" \/>\r\n<meta name=\"twitter:label1\" content=\"Tiempo de lectura\" \/>\n\t<meta name=\"twitter:data1\" content=\"1 minuto\" \/>\r\n<script type=\"application\/ld+json\" class=\"yoast-schema-graph\">{\"@context\":\"https:\/\/schema.org\",\"@graph\":[{\"@type\":\"WebPage\",\"@id\":\"https:\/\/euninos.com\/artigo\/tinta-dtf-uv\/\",\"url\":\"https:\/\/euninos.com\/artigo\/tinta-dtf-uv\/\",\"name\":\"Tinta DTF-UV - Euninos\",\"isPartOf\":{\"@id\":\"https:\/\/euninos.com\/#website\"},\"primaryImageOfPage\":{\"@id\":\"https:\/\/euninos.com\/artigo\/tinta-dtf-uv\/#primaryimage\"},\"image\":{\"@id\":\"https:\/\/euninos.com\/artigo\/tinta-dtf-uv\/#primaryimage\"},\"thumbnailUrl\":\"https:\/\/euninos.com\/wp-content\/uploads\/2024\/10\/Untitled-design-11.png\",\"datePublished\":\"2024-10-07T14:31:03+00:00\",\"dateModified\":\"2024-10-07T14:58:42+00:00\",\"description\":\"Garrafa de 1 litro de tinta T-Grama exclusivamente dedicada ao UV DTF. Altamente dur\u00e1vel e resistente aos riscos e ao exterior.\",\"breadcrumb\":{\"@id\":\"https:\/\/euninos.com\/artigo\/tinta-dtf-uv\/#breadcrumb\"},\"inLanguage\":\"es\",\"potentialAction\":[{\"@type\":\"ReadAction\",\"target\":[\"https:\/\/euninos.com\/artigo\/tinta-dtf-uv\/\"]}]},{\"@type\":\"ImageObject\",\"inLanguage\":\"es\",\"@id\":\"https:\/\/euninos.com\/artigo\/tinta-dtf-uv\/#primaryimage\",\"url\":\"https:\/\/euninos.com\/wp-content\/uploads\/2024\/10\/Untitled-design-11.png\",\"contentUrl\":\"https:\/\/euninos.com\/wp-content\/uploads\/2024\/10\/Untitled-design-11.png\",\"width\":3750,\"height\":2813},{\"@type\":\"BreadcrumbList\",\"@id\":\"https:\/\/euninos.com\/artigo\/tinta-dtf-uv\/#breadcrumb\",\"itemListElement\":[{\"@type\":\"ListItem\",\"position\":1,\"name\":\"Produtos\",\"item\":\"https:\/\/euninos.com\/produtos\/\"},{\"@type\":\"ListItem\",\"position\":2,\"name\":\"Tinta DTF-UV\"}]},{\"@type\":\"WebSite\",\"@id\":\"https:\/\/euninos.com\/#website\",\"url\":\"https:\/\/euninos.com\/\",\"name\":\"Euninos\",\"description\":\"Produtos de Impress\u00e3o e Corte\",\"publisher\":{\"@id\":\"https:\/\/euninos.com\/#organization\"},\"potentialAction\":[{\"@type\":\"SearchAction\",\"target\":{\"@type\":\"EntryPoint\",\"urlTemplate\":\"https:\/\/euninos.com\/?s={search_term_string}\"},\"query-input\":\"required name=search_term_string\"}],\"inLanguage\":\"es\"},{\"@type\":\"Organization\",\"@id\":\"https:\/\/euninos.com\/#organization\",\"name\":\"Euninos\",\"url\":\"https:\/\/euninos.com\/\",\"logo\":{\"@type\":\"ImageObject\",\"inLanguage\":\"es\",\"@id\":\"https:\/\/euninos.com\/#\/schema\/logo\/image\/\",\"url\":\"https:\/\/euninos.com\/wp-content\/uploads\/2022\/05\/cropped-logo-euninos-vector-Copia.png\",\"contentUrl\":\"https:\/\/euninos.com\/wp-content\/uploads\/2022\/05\/cropped-logo-euninos-vector-Copia.png\",\"width\":300,\"height\":170,\"caption\":\"Euninos\"},\"image\":{\"@id\":\"https:\/\/euninos.com\/#\/schema\/logo\/image\/\"},\"sameAs\":[\"https:\/\/www.facebook.com\/euninos\",\"https:\/\/www.instagram.com\/euninos.lda\",\"https:\/\/www.linkedin.com\/company\/euninos\",\"https:\/\/www.youtube.com\/c\/EuninosLda\"]}]}<\/script>\r\n<!-- \/ Yoast SEO plugin. -->","yoast_head_json":{"title":"Tinta DTF-UV - Euninos","description":"Garrafa de 1 litro de tinta T-Grama exclusivamente dedicada ao UV DTF. Altamente dur\u00e1vel e resistente aos riscos e ao exterior.","robots":{"index":"index","follow":"follow","max-snippet":"max-snippet:-1","max-image-preview":"max-image-preview:large","max-video-preview":"max-video-preview:-1"},"canonical":"https:\/\/euninos.com\/es\/artigo\/tinta-dtf-uv\/","og_locale":"es_ES","og_type":"article","og_title":"Tinta DTF-UV - Euninos","og_description":"Garrafa de 1 litro de tinta T-Grama exclusivamente dedicada ao UV DTF. Altamente dur\u00e1vel e resistente aos riscos e ao exterior.","og_url":"https:\/\/euninos.com\/es\/artigo\/tinta-dtf-uv\/","og_site_name":"Euninos","article_publisher":"https:\/\/www.facebook.com\/euninos","article_modified_time":"2024-10-07T14:58:42+00:00","og_image":[{"width":1024,"height":768,"url":"https:\/\/euninos.com\/wp-content\/uploads\/2024\/10\/Untitled-design-11-1024x768.png","type":"image\/png"}],"twitter_card":"summary_large_image","twitter_misc":{"Tiempo de lectura":"1 minuto"},"schema":{"@context":"https:\/\/schema.org","@graph":[{"@type":"WebPage","@id":"https:\/\/euninos.com\/artigo\/tinta-dtf-uv\/","url":"https:\/\/euninos.com\/artigo\/tinta-dtf-uv\/","name":"Tinta DTF-UV - Euninos","isPartOf":{"@id":"https:\/\/euninos.com\/#website"},"primaryImageOfPage":{"@id":"https:\/\/euninos.com\/artigo\/tinta-dtf-uv\/#primaryimage"},"image":{"@id":"https:\/\/euninos.com\/artigo\/tinta-dtf-uv\/#primaryimage"},"thumbnailUrl":"https:\/\/euninos.com\/wp-content\/uploads\/2024\/10\/Untitled-design-11.png","datePublished":"2024-10-07T14:31:03+00:00","dateModified":"2024-10-07T14:58:42+00:00","description":"Garrafa de 1 litro de tinta T-Grama exclusivamente dedicada ao UV DTF. Altamente dur\u00e1vel e resistente aos riscos e ao exterior.","breadcrumb":{"@id":"https:\/\/euninos.com\/artigo\/tinta-dtf-uv\/#breadcrumb"},"inLanguage":"es","potentialAction":[{"@type":"ReadAction","target":["https:\/\/euninos.com\/artigo\/tinta-dtf-uv\/"]}]},{"@type":"ImageObject","inLanguage":"es","@id":"https:\/\/euninos.com\/artigo\/tinta-dtf-uv\/#primaryimage","url":"https:\/\/euninos.com\/wp-content\/uploads\/2024\/10\/Untitled-design-11.png","contentUrl":"https:\/\/euninos.com\/wp-content\/uploads\/2024\/10\/Untitled-design-11.png","width":3750,"height":2813},{"@type":"BreadcrumbList","@id":"https:\/\/euninos.com\/artigo\/tinta-dtf-uv\/#breadcrumb","itemListElement":[{"@type":"ListItem","position":1,"name":"Produtos","item":"https:\/\/euninos.com\/produtos\/"},{"@type":"ListItem","position":2,"name":"Tinta DTF-UV"}]},{"@type":"WebSite","@id":"https:\/\/euninos.com\/#website","url":"https:\/\/euninos.com\/","name":"Euninos","description":"Produtos de Impress\u00e3o e Corte","publisher":{"@id":"https:\/\/euninos.com\/#organization"},"potentialAction":[{"@type":"SearchAction","target":{"@type":"EntryPoint","urlTemplate":"https:\/\/euninos.com\/?s={search_term_string}"},"query-input":"required name=search_term_string"}],"inLanguage":"es"},{"@type":"Organization","@id":"https:\/\/euninos.com\/#organization","name":"Euninos","url":"https:\/\/euninos.com\/","logo":{"@type":"ImageObject","inLanguage":"es","@id":"https:\/\/euninos.com\/#\/schema\/logo\/image\/","url":"https:\/\/euninos.com\/wp-content\/uploads\/2022\/05\/cropped-logo-euninos-vector-Copia.png","contentUrl":"https:\/\/euninos.com\/wp-content\/uploads\/2022\/05\/cropped-logo-euninos-vector-Copia.png","width":300,"height":170,"caption":"Euninos"},"image":{"@id":"https:\/\/euninos.com\/#\/schema\/logo\/image\/"},"sameAs":["https:\/\/www.facebook.com\/euninos","https:\/\/www.instagram.com\/euninos.lda","https:\/\/www.linkedin.com\/company\/euninos","https:\/\/www.youtube.com\/c\/EuninosLda"]}]}},"_links":{"self":[{"href":"https:\/\/euninos.com\/es\/wp-json\/wp\/v2\/product\/2946","targetHints":{"allow":["GET"]}}],"collection":[{"href":"https:\/\/euninos.com\/es\/wp-json\/wp\/v2\/product"}],"about":[{"href":"https:\/\/euninos.com\/es\/wp-json\/wp\/v2\/types\/product"}],"wp:featuredmedia":[{"embeddable":true,"href":"https:\/\/euninos.com\/es\/wp-json\/wp\/v2\/media\/2950"}],"wp:attachment":[{"href":"https:\/\/euninos.com\/es\/wp-json\/wp\/v2\/media?parent=2946"}],"wp:term":[{"taxonomy":"product_cat","embeddable":true,"href":"https:\/\/euninos.com\/es\/wp-json\/wp\/v2\/product_cat?post=2946"},{"taxonomy":"product_tag","embeddable":true,"href":"https:\/\/euninos.com\/es\/wp-json\/wp\/v2\/product_tag?post=2946"}],"curies":[{"name":"wp","href":"https:\/\/api.w.org\/{rel}","templated":true}]}}