{"id":2862,"date":"2023-11-29T11:56:57","date_gmt":"2023-11-29T10:56:57","guid":{"rendered":"https:\/\/euninos.com\/?post_type=product&#038;p=2862"},"modified":"2024-01-11T12:15:21","modified_gmt":"2024-01-11T11:15:21","slug":"dtf-uv-3-cabecas","status":"publish","type":"product","link":"https:\/\/euninos.com\/es\/artigo\/dtf-uv-3-cabecas\/","title":{"rendered":"DTF UV &#8211; 3 Cabe\u00e7as"},"content":{"rendered":"<h3>Los beneficios del DTF, en versi\u00f3n UV<\/h3>\n<p>Disfrute de la calidad probada de la impresi\u00f3n UV en el formato simplificado que ofrece la tecnolog\u00eda DTF.<\/p>\n<p>Este innovador sistema de impresi\u00f3n DTF UV permite la reproducci\u00f3n de im\u00e1genes y dise\u00f1os en formato UV, permitiendo su aplicaci\u00f3n sobre diversas superficies con facilidad y precisi\u00f3n.<\/p>\n<p><strong>Caracter\u00edsticas principales:<\/strong><\/p>\n<ul>\n<li>Sistema anticolisi\u00f3n<\/li>\n<li>Refrigeraci\u00f3n <em>Water Chiller<\/em> para l\u00e1mpara UV<\/li>\n<li>Rodillo de caucho para laminaci\u00f3n<\/li>\n<li>Presi\u00f3n de rodadura controlada<\/li>\n<li>Control antiest\u00e1tico<\/li>\n<li>Alarma de tinta baja<\/li>\n<\/ul>","protected":false},"excerpt":{"rendered":"<p>Disfrute de la calidad probada de la impresi\u00f3n UV en el formato simplificado que ofrece la tecnolog\u00eda DTF.<\/p>","protected":false},"featured_media":2864,"template":"","meta":{"site-sidebar-layout":"default","site-content-layout":"","ast-site-content-layout":"default","site-content-style":"default","site-sidebar-style":"default","ast-global-header-display":"","ast-banner-title-visibility":"","ast-main-header-display":"","ast-hfb-above-header-display":"","ast-hfb-below-header-display":"","ast-hfb-mobile-header-display":"","site-post-title":"","ast-breadcrumbs-content":"","ast-featured-img":"","footer-sml-layout":"","theme-transparent-header-meta":"default","adv-header-id-meta":"","stick-header-meta":"","header-above-stick-meta":"","header-main-stick-meta":"","header-below-stick-meta":"","astra-migrate-meta-layouts":"set","ast-page-background-enabled":"default","ast-page-background-meta":{"desktop":{"background-color":"var(--ast-global-color-4)","background-image":"","background-repeat":"repeat","background-position":"center center","background-size":"auto","background-attachment":"scroll","background-type":"","background-media":"","overlay-type":"","overlay-color":"","overlay-gradient":""},"tablet":{"background-color":"","background-image":"","background-repeat":"repeat","background-position":"center center","background-size":"auto","background-attachment":"scroll","background-type":"","background-media":"","overlay-type":"","overlay-color":"","overlay-gradient":""},"mobile":{"background-color":"","background-image":"","background-repeat":"repeat","background-position":"center center","background-size":"auto","background-attachment":"scroll","background-type":"","background-media":"","overlay-type":"","overlay-color":"","overlay-gradient":""}},"ast-content-background-meta":{"desktop":{"background-color":"var(--ast-global-color-5)","background-image":"","background-repeat":"repeat","background-position":"center center","background-size":"auto","background-attachment":"scroll","background-type":"","background-media":"","overlay-type":"","overlay-color":"","overlay-gradient":""},"tablet":{"background-color":"var(--ast-global-color-5)","background-image":"","background-repeat":"repeat","background-position":"center center","background-size":"auto","background-attachment":"scroll","background-type":"","background-media":"","overlay-type":"","overlay-color":"","overlay-gradient":""},"mobile":{"background-color":"var(--ast-global-color-5)","background-image":"","background-repeat":"repeat","background-position":"center center","background-size":"auto","background-attachment":"scroll","background-type":"","background-media":"","overlay-type":"","overlay-color":"","overlay-gradient":""}}},"product_cat":[61,86],"product_tag":[],"class_list":{"0":"post-2862","1":"product","2":"type-product","3":"status-publish","4":"has-post-thumbnail","6":"product_cat-dtf","7":"product_cat-uv","8":"desktop-align-left","9":"tablet-align-left","10":"mobile-align-left","12":"first","13":"instock","14":"shipping-taxable","15":"product-type-simple"},"yoast_head":"<!-- This site is optimized with the Yoast SEO plugin v22.2 - https:\/\/yoast.com\/wordpress\/plugins\/seo\/ -->\r\n<title>DTF UV - 3 Cabe\u00e7as - Euninos<\/title>\r\n<meta name=\"description\" content=\"Desfrute da qualidade consagrada da impress\u00e3o UV no formato simplificado oferecido pela tecnologia DTF.\" \/>\r\n<meta name=\"robots\" content=\"index, follow, max-snippet:-1, max-image-preview:large, max-video-preview:-1\" \/>\r\n<link rel=\"canonical\" href=\"https:\/\/euninos.com\/es\/artigo\/dtf-uv-3-cabecas\/\" \/>\r\n<meta property=\"og:locale\" content=\"es_ES\" \/>\r\n<meta property=\"og:type\" content=\"article\" \/>\r\n<meta property=\"og:title\" content=\"DTF UV - 3 Cabe\u00e7as - Euninos\" \/>\r\n<meta property=\"og:description\" content=\"Desfrute da qualidade consagrada da impress\u00e3o UV no formato simplificado oferecido pela tecnologia DTF.\" \/>\r\n<meta property=\"og:url\" content=\"https:\/\/euninos.com\/es\/artigo\/dtf-uv-3-cabecas\/\" \/>\r\n<meta property=\"og:site_name\" content=\"Euninos\" \/>\r\n<meta property=\"article:publisher\" content=\"https:\/\/www.facebook.com\/euninos\" \/>\r\n<meta property=\"article:modified_time\" content=\"2024-01-11T11:15:21+00:00\" \/>\r\n<meta property=\"og:image\" content=\"https:\/\/euninos.com\/wp-content\/uploads\/2023\/11\/dtf-uv.jpg\" \/>\r\n\t<meta property=\"og:image:width\" content=\"1600\" \/>\r\n\t<meta property=\"og:image:height\" content=\"1080\" \/>\r\n\t<meta property=\"og:image:type\" content=\"image\/jpeg\" \/>\r\n<meta name=\"twitter:card\" content=\"summary_large_image\" \/>\r\n<meta name=\"twitter:label1\" content=\"Tiempo de lectura\" \/>\n\t<meta name=\"twitter:data1\" content=\"1 minuto\" \/>\r\n<script type=\"application\/ld+json\" class=\"yoast-schema-graph\">{\"@context\":\"https:\/\/schema.org\",\"@graph\":[{\"@type\":\"WebPage\",\"@id\":\"https:\/\/euninos.com\/artigo\/dtf-uv-3-cabecas\/\",\"url\":\"https:\/\/euninos.com\/artigo\/dtf-uv-3-cabecas\/\",\"name\":\"DTF UV - 3 Cabe\u00e7as - Euninos\",\"isPartOf\":{\"@id\":\"https:\/\/euninos.com\/#website\"},\"primaryImageOfPage\":{\"@id\":\"https:\/\/euninos.com\/artigo\/dtf-uv-3-cabecas\/#primaryimage\"},\"image\":{\"@id\":\"https:\/\/euninos.com\/artigo\/dtf-uv-3-cabecas\/#primaryimage\"},\"thumbnailUrl\":\"https:\/\/euninos.com\/wp-content\/uploads\/2023\/11\/dtf-uv.jpg\",\"datePublished\":\"2023-11-29T10:56:57+00:00\",\"dateModified\":\"2024-01-11T11:15:21+00:00\",\"description\":\"Desfrute da qualidade consagrada da impress\u00e3o UV no formato simplificado oferecido pela tecnologia DTF.\",\"breadcrumb\":{\"@id\":\"https:\/\/euninos.com\/artigo\/dtf-uv-3-cabecas\/#breadcrumb\"},\"inLanguage\":\"es\",\"potentialAction\":[{\"@type\":\"ReadAction\",\"target\":[\"https:\/\/euninos.com\/artigo\/dtf-uv-3-cabecas\/\"]}]},{\"@type\":\"ImageObject\",\"inLanguage\":\"es\",\"@id\":\"https:\/\/euninos.com\/artigo\/dtf-uv-3-cabecas\/#primaryimage\",\"url\":\"https:\/\/euninos.com\/wp-content\/uploads\/2023\/11\/dtf-uv.jpg\",\"contentUrl\":\"https:\/\/euninos.com\/wp-content\/uploads\/2023\/11\/dtf-uv.jpg\",\"width\":1600,\"height\":1080},{\"@type\":\"BreadcrumbList\",\"@id\":\"https:\/\/euninos.com\/artigo\/dtf-uv-3-cabecas\/#breadcrumb\",\"itemListElement\":[{\"@type\":\"ListItem\",\"position\":1,\"name\":\"Produtos\",\"item\":\"https:\/\/euninos.com\/produtos\/\"},{\"@type\":\"ListItem\",\"position\":2,\"name\":\"DTF UV &#8211; 3 Cabe\u00e7as\"}]},{\"@type\":\"WebSite\",\"@id\":\"https:\/\/euninos.com\/#website\",\"url\":\"https:\/\/euninos.com\/\",\"name\":\"Euninos\",\"description\":\"Produtos de Impress\u00e3o e Corte\",\"publisher\":{\"@id\":\"https:\/\/euninos.com\/#organization\"},\"potentialAction\":[{\"@type\":\"SearchAction\",\"target\":{\"@type\":\"EntryPoint\",\"urlTemplate\":\"https:\/\/euninos.com\/?s={search_term_string}\"},\"query-input\":\"required name=search_term_string\"}],\"inLanguage\":\"es\"},{\"@type\":\"Organization\",\"@id\":\"https:\/\/euninos.com\/#organization\",\"name\":\"Euninos\",\"url\":\"https:\/\/euninos.com\/\",\"logo\":{\"@type\":\"ImageObject\",\"inLanguage\":\"es\",\"@id\":\"https:\/\/euninos.com\/#\/schema\/logo\/image\/\",\"url\":\"https:\/\/euninos.com\/wp-content\/uploads\/2022\/05\/cropped-logo-euninos-vector-Copia.png\",\"contentUrl\":\"https:\/\/euninos.com\/wp-content\/uploads\/2022\/05\/cropped-logo-euninos-vector-Copia.png\",\"width\":300,\"height\":170,\"caption\":\"Euninos\"},\"image\":{\"@id\":\"https:\/\/euninos.com\/#\/schema\/logo\/image\/\"},\"sameAs\":[\"https:\/\/www.facebook.com\/euninos\",\"https:\/\/www.instagram.com\/euninos.lda\",\"https:\/\/www.linkedin.com\/company\/euninos\",\"https:\/\/www.youtube.com\/c\/EuninosLda\"]}]}<\/script>\r\n<!-- \/ Yoast SEO plugin. -->","yoast_head_json":{"title":"DTF UV - 3 Cabe\u00e7as - Euninos","description":"Desfrute da qualidade consagrada da impress\u00e3o UV no formato simplificado oferecido pela tecnologia DTF.","robots":{"index":"index","follow":"follow","max-snippet":"max-snippet:-1","max-image-preview":"max-image-preview:large","max-video-preview":"max-video-preview:-1"},"canonical":"https:\/\/euninos.com\/es\/artigo\/dtf-uv-3-cabecas\/","og_locale":"es_ES","og_type":"article","og_title":"DTF UV - 3 Cabe\u00e7as - Euninos","og_description":"Desfrute da qualidade consagrada da impress\u00e3o UV no formato simplificado oferecido pela tecnologia DTF.","og_url":"https:\/\/euninos.com\/es\/artigo\/dtf-uv-3-cabecas\/","og_site_name":"Euninos","article_publisher":"https:\/\/www.facebook.com\/euninos","article_modified_time":"2024-01-11T11:15:21+00:00","og_image":[{"width":1600,"height":1080,"url":"https:\/\/euninos.com\/wp-content\/uploads\/2023\/11\/dtf-uv.jpg","type":"image\/jpeg"}],"twitter_card":"summary_large_image","twitter_misc":{"Tiempo de lectura":"1 minuto"},"schema":{"@context":"https:\/\/schema.org","@graph":[{"@type":"WebPage","@id":"https:\/\/euninos.com\/artigo\/dtf-uv-3-cabecas\/","url":"https:\/\/euninos.com\/artigo\/dtf-uv-3-cabecas\/","name":"DTF UV - 3 Cabe\u00e7as - Euninos","isPartOf":{"@id":"https:\/\/euninos.com\/#website"},"primaryImageOfPage":{"@id":"https:\/\/euninos.com\/artigo\/dtf-uv-3-cabecas\/#primaryimage"},"image":{"@id":"https:\/\/euninos.com\/artigo\/dtf-uv-3-cabecas\/#primaryimage"},"thumbnailUrl":"https:\/\/euninos.com\/wp-content\/uploads\/2023\/11\/dtf-uv.jpg","datePublished":"2023-11-29T10:56:57+00:00","dateModified":"2024-01-11T11:15:21+00:00","description":"Desfrute da qualidade consagrada da impress\u00e3o UV no formato simplificado oferecido pela tecnologia DTF.","breadcrumb":{"@id":"https:\/\/euninos.com\/artigo\/dtf-uv-3-cabecas\/#breadcrumb"},"inLanguage":"es","potentialAction":[{"@type":"ReadAction","target":["https:\/\/euninos.com\/artigo\/dtf-uv-3-cabecas\/"]}]},{"@type":"ImageObject","inLanguage":"es","@id":"https:\/\/euninos.com\/artigo\/dtf-uv-3-cabecas\/#primaryimage","url":"https:\/\/euninos.com\/wp-content\/uploads\/2023\/11\/dtf-uv.jpg","contentUrl":"https:\/\/euninos.com\/wp-content\/uploads\/2023\/11\/dtf-uv.jpg","width":1600,"height":1080},{"@type":"BreadcrumbList","@id":"https:\/\/euninos.com\/artigo\/dtf-uv-3-cabecas\/#breadcrumb","itemListElement":[{"@type":"ListItem","position":1,"name":"Produtos","item":"https:\/\/euninos.com\/produtos\/"},{"@type":"ListItem","position":2,"name":"DTF UV &#8211; 3 Cabe\u00e7as"}]},{"@type":"WebSite","@id":"https:\/\/euninos.com\/#website","url":"https:\/\/euninos.com\/","name":"Euninos","description":"Produtos de Impress\u00e3o e Corte","publisher":{"@id":"https:\/\/euninos.com\/#organization"},"potentialAction":[{"@type":"SearchAction","target":{"@type":"EntryPoint","urlTemplate":"https:\/\/euninos.com\/?s={search_term_string}"},"query-input":"required name=search_term_string"}],"inLanguage":"es"},{"@type":"Organization","@id":"https:\/\/euninos.com\/#organization","name":"Euninos","url":"https:\/\/euninos.com\/","logo":{"@type":"ImageObject","inLanguage":"es","@id":"https:\/\/euninos.com\/#\/schema\/logo\/image\/","url":"https:\/\/euninos.com\/wp-content\/uploads\/2022\/05\/cropped-logo-euninos-vector-Copia.png","contentUrl":"https:\/\/euninos.com\/wp-content\/uploads\/2022\/05\/cropped-logo-euninos-vector-Copia.png","width":300,"height":170,"caption":"Euninos"},"image":{"@id":"https:\/\/euninos.com\/#\/schema\/logo\/image\/"},"sameAs":["https:\/\/www.facebook.com\/euninos","https:\/\/www.instagram.com\/euninos.lda","https:\/\/www.linkedin.com\/company\/euninos","https:\/\/www.youtube.com\/c\/EuninosLda"]}]}},"_links":{"self":[{"href":"https:\/\/euninos.com\/es\/wp-json\/wp\/v2\/product\/2862","targetHints":{"allow":["GET"]}}],"collection":[{"href":"https:\/\/euninos.com\/es\/wp-json\/wp\/v2\/product"}],"about":[{"href":"https:\/\/euninos.com\/es\/wp-json\/wp\/v2\/types\/product"}],"wp:featuredmedia":[{"embeddable":true,"href":"https:\/\/euninos.com\/es\/wp-json\/wp\/v2\/media\/2864"}],"wp:attachment":[{"href":"https:\/\/euninos.com\/es\/wp-json\/wp\/v2\/media?parent=2862"}],"wp:term":[{"taxonomy":"product_cat","embeddable":true,"href":"https:\/\/euninos.com\/es\/wp-json\/wp\/v2\/product_cat?post=2862"},{"taxonomy":"product_tag","embeddable":true,"href":"https:\/\/euninos.com\/es\/wp-json\/wp\/v2\/product_tag?post=2862"}],"curies":[{"name":"wp","href":"https:\/\/api.w.org\/{rel}","templated":true}]}}