{"id":2699,"date":"2023-05-23T11:09:39","date_gmt":"2023-05-23T10:09:39","guid":{"rendered":"https:\/\/euninos.com\/?post_type=product&#038;p=2699"},"modified":"2023-05-23T12:36:57","modified_gmt":"2023-05-23T11:36:57","slug":"ap-640","status":"publish","type":"product","link":"https:\/\/euninos.com\/es\/artigo\/ap-640\/","title":{"rendered":"AP-640"},"content":{"rendered":"<h3>Todos os benef\u00edcios da resina, com qualidade TrueVIS<\/h3>\n<p>Construa e expanda o seu neg\u00f3cio de sinal\u00e9tica e elementos gr\u00e1ficos com novas aplica\u00e7\u00f5es, baixos custos operacionais e os benef\u00edcios da secagem r\u00e1pida da primeira grande impressora de resina do mundo.<\/p>\n<ul>\n<li>Impress\u00f5es de alta qualidade com elevada satura\u00e7\u00e3o de cores<\/li>\n<li>Impress\u00e3o de secagem r\u00e1pida para tempos de entrega e acabamento r\u00e1pidos<\/li>\n<li>Constru\u00edda com base na plataforma TrueVIS, intuitiva e fi\u00e1vel<\/li>\n<\/ul>\n<div class=\"row\">\n<div class=\"col-sm-12 text-center\">\n<h3 class=\"h3 feature-title\">Fazer mais com a impress\u00e3o em resina<\/h3>\n<\/div>\n<\/div>\n<div class=\"row\">\n<div class=\"col-sm-10 col-sm-offset-1\">\n<div class=\"feature-description\">\n<div class=\"container-fluid\">\n<div class=\"row\">\n<div class=\"col-md-10 col-md-push-1\">\n<p>A TrueVIS AP-640 redefine a impress\u00e3o em resina com elevada satura\u00e7\u00e3o de cores numa vasta gama de materiais. Inclui a nova tinta de resina TrueVIS e funcionalidades avan\u00e7adas da m\u00e1quina para otimizar a reprodu\u00e7\u00e3o de cores e expandir os seus gr\u00e1ficos de modo a incluir uma vasta gama de aplica\u00e7\u00f5es.<\/p>\n<div class=\"row\">\n<div class=\"col-sm-12 text-center\">\n<h3 class=\"h3 feature-title\"><span class=\"readable\">A qualidade em primeiro lugar com a impress\u00e3o com tinta de resina limpa e segura<\/span><\/h3>\n<h3 class=\"h3 feature-title\"><strong style=\"font-size: 16px;\">Impress\u00e3o de pontos vari\u00e1veis<\/strong><\/h3>\n<\/div>\n<\/div>\n<div class=\"row\">\n<div class=\"col-sm-10 col-sm-offset-1\">\n<div class=\"feature-description\">\n<div class=\"row qualityfirstresinink\">\n<div class=\"col-12  col-md-6\">\n<div class=\"box box1\">\n<div class=\"title\">\n<p><span style=\"font-size: 16px;\">Beneficie de centenas de perfis de impress\u00e3o exclusivos para suportes espec\u00edficos, que controlam o volume ideal de tinta e a temperatura de secagem. Um otimizador prepara a superf\u00edcie do suporte, facilitando a forma\u00e7\u00e3o de pontos precisos, enquanto a tecnologia de controlo de pontos vari\u00e1veis cria uma qualidade de imagem nunca antes vista numa impressora de tinta de resina.<\/span><\/p>\n<div class=\"title\">\n<p><strong>Cabe\u00e7as de impress\u00e3o de duas camadas para tintas de resina<br \/>\n<\/strong><span style=\"font-size: 16px;\">As cabe\u00e7as de impress\u00e3o s\u00e3o dispostas numa forma\u00e7\u00e3o de duas camadas, com uma cabe\u00e7a de impress\u00e3o otimizadora que prepara a superf\u00edcie do suporte para a cabe\u00e7a de impress\u00e3o CMYK. Isto permite que as gotas de tinta formem um ponto mais fino, resultando em cores e imagens mais precisas.<\/span><\/p>\n<\/div>\n<h3 class=\"h3 feature-title\"><span class=\"title-padding\"><strong>Roland DG Connect App <\/strong>For Everything Creative<\/span><\/h3>\n<div class=\"feature-description\">\n<div>\n<div class=\"col-sm-12\">\n<p>Obtenha uma compreens\u00e3o detalhada de toda a sua opera\u00e7\u00e3o de impress\u00e3o enquanto mant\u00e9m o desempenho m\u00e1ximo do seu dispositivo com um aplicativo intuitivo, especialmente projetado para integrar-se perfeitamente ao seu dispositivo. Reduza o tempo de inatividade e melhore a efici\u00eancia com um assistente de monitoramento que trabalha em perfeita harmonia com seu equipamento.<\/p>\n<h3 class=\"h3 feature-title\"><b>Principais vantagens<\/b><\/h3>\n<ul>\n<li class=\"feature-description\"><strong>Excelente retorno do investimento<br \/>\n<\/strong>Econ\u00f3mica e poderosa, a\u00a0TrueVIS AP-640\u00a0pode gerar lucros e pagar-se a si mesma rapidamente.<\/li>\n<li><strong>Instala\u00e7\u00e3o r\u00e1pida e utiliza\u00e7\u00e3o f\u00e1cil<br \/>\n<\/strong>Ligue e comece a usar imediatamente gra\u00e7as \u00e0 interface intuitiva da Roland DG.<\/li>\n<li><strong>Poderoso software inclu\u00eddo<br \/>\n<\/strong>Est\u00e1 inclu\u00eddo o VersaWorks 6, que permite resultados de impress\u00e3o e corte num fluxo de trabalho simples.<\/li>\n<li><strong>O Legado Roland DG<br \/>\n<\/strong>Fa\u00e7a um investimento seguro com a qualidade e fiabilidade mundialmente reconhecidas da Roland DG.<\/li>\n<\/ul>\n<\/div>\n<\/div>\n<\/div>\n<div class=\"title\">\n<div class=\"row\">\n<div class=\"col-sm-10 col-sm-offset-1\">\n<div class=\"feature-description\">\n<div><\/div>\n<\/div>\n<\/div>\n<\/div>\n<\/div>\n<\/div>\n<\/div>\n<\/div>\n<\/div>\n<\/div>\n<\/div>\n<\/div>\n<\/div>\n<\/div>\n<\/div>\n<\/div>\n<\/div>\n<\/div>","protected":false},"excerpt":{"rendered":"<p>\u00d3tima qualidade de impress\u00e3o de resina, fiabilidade e considera\u00e7\u00e3o ambiental.<\/p>","protected":false},"featured_media":2701,"template":"","meta":{"site-sidebar-layout":"default","site-content-layout":"default","ast-site-content-layout":"","site-content-style":"default","site-sidebar-style":"default","ast-global-header-display":"","ast-banner-title-visibility":"","ast-main-header-display":"","ast-hfb-above-header-display":"","ast-hfb-below-header-display":"","ast-hfb-mobile-header-display":"","site-post-title":"","ast-breadcrumbs-content":"","ast-featured-img":"","footer-sml-layout":"","theme-transparent-header-meta":"default","adv-header-id-meta":"","stick-header-meta":"","header-above-stick-meta":"","header-main-stick-meta":"","header-below-stick-meta":"","astra-migrate-meta-layouts":"default","ast-page-background-enabled":"default","ast-page-background-meta":{"desktop":{"background-color":"var(--ast-global-color-4)","background-image":"","background-repeat":"repeat","background-position":"center center","background-size":"auto","background-attachment":"scroll","background-type":"","background-media":"","overlay-type":"","overlay-color":"","overlay-gradient":""},"tablet":{"background-color":"","background-image":"","background-repeat":"repeat","background-position":"center center","background-size":"auto","background-attachment":"scroll","background-type":"","background-media":"","overlay-type":"","overlay-color":"","overlay-gradient":""},"mobile":{"background-color":"","background-image":"","background-repeat":"repeat","background-position":"center center","background-size":"auto","background-attachment":"scroll","background-type":"","background-media":"","overlay-type":"","overlay-color":"","overlay-gradient":""}},"ast-content-background-meta":{"desktop":{"background-color":"var(--ast-global-color-5)","background-image":"","background-repeat":"repeat","background-position":"center center","background-size":"auto","background-attachment":"scroll","background-type":"","background-media":"","overlay-type":"","overlay-color":"","overlay-gradient":""},"tablet":{"background-color":"var(--ast-global-color-5)","background-image":"","background-repeat":"repeat","background-position":"center center","background-size":"auto","background-attachment":"scroll","background-type":"","background-media":"","overlay-type":"","overlay-color":"","overlay-gradient":""},"mobile":{"background-color":"var(--ast-global-color-5)","background-image":"","background-repeat":"repeat","background-position":"center center","background-size":"auto","background-attachment":"scroll","background-type":"","background-media":"","overlay-type":"","overlay-color":"","overlay-gradient":""}}},"product_cat":[99],"product_tag":[],"class_list":{"0":"post-2699","1":"product","2":"type-product","3":"status-publish","4":"has-post-thumbnail","6":"product_cat-resina","7":"desktop-align-left","8":"tablet-align-left","9":"mobile-align-left","11":"first","12":"instock","13":"shipping-taxable","14":"product-type-simple"},"yoast_head":"<!-- This site is optimized with the Yoast SEO plugin v22.2 - https:\/\/yoast.com\/wordpress\/plugins\/seo\/ -->\r\n<title>AP-640 - Euninos<\/title>\r\n<meta name=\"robots\" content=\"index, follow, max-snippet:-1, max-image-preview:large, max-video-preview:-1\" \/>\r\n<link rel=\"canonical\" href=\"https:\/\/euninos.com\/es\/artigo\/ap-640\/\" \/>\r\n<meta property=\"og:locale\" content=\"es_ES\" \/>\r\n<meta property=\"og:type\" content=\"article\" \/>\r\n<meta property=\"og:title\" content=\"AP-640 - Euninos\" \/>\r\n<meta property=\"og:description\" content=\"\u00d3tima qualidade de impress\u00e3o de resina, fiabilidade e considera\u00e7\u00e3o ambiental.\" \/>\r\n<meta property=\"og:url\" content=\"https:\/\/euninos.com\/es\/artigo\/ap-640\/\" \/>\r\n<meta property=\"og:site_name\" content=\"Euninos\" \/>\r\n<meta property=\"article:publisher\" content=\"https:\/\/www.facebook.com\/euninos\" \/>\r\n<meta property=\"article:modified_time\" content=\"2023-05-23T11:36:57+00:00\" \/>\r\n<meta property=\"og:image\" content=\"https:\/\/euninos.com\/wp-content\/uploads\/2023\/05\/ap640-1.jpg\" \/>\r\n\t<meta property=\"og:image:width\" content=\"1600\" \/>\r\n\t<meta property=\"og:image:height\" content=\"1080\" \/>\r\n\t<meta property=\"og:image:type\" content=\"image\/jpeg\" \/>\r\n<meta name=\"twitter:card\" content=\"summary_large_image\" \/>\r\n<meta name=\"twitter:label1\" content=\"Tiempo de lectura\" \/>\n\t<meta name=\"twitter:data1\" content=\"3 minutos\" \/>\r\n<script type=\"application\/ld+json\" class=\"yoast-schema-graph\">{\"@context\":\"https:\/\/schema.org\",\"@graph\":[{\"@type\":\"WebPage\",\"@id\":\"https:\/\/euninos.com\/artigo\/ap-640\/\",\"url\":\"https:\/\/euninos.com\/artigo\/ap-640\/\",\"name\":\"AP-640 - Euninos\",\"isPartOf\":{\"@id\":\"https:\/\/euninos.com\/#website\"},\"primaryImageOfPage\":{\"@id\":\"https:\/\/euninos.com\/artigo\/ap-640\/#primaryimage\"},\"image\":{\"@id\":\"https:\/\/euninos.com\/artigo\/ap-640\/#primaryimage\"},\"thumbnailUrl\":\"https:\/\/euninos.com\/wp-content\/uploads\/2023\/05\/ap640-1.jpg\",\"datePublished\":\"2023-05-23T10:09:39+00:00\",\"dateModified\":\"2023-05-23T11:36:57+00:00\",\"breadcrumb\":{\"@id\":\"https:\/\/euninos.com\/artigo\/ap-640\/#breadcrumb\"},\"inLanguage\":\"es\",\"potentialAction\":[{\"@type\":\"ReadAction\",\"target\":[\"https:\/\/euninos.com\/artigo\/ap-640\/\"]}]},{\"@type\":\"ImageObject\",\"inLanguage\":\"es\",\"@id\":\"https:\/\/euninos.com\/artigo\/ap-640\/#primaryimage\",\"url\":\"https:\/\/euninos.com\/wp-content\/uploads\/2023\/05\/ap640-1.jpg\",\"contentUrl\":\"https:\/\/euninos.com\/wp-content\/uploads\/2023\/05\/ap640-1.jpg\",\"width\":1600,\"height\":1080},{\"@type\":\"BreadcrumbList\",\"@id\":\"https:\/\/euninos.com\/artigo\/ap-640\/#breadcrumb\",\"itemListElement\":[{\"@type\":\"ListItem\",\"position\":1,\"name\":\"Produtos\",\"item\":\"https:\/\/euninos.com\/produtos\/\"},{\"@type\":\"ListItem\",\"position\":2,\"name\":\"AP-640\"}]},{\"@type\":\"WebSite\",\"@id\":\"https:\/\/euninos.com\/#website\",\"url\":\"https:\/\/euninos.com\/\",\"name\":\"Euninos\",\"description\":\"Produtos de Impress\u00e3o e Corte\",\"publisher\":{\"@id\":\"https:\/\/euninos.com\/#organization\"},\"potentialAction\":[{\"@type\":\"SearchAction\",\"target\":{\"@type\":\"EntryPoint\",\"urlTemplate\":\"https:\/\/euninos.com\/?s={search_term_string}\"},\"query-input\":\"required name=search_term_string\"}],\"inLanguage\":\"es\"},{\"@type\":\"Organization\",\"@id\":\"https:\/\/euninos.com\/#organization\",\"name\":\"Euninos\",\"url\":\"https:\/\/euninos.com\/\",\"logo\":{\"@type\":\"ImageObject\",\"inLanguage\":\"es\",\"@id\":\"https:\/\/euninos.com\/#\/schema\/logo\/image\/\",\"url\":\"https:\/\/euninos.com\/wp-content\/uploads\/2022\/05\/cropped-logo-euninos-vector-Copia.png\",\"contentUrl\":\"https:\/\/euninos.com\/wp-content\/uploads\/2022\/05\/cropped-logo-euninos-vector-Copia.png\",\"width\":300,\"height\":170,\"caption\":\"Euninos\"},\"image\":{\"@id\":\"https:\/\/euninos.com\/#\/schema\/logo\/image\/\"},\"sameAs\":[\"https:\/\/www.facebook.com\/euninos\",\"https:\/\/www.instagram.com\/euninos.lda\",\"https:\/\/www.linkedin.com\/company\/euninos\",\"https:\/\/www.youtube.com\/c\/EuninosLda\"]}]}<\/script>\r\n<!-- \/ Yoast SEO plugin. -->","yoast_head_json":{"title":"AP-640 - Euninos","robots":{"index":"index","follow":"follow","max-snippet":"max-snippet:-1","max-image-preview":"max-image-preview:large","max-video-preview":"max-video-preview:-1"},"canonical":"https:\/\/euninos.com\/es\/artigo\/ap-640\/","og_locale":"es_ES","og_type":"article","og_title":"AP-640 - Euninos","og_description":"\u00d3tima qualidade de impress\u00e3o de resina, fiabilidade e considera\u00e7\u00e3o ambiental.","og_url":"https:\/\/euninos.com\/es\/artigo\/ap-640\/","og_site_name":"Euninos","article_publisher":"https:\/\/www.facebook.com\/euninos","article_modified_time":"2023-05-23T11:36:57+00:00","og_image":[{"width":1600,"height":1080,"url":"https:\/\/euninos.com\/wp-content\/uploads\/2023\/05\/ap640-1.jpg","type":"image\/jpeg"}],"twitter_card":"summary_large_image","twitter_misc":{"Tiempo de lectura":"3 minutos"},"schema":{"@context":"https:\/\/schema.org","@graph":[{"@type":"WebPage","@id":"https:\/\/euninos.com\/artigo\/ap-640\/","url":"https:\/\/euninos.com\/artigo\/ap-640\/","name":"AP-640 - Euninos","isPartOf":{"@id":"https:\/\/euninos.com\/#website"},"primaryImageOfPage":{"@id":"https:\/\/euninos.com\/artigo\/ap-640\/#primaryimage"},"image":{"@id":"https:\/\/euninos.com\/artigo\/ap-640\/#primaryimage"},"thumbnailUrl":"https:\/\/euninos.com\/wp-content\/uploads\/2023\/05\/ap640-1.jpg","datePublished":"2023-05-23T10:09:39+00:00","dateModified":"2023-05-23T11:36:57+00:00","breadcrumb":{"@id":"https:\/\/euninos.com\/artigo\/ap-640\/#breadcrumb"},"inLanguage":"es","potentialAction":[{"@type":"ReadAction","target":["https:\/\/euninos.com\/artigo\/ap-640\/"]}]},{"@type":"ImageObject","inLanguage":"es","@id":"https:\/\/euninos.com\/artigo\/ap-640\/#primaryimage","url":"https:\/\/euninos.com\/wp-content\/uploads\/2023\/05\/ap640-1.jpg","contentUrl":"https:\/\/euninos.com\/wp-content\/uploads\/2023\/05\/ap640-1.jpg","width":1600,"height":1080},{"@type":"BreadcrumbList","@id":"https:\/\/euninos.com\/artigo\/ap-640\/#breadcrumb","itemListElement":[{"@type":"ListItem","position":1,"name":"Produtos","item":"https:\/\/euninos.com\/produtos\/"},{"@type":"ListItem","position":2,"name":"AP-640"}]},{"@type":"WebSite","@id":"https:\/\/euninos.com\/#website","url":"https:\/\/euninos.com\/","name":"Euninos","description":"Produtos de Impress\u00e3o e Corte","publisher":{"@id":"https:\/\/euninos.com\/#organization"},"potentialAction":[{"@type":"SearchAction","target":{"@type":"EntryPoint","urlTemplate":"https:\/\/euninos.com\/?s={search_term_string}"},"query-input":"required name=search_term_string"}],"inLanguage":"es"},{"@type":"Organization","@id":"https:\/\/euninos.com\/#organization","name":"Euninos","url":"https:\/\/euninos.com\/","logo":{"@type":"ImageObject","inLanguage":"es","@id":"https:\/\/euninos.com\/#\/schema\/logo\/image\/","url":"https:\/\/euninos.com\/wp-content\/uploads\/2022\/05\/cropped-logo-euninos-vector-Copia.png","contentUrl":"https:\/\/euninos.com\/wp-content\/uploads\/2022\/05\/cropped-logo-euninos-vector-Copia.png","width":300,"height":170,"caption":"Euninos"},"image":{"@id":"https:\/\/euninos.com\/#\/schema\/logo\/image\/"},"sameAs":["https:\/\/www.facebook.com\/euninos","https:\/\/www.instagram.com\/euninos.lda","https:\/\/www.linkedin.com\/company\/euninos","https:\/\/www.youtube.com\/c\/EuninosLda"]}]}},"_links":{"self":[{"href":"https:\/\/euninos.com\/es\/wp-json\/wp\/v2\/product\/2699","targetHints":{"allow":["GET"]}}],"collection":[{"href":"https:\/\/euninos.com\/es\/wp-json\/wp\/v2\/product"}],"about":[{"href":"https:\/\/euninos.com\/es\/wp-json\/wp\/v2\/types\/product"}],"wp:featuredmedia":[{"embeddable":true,"href":"https:\/\/euninos.com\/es\/wp-json\/wp\/v2\/media\/2701"}],"wp:attachment":[{"href":"https:\/\/euninos.com\/es\/wp-json\/wp\/v2\/media?parent=2699"}],"wp:term":[{"taxonomy":"product_cat","embeddable":true,"href":"https:\/\/euninos.com\/es\/wp-json\/wp\/v2\/product_cat?post=2699"},{"taxonomy":"product_tag","embeddable":true,"href":"https:\/\/euninos.com\/es\/wp-json\/wp\/v2\/product_tag?post=2699"}],"curies":[{"name":"wp","href":"https:\/\/api.w.org\/{rel}","templated":true}]}}