{"id":2694,"date":"2023-05-23T10:15:51","date_gmt":"2023-05-23T09:15:51","guid":{"rendered":"https:\/\/euninos.com\/?post_type=product&#038;p=2694"},"modified":"2023-05-23T11:09:06","modified_gmt":"2023-05-23T10:09:06","slug":"serie-vg3","status":"publish","type":"product","link":"https:\/\/euninos.com\/es\/artigo\/serie-vg3\/","title":{"rendered":"S\u00e9rie VG3"},"content":{"rendered":"<h3>La generaci\u00f3n m\u00e1s avanzada de TrueVIS<\/h3>\n<p>As cabe\u00e7as de impress\u00e3o FlexFire, tintas TR2 e True Rich Color, em conjunto com recursos intuitivos, fazem da VG3 a melhor impressora para a produ\u00e7\u00e3o profissional de ilustra\u00e7\u00f5es impressas.<\/p>\n<p>Um chassis renovado, componentes de alta qualidade e in\u00fameras melhorias ao n\u00edvel do manuseamento dos materiais tornam a VG3 ideal para a impress\u00e3o n\u00e3o supervisionada de tiragens curtas, tiragens longas, impress\u00e3o\/corte e muito mais.<\/p>\n<h3>Funciones avanzadas pensando en usted<\/h3>\n<ul>\n<li>Panel de control t\u00e1ctil LCD de 7\u2033 intuitivo y f\u00e1cil de operar.<\/li>\n<li>A calibra\u00e7\u00e3o autom\u00e1tica do material poupa tempo e material.<\/li>\n<li>La nueva unidad de recogida ajustable acomoda rollos de diferentes dimensiones.<\/li>\n<li>La sujeci\u00f3n de material con un solo toque facilita la carga de rollos de material en el caso de un solo operador.<\/li>\n<\/ul>\n<h3>Produ\u00e7\u00e3o expandida de cores<\/h3>\n<ul>\n<li>Configura\u00e7\u00f5es de tinta dispon\u00edveis para responder \u00e0s necessidades dos seus clientes \u2013 sejam cores mais precisas das marcas e ilustra\u00e7\u00f5es de alta qualidade ou trabalhos de elevada produtividade.<\/li>\n<li>Combine as tintas cor de laranja e verde para superar os limites da cor na impress\u00e3o digital.<\/li>\n<li>Novo CMYK mais as tintas ciano claro, magenta claro, cor de laranja e verde \u2013 em combina\u00e7\u00e3o com True Rich Color 3 criam ilustra\u00e7\u00f5es vivas, suaves e ricas em cor<\/li>\n<\/ul>\n<h3>Recursos Adicionais<\/h3>\n<ul>\n<li>Incluye VersaWorks 6 RIP con el nuevo preajuste True Rich Color 3, el selector de tono m\u00e1s cercano y la funci\u00f3n de trabajo de variaci\u00f3n.<\/li>\n<li>Compatible con la aplicaci\u00f3n Roland DG Connect, que le brinda acceso instant\u00e1neo a datos importantes sobre sus trabajos de impresi\u00f3n y su negocio.<\/li>\n<li>A variedade de configura\u00e7\u00f5es de tinta dispon\u00edveis amplia a sua gama de cores para criar cores ricas, grada\u00e7\u00f5es suaves e bonitos tons de pele.<\/li>\n<li>Op\u00e7\u00e3o de corte de folha perfurada que reduz o p\u00f3s-processamento com perfura\u00e7\u00f5es de \u201cabertura f\u00e1cil\u201d entre trabalhos de impress\u00e3o.<\/li>\n<\/ul>","protected":false},"excerpt":{"rendered":"<p>Qualidade de impress\u00e3o\/corte eco-sol ideal, cor vibrante e produtividade. Dispon\u00edvel nas vers\u00f5es 64 e 54 polegadas.<\/p>","protected":false},"featured_media":2696,"template":"","meta":{"site-sidebar-layout":"default","site-content-layout":"default","ast-site-content-layout":"","site-content-style":"default","site-sidebar-style":"default","ast-global-header-display":"","ast-banner-title-visibility":"","ast-main-header-display":"","ast-hfb-above-header-display":"","ast-hfb-below-header-display":"","ast-hfb-mobile-header-display":"","site-post-title":"","ast-breadcrumbs-content":"","ast-featured-img":"","footer-sml-layout":"","theme-transparent-header-meta":"default","adv-header-id-meta":"","stick-header-meta":"","header-above-stick-meta":"","header-main-stick-meta":"","header-below-stick-meta":"","astra-migrate-meta-layouts":"default","ast-page-background-enabled":"default","ast-page-background-meta":{"desktop":{"background-color":"var(--ast-global-color-4)","background-image":"","background-repeat":"repeat","background-position":"center center","background-size":"auto","background-attachment":"scroll","background-type":"","background-media":"","overlay-type":"","overlay-color":"","overlay-gradient":""},"tablet":{"background-color":"","background-image":"","background-repeat":"repeat","background-position":"center center","background-size":"auto","background-attachment":"scroll","background-type":"","background-media":"","overlay-type":"","overlay-color":"","overlay-gradient":""},"mobile":{"background-color":"","background-image":"","background-repeat":"repeat","background-position":"center center","background-size":"auto","background-attachment":"scroll","background-type":"","background-media":"","overlay-type":"","overlay-color":"","overlay-gradient":""}},"ast-content-background-meta":{"desktop":{"background-color":"var(--ast-global-color-5)","background-image":"","background-repeat":"repeat","background-position":"center center","background-size":"auto","background-attachment":"scroll","background-type":"","background-media":"","overlay-type":"","overlay-color":"","overlay-gradient":""},"tablet":{"background-color":"var(--ast-global-color-5)","background-image":"","background-repeat":"repeat","background-position":"center center","background-size":"auto","background-attachment":"scroll","background-type":"","background-media":"","overlay-type":"","overlay-color":"","overlay-gradient":""},"mobile":{"background-color":"var(--ast-global-color-5)","background-image":"","background-repeat":"repeat","background-position":"center center","background-size":"auto","background-attachment":"scroll","background-type":"","background-media":"","overlay-type":"","overlay-color":"","overlay-gradient":""}}},"product_cat":[63,78],"product_tag":[],"class_list":{"0":"post-2694","1":"product","2":"type-product","3":"status-publish","4":"has-post-thumbnail","6":"product_cat-impressao-e-corte","7":"product_cat-impressao-ecosolvente","8":"desktop-align-left","9":"tablet-align-left","10":"mobile-align-left","12":"first","13":"instock","14":"shipping-taxable","15":"product-type-simple"},"yoast_head":"<!-- This site is optimized with the Yoast SEO plugin v22.2 - https:\/\/yoast.com\/wordpress\/plugins\/seo\/ -->\r\n<title>S\u00e9rie VG3 - Euninos<\/title>\r\n<meta name=\"robots\" content=\"index, follow, max-snippet:-1, max-image-preview:large, max-video-preview:-1\" \/>\r\n<link rel=\"canonical\" href=\"https:\/\/euninos.com\/es\/artigo\/serie-vg3\/\" \/>\r\n<meta property=\"og:locale\" content=\"es_ES\" \/>\r\n<meta property=\"og:type\" content=\"article\" \/>\r\n<meta property=\"og:title\" content=\"S\u00e9rie VG3 - Euninos\" \/>\r\n<meta property=\"og:description\" content=\"Qualidade de impress\u00e3o\/corte eco-sol ideal, cor vibrante e produtividade. Dispon\u00edvel nas vers\u00f5es 64 e 54 polegadas.\" \/>\r\n<meta property=\"og:url\" content=\"https:\/\/euninos.com\/es\/artigo\/serie-vg3\/\" \/>\r\n<meta property=\"og:site_name\" content=\"Euninos\" \/>\r\n<meta property=\"article:publisher\" content=\"https:\/\/www.facebook.com\/euninos\" \/>\r\n<meta property=\"article:modified_time\" content=\"2023-05-23T10:09:06+00:00\" \/>\r\n<meta property=\"og:image\" content=\"https:\/\/euninos.com\/wp-content\/uploads\/2023\/05\/vg3-1.jpg\" \/>\r\n\t<meta property=\"og:image:width\" content=\"1600\" \/>\r\n\t<meta property=\"og:image:height\" content=\"1080\" \/>\r\n\t<meta property=\"og:image:type\" content=\"image\/jpeg\" \/>\r\n<meta name=\"twitter:card\" content=\"summary_large_image\" \/>\r\n<meta name=\"twitter:label1\" content=\"Tiempo de lectura\" \/>\n\t<meta name=\"twitter:data1\" content=\"2 minutos\" \/>\r\n<script type=\"application\/ld+json\" class=\"yoast-schema-graph\">{\"@context\":\"https:\/\/schema.org\",\"@graph\":[{\"@type\":\"WebPage\",\"@id\":\"https:\/\/euninos.com\/artigo\/serie-vg3\/\",\"url\":\"https:\/\/euninos.com\/artigo\/serie-vg3\/\",\"name\":\"S\u00e9rie VG3 - Euninos\",\"isPartOf\":{\"@id\":\"https:\/\/euninos.com\/#website\"},\"primaryImageOfPage\":{\"@id\":\"https:\/\/euninos.com\/artigo\/serie-vg3\/#primaryimage\"},\"image\":{\"@id\":\"https:\/\/euninos.com\/artigo\/serie-vg3\/#primaryimage\"},\"thumbnailUrl\":\"https:\/\/euninos.com\/wp-content\/uploads\/2023\/05\/vg3-1.jpg\",\"datePublished\":\"2023-05-23T09:15:51+00:00\",\"dateModified\":\"2023-05-23T10:09:06+00:00\",\"breadcrumb\":{\"@id\":\"https:\/\/euninos.com\/artigo\/serie-vg3\/#breadcrumb\"},\"inLanguage\":\"es\",\"potentialAction\":[{\"@type\":\"ReadAction\",\"target\":[\"https:\/\/euninos.com\/artigo\/serie-vg3\/\"]}]},{\"@type\":\"ImageObject\",\"inLanguage\":\"es\",\"@id\":\"https:\/\/euninos.com\/artigo\/serie-vg3\/#primaryimage\",\"url\":\"https:\/\/euninos.com\/wp-content\/uploads\/2023\/05\/vg3-1.jpg\",\"contentUrl\":\"https:\/\/euninos.com\/wp-content\/uploads\/2023\/05\/vg3-1.jpg\",\"width\":1600,\"height\":1080},{\"@type\":\"BreadcrumbList\",\"@id\":\"https:\/\/euninos.com\/artigo\/serie-vg3\/#breadcrumb\",\"itemListElement\":[{\"@type\":\"ListItem\",\"position\":1,\"name\":\"Produtos\",\"item\":\"https:\/\/euninos.com\/produtos\/\"},{\"@type\":\"ListItem\",\"position\":2,\"name\":\"S\u00e9rie VG3\"}]},{\"@type\":\"WebSite\",\"@id\":\"https:\/\/euninos.com\/#website\",\"url\":\"https:\/\/euninos.com\/\",\"name\":\"Euninos\",\"description\":\"Produtos de Impress\u00e3o e Corte\",\"publisher\":{\"@id\":\"https:\/\/euninos.com\/#organization\"},\"potentialAction\":[{\"@type\":\"SearchAction\",\"target\":{\"@type\":\"EntryPoint\",\"urlTemplate\":\"https:\/\/euninos.com\/?s={search_term_string}\"},\"query-input\":\"required name=search_term_string\"}],\"inLanguage\":\"es\"},{\"@type\":\"Organization\",\"@id\":\"https:\/\/euninos.com\/#organization\",\"name\":\"Euninos\",\"url\":\"https:\/\/euninos.com\/\",\"logo\":{\"@type\":\"ImageObject\",\"inLanguage\":\"es\",\"@id\":\"https:\/\/euninos.com\/#\/schema\/logo\/image\/\",\"url\":\"https:\/\/euninos.com\/wp-content\/uploads\/2022\/05\/cropped-logo-euninos-vector-Copia.png\",\"contentUrl\":\"https:\/\/euninos.com\/wp-content\/uploads\/2022\/05\/cropped-logo-euninos-vector-Copia.png\",\"width\":300,\"height\":170,\"caption\":\"Euninos\"},\"image\":{\"@id\":\"https:\/\/euninos.com\/#\/schema\/logo\/image\/\"},\"sameAs\":[\"https:\/\/www.facebook.com\/euninos\",\"https:\/\/www.instagram.com\/euninos.lda\",\"https:\/\/www.linkedin.com\/company\/euninos\",\"https:\/\/www.youtube.com\/c\/EuninosLda\"]}]}<\/script>\r\n<!-- \/ Yoast SEO plugin. -->","yoast_head_json":{"title":"S\u00e9rie VG3 - Euninos","robots":{"index":"index","follow":"follow","max-snippet":"max-snippet:-1","max-image-preview":"max-image-preview:large","max-video-preview":"max-video-preview:-1"},"canonical":"https:\/\/euninos.com\/es\/artigo\/serie-vg3\/","og_locale":"es_ES","og_type":"article","og_title":"S\u00e9rie VG3 - Euninos","og_description":"Qualidade de impress\u00e3o\/corte eco-sol ideal, cor vibrante e produtividade. Dispon\u00edvel nas vers\u00f5es 64 e 54 polegadas.","og_url":"https:\/\/euninos.com\/es\/artigo\/serie-vg3\/","og_site_name":"Euninos","article_publisher":"https:\/\/www.facebook.com\/euninos","article_modified_time":"2023-05-23T10:09:06+00:00","og_image":[{"width":1600,"height":1080,"url":"https:\/\/euninos.com\/wp-content\/uploads\/2023\/05\/vg3-1.jpg","type":"image\/jpeg"}],"twitter_card":"summary_large_image","twitter_misc":{"Tiempo de lectura":"2 minutos"},"schema":{"@context":"https:\/\/schema.org","@graph":[{"@type":"WebPage","@id":"https:\/\/euninos.com\/artigo\/serie-vg3\/","url":"https:\/\/euninos.com\/artigo\/serie-vg3\/","name":"S\u00e9rie VG3 - Euninos","isPartOf":{"@id":"https:\/\/euninos.com\/#website"},"primaryImageOfPage":{"@id":"https:\/\/euninos.com\/artigo\/serie-vg3\/#primaryimage"},"image":{"@id":"https:\/\/euninos.com\/artigo\/serie-vg3\/#primaryimage"},"thumbnailUrl":"https:\/\/euninos.com\/wp-content\/uploads\/2023\/05\/vg3-1.jpg","datePublished":"2023-05-23T09:15:51+00:00","dateModified":"2023-05-23T10:09:06+00:00","breadcrumb":{"@id":"https:\/\/euninos.com\/artigo\/serie-vg3\/#breadcrumb"},"inLanguage":"es","potentialAction":[{"@type":"ReadAction","target":["https:\/\/euninos.com\/artigo\/serie-vg3\/"]}]},{"@type":"ImageObject","inLanguage":"es","@id":"https:\/\/euninos.com\/artigo\/serie-vg3\/#primaryimage","url":"https:\/\/euninos.com\/wp-content\/uploads\/2023\/05\/vg3-1.jpg","contentUrl":"https:\/\/euninos.com\/wp-content\/uploads\/2023\/05\/vg3-1.jpg","width":1600,"height":1080},{"@type":"BreadcrumbList","@id":"https:\/\/euninos.com\/artigo\/serie-vg3\/#breadcrumb","itemListElement":[{"@type":"ListItem","position":1,"name":"Produtos","item":"https:\/\/euninos.com\/produtos\/"},{"@type":"ListItem","position":2,"name":"S\u00e9rie VG3"}]},{"@type":"WebSite","@id":"https:\/\/euninos.com\/#website","url":"https:\/\/euninos.com\/","name":"Euninos","description":"Produtos de Impress\u00e3o e Corte","publisher":{"@id":"https:\/\/euninos.com\/#organization"},"potentialAction":[{"@type":"SearchAction","target":{"@type":"EntryPoint","urlTemplate":"https:\/\/euninos.com\/?s={search_term_string}"},"query-input":"required name=search_term_string"}],"inLanguage":"es"},{"@type":"Organization","@id":"https:\/\/euninos.com\/#organization","name":"Euninos","url":"https:\/\/euninos.com\/","logo":{"@type":"ImageObject","inLanguage":"es","@id":"https:\/\/euninos.com\/#\/schema\/logo\/image\/","url":"https:\/\/euninos.com\/wp-content\/uploads\/2022\/05\/cropped-logo-euninos-vector-Copia.png","contentUrl":"https:\/\/euninos.com\/wp-content\/uploads\/2022\/05\/cropped-logo-euninos-vector-Copia.png","width":300,"height":170,"caption":"Euninos"},"image":{"@id":"https:\/\/euninos.com\/#\/schema\/logo\/image\/"},"sameAs":["https:\/\/www.facebook.com\/euninos","https:\/\/www.instagram.com\/euninos.lda","https:\/\/www.linkedin.com\/company\/euninos","https:\/\/www.youtube.com\/c\/EuninosLda"]}]}},"_links":{"self":[{"href":"https:\/\/euninos.com\/es\/wp-json\/wp\/v2\/product\/2694","targetHints":{"allow":["GET"]}}],"collection":[{"href":"https:\/\/euninos.com\/es\/wp-json\/wp\/v2\/product"}],"about":[{"href":"https:\/\/euninos.com\/es\/wp-json\/wp\/v2\/types\/product"}],"wp:featuredmedia":[{"embeddable":true,"href":"https:\/\/euninos.com\/es\/wp-json\/wp\/v2\/media\/2696"}],"wp:attachment":[{"href":"https:\/\/euninos.com\/es\/wp-json\/wp\/v2\/media?parent=2694"}],"wp:term":[{"taxonomy":"product_cat","embeddable":true,"href":"https:\/\/euninos.com\/es\/wp-json\/wp\/v2\/product_cat?post=2694"},{"taxonomy":"product_tag","embeddable":true,"href":"https:\/\/euninos.com\/es\/wp-json\/wp\/v2\/product_tag?post=2694"}],"curies":[{"name":"wp","href":"https:\/\/api.w.org\/{rel}","templated":true}]}}