{"id":2406,"date":"2022-10-25T11:34:29","date_gmt":"2022-10-25T10:34:29","guid":{"rendered":"https:\/\/euninos.com\/?post_type=product&#038;p=2406"},"modified":"2024-10-07T17:14:30","modified_gmt":"2024-10-07T16:14:30","slug":"prensa-secabo-tpd12","status":"publish","type":"product","link":"https:\/\/euninos.com\/es\/artigo\/prensa-secabo-tpd12\/","title":{"rendered":"Prensa Secabo TPD12 100x120cm"},"content":{"rendered":"<p>A Secabo TPD12 \u00e9 uma excelente m\u00e1quina de produ\u00e7\u00e3o para produ\u00e7\u00f5es em grande escala na \u00e1rea de acabamento t\u00eaxtil por sublima\u00e7\u00e3o e outras tecnologias de transfer\u00eancia at\u00e9 um tamanho de 100 cm x 120 cm.<\/p>\n<p>A prensa t\u00e9rmica pneum\u00e1tica de placa dupla possui uma capacidade de aquecimento de 9,0 kW e projetada para fornecer uma press\u00e3o m\u00e1xima de 4 bar, o que corresponde a 140g\/cm2 ou 1.700kg ao usar a placa de aquecimento XXL. Isso significa que a TPD12 est\u00e1 perfeitamente equipada para grandes produ\u00e7\u00f5es de transfer\u00eancias de grande formato em alta qualidade.<\/p>\n<p>As duas placas de base s\u00e3o sobrepostas num sistema linear el\u00e9trico especialmente projetado para retrair uma placa de base na prensa t\u00e9rmica, enquanto exp\u00f5e simultaneamente a outra placa de base. Este recurso serve para aumentar a efici\u00eancia, permitindo que os operadores removam um objeto de transfer\u00eancia acabado e\/ou preparem o pr\u00f3ximo objeto de transfer\u00eancia ao mesmo tempo em que a outra placa de base est\u00e1 dentro da \u00e1rea de transfer\u00eancia dentro da caixa da TPD12.<\/p>\n<p>O utilizador pode escolher diferentes modos de funcionamento, nomeadamente autom\u00e1tico ou manual. Em cada caso, os operadores recebem prote\u00e7\u00e3o contra les\u00f5es por meio de uma ampla variedade de equipamentos de seguran\u00e7a.<\/p>","protected":false},"excerpt":{"rendered":"<p>A Secabo TPD12 \u00e9 uma excelente m\u00e1quina de produ\u00e7\u00e3o para produ\u00e7\u00f5es em grande escala na \u00e1rea de acabamento t\u00eaxtil por sublima\u00e7\u00e3o e outras tecnologias de transfer\u00eancia at\u00e9 um tamanho de 100 cm x 120 cm. A prensa t\u00e9rmica pneum\u00e1tica de placa dupla possui uma capacidade de aquecimento de 9,0 kW e projetada para fornecer uma [&hellip;]<\/p>","protected":false},"featured_media":2977,"template":"","meta":{"site-sidebar-layout":"default","site-content-layout":"default","ast-site-content-layout":"default","site-content-style":"default","site-sidebar-style":"default","ast-global-header-display":"","ast-banner-title-visibility":"","ast-main-header-display":"","ast-hfb-above-header-display":"","ast-hfb-below-header-display":"","ast-hfb-mobile-header-display":"","site-post-title":"","ast-breadcrumbs-content":"","ast-featured-img":"","footer-sml-layout":"","theme-transparent-header-meta":"default","adv-header-id-meta":"","stick-header-meta":"","header-above-stick-meta":"","header-main-stick-meta":"","header-below-stick-meta":"","astra-migrate-meta-layouts":"set","ast-page-background-enabled":"default","ast-page-background-meta":{"desktop":{"background-color":"var(--ast-global-color-4)","background-image":"","background-repeat":"repeat","background-position":"center center","background-size":"auto","background-attachment":"scroll","background-type":"","background-media":"","overlay-type":"","overlay-color":"","overlay-gradient":""},"tablet":{"background-color":"","background-image":"","background-repeat":"repeat","background-position":"center center","background-size":"auto","background-attachment":"scroll","background-type":"","background-media":"","overlay-type":"","overlay-color":"","overlay-gradient":""},"mobile":{"background-color":"","background-image":"","background-repeat":"repeat","background-position":"center center","background-size":"auto","background-attachment":"scroll","background-type":"","background-media":"","overlay-type":"","overlay-color":"","overlay-gradient":""}},"ast-content-background-meta":{"desktop":{"background-color":"var(--ast-global-color-5)","background-image":"","background-repeat":"repeat","background-position":"center center","background-size":"auto","background-attachment":"scroll","background-type":"","background-media":"","overlay-type":"","overlay-color":"","overlay-gradient":""},"tablet":{"background-color":"var(--ast-global-color-5)","background-image":"","background-repeat":"repeat","background-position":"center center","background-size":"auto","background-attachment":"scroll","background-type":"","background-media":"","overlay-type":"","overlay-color":"","overlay-gradient":""},"mobile":{"background-color":"var(--ast-global-color-5)","background-image":"","background-repeat":"repeat","background-position":"center center","background-size":"auto","background-attachment":"scroll","background-type":"","background-media":"","overlay-type":"","overlay-color":"","overlay-gradient":""}}},"product_cat":[68],"product_tag":[],"class_list":{"0":"post-2406","1":"product","2":"type-product","3":"status-publish","4":"has-post-thumbnail","6":"product_cat-prensas","7":"desktop-align-left","8":"tablet-align-left","9":"mobile-align-left","11":"first","12":"instock","13":"shipping-taxable","14":"product-type-simple"},"yoast_head":"<!-- This site is optimized with the Yoast SEO plugin v22.2 - https:\/\/yoast.com\/wordpress\/plugins\/seo\/ -->\r\n<title>Prensa Secabo TPD12 100x120cm - Euninos<\/title>\r\n<meta name=\"robots\" content=\"index, follow, max-snippet:-1, max-image-preview:large, max-video-preview:-1\" \/>\r\n<link rel=\"canonical\" href=\"https:\/\/euninos.com\/es\/artigo\/prensa-secabo-tpd12\/\" \/>\r\n<meta property=\"og:locale\" content=\"es_ES\" \/>\r\n<meta property=\"og:type\" content=\"article\" \/>\r\n<meta property=\"og:title\" content=\"Prensa Secabo TPD12 100x120cm - Euninos\" \/>\r\n<meta property=\"og:description\" content=\"A Secabo TPD12 \u00e9 uma excelente m\u00e1quina de produ\u00e7\u00e3o para produ\u00e7\u00f5es em grande escala na \u00e1rea de acabamento t\u00eaxtil por sublima\u00e7\u00e3o e outras tecnologias de transfer\u00eancia at\u00e9 um tamanho de 100 cm x 120 cm. A prensa t\u00e9rmica pneum\u00e1tica de placa dupla possui uma capacidade de aquecimento de 9,0 kW e projetada para fornecer uma [&hellip;]\" \/>\r\n<meta property=\"og:url\" content=\"https:\/\/euninos.com\/es\/artigo\/prensa-secabo-tpd12\/\" \/>\r\n<meta property=\"og:site_name\" content=\"Euninos\" \/>\r\n<meta property=\"article:publisher\" content=\"https:\/\/www.facebook.com\/euninos\" \/>\r\n<meta property=\"article:modified_time\" content=\"2024-10-07T16:14:30+00:00\" \/>\r\n<meta property=\"og:image\" content=\"https:\/\/euninos.com\/wp-content\/uploads\/2022\/10\/Untitled-design-37-1024x768.png\" \/>\r\n\t<meta property=\"og:image:width\" content=\"1024\" \/>\r\n\t<meta property=\"og:image:height\" content=\"768\" \/>\r\n\t<meta property=\"og:image:type\" content=\"image\/png\" \/>\r\n<meta name=\"twitter:card\" content=\"summary_large_image\" \/>\r\n<meta name=\"twitter:label1\" content=\"Tiempo de lectura\" \/>\n\t<meta name=\"twitter:data1\" content=\"2 minutos\" \/>\r\n<script type=\"application\/ld+json\" class=\"yoast-schema-graph\">{\"@context\":\"https:\/\/schema.org\",\"@graph\":[{\"@type\":\"WebPage\",\"@id\":\"https:\/\/euninos.com\/artigo\/prensa-secabo-tpd12\/\",\"url\":\"https:\/\/euninos.com\/artigo\/prensa-secabo-tpd12\/\",\"name\":\"Prensa Secabo TPD12 100x120cm - Euninos\",\"isPartOf\":{\"@id\":\"https:\/\/euninos.com\/#website\"},\"primaryImageOfPage\":{\"@id\":\"https:\/\/euninos.com\/artigo\/prensa-secabo-tpd12\/#primaryimage\"},\"image\":{\"@id\":\"https:\/\/euninos.com\/artigo\/prensa-secabo-tpd12\/#primaryimage\"},\"thumbnailUrl\":\"https:\/\/euninos.com\/wp-content\/uploads\/2022\/10\/Untitled-design-37.png\",\"datePublished\":\"2022-10-25T10:34:29+00:00\",\"dateModified\":\"2024-10-07T16:14:30+00:00\",\"breadcrumb\":{\"@id\":\"https:\/\/euninos.com\/artigo\/prensa-secabo-tpd12\/#breadcrumb\"},\"inLanguage\":\"es\",\"potentialAction\":[{\"@type\":\"ReadAction\",\"target\":[\"https:\/\/euninos.com\/artigo\/prensa-secabo-tpd12\/\"]}]},{\"@type\":\"ImageObject\",\"inLanguage\":\"es\",\"@id\":\"https:\/\/euninos.com\/artigo\/prensa-secabo-tpd12\/#primaryimage\",\"url\":\"https:\/\/euninos.com\/wp-content\/uploads\/2022\/10\/Untitled-design-37.png\",\"contentUrl\":\"https:\/\/euninos.com\/wp-content\/uploads\/2022\/10\/Untitled-design-37.png\",\"width\":3750,\"height\":2813},{\"@type\":\"BreadcrumbList\",\"@id\":\"https:\/\/euninos.com\/artigo\/prensa-secabo-tpd12\/#breadcrumb\",\"itemListElement\":[{\"@type\":\"ListItem\",\"position\":1,\"name\":\"Produtos\",\"item\":\"https:\/\/euninos.com\/produtos\/\"},{\"@type\":\"ListItem\",\"position\":2,\"name\":\"Prensa Secabo TPD12 100x120cm\"}]},{\"@type\":\"WebSite\",\"@id\":\"https:\/\/euninos.com\/#website\",\"url\":\"https:\/\/euninos.com\/\",\"name\":\"Euninos\",\"description\":\"Produtos de Impress\u00e3o e Corte\",\"publisher\":{\"@id\":\"https:\/\/euninos.com\/#organization\"},\"potentialAction\":[{\"@type\":\"SearchAction\",\"target\":{\"@type\":\"EntryPoint\",\"urlTemplate\":\"https:\/\/euninos.com\/?s={search_term_string}\"},\"query-input\":\"required name=search_term_string\"}],\"inLanguage\":\"es\"},{\"@type\":\"Organization\",\"@id\":\"https:\/\/euninos.com\/#organization\",\"name\":\"Euninos\",\"url\":\"https:\/\/euninos.com\/\",\"logo\":{\"@type\":\"ImageObject\",\"inLanguage\":\"es\",\"@id\":\"https:\/\/euninos.com\/#\/schema\/logo\/image\/\",\"url\":\"https:\/\/euninos.com\/wp-content\/uploads\/2022\/05\/cropped-logo-euninos-vector-Copia.png\",\"contentUrl\":\"https:\/\/euninos.com\/wp-content\/uploads\/2022\/05\/cropped-logo-euninos-vector-Copia.png\",\"width\":300,\"height\":170,\"caption\":\"Euninos\"},\"image\":{\"@id\":\"https:\/\/euninos.com\/#\/schema\/logo\/image\/\"},\"sameAs\":[\"https:\/\/www.facebook.com\/euninos\",\"https:\/\/www.instagram.com\/euninos.lda\",\"https:\/\/www.linkedin.com\/company\/euninos\",\"https:\/\/www.youtube.com\/c\/EuninosLda\"]}]}<\/script>\r\n<!-- \/ Yoast SEO plugin. -->","yoast_head_json":{"title":"Prensa Secabo TPD12 100x120cm - Euninos","robots":{"index":"index","follow":"follow","max-snippet":"max-snippet:-1","max-image-preview":"max-image-preview:large","max-video-preview":"max-video-preview:-1"},"canonical":"https:\/\/euninos.com\/es\/artigo\/prensa-secabo-tpd12\/","og_locale":"es_ES","og_type":"article","og_title":"Prensa Secabo TPD12 100x120cm - Euninos","og_description":"A Secabo TPD12 \u00e9 uma excelente m\u00e1quina de produ\u00e7\u00e3o para produ\u00e7\u00f5es em grande escala na \u00e1rea de acabamento t\u00eaxtil por sublima\u00e7\u00e3o e outras tecnologias de transfer\u00eancia at\u00e9 um tamanho de 100 cm x 120 cm. A prensa t\u00e9rmica pneum\u00e1tica de placa dupla possui uma capacidade de aquecimento de 9,0 kW e projetada para fornecer uma [&hellip;]","og_url":"https:\/\/euninos.com\/es\/artigo\/prensa-secabo-tpd12\/","og_site_name":"Euninos","article_publisher":"https:\/\/www.facebook.com\/euninos","article_modified_time":"2024-10-07T16:14:30+00:00","og_image":[{"width":1024,"height":768,"url":"https:\/\/euninos.com\/wp-content\/uploads\/2022\/10\/Untitled-design-37-1024x768.png","type":"image\/png"}],"twitter_card":"summary_large_image","twitter_misc":{"Tiempo de lectura":"2 minutos"},"schema":{"@context":"https:\/\/schema.org","@graph":[{"@type":"WebPage","@id":"https:\/\/euninos.com\/artigo\/prensa-secabo-tpd12\/","url":"https:\/\/euninos.com\/artigo\/prensa-secabo-tpd12\/","name":"Prensa Secabo TPD12 100x120cm - Euninos","isPartOf":{"@id":"https:\/\/euninos.com\/#website"},"primaryImageOfPage":{"@id":"https:\/\/euninos.com\/artigo\/prensa-secabo-tpd12\/#primaryimage"},"image":{"@id":"https:\/\/euninos.com\/artigo\/prensa-secabo-tpd12\/#primaryimage"},"thumbnailUrl":"https:\/\/euninos.com\/wp-content\/uploads\/2022\/10\/Untitled-design-37.png","datePublished":"2022-10-25T10:34:29+00:00","dateModified":"2024-10-07T16:14:30+00:00","breadcrumb":{"@id":"https:\/\/euninos.com\/artigo\/prensa-secabo-tpd12\/#breadcrumb"},"inLanguage":"es","potentialAction":[{"@type":"ReadAction","target":["https:\/\/euninos.com\/artigo\/prensa-secabo-tpd12\/"]}]},{"@type":"ImageObject","inLanguage":"es","@id":"https:\/\/euninos.com\/artigo\/prensa-secabo-tpd12\/#primaryimage","url":"https:\/\/euninos.com\/wp-content\/uploads\/2022\/10\/Untitled-design-37.png","contentUrl":"https:\/\/euninos.com\/wp-content\/uploads\/2022\/10\/Untitled-design-37.png","width":3750,"height":2813},{"@type":"BreadcrumbList","@id":"https:\/\/euninos.com\/artigo\/prensa-secabo-tpd12\/#breadcrumb","itemListElement":[{"@type":"ListItem","position":1,"name":"Produtos","item":"https:\/\/euninos.com\/produtos\/"},{"@type":"ListItem","position":2,"name":"Prensa Secabo TPD12 100x120cm"}]},{"@type":"WebSite","@id":"https:\/\/euninos.com\/#website","url":"https:\/\/euninos.com\/","name":"Euninos","description":"Produtos de Impress\u00e3o e Corte","publisher":{"@id":"https:\/\/euninos.com\/#organization"},"potentialAction":[{"@type":"SearchAction","target":{"@type":"EntryPoint","urlTemplate":"https:\/\/euninos.com\/?s={search_term_string}"},"query-input":"required name=search_term_string"}],"inLanguage":"es"},{"@type":"Organization","@id":"https:\/\/euninos.com\/#organization","name":"Euninos","url":"https:\/\/euninos.com\/","logo":{"@type":"ImageObject","inLanguage":"es","@id":"https:\/\/euninos.com\/#\/schema\/logo\/image\/","url":"https:\/\/euninos.com\/wp-content\/uploads\/2022\/05\/cropped-logo-euninos-vector-Copia.png","contentUrl":"https:\/\/euninos.com\/wp-content\/uploads\/2022\/05\/cropped-logo-euninos-vector-Copia.png","width":300,"height":170,"caption":"Euninos"},"image":{"@id":"https:\/\/euninos.com\/#\/schema\/logo\/image\/"},"sameAs":["https:\/\/www.facebook.com\/euninos","https:\/\/www.instagram.com\/euninos.lda","https:\/\/www.linkedin.com\/company\/euninos","https:\/\/www.youtube.com\/c\/EuninosLda"]}]}},"_links":{"self":[{"href":"https:\/\/euninos.com\/es\/wp-json\/wp\/v2\/product\/2406","targetHints":{"allow":["GET"]}}],"collection":[{"href":"https:\/\/euninos.com\/es\/wp-json\/wp\/v2\/product"}],"about":[{"href":"https:\/\/euninos.com\/es\/wp-json\/wp\/v2\/types\/product"}],"wp:featuredmedia":[{"embeddable":true,"href":"https:\/\/euninos.com\/es\/wp-json\/wp\/v2\/media\/2977"}],"wp:attachment":[{"href":"https:\/\/euninos.com\/es\/wp-json\/wp\/v2\/media?parent=2406"}],"wp:term":[{"taxonomy":"product_cat","embeddable":true,"href":"https:\/\/euninos.com\/es\/wp-json\/wp\/v2\/product_cat?post=2406"},{"taxonomy":"product_tag","embeddable":true,"href":"https:\/\/euninos.com\/es\/wp-json\/wp\/v2\/product_tag?post=2406"}],"curies":[{"name":"wp","href":"https:\/\/api.w.org\/{rel}","templated":true}]}}