{"id":2397,"date":"2022-10-25T11:22:35","date_gmt":"2022-10-25T10:22:35","guid":{"rendered":"https:\/\/euninos.com\/?post_type=product&#038;p=2397"},"modified":"2024-10-07T17:07:56","modified_gmt":"2024-10-07T16:07:56","slug":"prensa-secabo-tc5-38x38cm","status":"publish","type":"product","link":"https:\/\/euninos.com\/es\/artigo\/prensa-secabo-tc5-38x38cm\/","title":{"rendered":"Prensa Secabo TC5 38x38cm"},"content":{"rendered":"<p>Com sua nova prensa t\u00e9rmica TC5 SMART, a Secabo abre novos caminhos inovadores que levam a um desempenho ainda melhor.<\/p>\n<p>Este \u00faltimo desenvolvimento da bem sucedida prensa autom\u00e1tica de alavanca Secabo TC5 traz uma novidade mundial ao mercado, que abre uma s\u00e9rie de novas op\u00e7\u00f5es aos usu\u00e1rios: O controlador do TC5 SMART agora vem equipado com uma interface Bluetooth que permite controlar a pressione atrav\u00e9s da app gratuita Secabo Smart Transfer, al\u00e9m de fornecer acesso a um banco de dados de fun\u00e7\u00f5es abrangente.<\/p>\n<p>Isto permite que os usu\u00e1rios: Simplesmente insiram o tipo de tecido e o material de transfer\u00eancia e recuperem imediatamente as combina\u00e7\u00f5es correspondentes de temperatura, tempo e press\u00e3o. Recursos adicionais, como o c\u00e1lculo de tempos de aquecimento e fun\u00e7\u00f5es de aviso, tornam a app num assistente valioso para todos os m\u00e9todos comuns de transfer\u00eancia de calor.<\/p>\n<p>A nova prensa t\u00e9rmica Secabo TC5 SMART oferece uma superf\u00edcie de trabalho de 38 x 38 cm, \u00e9 f\u00e1cil de usar e robusta em opera\u00e7\u00e3o cont\u00ednua. O design modular permite a instala\u00e7\u00e3o r\u00e1pida e f\u00e1cil de placas remov\u00edveis em v\u00e1rios formatos, um sistema de troca r\u00e1pida e uma extens\u00e3o deslizante.<\/p>","protected":false},"excerpt":{"rendered":"<p>Com sua nova prensa t\u00e9rmica TC5 SMART, a Secabo abre novos caminhos inovadores que levam a um desempenho ainda melhor. Este \u00faltimo desenvolvimento da bem sucedida prensa autom\u00e1tica de alavanca Secabo TC5 traz uma novidade mundial ao mercado, que abre uma s\u00e9rie de novas op\u00e7\u00f5es aos usu\u00e1rios: O controlador do TC5 SMART agora vem equipado [&hellip;]<\/p>","protected":false},"featured_media":2969,"template":"","meta":{"site-sidebar-layout":"default","site-content-layout":"default","ast-site-content-layout":"default","site-content-style":"default","site-sidebar-style":"default","ast-global-header-display":"","ast-banner-title-visibility":"","ast-main-header-display":"","ast-hfb-above-header-display":"","ast-hfb-below-header-display":"","ast-hfb-mobile-header-display":"","site-post-title":"","ast-breadcrumbs-content":"","ast-featured-img":"","footer-sml-layout":"","theme-transparent-header-meta":"default","adv-header-id-meta":"","stick-header-meta":"","header-above-stick-meta":"","header-main-stick-meta":"","header-below-stick-meta":"","astra-migrate-meta-layouts":"set","ast-page-background-enabled":"default","ast-page-background-meta":{"desktop":{"background-color":"var(--ast-global-color-4)","background-image":"","background-repeat":"repeat","background-position":"center center","background-size":"auto","background-attachment":"scroll","background-type":"","background-media":"","overlay-type":"","overlay-color":"","overlay-gradient":""},"tablet":{"background-color":"","background-image":"","background-repeat":"repeat","background-position":"center center","background-size":"auto","background-attachment":"scroll","background-type":"","background-media":"","overlay-type":"","overlay-color":"","overlay-gradient":""},"mobile":{"background-color":"","background-image":"","background-repeat":"repeat","background-position":"center center","background-size":"auto","background-attachment":"scroll","background-type":"","background-media":"","overlay-type":"","overlay-color":"","overlay-gradient":""}},"ast-content-background-meta":{"desktop":{"background-color":"var(--ast-global-color-5)","background-image":"","background-repeat":"repeat","background-position":"center center","background-size":"auto","background-attachment":"scroll","background-type":"","background-media":"","overlay-type":"","overlay-color":"","overlay-gradient":""},"tablet":{"background-color":"var(--ast-global-color-5)","background-image":"","background-repeat":"repeat","background-position":"center center","background-size":"auto","background-attachment":"scroll","background-type":"","background-media":"","overlay-type":"","overlay-color":"","overlay-gradient":""},"mobile":{"background-color":"var(--ast-global-color-5)","background-image":"","background-repeat":"repeat","background-position":"center center","background-size":"auto","background-attachment":"scroll","background-type":"","background-media":"","overlay-type":"","overlay-color":"","overlay-gradient":""}}},"product_cat":[68],"product_tag":[],"class_list":{"0":"post-2397","1":"product","2":"type-product","3":"status-publish","4":"has-post-thumbnail","6":"product_cat-prensas","7":"desktop-align-left","8":"tablet-align-left","9":"mobile-align-left","11":"first","12":"instock","13":"shipping-taxable","14":"product-type-simple"},"yoast_head":"<!-- This site is optimized with the Yoast SEO plugin v22.2 - https:\/\/yoast.com\/wordpress\/plugins\/seo\/ -->\r\n<title>Prensa Secabo TC5 38x38cm - Euninos<\/title>\r\n<meta name=\"robots\" content=\"index, follow, max-snippet:-1, max-image-preview:large, max-video-preview:-1\" \/>\r\n<link rel=\"canonical\" href=\"https:\/\/euninos.com\/es\/artigo\/prensa-secabo-tc5-38x38cm\/\" \/>\r\n<meta property=\"og:locale\" content=\"es_ES\" \/>\r\n<meta property=\"og:type\" content=\"article\" \/>\r\n<meta property=\"og:title\" content=\"Prensa Secabo TC5 38x38cm - Euninos\" \/>\r\n<meta property=\"og:description\" content=\"Com sua nova prensa t\u00e9rmica TC5 SMART, a Secabo abre novos caminhos inovadores que levam a um desempenho ainda melhor. Este \u00faltimo desenvolvimento da bem sucedida prensa autom\u00e1tica de alavanca Secabo TC5 traz uma novidade mundial ao mercado, que abre uma s\u00e9rie de novas op\u00e7\u00f5es aos usu\u00e1rios: O controlador do TC5 SMART agora vem equipado [&hellip;]\" \/>\r\n<meta property=\"og:url\" content=\"https:\/\/euninos.com\/es\/artigo\/prensa-secabo-tc5-38x38cm\/\" \/>\r\n<meta property=\"og:site_name\" content=\"Euninos\" \/>\r\n<meta property=\"article:publisher\" content=\"https:\/\/www.facebook.com\/euninos\" \/>\r\n<meta property=\"article:modified_time\" content=\"2024-10-07T16:07:56+00:00\" \/>\r\n<meta property=\"og:image\" content=\"https:\/\/euninos.com\/wp-content\/uploads\/2022\/10\/Untitled-design-29-1024x768.png\" \/>\r\n\t<meta property=\"og:image:width\" content=\"1024\" \/>\r\n\t<meta property=\"og:image:height\" content=\"768\" \/>\r\n\t<meta property=\"og:image:type\" content=\"image\/png\" \/>\r\n<meta name=\"twitter:card\" content=\"summary_large_image\" \/>\r\n<meta name=\"twitter:label1\" content=\"Tiempo de lectura\" \/>\n\t<meta name=\"twitter:data1\" content=\"2 minutos\" \/>\r\n<script type=\"application\/ld+json\" class=\"yoast-schema-graph\">{\"@context\":\"https:\/\/schema.org\",\"@graph\":[{\"@type\":\"WebPage\",\"@id\":\"https:\/\/euninos.com\/artigo\/prensa-secabo-tc5-38x38cm\/\",\"url\":\"https:\/\/euninos.com\/artigo\/prensa-secabo-tc5-38x38cm\/\",\"name\":\"Prensa Secabo TC5 38x38cm - Euninos\",\"isPartOf\":{\"@id\":\"https:\/\/euninos.com\/#website\"},\"primaryImageOfPage\":{\"@id\":\"https:\/\/euninos.com\/artigo\/prensa-secabo-tc5-38x38cm\/#primaryimage\"},\"image\":{\"@id\":\"https:\/\/euninos.com\/artigo\/prensa-secabo-tc5-38x38cm\/#primaryimage\"},\"thumbnailUrl\":\"https:\/\/euninos.com\/wp-content\/uploads\/2022\/10\/Untitled-design-29.png\",\"datePublished\":\"2022-10-25T10:22:35+00:00\",\"dateModified\":\"2024-10-07T16:07:56+00:00\",\"breadcrumb\":{\"@id\":\"https:\/\/euninos.com\/artigo\/prensa-secabo-tc5-38x38cm\/#breadcrumb\"},\"inLanguage\":\"es\",\"potentialAction\":[{\"@type\":\"ReadAction\",\"target\":[\"https:\/\/euninos.com\/artigo\/prensa-secabo-tc5-38x38cm\/\"]}]},{\"@type\":\"ImageObject\",\"inLanguage\":\"es\",\"@id\":\"https:\/\/euninos.com\/artigo\/prensa-secabo-tc5-38x38cm\/#primaryimage\",\"url\":\"https:\/\/euninos.com\/wp-content\/uploads\/2022\/10\/Untitled-design-29.png\",\"contentUrl\":\"https:\/\/euninos.com\/wp-content\/uploads\/2022\/10\/Untitled-design-29.png\",\"width\":3750,\"height\":2813},{\"@type\":\"BreadcrumbList\",\"@id\":\"https:\/\/euninos.com\/artigo\/prensa-secabo-tc5-38x38cm\/#breadcrumb\",\"itemListElement\":[{\"@type\":\"ListItem\",\"position\":1,\"name\":\"Produtos\",\"item\":\"https:\/\/euninos.com\/produtos\/\"},{\"@type\":\"ListItem\",\"position\":2,\"name\":\"Prensa Secabo TC5 38x38cm\"}]},{\"@type\":\"WebSite\",\"@id\":\"https:\/\/euninos.com\/#website\",\"url\":\"https:\/\/euninos.com\/\",\"name\":\"Euninos\",\"description\":\"Produtos de Impress\u00e3o e Corte\",\"publisher\":{\"@id\":\"https:\/\/euninos.com\/#organization\"},\"potentialAction\":[{\"@type\":\"SearchAction\",\"target\":{\"@type\":\"EntryPoint\",\"urlTemplate\":\"https:\/\/euninos.com\/?s={search_term_string}\"},\"query-input\":\"required name=search_term_string\"}],\"inLanguage\":\"es\"},{\"@type\":\"Organization\",\"@id\":\"https:\/\/euninos.com\/#organization\",\"name\":\"Euninos\",\"url\":\"https:\/\/euninos.com\/\",\"logo\":{\"@type\":\"ImageObject\",\"inLanguage\":\"es\",\"@id\":\"https:\/\/euninos.com\/#\/schema\/logo\/image\/\",\"url\":\"https:\/\/euninos.com\/wp-content\/uploads\/2022\/05\/cropped-logo-euninos-vector-Copia.png\",\"contentUrl\":\"https:\/\/euninos.com\/wp-content\/uploads\/2022\/05\/cropped-logo-euninos-vector-Copia.png\",\"width\":300,\"height\":170,\"caption\":\"Euninos\"},\"image\":{\"@id\":\"https:\/\/euninos.com\/#\/schema\/logo\/image\/\"},\"sameAs\":[\"https:\/\/www.facebook.com\/euninos\",\"https:\/\/www.instagram.com\/euninos.lda\",\"https:\/\/www.linkedin.com\/company\/euninos\",\"https:\/\/www.youtube.com\/c\/EuninosLda\"]}]}<\/script>\r\n<!-- \/ Yoast SEO plugin. -->","yoast_head_json":{"title":"Prensa Secabo TC5 38x38cm - Euninos","robots":{"index":"index","follow":"follow","max-snippet":"max-snippet:-1","max-image-preview":"max-image-preview:large","max-video-preview":"max-video-preview:-1"},"canonical":"https:\/\/euninos.com\/es\/artigo\/prensa-secabo-tc5-38x38cm\/","og_locale":"es_ES","og_type":"article","og_title":"Prensa Secabo TC5 38x38cm - Euninos","og_description":"Com sua nova prensa t\u00e9rmica TC5 SMART, a Secabo abre novos caminhos inovadores que levam a um desempenho ainda melhor. Este \u00faltimo desenvolvimento da bem sucedida prensa autom\u00e1tica de alavanca Secabo TC5 traz uma novidade mundial ao mercado, que abre uma s\u00e9rie de novas op\u00e7\u00f5es aos usu\u00e1rios: O controlador do TC5 SMART agora vem equipado [&hellip;]","og_url":"https:\/\/euninos.com\/es\/artigo\/prensa-secabo-tc5-38x38cm\/","og_site_name":"Euninos","article_publisher":"https:\/\/www.facebook.com\/euninos","article_modified_time":"2024-10-07T16:07:56+00:00","og_image":[{"width":1024,"height":768,"url":"https:\/\/euninos.com\/wp-content\/uploads\/2022\/10\/Untitled-design-29-1024x768.png","type":"image\/png"}],"twitter_card":"summary_large_image","twitter_misc":{"Tiempo de lectura":"2 minutos"},"schema":{"@context":"https:\/\/schema.org","@graph":[{"@type":"WebPage","@id":"https:\/\/euninos.com\/artigo\/prensa-secabo-tc5-38x38cm\/","url":"https:\/\/euninos.com\/artigo\/prensa-secabo-tc5-38x38cm\/","name":"Prensa Secabo TC5 38x38cm - Euninos","isPartOf":{"@id":"https:\/\/euninos.com\/#website"},"primaryImageOfPage":{"@id":"https:\/\/euninos.com\/artigo\/prensa-secabo-tc5-38x38cm\/#primaryimage"},"image":{"@id":"https:\/\/euninos.com\/artigo\/prensa-secabo-tc5-38x38cm\/#primaryimage"},"thumbnailUrl":"https:\/\/euninos.com\/wp-content\/uploads\/2022\/10\/Untitled-design-29.png","datePublished":"2022-10-25T10:22:35+00:00","dateModified":"2024-10-07T16:07:56+00:00","breadcrumb":{"@id":"https:\/\/euninos.com\/artigo\/prensa-secabo-tc5-38x38cm\/#breadcrumb"},"inLanguage":"es","potentialAction":[{"@type":"ReadAction","target":["https:\/\/euninos.com\/artigo\/prensa-secabo-tc5-38x38cm\/"]}]},{"@type":"ImageObject","inLanguage":"es","@id":"https:\/\/euninos.com\/artigo\/prensa-secabo-tc5-38x38cm\/#primaryimage","url":"https:\/\/euninos.com\/wp-content\/uploads\/2022\/10\/Untitled-design-29.png","contentUrl":"https:\/\/euninos.com\/wp-content\/uploads\/2022\/10\/Untitled-design-29.png","width":3750,"height":2813},{"@type":"BreadcrumbList","@id":"https:\/\/euninos.com\/artigo\/prensa-secabo-tc5-38x38cm\/#breadcrumb","itemListElement":[{"@type":"ListItem","position":1,"name":"Produtos","item":"https:\/\/euninos.com\/produtos\/"},{"@type":"ListItem","position":2,"name":"Prensa Secabo TC5 38x38cm"}]},{"@type":"WebSite","@id":"https:\/\/euninos.com\/#website","url":"https:\/\/euninos.com\/","name":"Euninos","description":"Produtos de Impress\u00e3o e Corte","publisher":{"@id":"https:\/\/euninos.com\/#organization"},"potentialAction":[{"@type":"SearchAction","target":{"@type":"EntryPoint","urlTemplate":"https:\/\/euninos.com\/?s={search_term_string}"},"query-input":"required name=search_term_string"}],"inLanguage":"es"},{"@type":"Organization","@id":"https:\/\/euninos.com\/#organization","name":"Euninos","url":"https:\/\/euninos.com\/","logo":{"@type":"ImageObject","inLanguage":"es","@id":"https:\/\/euninos.com\/#\/schema\/logo\/image\/","url":"https:\/\/euninos.com\/wp-content\/uploads\/2022\/05\/cropped-logo-euninos-vector-Copia.png","contentUrl":"https:\/\/euninos.com\/wp-content\/uploads\/2022\/05\/cropped-logo-euninos-vector-Copia.png","width":300,"height":170,"caption":"Euninos"},"image":{"@id":"https:\/\/euninos.com\/#\/schema\/logo\/image\/"},"sameAs":["https:\/\/www.facebook.com\/euninos","https:\/\/www.instagram.com\/euninos.lda","https:\/\/www.linkedin.com\/company\/euninos","https:\/\/www.youtube.com\/c\/EuninosLda"]}]}},"_links":{"self":[{"href":"https:\/\/euninos.com\/es\/wp-json\/wp\/v2\/product\/2397","targetHints":{"allow":["GET"]}}],"collection":[{"href":"https:\/\/euninos.com\/es\/wp-json\/wp\/v2\/product"}],"about":[{"href":"https:\/\/euninos.com\/es\/wp-json\/wp\/v2\/types\/product"}],"wp:featuredmedia":[{"embeddable":true,"href":"https:\/\/euninos.com\/es\/wp-json\/wp\/v2\/media\/2969"}],"wp:attachment":[{"href":"https:\/\/euninos.com\/es\/wp-json\/wp\/v2\/media?parent=2397"}],"wp:term":[{"taxonomy":"product_cat","embeddable":true,"href":"https:\/\/euninos.com\/es\/wp-json\/wp\/v2\/product_cat?post=2397"},{"taxonomy":"product_tag","embeddable":true,"href":"https:\/\/euninos.com\/es\/wp-json\/wp\/v2\/product_tag?post=2397"}],"curies":[{"name":"wp","href":"https:\/\/api.w.org\/{rel}","templated":true}]}}