{"id":2377,"date":"2022-10-25T10:37:46","date_gmt":"2022-10-25T09:37:46","guid":{"rendered":"https:\/\/euninos.com\/?post_type=product&#038;p=2377"},"modified":"2024-10-04T08:56:25","modified_gmt":"2024-10-04T07:56:25","slug":"prensa-secabo-tpd7-premium","status":"publish","type":"product","link":"https:\/\/euninos.com\/es\/artigo\/prensa-secabo-tpd7-premium\/","title":{"rendered":"Prensa Secabo TPD7 PREMIUM"},"content":{"rendered":"<p>Desempenho superior em alta press\u00e3o de contato, excelente sa\u00edda de calor e distribui\u00e7\u00e3o de calor: Este \u00e9 o padr\u00e3o estabelecido pela nova prensa t\u00e9rmica TPD7 PREMIUM da Secabo. Beneficie dos recursos vers\u00e1teis, opera\u00e7\u00e3o autom\u00e1tica da cabe\u00e7a de prensagem e design modular oferecidos pela prensa pneum\u00e1tica de placa dupla.<\/p>\n<p>As placas de base espa\u00e7osas, cada uma com 40cm x 50cm de tamanho, permitem transfer\u00eancias com uma press\u00e3o de contato extremamente alta de 12kN a 10bars (600g\/cm2 ou 1,2t).<\/p>\n<p>Recursos inteligentes facilitam o uso confort\u00e1vel e eficiente, incluindo a fun\u00e7\u00e3o de pr\u00e9-prensagem com dura\u00e7\u00e3o de pr\u00e9-prensagem ajust\u00e1vel, dura\u00e7\u00e3o de prensagem configur\u00e1vel separadamente para ambas as placas de base e conjuntos salv\u00e1veis \u200b\u200bpara dura\u00e7\u00e3o e temperaturas.<\/p>\n<p>A placa de aquecimento com um consumo de energia de 2,5kW garante uma alta capacidade de aquecimento com distribui\u00e7\u00e3o de temperatura profissional. A press\u00e3o pneum\u00e1tica facilmente ajust\u00e1vel e reproduz\u00edvel pode ser adaptada de maneira ideal a todos os objetos de transfer\u00eancia. Os usu\u00e1rios se beneficiam da flexibilidade extra oferecida pelos componentes facilmente substitu\u00edveis e da compatibilidade com os sistemas de troca r\u00e1pida, placas remov\u00edveis e placas de base de membrana da Secabo.<\/p>\n<p>A prensa t\u00e9rmica PREMIUM TPD7 da Secabo est\u00e1 em conformidade com as normas de seguran\u00e7a alem\u00e3s. O suporte de base est\u00e1vel suporta uma altura de trabalho ergon\u00f4mica. O pedal fornecido facilita a opera\u00e7\u00e3o da cabe\u00e7a de press\u00e3o.<\/p>","protected":false},"excerpt":{"rendered":"<p>Desempenho superior em alta press\u00e3o de contato, excelente sa\u00edda de calor e distribui\u00e7\u00e3o de calor: Este \u00e9 o padr\u00e3o estabelecido pela nova prensa t\u00e9rmica TPD7 PREMIUM da Secabo. Beneficie dos recursos vers\u00e1teis, opera\u00e7\u00e3o autom\u00e1tica da cabe\u00e7a de prensagem e design modular oferecidos pela prensa pneum\u00e1tica de placa dupla. As placas de base espa\u00e7osas, cada uma [&hellip;]<\/p>","protected":false},"featured_media":2380,"template":"","meta":{"site-sidebar-layout":"default","site-content-layout":"default","ast-site-content-layout":"default","site-content-style":"default","site-sidebar-style":"default","ast-global-header-display":"","ast-banner-title-visibility":"","ast-main-header-display":"","ast-hfb-above-header-display":"","ast-hfb-below-header-display":"","ast-hfb-mobile-header-display":"","site-post-title":"","ast-breadcrumbs-content":"","ast-featured-img":"","footer-sml-layout":"","theme-transparent-header-meta":"default","adv-header-id-meta":"","stick-header-meta":"","header-above-stick-meta":"","header-main-stick-meta":"","header-below-stick-meta":"","astra-migrate-meta-layouts":"set","ast-page-background-enabled":"default","ast-page-background-meta":{"desktop":{"background-color":"var(--ast-global-color-4)","background-image":"","background-repeat":"repeat","background-position":"center center","background-size":"auto","background-attachment":"scroll","background-type":"","background-media":"","overlay-type":"","overlay-color":"","overlay-gradient":""},"tablet":{"background-color":"","background-image":"","background-repeat":"repeat","background-position":"center center","background-size":"auto","background-attachment":"scroll","background-type":"","background-media":"","overlay-type":"","overlay-color":"","overlay-gradient":""},"mobile":{"background-color":"","background-image":"","background-repeat":"repeat","background-position":"center center","background-size":"auto","background-attachment":"scroll","background-type":"","background-media":"","overlay-type":"","overlay-color":"","overlay-gradient":""}},"ast-content-background-meta":{"desktop":{"background-color":"var(--ast-global-color-5)","background-image":"","background-repeat":"repeat","background-position":"center center","background-size":"auto","background-attachment":"scroll","background-type":"","background-media":"","overlay-type":"","overlay-color":"","overlay-gradient":""},"tablet":{"background-color":"var(--ast-global-color-5)","background-image":"","background-repeat":"repeat","background-position":"center center","background-size":"auto","background-attachment":"scroll","background-type":"","background-media":"","overlay-type":"","overlay-color":"","overlay-gradient":""},"mobile":{"background-color":"var(--ast-global-color-5)","background-image":"","background-repeat":"repeat","background-position":"center center","background-size":"auto","background-attachment":"scroll","background-type":"","background-media":"","overlay-type":"","overlay-color":"","overlay-gradient":""}}},"product_cat":[68],"product_tag":[],"class_list":{"0":"post-2377","1":"product","2":"type-product","3":"status-publish","4":"has-post-thumbnail","6":"product_cat-prensas","7":"desktop-align-left","8":"tablet-align-left","9":"mobile-align-left","11":"first","12":"instock","13":"shipping-taxable","14":"product-type-simple"},"yoast_head":"<!-- This site is optimized with the Yoast SEO plugin v22.2 - https:\/\/yoast.com\/wordpress\/plugins\/seo\/ -->\r\n<title>Prensa Secabo TPD7 PREMIUM - Euninos<\/title>\r\n<meta name=\"robots\" content=\"index, follow, max-snippet:-1, max-image-preview:large, max-video-preview:-1\" \/>\r\n<link rel=\"canonical\" href=\"https:\/\/euninos.com\/es\/artigo\/prensa-secabo-tpd7-premium\/\" \/>\r\n<meta property=\"og:locale\" content=\"es_ES\" \/>\r\n<meta property=\"og:type\" content=\"article\" \/>\r\n<meta property=\"og:title\" content=\"Prensa Secabo TPD7 PREMIUM - Euninos\" \/>\r\n<meta property=\"og:description\" content=\"Desempenho superior em alta press\u00e3o de contato, excelente sa\u00edda de calor e distribui\u00e7\u00e3o de calor: Este \u00e9 o padr\u00e3o estabelecido pela nova prensa t\u00e9rmica TPD7 PREMIUM da Secabo. Beneficie dos recursos vers\u00e1teis, opera\u00e7\u00e3o autom\u00e1tica da cabe\u00e7a de prensagem e design modular oferecidos pela prensa pneum\u00e1tica de placa dupla. As placas de base espa\u00e7osas, cada uma [&hellip;]\" \/>\r\n<meta property=\"og:url\" content=\"https:\/\/euninos.com\/es\/artigo\/prensa-secabo-tpd7-premium\/\" \/>\r\n<meta property=\"og:site_name\" content=\"Euninos\" \/>\r\n<meta property=\"article:publisher\" content=\"https:\/\/www.facebook.com\/euninos\" \/>\r\n<meta property=\"article:modified_time\" content=\"2024-10-04T07:56:25+00:00\" \/>\r\n<meta property=\"og:image\" content=\"https:\/\/euninos.com\/wp-content\/uploads\/2022\/10\/TPD7-PREMIUM.jpg\" \/>\r\n\t<meta property=\"og:image:width\" content=\"1600\" \/>\r\n\t<meta property=\"og:image:height\" content=\"1080\" \/>\r\n\t<meta property=\"og:image:type\" content=\"image\/jpeg\" \/>\r\n<meta name=\"twitter:card\" content=\"summary_large_image\" \/>\r\n<meta name=\"twitter:label1\" content=\"Tiempo de lectura\" \/>\n\t<meta name=\"twitter:data1\" content=\"2 minutos\" \/>\r\n<script type=\"application\/ld+json\" class=\"yoast-schema-graph\">{\"@context\":\"https:\/\/schema.org\",\"@graph\":[{\"@type\":\"WebPage\",\"@id\":\"https:\/\/euninos.com\/artigo\/prensa-secabo-tpd7-premium\/\",\"url\":\"https:\/\/euninos.com\/artigo\/prensa-secabo-tpd7-premium\/\",\"name\":\"Prensa Secabo TPD7 PREMIUM - Euninos\",\"isPartOf\":{\"@id\":\"https:\/\/euninos.com\/#website\"},\"primaryImageOfPage\":{\"@id\":\"https:\/\/euninos.com\/artigo\/prensa-secabo-tpd7-premium\/#primaryimage\"},\"image\":{\"@id\":\"https:\/\/euninos.com\/artigo\/prensa-secabo-tpd7-premium\/#primaryimage\"},\"thumbnailUrl\":\"https:\/\/euninos.com\/wp-content\/uploads\/2022\/10\/TPD7-PREMIUM.jpg\",\"datePublished\":\"2022-10-25T09:37:46+00:00\",\"dateModified\":\"2024-10-04T07:56:25+00:00\",\"breadcrumb\":{\"@id\":\"https:\/\/euninos.com\/artigo\/prensa-secabo-tpd7-premium\/#breadcrumb\"},\"inLanguage\":\"es\",\"potentialAction\":[{\"@type\":\"ReadAction\",\"target\":[\"https:\/\/euninos.com\/artigo\/prensa-secabo-tpd7-premium\/\"]}]},{\"@type\":\"ImageObject\",\"inLanguage\":\"es\",\"@id\":\"https:\/\/euninos.com\/artigo\/prensa-secabo-tpd7-premium\/#primaryimage\",\"url\":\"https:\/\/euninos.com\/wp-content\/uploads\/2022\/10\/TPD7-PREMIUM.jpg\",\"contentUrl\":\"https:\/\/euninos.com\/wp-content\/uploads\/2022\/10\/TPD7-PREMIUM.jpg\",\"width\":1600,\"height\":1080},{\"@type\":\"BreadcrumbList\",\"@id\":\"https:\/\/euninos.com\/artigo\/prensa-secabo-tpd7-premium\/#breadcrumb\",\"itemListElement\":[{\"@type\":\"ListItem\",\"position\":1,\"name\":\"Produtos\",\"item\":\"https:\/\/euninos.com\/produtos\/\"},{\"@type\":\"ListItem\",\"position\":2,\"name\":\"Prensa Secabo TPD7 PREMIUM\"}]},{\"@type\":\"WebSite\",\"@id\":\"https:\/\/euninos.com\/#website\",\"url\":\"https:\/\/euninos.com\/\",\"name\":\"Euninos\",\"description\":\"Produtos de Impress\u00e3o e Corte\",\"publisher\":{\"@id\":\"https:\/\/euninos.com\/#organization\"},\"potentialAction\":[{\"@type\":\"SearchAction\",\"target\":{\"@type\":\"EntryPoint\",\"urlTemplate\":\"https:\/\/euninos.com\/?s={search_term_string}\"},\"query-input\":\"required name=search_term_string\"}],\"inLanguage\":\"es\"},{\"@type\":\"Organization\",\"@id\":\"https:\/\/euninos.com\/#organization\",\"name\":\"Euninos\",\"url\":\"https:\/\/euninos.com\/\",\"logo\":{\"@type\":\"ImageObject\",\"inLanguage\":\"es\",\"@id\":\"https:\/\/euninos.com\/#\/schema\/logo\/image\/\",\"url\":\"https:\/\/euninos.com\/wp-content\/uploads\/2022\/05\/cropped-logo-euninos-vector-Copia.png\",\"contentUrl\":\"https:\/\/euninos.com\/wp-content\/uploads\/2022\/05\/cropped-logo-euninos-vector-Copia.png\",\"width\":300,\"height\":170,\"caption\":\"Euninos\"},\"image\":{\"@id\":\"https:\/\/euninos.com\/#\/schema\/logo\/image\/\"},\"sameAs\":[\"https:\/\/www.facebook.com\/euninos\",\"https:\/\/www.instagram.com\/euninos.lda\",\"https:\/\/www.linkedin.com\/company\/euninos\",\"https:\/\/www.youtube.com\/c\/EuninosLda\"]}]}<\/script>\r\n<!-- \/ Yoast SEO plugin. -->","yoast_head_json":{"title":"Prensa Secabo TPD7 PREMIUM - Euninos","robots":{"index":"index","follow":"follow","max-snippet":"max-snippet:-1","max-image-preview":"max-image-preview:large","max-video-preview":"max-video-preview:-1"},"canonical":"https:\/\/euninos.com\/es\/artigo\/prensa-secabo-tpd7-premium\/","og_locale":"es_ES","og_type":"article","og_title":"Prensa Secabo TPD7 PREMIUM - Euninos","og_description":"Desempenho superior em alta press\u00e3o de contato, excelente sa\u00edda de calor e distribui\u00e7\u00e3o de calor: Este \u00e9 o padr\u00e3o estabelecido pela nova prensa t\u00e9rmica TPD7 PREMIUM da Secabo. Beneficie dos recursos vers\u00e1teis, opera\u00e7\u00e3o autom\u00e1tica da cabe\u00e7a de prensagem e design modular oferecidos pela prensa pneum\u00e1tica de placa dupla. As placas de base espa\u00e7osas, cada uma [&hellip;]","og_url":"https:\/\/euninos.com\/es\/artigo\/prensa-secabo-tpd7-premium\/","og_site_name":"Euninos","article_publisher":"https:\/\/www.facebook.com\/euninos","article_modified_time":"2024-10-04T07:56:25+00:00","og_image":[{"width":1600,"height":1080,"url":"https:\/\/euninos.com\/wp-content\/uploads\/2022\/10\/TPD7-PREMIUM.jpg","type":"image\/jpeg"}],"twitter_card":"summary_large_image","twitter_misc":{"Tiempo de lectura":"2 minutos"},"schema":{"@context":"https:\/\/schema.org","@graph":[{"@type":"WebPage","@id":"https:\/\/euninos.com\/artigo\/prensa-secabo-tpd7-premium\/","url":"https:\/\/euninos.com\/artigo\/prensa-secabo-tpd7-premium\/","name":"Prensa Secabo TPD7 PREMIUM - Euninos","isPartOf":{"@id":"https:\/\/euninos.com\/#website"},"primaryImageOfPage":{"@id":"https:\/\/euninos.com\/artigo\/prensa-secabo-tpd7-premium\/#primaryimage"},"image":{"@id":"https:\/\/euninos.com\/artigo\/prensa-secabo-tpd7-premium\/#primaryimage"},"thumbnailUrl":"https:\/\/euninos.com\/wp-content\/uploads\/2022\/10\/TPD7-PREMIUM.jpg","datePublished":"2022-10-25T09:37:46+00:00","dateModified":"2024-10-04T07:56:25+00:00","breadcrumb":{"@id":"https:\/\/euninos.com\/artigo\/prensa-secabo-tpd7-premium\/#breadcrumb"},"inLanguage":"es","potentialAction":[{"@type":"ReadAction","target":["https:\/\/euninos.com\/artigo\/prensa-secabo-tpd7-premium\/"]}]},{"@type":"ImageObject","inLanguage":"es","@id":"https:\/\/euninos.com\/artigo\/prensa-secabo-tpd7-premium\/#primaryimage","url":"https:\/\/euninos.com\/wp-content\/uploads\/2022\/10\/TPD7-PREMIUM.jpg","contentUrl":"https:\/\/euninos.com\/wp-content\/uploads\/2022\/10\/TPD7-PREMIUM.jpg","width":1600,"height":1080},{"@type":"BreadcrumbList","@id":"https:\/\/euninos.com\/artigo\/prensa-secabo-tpd7-premium\/#breadcrumb","itemListElement":[{"@type":"ListItem","position":1,"name":"Produtos","item":"https:\/\/euninos.com\/produtos\/"},{"@type":"ListItem","position":2,"name":"Prensa Secabo TPD7 PREMIUM"}]},{"@type":"WebSite","@id":"https:\/\/euninos.com\/#website","url":"https:\/\/euninos.com\/","name":"Euninos","description":"Produtos de Impress\u00e3o e Corte","publisher":{"@id":"https:\/\/euninos.com\/#organization"},"potentialAction":[{"@type":"SearchAction","target":{"@type":"EntryPoint","urlTemplate":"https:\/\/euninos.com\/?s={search_term_string}"},"query-input":"required name=search_term_string"}],"inLanguage":"es"},{"@type":"Organization","@id":"https:\/\/euninos.com\/#organization","name":"Euninos","url":"https:\/\/euninos.com\/","logo":{"@type":"ImageObject","inLanguage":"es","@id":"https:\/\/euninos.com\/#\/schema\/logo\/image\/","url":"https:\/\/euninos.com\/wp-content\/uploads\/2022\/05\/cropped-logo-euninos-vector-Copia.png","contentUrl":"https:\/\/euninos.com\/wp-content\/uploads\/2022\/05\/cropped-logo-euninos-vector-Copia.png","width":300,"height":170,"caption":"Euninos"},"image":{"@id":"https:\/\/euninos.com\/#\/schema\/logo\/image\/"},"sameAs":["https:\/\/www.facebook.com\/euninos","https:\/\/www.instagram.com\/euninos.lda","https:\/\/www.linkedin.com\/company\/euninos","https:\/\/www.youtube.com\/c\/EuninosLda"]}]}},"_links":{"self":[{"href":"https:\/\/euninos.com\/es\/wp-json\/wp\/v2\/product\/2377","targetHints":{"allow":["GET"]}}],"collection":[{"href":"https:\/\/euninos.com\/es\/wp-json\/wp\/v2\/product"}],"about":[{"href":"https:\/\/euninos.com\/es\/wp-json\/wp\/v2\/types\/product"}],"wp:featuredmedia":[{"embeddable":true,"href":"https:\/\/euninos.com\/es\/wp-json\/wp\/v2\/media\/2380"}],"wp:attachment":[{"href":"https:\/\/euninos.com\/es\/wp-json\/wp\/v2\/media?parent=2377"}],"wp:term":[{"taxonomy":"product_cat","embeddable":true,"href":"https:\/\/euninos.com\/es\/wp-json\/wp\/v2\/product_cat?post=2377"},{"taxonomy":"product_tag","embeddable":true,"href":"https:\/\/euninos.com\/es\/wp-json\/wp\/v2\/product_tag?post=2377"}],"curies":[{"name":"wp","href":"https:\/\/api.w.org\/{rel}","templated":true}]}}