{"id":2374,"date":"2022-10-25T10:32:33","date_gmt":"2022-10-25T09:32:33","guid":{"rendered":"https:\/\/euninos.com\/?post_type=product&#038;p=2374"},"modified":"2024-10-07T17:16:35","modified_gmt":"2024-10-07T16:16:35","slug":"prensa-secabo-tpd7","status":"publish","type":"product","link":"https:\/\/euninos.com\/es\/artigo\/prensa-secabo-tpd7\/","title":{"rendered":"Prensa Secabo TPD7 40&#215;50"},"content":{"rendered":"<p>A nova prensa t\u00e9rmica TPD7 da Secabo \u00e9 ideal para o processamento profissional e preciso de transfer\u00eancias em larga escala e extensas em grandes edi\u00e7\u00f5es e suporta todos os m\u00e9todos de transfer\u00eancia comumente usados.<\/p>\n<p>A press\u00e3o produzida por esta prensa t\u00e9rmica de placa dupla \u00e9 alcan\u00e7ada atrav\u00e9s de ar comprimido, o que significa um trabalho significativamente mais f\u00e1cil e resultados consistentes e replic\u00e1veis.<\/p>\n<p>Com um tamanho de 40 x 50 cm cada, as duas placas de trabalho oferecem uma \u00e1rea de trabalho particularmente generosa para o posicionamento confort\u00e1vel de objetos de transfer\u00eancia. Ao contr\u00e1rio da sua antecessora, as placas de base do TPD7 s\u00e3o fornecidas em formato retrato, simplificando ainda mais o posicionamento preciso dos objetos a serem transferidos.<\/p>\n<p>A superf\u00edcie de trabalho confort\u00e1vel em cada placa de base exposta tamb\u00e9m ajuda a aumentar a qualidade e a precis\u00e3o das transfer\u00eancias. A cabe\u00e7a da placa de aquecimento m\u00f3vel horizontalmente pode ser alinhada suavemente sobre a respectiva placa de trabalho e a press\u00e3o de impacto vertical permite uma transfer\u00eancia perfeita de v\u00e1rios materiais sem desalinhamentos ou problemas semelhantes.<\/p>","protected":false},"excerpt":{"rendered":"<p>A nova prensa t\u00e9rmica TPD7 da Secabo \u00e9 ideal para o processamento profissional e preciso de transfer\u00eancias em larga escala e extensas em grandes edi\u00e7\u00f5es e suporta todos os m\u00e9todos de transfer\u00eancia comumente usados. A press\u00e3o produzida por esta prensa t\u00e9rmica de placa dupla \u00e9 alcan\u00e7ada atrav\u00e9s de ar comprimido, o que significa um trabalho [&hellip;]<\/p>","protected":false},"featured_media":2978,"template":"","meta":{"site-sidebar-layout":"default","site-content-layout":"default","ast-site-content-layout":"default","site-content-style":"default","site-sidebar-style":"default","ast-global-header-display":"","ast-banner-title-visibility":"","ast-main-header-display":"","ast-hfb-above-header-display":"","ast-hfb-below-header-display":"","ast-hfb-mobile-header-display":"","site-post-title":"","ast-breadcrumbs-content":"","ast-featured-img":"","footer-sml-layout":"","theme-transparent-header-meta":"default","adv-header-id-meta":"","stick-header-meta":"","header-above-stick-meta":"","header-main-stick-meta":"","header-below-stick-meta":"","astra-migrate-meta-layouts":"set","ast-page-background-enabled":"default","ast-page-background-meta":{"desktop":{"background-color":"var(--ast-global-color-4)","background-image":"","background-repeat":"repeat","background-position":"center center","background-size":"auto","background-attachment":"scroll","background-type":"","background-media":"","overlay-type":"","overlay-color":"","overlay-gradient":""},"tablet":{"background-color":"","background-image":"","background-repeat":"repeat","background-position":"center center","background-size":"auto","background-attachment":"scroll","background-type":"","background-media":"","overlay-type":"","overlay-color":"","overlay-gradient":""},"mobile":{"background-color":"","background-image":"","background-repeat":"repeat","background-position":"center center","background-size":"auto","background-attachment":"scroll","background-type":"","background-media":"","overlay-type":"","overlay-color":"","overlay-gradient":""}},"ast-content-background-meta":{"desktop":{"background-color":"var(--ast-global-color-5)","background-image":"","background-repeat":"repeat","background-position":"center center","background-size":"auto","background-attachment":"scroll","background-type":"","background-media":"","overlay-type":"","overlay-color":"","overlay-gradient":""},"tablet":{"background-color":"var(--ast-global-color-5)","background-image":"","background-repeat":"repeat","background-position":"center center","background-size":"auto","background-attachment":"scroll","background-type":"","background-media":"","overlay-type":"","overlay-color":"","overlay-gradient":""},"mobile":{"background-color":"var(--ast-global-color-5)","background-image":"","background-repeat":"repeat","background-position":"center center","background-size":"auto","background-attachment":"scroll","background-type":"","background-media":"","overlay-type":"","overlay-color":"","overlay-gradient":""}}},"product_cat":[68],"product_tag":[],"class_list":{"0":"post-2374","1":"product","2":"type-product","3":"status-publish","4":"has-post-thumbnail","6":"product_cat-prensas","7":"desktop-align-left","8":"tablet-align-left","9":"mobile-align-left","11":"first","12":"instock","13":"shipping-taxable","14":"product-type-simple"},"yoast_head":"<!-- This site is optimized with the Yoast SEO plugin v22.2 - https:\/\/yoast.com\/wordpress\/plugins\/seo\/ -->\r\n<title>Prensa Secabo TPD7 40x50 - Euninos<\/title>\r\n<meta name=\"robots\" content=\"index, follow, max-snippet:-1, max-image-preview:large, max-video-preview:-1\" \/>\r\n<link rel=\"canonical\" href=\"https:\/\/euninos.com\/es\/artigo\/prensa-secabo-tpd7\/\" \/>\r\n<meta property=\"og:locale\" content=\"es_ES\" \/>\r\n<meta property=\"og:type\" content=\"article\" \/>\r\n<meta property=\"og:title\" content=\"Prensa Secabo TPD7 40x50 - Euninos\" \/>\r\n<meta property=\"og:description\" content=\"A nova prensa t\u00e9rmica TPD7 da Secabo \u00e9 ideal para o processamento profissional e preciso de transfer\u00eancias em larga escala e extensas em grandes edi\u00e7\u00f5es e suporta todos os m\u00e9todos de transfer\u00eancia comumente usados. A press\u00e3o produzida por esta prensa t\u00e9rmica de placa dupla \u00e9 alcan\u00e7ada atrav\u00e9s de ar comprimido, o que significa um trabalho [&hellip;]\" \/>\r\n<meta property=\"og:url\" content=\"https:\/\/euninos.com\/es\/artigo\/prensa-secabo-tpd7\/\" \/>\r\n<meta property=\"og:site_name\" content=\"Euninos\" \/>\r\n<meta property=\"article:publisher\" content=\"https:\/\/www.facebook.com\/euninos\" \/>\r\n<meta property=\"article:modified_time\" content=\"2024-10-07T16:16:35+00:00\" \/>\r\n<meta property=\"og:image\" content=\"https:\/\/euninos.com\/wp-content\/uploads\/2022\/10\/Untitled-design-38-1024x768.png\" \/>\r\n\t<meta property=\"og:image:width\" content=\"1024\" \/>\r\n\t<meta property=\"og:image:height\" content=\"768\" \/>\r\n\t<meta property=\"og:image:type\" content=\"image\/png\" \/>\r\n<meta name=\"twitter:card\" content=\"summary_large_image\" \/>\r\n<meta name=\"twitter:label1\" content=\"Tiempo de lectura\" \/>\n\t<meta name=\"twitter:data1\" content=\"2 minutos\" \/>\r\n<script type=\"application\/ld+json\" class=\"yoast-schema-graph\">{\"@context\":\"https:\/\/schema.org\",\"@graph\":[{\"@type\":\"WebPage\",\"@id\":\"https:\/\/euninos.com\/artigo\/prensa-secabo-tpd7\/\",\"url\":\"https:\/\/euninos.com\/artigo\/prensa-secabo-tpd7\/\",\"name\":\"Prensa Secabo TPD7 40x50 - Euninos\",\"isPartOf\":{\"@id\":\"https:\/\/euninos.com\/#website\"},\"primaryImageOfPage\":{\"@id\":\"https:\/\/euninos.com\/artigo\/prensa-secabo-tpd7\/#primaryimage\"},\"image\":{\"@id\":\"https:\/\/euninos.com\/artigo\/prensa-secabo-tpd7\/#primaryimage\"},\"thumbnailUrl\":\"https:\/\/euninos.com\/wp-content\/uploads\/2022\/10\/Untitled-design-38.png\",\"datePublished\":\"2022-10-25T09:32:33+00:00\",\"dateModified\":\"2024-10-07T16:16:35+00:00\",\"breadcrumb\":{\"@id\":\"https:\/\/euninos.com\/artigo\/prensa-secabo-tpd7\/#breadcrumb\"},\"inLanguage\":\"es\",\"potentialAction\":[{\"@type\":\"ReadAction\",\"target\":[\"https:\/\/euninos.com\/artigo\/prensa-secabo-tpd7\/\"]}]},{\"@type\":\"ImageObject\",\"inLanguage\":\"es\",\"@id\":\"https:\/\/euninos.com\/artigo\/prensa-secabo-tpd7\/#primaryimage\",\"url\":\"https:\/\/euninos.com\/wp-content\/uploads\/2022\/10\/Untitled-design-38.png\",\"contentUrl\":\"https:\/\/euninos.com\/wp-content\/uploads\/2022\/10\/Untitled-design-38.png\",\"width\":3750,\"height\":2813},{\"@type\":\"BreadcrumbList\",\"@id\":\"https:\/\/euninos.com\/artigo\/prensa-secabo-tpd7\/#breadcrumb\",\"itemListElement\":[{\"@type\":\"ListItem\",\"position\":1,\"name\":\"Produtos\",\"item\":\"https:\/\/euninos.com\/produtos\/\"},{\"@type\":\"ListItem\",\"position\":2,\"name\":\"Prensa Secabo TPD7 40&#215;50\"}]},{\"@type\":\"WebSite\",\"@id\":\"https:\/\/euninos.com\/#website\",\"url\":\"https:\/\/euninos.com\/\",\"name\":\"Euninos\",\"description\":\"Produtos de Impress\u00e3o e Corte\",\"publisher\":{\"@id\":\"https:\/\/euninos.com\/#organization\"},\"potentialAction\":[{\"@type\":\"SearchAction\",\"target\":{\"@type\":\"EntryPoint\",\"urlTemplate\":\"https:\/\/euninos.com\/?s={search_term_string}\"},\"query-input\":\"required name=search_term_string\"}],\"inLanguage\":\"es\"},{\"@type\":\"Organization\",\"@id\":\"https:\/\/euninos.com\/#organization\",\"name\":\"Euninos\",\"url\":\"https:\/\/euninos.com\/\",\"logo\":{\"@type\":\"ImageObject\",\"inLanguage\":\"es\",\"@id\":\"https:\/\/euninos.com\/#\/schema\/logo\/image\/\",\"url\":\"https:\/\/euninos.com\/wp-content\/uploads\/2022\/05\/cropped-logo-euninos-vector-Copia.png\",\"contentUrl\":\"https:\/\/euninos.com\/wp-content\/uploads\/2022\/05\/cropped-logo-euninos-vector-Copia.png\",\"width\":300,\"height\":170,\"caption\":\"Euninos\"},\"image\":{\"@id\":\"https:\/\/euninos.com\/#\/schema\/logo\/image\/\"},\"sameAs\":[\"https:\/\/www.facebook.com\/euninos\",\"https:\/\/www.instagram.com\/euninos.lda\",\"https:\/\/www.linkedin.com\/company\/euninos\",\"https:\/\/www.youtube.com\/c\/EuninosLda\"]}]}<\/script>\r\n<!-- \/ Yoast SEO plugin. -->","yoast_head_json":{"title":"Prensa Secabo TPD7 40x50 - Euninos","robots":{"index":"index","follow":"follow","max-snippet":"max-snippet:-1","max-image-preview":"max-image-preview:large","max-video-preview":"max-video-preview:-1"},"canonical":"https:\/\/euninos.com\/es\/artigo\/prensa-secabo-tpd7\/","og_locale":"es_ES","og_type":"article","og_title":"Prensa Secabo TPD7 40x50 - Euninos","og_description":"A nova prensa t\u00e9rmica TPD7 da Secabo \u00e9 ideal para o processamento profissional e preciso de transfer\u00eancias em larga escala e extensas em grandes edi\u00e7\u00f5es e suporta todos os m\u00e9todos de transfer\u00eancia comumente usados. A press\u00e3o produzida por esta prensa t\u00e9rmica de placa dupla \u00e9 alcan\u00e7ada atrav\u00e9s de ar comprimido, o que significa um trabalho [&hellip;]","og_url":"https:\/\/euninos.com\/es\/artigo\/prensa-secabo-tpd7\/","og_site_name":"Euninos","article_publisher":"https:\/\/www.facebook.com\/euninos","article_modified_time":"2024-10-07T16:16:35+00:00","og_image":[{"width":1024,"height":768,"url":"https:\/\/euninos.com\/wp-content\/uploads\/2022\/10\/Untitled-design-38-1024x768.png","type":"image\/png"}],"twitter_card":"summary_large_image","twitter_misc":{"Tiempo de lectura":"2 minutos"},"schema":{"@context":"https:\/\/schema.org","@graph":[{"@type":"WebPage","@id":"https:\/\/euninos.com\/artigo\/prensa-secabo-tpd7\/","url":"https:\/\/euninos.com\/artigo\/prensa-secabo-tpd7\/","name":"Prensa Secabo TPD7 40x50 - Euninos","isPartOf":{"@id":"https:\/\/euninos.com\/#website"},"primaryImageOfPage":{"@id":"https:\/\/euninos.com\/artigo\/prensa-secabo-tpd7\/#primaryimage"},"image":{"@id":"https:\/\/euninos.com\/artigo\/prensa-secabo-tpd7\/#primaryimage"},"thumbnailUrl":"https:\/\/euninos.com\/wp-content\/uploads\/2022\/10\/Untitled-design-38.png","datePublished":"2022-10-25T09:32:33+00:00","dateModified":"2024-10-07T16:16:35+00:00","breadcrumb":{"@id":"https:\/\/euninos.com\/artigo\/prensa-secabo-tpd7\/#breadcrumb"},"inLanguage":"es","potentialAction":[{"@type":"ReadAction","target":["https:\/\/euninos.com\/artigo\/prensa-secabo-tpd7\/"]}]},{"@type":"ImageObject","inLanguage":"es","@id":"https:\/\/euninos.com\/artigo\/prensa-secabo-tpd7\/#primaryimage","url":"https:\/\/euninos.com\/wp-content\/uploads\/2022\/10\/Untitled-design-38.png","contentUrl":"https:\/\/euninos.com\/wp-content\/uploads\/2022\/10\/Untitled-design-38.png","width":3750,"height":2813},{"@type":"BreadcrumbList","@id":"https:\/\/euninos.com\/artigo\/prensa-secabo-tpd7\/#breadcrumb","itemListElement":[{"@type":"ListItem","position":1,"name":"Produtos","item":"https:\/\/euninos.com\/produtos\/"},{"@type":"ListItem","position":2,"name":"Prensa Secabo TPD7 40&#215;50"}]},{"@type":"WebSite","@id":"https:\/\/euninos.com\/#website","url":"https:\/\/euninos.com\/","name":"Euninos","description":"Produtos de Impress\u00e3o e Corte","publisher":{"@id":"https:\/\/euninos.com\/#organization"},"potentialAction":[{"@type":"SearchAction","target":{"@type":"EntryPoint","urlTemplate":"https:\/\/euninos.com\/?s={search_term_string}"},"query-input":"required name=search_term_string"}],"inLanguage":"es"},{"@type":"Organization","@id":"https:\/\/euninos.com\/#organization","name":"Euninos","url":"https:\/\/euninos.com\/","logo":{"@type":"ImageObject","inLanguage":"es","@id":"https:\/\/euninos.com\/#\/schema\/logo\/image\/","url":"https:\/\/euninos.com\/wp-content\/uploads\/2022\/05\/cropped-logo-euninos-vector-Copia.png","contentUrl":"https:\/\/euninos.com\/wp-content\/uploads\/2022\/05\/cropped-logo-euninos-vector-Copia.png","width":300,"height":170,"caption":"Euninos"},"image":{"@id":"https:\/\/euninos.com\/#\/schema\/logo\/image\/"},"sameAs":["https:\/\/www.facebook.com\/euninos","https:\/\/www.instagram.com\/euninos.lda","https:\/\/www.linkedin.com\/company\/euninos","https:\/\/www.youtube.com\/c\/EuninosLda"]}]}},"_links":{"self":[{"href":"https:\/\/euninos.com\/es\/wp-json\/wp\/v2\/product\/2374","targetHints":{"allow":["GET"]}}],"collection":[{"href":"https:\/\/euninos.com\/es\/wp-json\/wp\/v2\/product"}],"about":[{"href":"https:\/\/euninos.com\/es\/wp-json\/wp\/v2\/types\/product"}],"wp:featuredmedia":[{"embeddable":true,"href":"https:\/\/euninos.com\/es\/wp-json\/wp\/v2\/media\/2978"}],"wp:attachment":[{"href":"https:\/\/euninos.com\/es\/wp-json\/wp\/v2\/media?parent=2374"}],"wp:term":[{"taxonomy":"product_cat","embeddable":true,"href":"https:\/\/euninos.com\/es\/wp-json\/wp\/v2\/product_cat?post=2374"},{"taxonomy":"product_tag","embeddable":true,"href":"https:\/\/euninos.com\/es\/wp-json\/wp\/v2\/product_tag?post=2374"}],"curies":[{"name":"wp","href":"https:\/\/api.w.org\/{rel}","templated":true}]}}