{"id":2367,"date":"2022-10-25T09:38:44","date_gmt":"2022-10-25T08:38:44","guid":{"rendered":"https:\/\/euninos.com\/?post_type=product&#038;p=2367"},"modified":"2024-10-07T17:19:21","modified_gmt":"2024-10-07T16:19:21","slug":"prensa-secabo-ts7-beast","status":"publish","type":"product","link":"https:\/\/euninos.com\/es\/artigo\/prensa-secabo-ts7-beast\/","title":{"rendered":"Prensa Secabo TS7 Beast"},"content":{"rendered":"<p>O dispositivo profissional absoluto para aplica\u00e7\u00f5es de ponta ao mais alto n\u00edvelTHE BEAST da Secabo combina uma prensa de transfer\u00eancia inteligente rec\u00e9m-desenvolvida, bem como uma placa inferior aquecida.<\/p>\n<p>TS7 SMART &#8211; o cora\u00e7\u00e3o da THE BEAST \u00e9 a primeira prensa de transfer\u00eancia da Secabo &#8220;Made in Germany&#8221;. THE BEAST permite aplica\u00e7\u00f5es de alta qualidade e transfer\u00eancias t\u00eaxteis suaves. Gra\u00e7as ao seu design modular, a rec\u00e9m-desenvolvida prensa de transfer\u00eancia Secabo TS7 SMART em combina\u00e7\u00e3o com a Thermobase TB7 pode dominar at\u00e9 mesmo as tarefas de acabamento t\u00eaxtil mais exigentes. O produto combinado &#8220;THE BEAST&#8221; trabalha r\u00e1pido, \u00e9 suave para os t\u00eaxteis e resolve os problemas t\u00edpicos de transfer\u00eancia.<\/p>\n<p>Processa impress\u00f5es de grande \u00e1rea com \u00e1rea de trabalho de <strong>40 x 50 cm<\/strong> e cria objetos de transfer\u00eancia de at\u00e9 sete cent\u00edmetros de altura. O novo TS7 SMART tamb\u00e9m pode ser controlado opcionalmente com a app Secabo. Possui o banco de dados de par\u00e2metros de transfer\u00eancia mais completo atualmente dispon\u00edvel no mercado: o usu\u00e1rio seleciona o tipo de tecido e o meio de transfer\u00eancia e recebe automaticamente as configura\u00e7\u00f5es apropriadas de temperatura, tempo e press\u00e3o.<\/p>\n<p>Uma grande vantagem da app Secabo s\u00e3o as instru\u00e7\u00f5es simples para processos complexos de transfer\u00eancia em v\u00e1rias etapas. Nova tecnologia de aquecimento para transfer\u00eancias com a nova Thermobase TB7, a Secabo tamb\u00e9m oferece uma placa inferior aquecida como complemento. Isto \u00e9 particularmente recomendado para t\u00eaxteis sens\u00edveis. Tamb\u00e9m garante transfer\u00eancias confi\u00e1veis \u200b\u200bde toner branco e transfer\u00eancias de sublima\u00e7\u00e3o. Ao usar a Thermobase, o calor tamb\u00e9m vem de baixo. Isso permite temperaturas de transfer\u00eancia mais baixas em geral, tempos de transfer\u00eancia mais curtos e reduz marcas nos tecidos.<\/p>\n<p>A BEAST \u00e9 f\u00e1cil de operar e pode ser usado mesmo por iniciantes. A BEAST \u00e9 compat\u00edvel com sistemas de troca r\u00e1pida, placas intercambi\u00e1veis \u200b\u200be a extens\u00e3o Slide, bem como outros acess\u00f3rios da Secabo.<\/p>\n<p>Secabo transfer press TS7 SMART:Interface Bluetooth para Secabo SMART Transfer App com seu pr\u00f3prio banco de dados de transfer\u00eancia e v\u00e1rios recursos adicionais:<\/p>\n<ul>\n<li>Controlador digital para temperatura, tempo, pr\u00e9-impress\u00e3o, fun\u00e7\u00e3o de contagem e muitos outros recursos com conceito operacional inovador<\/li>\n<li>\u00c2ngulo de giro muito grande 110\u00b0 Adequado para objetos de transfer\u00eancia de 0 mm &#8211; 70 mm de altura<\/li>\n<li>Max. Press\u00e3o de contato de 250g\/cm\u00b2 alcan\u00e7\u00e1vel com pouca for\u00e7a da m\u00e3o<\/li>\n<li>Dire\u00e7\u00e3o de giro selecion\u00e1vel esquerda\/direita<\/li>\n<li>Compat\u00edvel com engate r\u00e1pido e slide<\/li>\n<li>Design modular, compat\u00edvel com v\u00e1rias placas de aquecimento e base Secabo Thermobase TB7 40cm x 50cm: A temperatura do TB7 \u00e9 regulada com seu pr\u00f3prio controlador Secabo<\/li>\n<li>Base aquecida placa como extens\u00e3o para seus modelos de 40cm x 50cm da Secabo, como TC7 SMART, TS7 SMART, TPD7 e TPD7 PREMIUM.<\/li>\n<li>Particularmente adequado para tecidos delicados<\/li>\n<li>F\u00e1cil montagem, tamb\u00e9m em trocador r\u00e1pido e extens\u00e3o deslizante<\/li>\n<li>Aquece rapidamente a uma temperatura de 160 \u00b0C<\/li>\n<li>Baixa pot\u00eancia consumo<\/li>\n<li>Para a adapta\u00e7\u00e3o de muitas prensas de transfer\u00eancia Secabo antigas e quase todas novas<\/li>\n<li>Trocador r\u00e1pido de placas intercambi\u00e1veis \u200b\u200bSecabo para as s\u00e9ries LITE e SMART Monte at\u00e9 tr\u00eas placas intercambi\u00e1veis \u200b\u200buma ao lado da outra (placas intercambi\u00e1veis \u200b\u200bdevem ser encomendadas separadamente)<\/li>\n<li>Placas intercambi\u00e1veis \u200b\u200bpodem ser trocadas em segundos<\/li>\n<li>Inclu\u00eddo na entrega: um adaptador para montar a placa de base original no trocador r\u00e1pido<\/li>\n<\/ul>","protected":false},"excerpt":{"rendered":"<p>O dispositivo profissional absoluto para aplica\u00e7\u00f5es de ponta ao mais alto n\u00edvelTHE BEAST da Secabo combina uma prensa de transfer\u00eancia inteligente rec\u00e9m-desenvolvida, bem como uma placa inferior aquecida. TS7 SMART &#8211; o cora\u00e7\u00e3o da THE BEAST \u00e9 a primeira prensa de transfer\u00eancia da Secabo &#8220;Made in Germany&#8221;. THE BEAST permite aplica\u00e7\u00f5es de alta qualidade e [&hellip;]<\/p>","protected":false},"featured_media":2980,"template":"","meta":{"site-sidebar-layout":"default","site-content-layout":"default","ast-site-content-layout":"default","site-content-style":"default","site-sidebar-style":"default","ast-global-header-display":"","ast-banner-title-visibility":"","ast-main-header-display":"","ast-hfb-above-header-display":"","ast-hfb-below-header-display":"","ast-hfb-mobile-header-display":"","site-post-title":"","ast-breadcrumbs-content":"","ast-featured-img":"","footer-sml-layout":"","theme-transparent-header-meta":"default","adv-header-id-meta":"","stick-header-meta":"","header-above-stick-meta":"","header-main-stick-meta":"","header-below-stick-meta":"","astra-migrate-meta-layouts":"set","ast-page-background-enabled":"default","ast-page-background-meta":{"desktop":{"background-color":"var(--ast-global-color-4)","background-image":"","background-repeat":"repeat","background-position":"center center","background-size":"auto","background-attachment":"scroll","background-type":"","background-media":"","overlay-type":"","overlay-color":"","overlay-gradient":""},"tablet":{"background-color":"","background-image":"","background-repeat":"repeat","background-position":"center center","background-size":"auto","background-attachment":"scroll","background-type":"","background-media":"","overlay-type":"","overlay-color":"","overlay-gradient":""},"mobile":{"background-color":"","background-image":"","background-repeat":"repeat","background-position":"center center","background-size":"auto","background-attachment":"scroll","background-type":"","background-media":"","overlay-type":"","overlay-color":"","overlay-gradient":""}},"ast-content-background-meta":{"desktop":{"background-color":"var(--ast-global-color-5)","background-image":"","background-repeat":"repeat","background-position":"center center","background-size":"auto","background-attachment":"scroll","background-type":"","background-media":"","overlay-type":"","overlay-color":"","overlay-gradient":""},"tablet":{"background-color":"var(--ast-global-color-5)","background-image":"","background-repeat":"repeat","background-position":"center center","background-size":"auto","background-attachment":"scroll","background-type":"","background-media":"","overlay-type":"","overlay-color":"","overlay-gradient":""},"mobile":{"background-color":"var(--ast-global-color-5)","background-image":"","background-repeat":"repeat","background-position":"center center","background-size":"auto","background-attachment":"scroll","background-type":"","background-media":"","overlay-type":"","overlay-color":"","overlay-gradient":""}}},"product_cat":[68],"product_tag":[],"class_list":{"0":"post-2367","1":"product","2":"type-product","3":"status-publish","4":"has-post-thumbnail","6":"product_cat-prensas","7":"desktop-align-left","8":"tablet-align-left","9":"mobile-align-left","11":"first","12":"instock","13":"shipping-taxable","14":"product-type-simple"},"yoast_head":"<!-- This site is optimized with the Yoast SEO plugin v22.2 - https:\/\/yoast.com\/wordpress\/plugins\/seo\/ -->\r\n<title>Prensa Secabo TS7 Beast - Euninos<\/title>\r\n<meta name=\"robots\" content=\"index, follow, max-snippet:-1, max-image-preview:large, max-video-preview:-1\" \/>\r\n<link rel=\"canonical\" href=\"https:\/\/euninos.com\/es\/artigo\/prensa-secabo-ts7-beast\/\" \/>\r\n<meta property=\"og:locale\" content=\"es_ES\" \/>\r\n<meta property=\"og:type\" content=\"article\" \/>\r\n<meta property=\"og:title\" content=\"Prensa Secabo TS7 Beast - Euninos\" \/>\r\n<meta property=\"og:description\" content=\"O dispositivo profissional absoluto para aplica\u00e7\u00f5es de ponta ao mais alto n\u00edvelTHE BEAST da Secabo combina uma prensa de transfer\u00eancia inteligente rec\u00e9m-desenvolvida, bem como uma placa inferior aquecida. TS7 SMART &#8211; o cora\u00e7\u00e3o da THE BEAST \u00e9 a primeira prensa de transfer\u00eancia da Secabo &#8220;Made in Germany&#8221;. THE BEAST permite aplica\u00e7\u00f5es de alta qualidade e [&hellip;]\" \/>\r\n<meta property=\"og:url\" content=\"https:\/\/euninos.com\/es\/artigo\/prensa-secabo-ts7-beast\/\" \/>\r\n<meta property=\"og:site_name\" content=\"Euninos\" \/>\r\n<meta property=\"article:publisher\" content=\"https:\/\/www.facebook.com\/euninos\" \/>\r\n<meta property=\"article:modified_time\" content=\"2024-10-07T16:19:21+00:00\" \/>\r\n<meta property=\"og:image\" content=\"https:\/\/euninos.com\/wp-content\/uploads\/2022\/10\/Untitled-design-41-1024x768.png\" \/>\r\n\t<meta property=\"og:image:width\" content=\"1024\" \/>\r\n\t<meta property=\"og:image:height\" content=\"768\" \/>\r\n\t<meta property=\"og:image:type\" content=\"image\/png\" \/>\r\n<meta name=\"twitter:card\" content=\"summary_large_image\" \/>\r\n<meta name=\"twitter:label1\" content=\"Tiempo de lectura\" \/>\n\t<meta name=\"twitter:data1\" content=\"4 minutos\" \/>\r\n<script type=\"application\/ld+json\" class=\"yoast-schema-graph\">{\"@context\":\"https:\/\/schema.org\",\"@graph\":[{\"@type\":\"WebPage\",\"@id\":\"https:\/\/euninos.com\/artigo\/prensa-secabo-ts7-beast\/\",\"url\":\"https:\/\/euninos.com\/artigo\/prensa-secabo-ts7-beast\/\",\"name\":\"Prensa Secabo TS7 Beast - Euninos\",\"isPartOf\":{\"@id\":\"https:\/\/euninos.com\/#website\"},\"primaryImageOfPage\":{\"@id\":\"https:\/\/euninos.com\/artigo\/prensa-secabo-ts7-beast\/#primaryimage\"},\"image\":{\"@id\":\"https:\/\/euninos.com\/artigo\/prensa-secabo-ts7-beast\/#primaryimage\"},\"thumbnailUrl\":\"https:\/\/euninos.com\/wp-content\/uploads\/2022\/10\/Untitled-design-41.png\",\"datePublished\":\"2022-10-25T08:38:44+00:00\",\"dateModified\":\"2024-10-07T16:19:21+00:00\",\"breadcrumb\":{\"@id\":\"https:\/\/euninos.com\/artigo\/prensa-secabo-ts7-beast\/#breadcrumb\"},\"inLanguage\":\"es\",\"potentialAction\":[{\"@type\":\"ReadAction\",\"target\":[\"https:\/\/euninos.com\/artigo\/prensa-secabo-ts7-beast\/\"]}]},{\"@type\":\"ImageObject\",\"inLanguage\":\"es\",\"@id\":\"https:\/\/euninos.com\/artigo\/prensa-secabo-ts7-beast\/#primaryimage\",\"url\":\"https:\/\/euninos.com\/wp-content\/uploads\/2022\/10\/Untitled-design-41.png\",\"contentUrl\":\"https:\/\/euninos.com\/wp-content\/uploads\/2022\/10\/Untitled-design-41.png\",\"width\":3750,\"height\":2813},{\"@type\":\"BreadcrumbList\",\"@id\":\"https:\/\/euninos.com\/artigo\/prensa-secabo-ts7-beast\/#breadcrumb\",\"itemListElement\":[{\"@type\":\"ListItem\",\"position\":1,\"name\":\"Produtos\",\"item\":\"https:\/\/euninos.com\/produtos\/\"},{\"@type\":\"ListItem\",\"position\":2,\"name\":\"Prensa Secabo TS7 Beast\"}]},{\"@type\":\"WebSite\",\"@id\":\"https:\/\/euninos.com\/#website\",\"url\":\"https:\/\/euninos.com\/\",\"name\":\"Euninos\",\"description\":\"Produtos de Impress\u00e3o e Corte\",\"publisher\":{\"@id\":\"https:\/\/euninos.com\/#organization\"},\"potentialAction\":[{\"@type\":\"SearchAction\",\"target\":{\"@type\":\"EntryPoint\",\"urlTemplate\":\"https:\/\/euninos.com\/?s={search_term_string}\"},\"query-input\":\"required name=search_term_string\"}],\"inLanguage\":\"es\"},{\"@type\":\"Organization\",\"@id\":\"https:\/\/euninos.com\/#organization\",\"name\":\"Euninos\",\"url\":\"https:\/\/euninos.com\/\",\"logo\":{\"@type\":\"ImageObject\",\"inLanguage\":\"es\",\"@id\":\"https:\/\/euninos.com\/#\/schema\/logo\/image\/\",\"url\":\"https:\/\/euninos.com\/wp-content\/uploads\/2022\/05\/cropped-logo-euninos-vector-Copia.png\",\"contentUrl\":\"https:\/\/euninos.com\/wp-content\/uploads\/2022\/05\/cropped-logo-euninos-vector-Copia.png\",\"width\":300,\"height\":170,\"caption\":\"Euninos\"},\"image\":{\"@id\":\"https:\/\/euninos.com\/#\/schema\/logo\/image\/\"},\"sameAs\":[\"https:\/\/www.facebook.com\/euninos\",\"https:\/\/www.instagram.com\/euninos.lda\",\"https:\/\/www.linkedin.com\/company\/euninos\",\"https:\/\/www.youtube.com\/c\/EuninosLda\"]}]}<\/script>\r\n<!-- \/ Yoast SEO plugin. -->","yoast_head_json":{"title":"Prensa Secabo TS7 Beast - Euninos","robots":{"index":"index","follow":"follow","max-snippet":"max-snippet:-1","max-image-preview":"max-image-preview:large","max-video-preview":"max-video-preview:-1"},"canonical":"https:\/\/euninos.com\/es\/artigo\/prensa-secabo-ts7-beast\/","og_locale":"es_ES","og_type":"article","og_title":"Prensa Secabo TS7 Beast - Euninos","og_description":"O dispositivo profissional absoluto para aplica\u00e7\u00f5es de ponta ao mais alto n\u00edvelTHE BEAST da Secabo combina uma prensa de transfer\u00eancia inteligente rec\u00e9m-desenvolvida, bem como uma placa inferior aquecida. TS7 SMART &#8211; o cora\u00e7\u00e3o da THE BEAST \u00e9 a primeira prensa de transfer\u00eancia da Secabo &#8220;Made in Germany&#8221;. THE BEAST permite aplica\u00e7\u00f5es de alta qualidade e [&hellip;]","og_url":"https:\/\/euninos.com\/es\/artigo\/prensa-secabo-ts7-beast\/","og_site_name":"Euninos","article_publisher":"https:\/\/www.facebook.com\/euninos","article_modified_time":"2024-10-07T16:19:21+00:00","og_image":[{"width":1024,"height":768,"url":"https:\/\/euninos.com\/wp-content\/uploads\/2022\/10\/Untitled-design-41-1024x768.png","type":"image\/png"}],"twitter_card":"summary_large_image","twitter_misc":{"Tiempo de lectura":"4 minutos"},"schema":{"@context":"https:\/\/schema.org","@graph":[{"@type":"WebPage","@id":"https:\/\/euninos.com\/artigo\/prensa-secabo-ts7-beast\/","url":"https:\/\/euninos.com\/artigo\/prensa-secabo-ts7-beast\/","name":"Prensa Secabo TS7 Beast - Euninos","isPartOf":{"@id":"https:\/\/euninos.com\/#website"},"primaryImageOfPage":{"@id":"https:\/\/euninos.com\/artigo\/prensa-secabo-ts7-beast\/#primaryimage"},"image":{"@id":"https:\/\/euninos.com\/artigo\/prensa-secabo-ts7-beast\/#primaryimage"},"thumbnailUrl":"https:\/\/euninos.com\/wp-content\/uploads\/2022\/10\/Untitled-design-41.png","datePublished":"2022-10-25T08:38:44+00:00","dateModified":"2024-10-07T16:19:21+00:00","breadcrumb":{"@id":"https:\/\/euninos.com\/artigo\/prensa-secabo-ts7-beast\/#breadcrumb"},"inLanguage":"es","potentialAction":[{"@type":"ReadAction","target":["https:\/\/euninos.com\/artigo\/prensa-secabo-ts7-beast\/"]}]},{"@type":"ImageObject","inLanguage":"es","@id":"https:\/\/euninos.com\/artigo\/prensa-secabo-ts7-beast\/#primaryimage","url":"https:\/\/euninos.com\/wp-content\/uploads\/2022\/10\/Untitled-design-41.png","contentUrl":"https:\/\/euninos.com\/wp-content\/uploads\/2022\/10\/Untitled-design-41.png","width":3750,"height":2813},{"@type":"BreadcrumbList","@id":"https:\/\/euninos.com\/artigo\/prensa-secabo-ts7-beast\/#breadcrumb","itemListElement":[{"@type":"ListItem","position":1,"name":"Produtos","item":"https:\/\/euninos.com\/produtos\/"},{"@type":"ListItem","position":2,"name":"Prensa Secabo TS7 Beast"}]},{"@type":"WebSite","@id":"https:\/\/euninos.com\/#website","url":"https:\/\/euninos.com\/","name":"Euninos","description":"Produtos de Impress\u00e3o e Corte","publisher":{"@id":"https:\/\/euninos.com\/#organization"},"potentialAction":[{"@type":"SearchAction","target":{"@type":"EntryPoint","urlTemplate":"https:\/\/euninos.com\/?s={search_term_string}"},"query-input":"required name=search_term_string"}],"inLanguage":"es"},{"@type":"Organization","@id":"https:\/\/euninos.com\/#organization","name":"Euninos","url":"https:\/\/euninos.com\/","logo":{"@type":"ImageObject","inLanguage":"es","@id":"https:\/\/euninos.com\/#\/schema\/logo\/image\/","url":"https:\/\/euninos.com\/wp-content\/uploads\/2022\/05\/cropped-logo-euninos-vector-Copia.png","contentUrl":"https:\/\/euninos.com\/wp-content\/uploads\/2022\/05\/cropped-logo-euninos-vector-Copia.png","width":300,"height":170,"caption":"Euninos"},"image":{"@id":"https:\/\/euninos.com\/#\/schema\/logo\/image\/"},"sameAs":["https:\/\/www.facebook.com\/euninos","https:\/\/www.instagram.com\/euninos.lda","https:\/\/www.linkedin.com\/company\/euninos","https:\/\/www.youtube.com\/c\/EuninosLda"]}]}},"_links":{"self":[{"href":"https:\/\/euninos.com\/es\/wp-json\/wp\/v2\/product\/2367","targetHints":{"allow":["GET"]}}],"collection":[{"href":"https:\/\/euninos.com\/es\/wp-json\/wp\/v2\/product"}],"about":[{"href":"https:\/\/euninos.com\/es\/wp-json\/wp\/v2\/types\/product"}],"wp:featuredmedia":[{"embeddable":true,"href":"https:\/\/euninos.com\/es\/wp-json\/wp\/v2\/media\/2980"}],"wp:attachment":[{"href":"https:\/\/euninos.com\/es\/wp-json\/wp\/v2\/media?parent=2367"}],"wp:term":[{"taxonomy":"product_cat","embeddable":true,"href":"https:\/\/euninos.com\/es\/wp-json\/wp\/v2\/product_cat?post=2367"},{"taxonomy":"product_tag","embeddable":true,"href":"https:\/\/euninos.com\/es\/wp-json\/wp\/v2\/product_tag?post=2367"}],"curies":[{"name":"wp","href":"https:\/\/api.w.org\/{rel}","templated":true}]}}