{"id":1716,"date":"2022-05-26T11:28:36","date_gmt":"2022-05-26T10:28:36","guid":{"rendered":"https:\/\/euninos.com\/?post_type=product&#038;p=1716"},"modified":"2022-05-26T11:29:05","modified_gmt":"2022-05-26T10:29:05","slug":"versa-uv-lef-12i-lef2-200-lef-300","status":"publish","type":"product","link":"https:\/\/euninos.com\/es\/artigo\/versa-uv-lef-12i-lef2-200-lef-300\/","title":{"rendered":"VERSA UV LEF-12i\/LEF2-200\/LEF-300"},"content":{"rendered":"<h3>LEF-12i<br \/>\nAsequible, compacto y f\u00e1cil de usar<\/h3>\n<p>La VersaUV LEF-12i es una soluci\u00f3n asequible para las empresas que buscan ingresar al mercado de r\u00e1pido crecimiento de productos y servicios de impresi\u00f3n personalizados y personalizados. Lo suficientemente peque\u00f1a como para adaptarse a cualquier estudio, oficina o entorno comercial, la LEF-12i es un dispositivo compacto que imprime directamente en una amplia gama de objetos y superficies.<\/p>\n<h3>LEF2-200<\/h3>\n<p>Ahora es a\u00fan m\u00e1s f\u00e1cil agregar im\u00e1genes y texturas extraordinariamente realistas, adem\u00e1s de acabados de primera calidad que incluyen relieve simulado, a casi cualquier cosa. La LEF2-200 es la \u00faltima incorporaci\u00f3n a nuestra galardonada serie de impresoras de alimentaci\u00f3n por hojas LEF. Con un ancho de impresi\u00f3n de 0,5 m (20\") y un dise\u00f1o elegante, la LEF2-200 ofrece brillantes capacidades de impresi\u00f3n en color en una amplia gama de materiales, incluidos objetos tridimensionales de hasta 100 mm de grosor, en una impresora f\u00e1cil de usar.<\/p>\n<p><strong>El Roland LEF2-200 personaliza cualquier cosa<\/strong><\/p>\n<p>La VersaUV LEF2-200 facilita la impresi\u00f3n de fotograf\u00edas de gran calidad, im\u00e1genes sorprendentes y texto en casi cualquier cosa. A diferencia de otras impresoras de inyecci\u00f3n de tinta, la tinta ECO-UV se seca inmediatamente en la superficie del material, lo que le permite imprimir directamente sobre materiales r\u00edgidos o flexibles como PVC y pl\u00e1sticos, lienzos, madera, cuero y tela. Se pueden insertar materiales de hasta 100 mm de grosor y una tolerancia de 2 mm de altura facilita la impresi\u00f3n en objetos irregulares y curvos.<\/p>\n<p>La impresora UV LEF2-200 de Roland puede personalizar f\u00e1cilmente una amplia gama de art\u00edculos, como estuches para tel\u00e9fonos inteligentes, fundas para computadoras port\u00e1tiles, art\u00edculos promocionales, prototipos, recuerdos, bol\u00edgrafos, letreros, trofeos personalizados, regalos y m\u00e1s. La VersaUV LEF2-200 tambi\u00e9n est\u00e1 preparada para admitir un soporte de eje giratorio opcional para imprimir en botellas y otros objetos cil\u00edndricos.<\/p>\n<p>Una impresora UV, una tinta UV, un software RIP. La combinaci\u00f3n fue dise\u00f1ada en base a sus necesidades para trabajar con un solo sistema, de forma integrada. Con una impresora UV LEF2-200:<\/p>\n<ul>\n<li>Objetos personalizados impresos con una impresora VersaUV LEF2-200<\/li>\n<li>Imprima im\u00e1genes en color cuando lo desee, para personalizar o personalizar art\u00edculos de tama\u00f1o mediano o peque\u00f1o, desde un solo objeto hasta una tirada de producci\u00f3n corta.<br \/>\nLetreros t\u00e1ctiles Braille, impresos con una impresora VersaUV LEF2-200<\/li>\n<li>Produzca relieves tridimensionales y efectos especiales utilizando una tinta UV transparente, lo que le permite adherir un acabado brillante o mate al material.<\/li>\n<li>Auriculares personalizados impresos con una impresora VersaUV LEF2-200<\/li>\n<li>Cree efectos texturizados personalizados verdaderamente \u00fanicos, como gotas de agua, simulaci\u00f3n de madera y cuero, y muchos m\u00e1s.<\/li>\n<li>Trofeos personalizados impresos con una impresora VersaUV LEF2-200<\/li>\n<li>Obtenga im\u00e1genes a todo color en sustratos oscuros y claros con la tinta UV blanca de Roland.<\/li>\n<li>Botellas impresas con una impresora VersaUV LEF2-200<\/li>\n<li>Imprima sobre esquinas, curvas complejas y en una amplia gama de formas.<\/li>\n<li>Trofeos de cristal impresos con una impresora VersaUV LEF2-200<\/li>\n<li>Imprima im\u00e1genes en materiales que normalmente son m\u00e1s dif\u00edciles de adherir a la tinta, como acr\u00edlicos y vidrio*, utilizando la imprimaci\u00f3n est\u00e1ndar de Roland.<\/li>\n<\/ul>\n<p>*Para obtener los mejores resultados de imprimaci\u00f3n, se recomienda enf\u00e1ticamente que los usuarios prueben la adhesi\u00f3n en sustratos de concreto antes de la producci\u00f3n final.<\/p>\n<h3><strong>LEF-300<\/strong><\/h3>\n<p>Dise\u00f1ada para cumplir con los requisitos de alto volumen, la impresora de cama plana con LED UV VersaUV LEF-300 ofrece la flexibilidad de la personalizaci\u00f3n digital y lleva la productividad al siguiente nivel. La LEF-300 imprime directamente sobre una gama completa de superficies y objetos para una personalizaci\u00f3n eficiente de merchandising de marca, art\u00edculos promocionales, letreros, premios personalizados, obsequios, productos industriales, prototipos de productos y m\u00e1s. Las posibilidades son pr\u00e1cticamente infinitas.<\/p>\n<p>Optimice su flujo de trabajo con una serie de funciones de productividad<\/p>\n<p>La VersaUV LEF-300 tiene un \u00e1rea de impresi\u00f3n de gran capacidad que mide 770 mm de ancho por 330 mm de largo. Cuatro cabezales de impresi\u00f3n y dos l\u00e1mparas LED-UV permiten una r\u00e1pida impresi\u00f3n bidireccional en art\u00edculos de hasta 100 mm de altura y 8 kg de peso. Las tintas blanca y barniz circulan a trav\u00e9s de dos canales cada uno para una impresi\u00f3n a\u00fan m\u00e1s r\u00e1pida.<\/p>\n<p>ESPECIFICACIONES<\/p>\n<p>LEF-12i LEF2-200 LEF-300<br \/>\nTECNOLOG\u00cdA DE IMPRESI\u00d3N Cabezal de impresi\u00f3n de inyecci\u00f3n de tinta piezoel\u00e9ctrico<\/p>\n<p>MEDICI\u00d3N<\/p>\n<p>Dimensiones m\u00e1ximas 335 (ancho) x 310 (largo) x 100 (alto) mm M\u00e1x. 538 (ancho) x 360 (largo) x 100 (alto) mm M\u00e1x. 800 (ancho) x 360 (largo) x 100 (alto) mm<br \/>\npeso m\u00e1ximo 5 kg m\u00e1x. 8 kg<br \/>\nANCHO Y LARGO DE IMPRESI\u00d3N M\u00e1x. 305 (ancho) x 280 (largo) mm M\u00e1x. 508 (ancho) x 330 (largo) mm M\u00e1x. 770 (ancho) x 330 (largo) mm<br \/>\nCARTUCHOS DE TINTA Tipo y capacidad Cartucho ECO-UV de 220 cc, Cartucho ECO-UV de 500 cc (La tinta blanca no est\u00e1 disponible en cartuchos de 500 cc) Cartucho ECO-UV y ECO-UV4 de 220 cc Cartucho ECO-UV de 220 cc, Cartucho ECO-UV de 500 cc (La tinta blanca es no disponible en cartuchos de 500cc)<br \/>\nColores 6 colores (cyan, magenta, amarillo, negro, blanco y barniz) 5 colores (cyan, magenta, amarillo, negro, blanco x2); 5 colores (cian, magenta, amarillo, negro, blanco) y primer; 6 colores (cian, magenta, amarillo, negro, blanco y barniz) 6 colores (cian, magenta, amarillo, negro, blanco y barniz)<br \/>\nUNIDAD DE CURADO DE TINTA L\u00e1mpara UV-LED 2 l\u00e1mparas UV-LED<br \/>\nRESOLUCI\u00d3N DE IMPRESI\u00d3N M\u00e1x. 1440 ppp<br \/>\nPRECISI\u00d3N DE DISTANCIA * Error de menos de \u00b10,3 mm (\u00b111,8 mil) o \u00b10,3% de la distancia especificada, que es, sin embargo, mayor<br \/>\nPRECISI\u00d3N DE REPETICI\u00d3N * Error de menos de \u00b10,2 mm (\u00b17,9 mil) o \u00b10,1% de la distancia especificada, que es, sin embargo, mayor<br \/>\nCONECTIVIDADE Ethernet (10BASE-T\/100BASE-TX, comuta\u00e7\u00e3o autom\u00e1tica)<br \/>\nFUNCI\u00d3N DE AHORRO DE ENERG\u00cdA Funci\u00f3n de suspensi\u00f3n autom\u00e1tica<br \/>\nREQUISITOS DE ALIMENTACI\u00d3N De 100 a 240 V CA \u00b1 10 %, 1,8 A, 50\/60 Hz De 100 a 240 V CA \u00b1 10 %, 2,1 A, 50\/60 Hz<br \/>\nCONSUMO DE ENERG\u00cdA Durante el funcionamiento Aprox. 156 W aprox. 149 W aprox. 178W<br \/>\nModo de suspensi\u00f3n Aprox. 16,7 W aprox. 13 W aprox. 18W<\/p>\n<p>NIVEL DE RUIDO AC\u00daSTICO<\/p>\n<p>Durante la operaci\u00f3n 60 dB(A) o menos<br \/>\nModo de suspensi\u00f3n 49 dB(A) o menos<br \/>\nDIMENSIONES 999 (ancho) \u00d7 862 (fondo) \u00d7 549 (alto) mm; Cuando se inserta el cartucho; 1,866 \u00d7 955 \u00d7 576 mm 1,202 (ancho) \u00d7 962 (profundidad) \u00d7 549 (alto) mm 1,560 (ancho) \u00d7 955 (profundidad) \u00d7 576 (alto) mm; Cuando se inserta el cartucho; 1,866 \u00d7 955 \u00d7 576 mm<br \/>\nPESO 85 kg 110 kg 144 kg<br \/>\nAMBIENTE Temperatura de encendido: 20 a 32 \u00b0C (68 a 90 \u00b0F) (22 \u00b0C [72 \u00b0F] o superior | Humedad: 35 a 80 % HR (sin condensaci\u00f3n)<br \/>\nTemperatura de apagado: 5 a 40 \u00b0C (41 a 104 \u00b0F) | Humedad: 20 a 80% HR (sin condensaci\u00f3n)<br \/>\nELEMENTOS INCLUIDOS Roland VersaWorks Dual RIP y SOFTWARE DE ADMINISTRACI\u00d3N DE IMPRESI\u00d3N, manual del usuario, bandejas de almohadillas, cable de alimentaci\u00f3n, etc.<\/p>\n<p>* Temperatura: 23\u00b0C | Humedad: 50%<\/p>","protected":false},"excerpt":{"rendered":"<p>La VersaUV LEF-12i es una soluci\u00f3n asequible para las empresas que buscan ingresar al mercado de r\u00e1pido crecimiento de productos y servicios de impresi\u00f3n personalizados y personalizados.<\/p>","protected":false},"featured_media":1481,"template":"","meta":{"site-sidebar-layout":"default","site-content-layout":"default","ast-site-content-layout":"","site-content-style":"default","site-sidebar-style":"default","ast-global-header-display":"","ast-banner-title-visibility":"","ast-main-header-display":"","ast-hfb-above-header-display":"","ast-hfb-below-header-display":"","ast-hfb-mobile-header-display":"","site-post-title":"","ast-breadcrumbs-content":"","ast-featured-img":"","footer-sml-layout":"","theme-transparent-header-meta":"default","adv-header-id-meta":"","stick-header-meta":"","header-above-stick-meta":"","header-main-stick-meta":"","header-below-stick-meta":"","astra-migrate-meta-layouts":"default","ast-page-background-enabled":"default","ast-page-background-meta":{"desktop":{"background-color":"var(--ast-global-color-4)","background-image":"","background-repeat":"repeat","background-position":"center center","background-size":"auto","background-attachment":"scroll","background-type":"","background-media":"","overlay-type":"","overlay-color":"","overlay-gradient":""},"tablet":{"background-color":"","background-image":"","background-repeat":"repeat","background-position":"center center","background-size":"auto","background-attachment":"scroll","background-type":"","background-media":"","overlay-type":"","overlay-color":"","overlay-gradient":""},"mobile":{"background-color":"","background-image":"","background-repeat":"repeat","background-position":"center center","background-size":"auto","background-attachment":"scroll","background-type":"","background-media":"","overlay-type":"","overlay-color":"","overlay-gradient":""}},"ast-content-background-meta":{"desktop":{"background-color":"var(--ast-global-color-5)","background-image":"","background-repeat":"repeat","background-position":"center center","background-size":"auto","background-attachment":"scroll","background-type":"","background-media":"","overlay-type":"","overlay-color":"","overlay-gradient":""},"tablet":{"background-color":"var(--ast-global-color-5)","background-image":"","background-repeat":"repeat","background-position":"center center","background-size":"auto","background-attachment":"scroll","background-type":"","background-media":"","overlay-type":"","overlay-color":"","overlay-gradient":""},"mobile":{"background-color":"var(--ast-global-color-5)","background-image":"","background-repeat":"repeat","background-position":"center center","background-size":"auto","background-attachment":"scroll","background-type":"","background-media":"","overlay-type":"","overlay-color":"","overlay-gradient":""}}},"product_cat":[86],"product_tag":[],"class_list":{"0":"post-1716","1":"product","2":"type-product","3":"status-publish","4":"has-post-thumbnail","6":"product_cat-uv","7":"desktop-align-left","8":"tablet-align-left","9":"mobile-align-left","11":"first","12":"instock","13":"shipping-taxable","14":"product-type-simple"},"yoast_head":"<!-- This site is optimized with the Yoast SEO plugin v22.2 - https:\/\/yoast.com\/wordpress\/plugins\/seo\/ -->\r\n<title>VERSA UV LEF-12i\/LEF2-200\/LEF-300 - Euninos<\/title>\r\n<meta name=\"robots\" content=\"index, follow, max-snippet:-1, max-image-preview:large, max-video-preview:-1\" \/>\r\n<link rel=\"canonical\" href=\"https:\/\/euninos.com\/es\/artigo\/versa-uv-lef-12i-lef2-200-lef-300\/\" \/>\r\n<meta property=\"og:locale\" content=\"es_ES\" \/>\r\n<meta property=\"og:type\" content=\"article\" \/>\r\n<meta property=\"og:title\" content=\"VERSA UV LEF-12i\/LEF2-200\/LEF-300 - Euninos\" \/>\r\n<meta property=\"og:description\" content=\"A VersaUV LEF-12i \u00e9 uma solu\u00e7\u00e3o acess\u00edvel para empresas que querem entrar no mercado em r\u00e1pido crescimento de produtos e servi\u00e7os de impress\u00e3o personalizada e sob medida.\" \/>\r\n<meta property=\"og:url\" content=\"https:\/\/euninos.com\/es\/artigo\/versa-uv-lef-12i-lef2-200-lef-300\/\" \/>\r\n<meta property=\"og:site_name\" content=\"Euninos\" \/>\r\n<meta property=\"article:publisher\" content=\"https:\/\/www.facebook.com\/euninos\" \/>\r\n<meta property=\"article:modified_time\" content=\"2022-05-26T10:29:05+00:00\" \/>\r\n<meta property=\"og:image\" content=\"https:\/\/euninos.com\/wp-content\/uploads\/2022\/04\/LEF.jpg\" \/>\r\n\t<meta property=\"og:image:width\" content=\"1600\" \/>\r\n\t<meta property=\"og:image:height\" content=\"1080\" \/>\r\n\t<meta property=\"og:image:type\" content=\"image\/jpeg\" \/>\r\n<meta name=\"twitter:card\" content=\"summary_large_image\" \/>\r\n<meta name=\"twitter:label1\" content=\"Tiempo de lectura\" \/>\n\t<meta name=\"twitter:data1\" content=\"6 minutos\" \/>\r\n<script type=\"application\/ld+json\" class=\"yoast-schema-graph\">{\"@context\":\"https:\/\/schema.org\",\"@graph\":[{\"@type\":\"WebPage\",\"@id\":\"https:\/\/euninos.com\/artigo\/versa-uv-lef-12i-lef2-200-lef-300\/\",\"url\":\"https:\/\/euninos.com\/artigo\/versa-uv-lef-12i-lef2-200-lef-300\/\",\"name\":\"VERSA UV LEF-12i\/LEF2-200\/LEF-300 - Euninos\",\"isPartOf\":{\"@id\":\"https:\/\/euninos.com\/#website\"},\"primaryImageOfPage\":{\"@id\":\"https:\/\/euninos.com\/artigo\/versa-uv-lef-12i-lef2-200-lef-300\/#primaryimage\"},\"image\":{\"@id\":\"https:\/\/euninos.com\/artigo\/versa-uv-lef-12i-lef2-200-lef-300\/#primaryimage\"},\"thumbnailUrl\":\"https:\/\/euninos.com\/wp-content\/uploads\/2022\/04\/LEF.jpg\",\"datePublished\":\"2022-05-26T10:28:36+00:00\",\"dateModified\":\"2022-05-26T10:29:05+00:00\",\"breadcrumb\":{\"@id\":\"https:\/\/euninos.com\/artigo\/versa-uv-lef-12i-lef2-200-lef-300\/#breadcrumb\"},\"inLanguage\":\"es\",\"potentialAction\":[{\"@type\":\"ReadAction\",\"target\":[\"https:\/\/euninos.com\/artigo\/versa-uv-lef-12i-lef2-200-lef-300\/\"]}]},{\"@type\":\"ImageObject\",\"inLanguage\":\"es\",\"@id\":\"https:\/\/euninos.com\/artigo\/versa-uv-lef-12i-lef2-200-lef-300\/#primaryimage\",\"url\":\"https:\/\/euninos.com\/wp-content\/uploads\/2022\/04\/LEF.jpg\",\"contentUrl\":\"https:\/\/euninos.com\/wp-content\/uploads\/2022\/04\/LEF.jpg\",\"width\":1600,\"height\":1080},{\"@type\":\"BreadcrumbList\",\"@id\":\"https:\/\/euninos.com\/artigo\/versa-uv-lef-12i-lef2-200-lef-300\/#breadcrumb\",\"itemListElement\":[{\"@type\":\"ListItem\",\"position\":1,\"name\":\"Produtos\",\"item\":\"https:\/\/euninos.com\/produtos\/\"},{\"@type\":\"ListItem\",\"position\":2,\"name\":\"VERSA UV LEF-12i\/LEF2-200\/LEF-300\"}]},{\"@type\":\"WebSite\",\"@id\":\"https:\/\/euninos.com\/#website\",\"url\":\"https:\/\/euninos.com\/\",\"name\":\"Euninos\",\"description\":\"Produtos de Impress\u00e3o e Corte\",\"publisher\":{\"@id\":\"https:\/\/euninos.com\/#organization\"},\"potentialAction\":[{\"@type\":\"SearchAction\",\"target\":{\"@type\":\"EntryPoint\",\"urlTemplate\":\"https:\/\/euninos.com\/?s={search_term_string}\"},\"query-input\":\"required name=search_term_string\"}],\"inLanguage\":\"es\"},{\"@type\":\"Organization\",\"@id\":\"https:\/\/euninos.com\/#organization\",\"name\":\"Euninos\",\"url\":\"https:\/\/euninos.com\/\",\"logo\":{\"@type\":\"ImageObject\",\"inLanguage\":\"es\",\"@id\":\"https:\/\/euninos.com\/#\/schema\/logo\/image\/\",\"url\":\"https:\/\/euninos.com\/wp-content\/uploads\/2022\/05\/cropped-logo-euninos-vector-Copia.png\",\"contentUrl\":\"https:\/\/euninos.com\/wp-content\/uploads\/2022\/05\/cropped-logo-euninos-vector-Copia.png\",\"width\":300,\"height\":170,\"caption\":\"Euninos\"},\"image\":{\"@id\":\"https:\/\/euninos.com\/#\/schema\/logo\/image\/\"},\"sameAs\":[\"https:\/\/www.facebook.com\/euninos\",\"https:\/\/www.instagram.com\/euninos.lda\",\"https:\/\/www.linkedin.com\/company\/euninos\",\"https:\/\/www.youtube.com\/c\/EuninosLda\"]}]}<\/script>\r\n<!-- \/ Yoast SEO plugin. -->","yoast_head_json":{"title":"VERSA UV LEF-12i\/LEF2-200\/LEF-300 - Euninos","robots":{"index":"index","follow":"follow","max-snippet":"max-snippet:-1","max-image-preview":"max-image-preview:large","max-video-preview":"max-video-preview:-1"},"canonical":"https:\/\/euninos.com\/es\/artigo\/versa-uv-lef-12i-lef2-200-lef-300\/","og_locale":"es_ES","og_type":"article","og_title":"VERSA UV LEF-12i\/LEF2-200\/LEF-300 - Euninos","og_description":"A VersaUV LEF-12i \u00e9 uma solu\u00e7\u00e3o acess\u00edvel para empresas que querem entrar no mercado em r\u00e1pido crescimento de produtos e servi\u00e7os de impress\u00e3o personalizada e sob medida.","og_url":"https:\/\/euninos.com\/es\/artigo\/versa-uv-lef-12i-lef2-200-lef-300\/","og_site_name":"Euninos","article_publisher":"https:\/\/www.facebook.com\/euninos","article_modified_time":"2022-05-26T10:29:05+00:00","og_image":[{"width":1600,"height":1080,"url":"https:\/\/euninos.com\/wp-content\/uploads\/2022\/04\/LEF.jpg","type":"image\/jpeg"}],"twitter_card":"summary_large_image","twitter_misc":{"Tiempo de lectura":"6 minutos"},"schema":{"@context":"https:\/\/schema.org","@graph":[{"@type":"WebPage","@id":"https:\/\/euninos.com\/artigo\/versa-uv-lef-12i-lef2-200-lef-300\/","url":"https:\/\/euninos.com\/artigo\/versa-uv-lef-12i-lef2-200-lef-300\/","name":"VERSA UV LEF-12i\/LEF2-200\/LEF-300 - Euninos","isPartOf":{"@id":"https:\/\/euninos.com\/#website"},"primaryImageOfPage":{"@id":"https:\/\/euninos.com\/artigo\/versa-uv-lef-12i-lef2-200-lef-300\/#primaryimage"},"image":{"@id":"https:\/\/euninos.com\/artigo\/versa-uv-lef-12i-lef2-200-lef-300\/#primaryimage"},"thumbnailUrl":"https:\/\/euninos.com\/wp-content\/uploads\/2022\/04\/LEF.jpg","datePublished":"2022-05-26T10:28:36+00:00","dateModified":"2022-05-26T10:29:05+00:00","breadcrumb":{"@id":"https:\/\/euninos.com\/artigo\/versa-uv-lef-12i-lef2-200-lef-300\/#breadcrumb"},"inLanguage":"es","potentialAction":[{"@type":"ReadAction","target":["https:\/\/euninos.com\/artigo\/versa-uv-lef-12i-lef2-200-lef-300\/"]}]},{"@type":"ImageObject","inLanguage":"es","@id":"https:\/\/euninos.com\/artigo\/versa-uv-lef-12i-lef2-200-lef-300\/#primaryimage","url":"https:\/\/euninos.com\/wp-content\/uploads\/2022\/04\/LEF.jpg","contentUrl":"https:\/\/euninos.com\/wp-content\/uploads\/2022\/04\/LEF.jpg","width":1600,"height":1080},{"@type":"BreadcrumbList","@id":"https:\/\/euninos.com\/artigo\/versa-uv-lef-12i-lef2-200-lef-300\/#breadcrumb","itemListElement":[{"@type":"ListItem","position":1,"name":"Produtos","item":"https:\/\/euninos.com\/produtos\/"},{"@type":"ListItem","position":2,"name":"VERSA UV LEF-12i\/LEF2-200\/LEF-300"}]},{"@type":"WebSite","@id":"https:\/\/euninos.com\/#website","url":"https:\/\/euninos.com\/","name":"Euninos","description":"Produtos de Impress\u00e3o e Corte","publisher":{"@id":"https:\/\/euninos.com\/#organization"},"potentialAction":[{"@type":"SearchAction","target":{"@type":"EntryPoint","urlTemplate":"https:\/\/euninos.com\/?s={search_term_string}"},"query-input":"required name=search_term_string"}],"inLanguage":"es"},{"@type":"Organization","@id":"https:\/\/euninos.com\/#organization","name":"Euninos","url":"https:\/\/euninos.com\/","logo":{"@type":"ImageObject","inLanguage":"es","@id":"https:\/\/euninos.com\/#\/schema\/logo\/image\/","url":"https:\/\/euninos.com\/wp-content\/uploads\/2022\/05\/cropped-logo-euninos-vector-Copia.png","contentUrl":"https:\/\/euninos.com\/wp-content\/uploads\/2022\/05\/cropped-logo-euninos-vector-Copia.png","width":300,"height":170,"caption":"Euninos"},"image":{"@id":"https:\/\/euninos.com\/#\/schema\/logo\/image\/"},"sameAs":["https:\/\/www.facebook.com\/euninos","https:\/\/www.instagram.com\/euninos.lda","https:\/\/www.linkedin.com\/company\/euninos","https:\/\/www.youtube.com\/c\/EuninosLda"]}]}},"_links":{"self":[{"href":"https:\/\/euninos.com\/es\/wp-json\/wp\/v2\/product\/1716","targetHints":{"allow":["GET"]}}],"collection":[{"href":"https:\/\/euninos.com\/es\/wp-json\/wp\/v2\/product"}],"about":[{"href":"https:\/\/euninos.com\/es\/wp-json\/wp\/v2\/types\/product"}],"wp:featuredmedia":[{"embeddable":true,"href":"https:\/\/euninos.com\/es\/wp-json\/wp\/v2\/media\/1481"}],"wp:attachment":[{"href":"https:\/\/euninos.com\/es\/wp-json\/wp\/v2\/media?parent=1716"}],"wp:term":[{"taxonomy":"product_cat","embeddable":true,"href":"https:\/\/euninos.com\/es\/wp-json\/wp\/v2\/product_cat?post=1716"},{"taxonomy":"product_tag","embeddable":true,"href":"https:\/\/euninos.com\/es\/wp-json\/wp\/v2\/product_tag?post=1716"}],"curies":[{"name":"wp","href":"https:\/\/api.w.org\/{rel}","templated":true}]}}