{"id":1542,"date":"2022-05-23T10:56:06","date_gmt":"2022-05-23T10:56:06","guid":{"rendered":"https:\/\/euninos.com\/?post_type=product&#038;p=1542"},"modified":"2022-05-23T10:57:16","modified_gmt":"2022-05-23T10:57:16","slug":"truevis-sg3-540-300","status":"publish","type":"product","link":"https:\/\/euninos.com\/es\/artigo\/truevis-sg3-540-300\/","title":{"rendered":"TrueVIS SG3-540\/300"},"content":{"rendered":"<p><strong>La generaci\u00f3n m\u00e1s avanzada de TrueVIS<\/strong><\/p>\n<ul>\n<li>Los cabezales de impresi\u00f3n FlexFire, las tintas TR2 y True Rich Color, junto con las funciones intuitivas, hacen de la SG3 la impresora de rendimiento ideal.<\/li>\n<li>Un chasis renovado, componentes de alta calidad y numerosas mejoras en el manejo de materiales hacen que la SG3 sea ideal para tiradas de calcoman\u00edas, se\u00f1alizaci\u00f3n peque\u00f1a, etiquetado parcial y m\u00e1s.<\/li>\n<\/ul>\n<p><strong>Funciones avanzadas pensando en usted<\/strong><\/p>\n<ul>\n<li>Panel de control t\u00e1ctil LCD de 7\u2033 intuitivo y f\u00e1cil de operar.<\/li>\n<li>Ajuste autom\u00e1tico de espacio entre materiales para ahorrar tiempo y material.<\/li>\n<li>La nueva unidad de recogida ajustable acomoda rollos de diferentes dimensiones.<\/li>\n<li>La sujeci\u00f3n de material con un solo toque facilita la carga de rollos de material en el caso de un solo operador.<\/li>\n<\/ul>\n<p><strong>A la medida de sus necesidades<\/strong><\/p>\n<ul>\n<li>Con una amplia gama de funciones y tintas TR2 en CMYK, la SG3 ofrece un valor incre\u00edble para los proveedores de servicios de impresi\u00f3n y los creadores de ilustraciones.<\/li>\n<li>Un modelo de 54\u2033 es la soluci\u00f3n ideal para negocios nuevos o negocios existentes que buscan expandir la producci\u00f3n.<\/li>\n<li>La SG3-300 de 30\u2033 es la combinaci\u00f3n perfecta de rendimiento y asequibilidad para comenzar a imprimir letreros e ilustraciones rentables.<\/li>\n<\/ul>\n<p><strong>Recursos adicionales<\/strong><\/p>\n<ul>\n<li>Incluye VersaWorks 6 RIP con el nuevo preajuste True Rich Color 3, el selector de tono m\u00e1s cercano y la funci\u00f3n de trabajo de variaci\u00f3n.<\/li>\n<li>Compatible con la aplicaci\u00f3n Roland DG Connect, que le brinda acceso instant\u00e1neo a datos importantes sobre sus trabajos de impresi\u00f3n y su negocio.<\/li>\n<li>Una unidad de recogida incluida con cada dispositivo SG3 le brinda mayor control y precisi\u00f3n para trabajos de impresi\u00f3n y corte de todos los tama\u00f1os.<\/li>\n<li>Las tintas TR2 CMYK siempre brindan resultados sorprendentes en se\u00f1alizaci\u00f3n e ilustraciones.<\/li>\n<\/ul>","protected":false},"excerpt":{"rendered":"<p>A gera\u00e7\u00e3o mais avan\u00e7ada da TrueVIS As cabe\u00e7as de impress\u00e3o FlexFire, tintas TR2 e True Rich Color, em conjunto com recursos intuitivos fazem da SG3 a impressora ideal ao n\u00edvel do desempenho. Um chassis renovado, componentes de alta qualidade e in\u00fameras melhorias ao n\u00edvel do manuseamento dos materiais tornam a SG3 ideal para tiragens com [&hellip;]<\/p>","protected":false},"featured_media":1546,"template":"","meta":{"site-sidebar-layout":"default","site-content-layout":"default","ast-site-content-layout":"","site-content-style":"default","site-sidebar-style":"default","ast-global-header-display":"","ast-banner-title-visibility":"","ast-main-header-display":"","ast-hfb-above-header-display":"","ast-hfb-below-header-display":"","ast-hfb-mobile-header-display":"","site-post-title":"","ast-breadcrumbs-content":"","ast-featured-img":"","footer-sml-layout":"","theme-transparent-header-meta":"default","adv-header-id-meta":"","stick-header-meta":"","header-above-stick-meta":"","header-main-stick-meta":"","header-below-stick-meta":"","astra-migrate-meta-layouts":"default","ast-page-background-enabled":"default","ast-page-background-meta":{"desktop":{"background-color":"var(--ast-global-color-4)","background-image":"","background-repeat":"repeat","background-position":"center center","background-size":"auto","background-attachment":"scroll","background-type":"","background-media":"","overlay-type":"","overlay-color":"","overlay-gradient":""},"tablet":{"background-color":"","background-image":"","background-repeat":"repeat","background-position":"center center","background-size":"auto","background-attachment":"scroll","background-type":"","background-media":"","overlay-type":"","overlay-color":"","overlay-gradient":""},"mobile":{"background-color":"","background-image":"","background-repeat":"repeat","background-position":"center center","background-size":"auto","background-attachment":"scroll","background-type":"","background-media":"","overlay-type":"","overlay-color":"","overlay-gradient":""}},"ast-content-background-meta":{"desktop":{"background-color":"var(--ast-global-color-5)","background-image":"","background-repeat":"repeat","background-position":"center center","background-size":"auto","background-attachment":"scroll","background-type":"","background-media":"","overlay-type":"","overlay-color":"","overlay-gradient":""},"tablet":{"background-color":"var(--ast-global-color-5)","background-image":"","background-repeat":"repeat","background-position":"center center","background-size":"auto","background-attachment":"scroll","background-type":"","background-media":"","overlay-type":"","overlay-color":"","overlay-gradient":""},"mobile":{"background-color":"var(--ast-global-color-5)","background-image":"","background-repeat":"repeat","background-position":"center center","background-size":"auto","background-attachment":"scroll","background-type":"","background-media":"","overlay-type":"","overlay-color":"","overlay-gradient":""}}},"product_cat":[63],"product_tag":[],"class_list":{"0":"post-1542","1":"product","2":"type-product","3":"status-publish","4":"has-post-thumbnail","6":"product_cat-impressao-e-corte","7":"desktop-align-left","8":"tablet-align-left","9":"mobile-align-left","11":"first","12":"instock","13":"shipping-taxable","14":"product-type-simple"},"yoast_head":"<!-- This site is optimized with the Yoast SEO plugin v22.2 - https:\/\/yoast.com\/wordpress\/plugins\/seo\/ -->\r\n<title>TrueVIS SG3-540\/300 - Euninos<\/title>\r\n<meta name=\"robots\" content=\"index, follow, max-snippet:-1, max-image-preview:large, max-video-preview:-1\" \/>\r\n<link rel=\"canonical\" href=\"https:\/\/euninos.com\/es\/artigo\/truevis-sg3-540-300\/\" \/>\r\n<meta property=\"og:locale\" content=\"es_ES\" \/>\r\n<meta property=\"og:type\" content=\"article\" \/>\r\n<meta property=\"og:title\" content=\"TrueVIS SG3-540\/300 - Euninos\" \/>\r\n<meta property=\"og:description\" content=\"A gera\u00e7\u00e3o mais avan\u00e7ada da TrueVIS As cabe\u00e7as de impress\u00e3o FlexFire, tintas TR2 e True Rich Color, em conjunto com recursos intuitivos fazem da SG3 a impressora ideal ao n\u00edvel do desempenho. Um chassis renovado, componentes de alta qualidade e in\u00fameras melhorias ao n\u00edvel do manuseamento dos materiais tornam a SG3 ideal para tiragens com [&hellip;]\" \/>\r\n<meta property=\"og:url\" content=\"https:\/\/euninos.com\/es\/artigo\/truevis-sg3-540-300\/\" \/>\r\n<meta property=\"og:site_name\" content=\"Euninos\" \/>\r\n<meta property=\"article:publisher\" content=\"https:\/\/www.facebook.com\/euninos\" \/>\r\n<meta property=\"article:modified_time\" content=\"2022-05-23T10:57:16+00:00\" \/>\r\n<meta property=\"og:image\" content=\"https:\/\/euninos.com\/wp-content\/uploads\/2022\/05\/truevis.jpg\" \/>\r\n\t<meta property=\"og:image:width\" content=\"1600\" \/>\r\n\t<meta property=\"og:image:height\" content=\"1080\" \/>\r\n\t<meta property=\"og:image:type\" content=\"image\/jpeg\" \/>\r\n<meta name=\"twitter:card\" content=\"summary_large_image\" \/>\r\n<meta name=\"twitter:label1\" content=\"Tiempo de lectura\" \/>\n\t<meta name=\"twitter:data1\" content=\"2 minutos\" \/>\r\n<script type=\"application\/ld+json\" class=\"yoast-schema-graph\">{\"@context\":\"https:\/\/schema.org\",\"@graph\":[{\"@type\":\"WebPage\",\"@id\":\"https:\/\/euninos.com\/artigo\/truevis-sg3-540-300\/\",\"url\":\"https:\/\/euninos.com\/artigo\/truevis-sg3-540-300\/\",\"name\":\"TrueVIS SG3-540\/300 - Euninos\",\"isPartOf\":{\"@id\":\"https:\/\/euninos.com\/#website\"},\"primaryImageOfPage\":{\"@id\":\"https:\/\/euninos.com\/artigo\/truevis-sg3-540-300\/#primaryimage\"},\"image\":{\"@id\":\"https:\/\/euninos.com\/artigo\/truevis-sg3-540-300\/#primaryimage\"},\"thumbnailUrl\":\"https:\/\/euninos.com\/wp-content\/uploads\/2022\/05\/truevis.jpg\",\"datePublished\":\"2022-05-23T10:56:06+00:00\",\"dateModified\":\"2022-05-23T10:57:16+00:00\",\"breadcrumb\":{\"@id\":\"https:\/\/euninos.com\/artigo\/truevis-sg3-540-300\/#breadcrumb\"},\"inLanguage\":\"es\",\"potentialAction\":[{\"@type\":\"ReadAction\",\"target\":[\"https:\/\/euninos.com\/artigo\/truevis-sg3-540-300\/\"]}]},{\"@type\":\"ImageObject\",\"inLanguage\":\"es\",\"@id\":\"https:\/\/euninos.com\/artigo\/truevis-sg3-540-300\/#primaryimage\",\"url\":\"https:\/\/euninos.com\/wp-content\/uploads\/2022\/05\/truevis.jpg\",\"contentUrl\":\"https:\/\/euninos.com\/wp-content\/uploads\/2022\/05\/truevis.jpg\",\"width\":1600,\"height\":1080},{\"@type\":\"BreadcrumbList\",\"@id\":\"https:\/\/euninos.com\/artigo\/truevis-sg3-540-300\/#breadcrumb\",\"itemListElement\":[{\"@type\":\"ListItem\",\"position\":1,\"name\":\"Produtos\",\"item\":\"https:\/\/euninos.com\/produtos\/\"},{\"@type\":\"ListItem\",\"position\":2,\"name\":\"TrueVIS SG3-540\/300\"}]},{\"@type\":\"WebSite\",\"@id\":\"https:\/\/euninos.com\/#website\",\"url\":\"https:\/\/euninos.com\/\",\"name\":\"Euninos\",\"description\":\"Produtos de Impress\u00e3o e Corte\",\"publisher\":{\"@id\":\"https:\/\/euninos.com\/#organization\"},\"potentialAction\":[{\"@type\":\"SearchAction\",\"target\":{\"@type\":\"EntryPoint\",\"urlTemplate\":\"https:\/\/euninos.com\/?s={search_term_string}\"},\"query-input\":\"required name=search_term_string\"}],\"inLanguage\":\"es\"},{\"@type\":\"Organization\",\"@id\":\"https:\/\/euninos.com\/#organization\",\"name\":\"Euninos\",\"url\":\"https:\/\/euninos.com\/\",\"logo\":{\"@type\":\"ImageObject\",\"inLanguage\":\"es\",\"@id\":\"https:\/\/euninos.com\/#\/schema\/logo\/image\/\",\"url\":\"https:\/\/euninos.com\/wp-content\/uploads\/2022\/05\/cropped-logo-euninos-vector-Copia.png\",\"contentUrl\":\"https:\/\/euninos.com\/wp-content\/uploads\/2022\/05\/cropped-logo-euninos-vector-Copia.png\",\"width\":300,\"height\":170,\"caption\":\"Euninos\"},\"image\":{\"@id\":\"https:\/\/euninos.com\/#\/schema\/logo\/image\/\"},\"sameAs\":[\"https:\/\/www.facebook.com\/euninos\",\"https:\/\/www.instagram.com\/euninos.lda\",\"https:\/\/www.linkedin.com\/company\/euninos\",\"https:\/\/www.youtube.com\/c\/EuninosLda\"]}]}<\/script>\r\n<!-- \/ Yoast SEO plugin. -->","yoast_head_json":{"title":"TrueVIS SG3-540\/300 - Euninos","robots":{"index":"index","follow":"follow","max-snippet":"max-snippet:-1","max-image-preview":"max-image-preview:large","max-video-preview":"max-video-preview:-1"},"canonical":"https:\/\/euninos.com\/es\/artigo\/truevis-sg3-540-300\/","og_locale":"es_ES","og_type":"article","og_title":"TrueVIS SG3-540\/300 - Euninos","og_description":"A gera\u00e7\u00e3o mais avan\u00e7ada da TrueVIS As cabe\u00e7as de impress\u00e3o FlexFire, tintas TR2 e True Rich Color, em conjunto com recursos intuitivos fazem da SG3 a impressora ideal ao n\u00edvel do desempenho. Um chassis renovado, componentes de alta qualidade e in\u00fameras melhorias ao n\u00edvel do manuseamento dos materiais tornam a SG3 ideal para tiragens com [&hellip;]","og_url":"https:\/\/euninos.com\/es\/artigo\/truevis-sg3-540-300\/","og_site_name":"Euninos","article_publisher":"https:\/\/www.facebook.com\/euninos","article_modified_time":"2022-05-23T10:57:16+00:00","og_image":[{"width":1600,"height":1080,"url":"https:\/\/euninos.com\/wp-content\/uploads\/2022\/05\/truevis.jpg","type":"image\/jpeg"}],"twitter_card":"summary_large_image","twitter_misc":{"Tiempo de lectura":"2 minutos"},"schema":{"@context":"https:\/\/schema.org","@graph":[{"@type":"WebPage","@id":"https:\/\/euninos.com\/artigo\/truevis-sg3-540-300\/","url":"https:\/\/euninos.com\/artigo\/truevis-sg3-540-300\/","name":"TrueVIS SG3-540\/300 - Euninos","isPartOf":{"@id":"https:\/\/euninos.com\/#website"},"primaryImageOfPage":{"@id":"https:\/\/euninos.com\/artigo\/truevis-sg3-540-300\/#primaryimage"},"image":{"@id":"https:\/\/euninos.com\/artigo\/truevis-sg3-540-300\/#primaryimage"},"thumbnailUrl":"https:\/\/euninos.com\/wp-content\/uploads\/2022\/05\/truevis.jpg","datePublished":"2022-05-23T10:56:06+00:00","dateModified":"2022-05-23T10:57:16+00:00","breadcrumb":{"@id":"https:\/\/euninos.com\/artigo\/truevis-sg3-540-300\/#breadcrumb"},"inLanguage":"es","potentialAction":[{"@type":"ReadAction","target":["https:\/\/euninos.com\/artigo\/truevis-sg3-540-300\/"]}]},{"@type":"ImageObject","inLanguage":"es","@id":"https:\/\/euninos.com\/artigo\/truevis-sg3-540-300\/#primaryimage","url":"https:\/\/euninos.com\/wp-content\/uploads\/2022\/05\/truevis.jpg","contentUrl":"https:\/\/euninos.com\/wp-content\/uploads\/2022\/05\/truevis.jpg","width":1600,"height":1080},{"@type":"BreadcrumbList","@id":"https:\/\/euninos.com\/artigo\/truevis-sg3-540-300\/#breadcrumb","itemListElement":[{"@type":"ListItem","position":1,"name":"Produtos","item":"https:\/\/euninos.com\/produtos\/"},{"@type":"ListItem","position":2,"name":"TrueVIS SG3-540\/300"}]},{"@type":"WebSite","@id":"https:\/\/euninos.com\/#website","url":"https:\/\/euninos.com\/","name":"Euninos","description":"Produtos de Impress\u00e3o e Corte","publisher":{"@id":"https:\/\/euninos.com\/#organization"},"potentialAction":[{"@type":"SearchAction","target":{"@type":"EntryPoint","urlTemplate":"https:\/\/euninos.com\/?s={search_term_string}"},"query-input":"required name=search_term_string"}],"inLanguage":"es"},{"@type":"Organization","@id":"https:\/\/euninos.com\/#organization","name":"Euninos","url":"https:\/\/euninos.com\/","logo":{"@type":"ImageObject","inLanguage":"es","@id":"https:\/\/euninos.com\/#\/schema\/logo\/image\/","url":"https:\/\/euninos.com\/wp-content\/uploads\/2022\/05\/cropped-logo-euninos-vector-Copia.png","contentUrl":"https:\/\/euninos.com\/wp-content\/uploads\/2022\/05\/cropped-logo-euninos-vector-Copia.png","width":300,"height":170,"caption":"Euninos"},"image":{"@id":"https:\/\/euninos.com\/#\/schema\/logo\/image\/"},"sameAs":["https:\/\/www.facebook.com\/euninos","https:\/\/www.instagram.com\/euninos.lda","https:\/\/www.linkedin.com\/company\/euninos","https:\/\/www.youtube.com\/c\/EuninosLda"]}]}},"_links":{"self":[{"href":"https:\/\/euninos.com\/es\/wp-json\/wp\/v2\/product\/1542","targetHints":{"allow":["GET"]}}],"collection":[{"href":"https:\/\/euninos.com\/es\/wp-json\/wp\/v2\/product"}],"about":[{"href":"https:\/\/euninos.com\/es\/wp-json\/wp\/v2\/types\/product"}],"wp:featuredmedia":[{"embeddable":true,"href":"https:\/\/euninos.com\/es\/wp-json\/wp\/v2\/media\/1546"}],"wp:attachment":[{"href":"https:\/\/euninos.com\/es\/wp-json\/wp\/v2\/media?parent=1542"}],"wp:term":[{"taxonomy":"product_cat","embeddable":true,"href":"https:\/\/euninos.com\/es\/wp-json\/wp\/v2\/product_cat?post=1542"},{"taxonomy":"product_tag","embeddable":true,"href":"https:\/\/euninos.com\/es\/wp-json\/wp\/v2\/product_tag?post=1542"}],"curies":[{"name":"wp","href":"https:\/\/api.w.org\/{rel}","templated":true}]}}